{"id":29320,"date":"2024-12-04T10:41:30","date_gmt":"2024-12-04T10:41:30","guid":{"rendered":"https:\/\/www.guncelozturk.com\/bize-ulasin\/"},"modified":"2025-10-09T13:21:57","modified_gmt":"2025-10-09T13:21:57","slug":"%d1%81%d0%b2%d1%8a%d1%80%d0%b6%d0%b5%d1%82%d0%b5-%d1%81%d0%b5-%d1%81-%d0%bd%d0%b0%d1%81","status":"publish","type":"page","link":"https:\/\/www.guncelozturk.com\/bg\/%d1%81%d0%b2%d1%8a%d1%80%d0%b6%d0%b5%d1%82%d0%b5-%d1%81%d0%b5-%d1%81-%d0%bd%d0%b0%d1%81\/","title":{"rendered":"\u0421\u0432\u044a\u0440\u0436\u0435\u0442\u0435 \u0441\u0435 \u0441 \u043d\u0430\u0441"},"content":{"rendered":"\t\t<div data-elementor-type=\"wp-page\" data-elementor-id=\"29320\" class=\"elementor elementor-29320 elementor-3269\" data-elementor-post-type=\"page\">\n\t\t\t\t<div class=\"elementor-element elementor-element-5f9af3d e-flex e-con-boxed e-con e-parent\" data-id=\"5f9af3d\" data-element_type=\"container\" data-e-type=\"container\">\n\t\t\t\t\t<div class=\"e-con-inner\">\n\t\t<div class=\"elementor-element elementor-element-8185a5c bg-section e-flex e-con-boxed e-con e-child\" data-id=\"8185a5c\" data-element_type=\"container\" data-e-type=\"container\" data-settings=\"{&quot;background_background&quot;:&quot;classic&quot;}\">\n\t\t\t\t\t<div class=\"e-con-inner\">\n\t\t\t\t<div class=\"elementor-element elementor-element-f93bae4 at-heading-animation at-animation-heading-style-3 elementor-widget elementor-widget-heading\" data-id=\"f93bae4\" data-element_type=\"widget\" data-e-type=\"widget\" data-settings=\"{&quot;ekit_we_effect_on&quot;:&quot;none&quot;}\" data-widget_type=\"heading.default\">\n\t\t\t\t<div class=\"elementor-widget-container\">\n\t\t\t\t\t<h1 class=\"elementor-heading-title elementor-size-default\">\u0421\u0432\u044a\u0440\u0436\u0435\u0442\u0435 \u0441\u0435 \u0441 \u043d\u0430\u0441<\/h1>\t\t\t\t<\/div>\n\t\t\t\t<\/div>\n\t\t\t\t<div class=\"elementor-element elementor-element-655a7a3 elementor-invisible elementor-widget elementor-widget-elementskit-breadcrumb\" data-id=\"655a7a3\" data-element_type=\"widget\" data-e-type=\"widget\" data-settings=\"{&quot;_animation&quot;:&quot;fadeInUp&quot;,&quot;ekit_we_effect_on&quot;:&quot;none&quot;}\" data-widget_type=\"elementskit-breadcrumb.default\">\n\t\t\t\t<div class=\"elementor-widget-container\">\n\t\t\t\t\t<div class=\"ekit-wid-con\" ><ol class=\"ekit-breadcrumb\"><li class=\"ekit_breadcrumbs_start\"><a href=\"https:\/\/www.guncelozturk.com\/bg\/\">Home<\/a><\/li> <li class=\"brd_sep\"><span class=\"separate_icon\"><svg xmlns=\"http:\/\/www.w3.org\/2000\/svg\" width=\"5\" height=\"11\" viewBox=\"0 0 5 11\"><path d=\"M0 10.4183L1.35051 5.27192L2.70102 0.125522L4.05688 0L1.35586 10.2928L0 10.4183Z\" fill=\"white\"><\/path><\/svg><\/span><\/li>  <li>\u0421\u0432\u044a\u0440\u0436\u0435\u0442\u0435 \u0441\u0435 \u0441 \u043d\u0430\u0441<\/li><\/ol><\/div>\t\t\t\t<\/div>\n\t\t\t\t<\/div>\n\t\t\t\t\t<\/div>\n\t\t\t\t<\/div>\n\t\t\t\t\t<\/div>\n\t\t\t\t<\/div>\n\t\t<div class=\"elementor-element elementor-element-be19cc2 e-flex e-con-boxed e-con e-parent\" data-id=\"be19cc2\" data-element_type=\"container\" data-e-type=\"container\">\n\t\t\t\t\t<div class=\"e-con-inner\">\n\t\t<div class=\"elementor-element elementor-element-5869846 e-con-full e-flex e-con e-child\" data-id=\"5869846\" data-element_type=\"container\" data-e-type=\"container\">\n\t\t<div class=\"elementor-element elementor-element-b413b14 e-con-full e-flex e-con e-child\" data-id=\"b413b14\" data-element_type=\"container\" data-e-type=\"container\" data-settings=\"{&quot;background_background&quot;:&quot;classic&quot;}\">\n\t\t<div class=\"elementor-element elementor-element-2c2c89a e-con-full iletisim-sayfasi-icon-ayarlama e-flex e-con e-child\" data-id=\"2c2c89a\" data-element_type=\"container\" data-e-type=\"container\">\n\t\t\t\t<div class=\"elementor-element elementor-element-dbc41de contact-info-item ekit-equal-height-disable elementor-invisible elementor-widget elementor-widget-elementskit-icon-box\" data-id=\"dbc41de\" data-element_type=\"widget\" data-e-type=\"widget\" data-settings=\"{&quot;_animation&quot;:&quot;fadeInUp&quot;,&quot;ekit_we_effect_on&quot;:&quot;none&quot;}\" data-widget_type=\"elementskit-icon-box.default\">\n\t\t\t\t<div class=\"elementor-widget-container\">\n\t\t\t\t\t<div class=\"ekit-wid-con\" >        <!-- link opening -->\n                <a href=\"tel:+90%20546%20529%2005%2032\" class=\"ekit_global_links\">\n                <!-- end link opening -->\n\n        <div class=\"elementskit-infobox text- text-left icon-lef-right-aligin elementor-animation- media  \">\n                    <div class=\"elementskit-box-header elementor-animation-\">\n                <div class=\"elementskit-info-box-icon  text-center\">\n                    <svg xmlns=\"http:\/\/www.w3.org\/2000\/svg\" width=\"18\" height=\"18\" viewBox=\"0 0 18 18\" fill=\"none\"><g clip-path=\"url(#clip0_40_42)\"><mask id=\"mask0_40_42\" style=\"mask-type:luminance\" maskUnits=\"userSpaceOnUse\" x=\"0\" y=\"0\" width=\"18\" height=\"18\"><path d=\"M18 0H0V18H18V0Z\" fill=\"white\"><\/path><\/mask><g mask=\"url(#mask0_40_42)\"><path d=\"M3.71899 0.75C3.81329 0.750223 3.90737 0.759262 3.99999 0.777C4.23794 0.826252 4.46197 0.927799 4.65585 1.07429C4.84973 1.22078 5.00861 1.40855 5.12099 1.624L5.77999 2.8C6.29098 3.47218 6.57783 4.28794 6.59999 5.132C6.52399 5.861 6.06999 6.383 5.31799 7.247L3.75599 9.039C5.07937 11.1388 6.85618 12.9156 8.95599 14.239L10.748 12.679C11.612 11.927 12.133 11.473 12.863 11.397C13.7072 11.4184 14.5233 11.7045 15.196 12.215L16.371 12.87C16.5886 12.979 16.7782 13.1367 16.925 13.3308C17.0719 13.5249 17.172 13.7502 17.2178 13.9892C17.2635 14.2283 17.2536 14.4746 17.1888 14.7092C17.1239 14.9438 17.006 15.1603 16.844 15.342C16.3041 16.0421 15.5831 16.5814 14.759 16.9015C13.9349 17.2215 13.0389 17.3103 12.168 17.158C10.9342 16.9084 9.75109 16.4534 8.66799 15.812C5.98442 14.2455 3.75068 12.0128 2.18299 9.33C1.54157 8.2469 1.08658 7.06378 0.836987 5.83C0.68416 4.95863 0.772577 4.06206 1.09267 3.23732C1.41276 2.41259 1.95234 1.69112 2.65299 1.151C2.95105 0.897729 3.3279 0.755969 3.71899 0.75ZM2.98999 7.634L4.18499 6.262C4.74299 5.621 5.07899 5.235 5.10599 4.977C5.00083 4.45414 4.78387 3.96019 4.46999 3.529L3.81499 2.354C3.77099 2.274 3.72999 2.254 3.72199 2.254C3.67615 2.2621 3.63391 2.28409 3.60099 2.317C3.11369 2.68441 2.73574 3.17768 2.50775 3.74378C2.27975 4.30988 2.21035 4.92741 2.30699 5.53C2.44966 6.25613 2.67897 6.96252 2.98999 7.634ZM13.033 15.749C13.5475 15.7342 14.0524 15.6054 14.5111 15.372C14.9699 15.1385 15.3711 14.8062 15.686 14.399C15.7189 14.3661 15.7409 14.3238 15.749 14.278C15.749 14.27 15.724 14.229 15.649 14.185L14.474 13.53C14.0428 13.2161 13.5489 12.9992 13.026 12.894C12.768 12.921 12.382 13.257 11.742 13.814L10.369 15.014C11.0392 15.3247 11.7442 15.554 12.469 15.697C12.6548 15.7331 12.8437 15.7505 13.033 15.749Z\" fill=\"white\"><\/path><path d=\"M12.256 7.92197C12.002 7.54897 11.807 7.24797 11.675 7.02197C11.5552 6.88076 11.4778 6.70854 11.4518 6.52521C11.4258 6.34188 11.4522 6.15493 11.528 5.98597L11.758 5.57997L12.228 5.60397C12.658 5.62797 12.884 5.98197 13.084 6.29397C13.269 6.58345 13.4302 6.88744 13.566 7.20297L12.256 7.92197ZM16.5 7.75897C16.3375 7.75885 16.1794 7.70592 16.0495 7.60817C15.9196 7.51042 15.8251 7.37313 15.78 7.21697C15.4357 6.02961 14.7967 4.94857 13.9226 4.07439C13.0484 3.20021 11.9674 2.56127 10.78 2.21697C10.5983 2.15378 10.4479 2.0232 10.3597 1.85223C10.2716 1.68126 10.2526 1.48297 10.3065 1.29834C10.3604 1.11371 10.4832 0.956852 10.6495 0.860191C10.8158 0.76353 11.0129 0.734454 11.2 0.778973C12.6297 1.19381 13.9313 1.96331 14.984 3.01596C16.0367 4.06861 16.8061 5.37027 17.221 6.79997C17.253 6.91169 17.2587 7.02933 17.2375 7.14361C17.2164 7.2579 17.169 7.36571 17.0991 7.45857C17.0292 7.55144 16.9387 7.62681 16.8348 7.67877C16.7308 7.73072 16.6162 7.75883 16.5 7.75897Z\" fill=\"white\"><\/path><\/g><\/g><defs><clipPath id=\"clip0_40_42\"><rect width=\"18\" height=\"18\" fill=\"white\"><\/rect><\/clipPath><\/defs><\/svg>\n                <\/div>\n          <\/div>\n                        <div class=\"box-body\">\n                            <h3 class=\"elementskit-info-box-title\">\n                    \u0422\u0435\u043b\u0435\u0444\u043e\u043d                <\/h3>\n                        \t\t  \t<p>+90 546 529 05 32<\/p>\n                                <\/div>\n        \n        \n                <\/div>\n                <\/a>\n        <\/div>\t\t\t\t<\/div>\n\t\t\t\t<\/div>\n\t\t\t\t<div class=\"elementor-element elementor-element-470cf36 contact-info-item ekit-equal-height-disable elementor-invisible elementor-widget elementor-widget-elementskit-icon-box\" data-id=\"470cf36\" data-element_type=\"widget\" data-e-type=\"widget\" data-settings=\"{&quot;_animation&quot;:&quot;fadeInUp&quot;,&quot;_animation_delay&quot;:200,&quot;ekit_we_effect_on&quot;:&quot;none&quot;}\" data-widget_type=\"elementskit-icon-box.default\">\n\t\t\t\t<div class=\"elementor-widget-container\">\n\t\t\t\t\t<div class=\"ekit-wid-con\" >        <!-- link opening -->\n                <a href=\"mailto:info@domain.com\" class=\"ekit_global_links\">\n                <!-- end link opening -->\n\n        <div class=\"elementskit-infobox text- text-left icon-lef-right-aligin elementor-animation- media  \">\n                    <div class=\"elementskit-box-header elementor-animation-\">\n                <div class=\"elementskit-info-box-icon  text-center\">\n                    <svg xmlns=\"http:\/\/www.w3.org\/2000\/svg\" width=\"16.5\" height=\"14.25\" viewBox=\"0 0 16.5 14.25\"><g id=\"mail\" transform=\"translate(-0.75 -1.875)\"><path id=\"Path_64\" data-name=\"Path 64\" d=\"M5.25,6.375l2.207,1.3a2.373,2.373,0,0,0,3.087,0l2.207-1.3\" fill=\"rgba(0,0,0,0)\"><\/path><path id=\"Path_64_-_Outline\" data-name=\"Path 64 - Outline\" d=\"M9,9a3.82,3.82,0,0,1-1.925-.678l-2.207-1.3a.75.75,0,0,1,.763-1.291l2.207,1.3c1.053.623,1.27.623,2.324,0l2.207-1.3a.75.75,0,1,1,.763,1.291l-2.206,1.3A3.82,3.82,0,0,1,9,9Z\" fill=\"#fff\"><\/path><path id=\"Path_65\" data-name=\"Path 65\" d=\"M1.512,10.107c.049,2.3.074,3.449.922,4.3s2.029.881,4.39.941c1.455.037,2.9.037,4.352,0,2.361-.059,3.542-.089,4.39-.941s.873-2,.922-4.3c.016-.739.016-1.474,0-2.213-.049-2.3-.073-3.449-.922-4.3s-2.029-.881-4.39-.941c-1.455-.037-2.9-.037-4.352,0-2.361.059-3.542.089-4.39.941s-.873,2-.922,4.3C1.5,8.633,1.5,9.367,1.512,10.107Z\" fill=\"rgba(0,0,0,0)\"><\/path><path id=\"Path_65_-_Outline\" data-name=\"Path 65 - Outline\" d=\"M9,16.125c-.726,0-1.464-.009-2.195-.028-2.478-.062-3.843-.1-4.9-1.161S.814,12.54.762,10.123c-.016-.745-.016-1.5,0-2.245C.814,5.46.842,4.128,1.9,3.064s2.425-1.1,4.9-1.161C7.536,1.884,8.274,1.875,9,1.875s1.464.009,2.195.028c2.478.062,3.842.1,4.9,1.161s1.089,2.4,1.14,4.814c.016.745.016,1.5,0,2.245-.051,2.417-.08,3.749-1.14,4.814s-2.425,1.1-4.9,1.161C10.464,16.116,9.726,16.125,9,16.125ZM9,3.375c-.713,0-1.439.009-2.157.027-2.409.061-3.272.112-3.878.72s-.654,1.448-.7,3.787c-.015.724-.015,1.458,0,2.181.05,2.339.1,3.179.7,3.787s1.469.659,3.877.72c.719.018,1.445.027,2.158.027s1.439-.009,2.157-.027c2.409-.061,3.273-.112,3.878-.72s.654-1.448.7-3.787c.016-.724.016-1.458,0-2.181-.05-2.339-.1-3.179-.7-3.787s-1.469-.66-3.878-.72C10.439,3.384,9.713,3.375,9,3.375Z\" fill=\"#fff\"><\/path><\/g><\/svg>\n                <\/div>\n          <\/div>\n                        <div class=\"box-body\">\n                            <h3 class=\"elementskit-info-box-title\">\n                    \u0418\u043c\u0435\u0439\u043b                <\/h3>\n                        \t\t  \t<p>info@guncelozturk.com<\/p>\n                                <\/div>\n        \n        \n                <\/div>\n                <\/a>\n        <\/div>\t\t\t\t<\/div>\n\t\t\t\t<\/div>\n\t\t\t\t<div class=\"elementor-element elementor-element-c25c966 contact-info-item ekit-equal-height-disable elementor-invisible elementor-widget elementor-widget-elementskit-icon-box\" data-id=\"c25c966\" data-element_type=\"widget\" data-e-type=\"widget\" data-settings=\"{&quot;_animation&quot;:&quot;fadeInUp&quot;,&quot;_animation_delay&quot;:100,&quot;ekit_we_effect_on&quot;:&quot;none&quot;}\" data-widget_type=\"elementskit-icon-box.default\">\n\t\t\t\t<div class=\"elementor-widget-container\">\n\t\t\t\t\t<div class=\"ekit-wid-con\" >        <!-- link opening -->\n                <a href=\"#\" class=\"ekit_global_links\">\n                <!-- end link opening -->\n\n        <div class=\"elementskit-infobox text- text-left icon-lef-right-aligin elementor-animation- media  \">\n                    <div class=\"elementskit-box-header elementor-animation-\">\n                <div class=\"elementskit-info-box-icon  text-center\">\n                    <svg xmlns=\"http:\/\/www.w3.org\/2000\/svg\" width=\"15\" height=\"16.5\" viewBox=\"0 0 15 16.5\"><g id=\"map\" transform=\"translate(-1.5 -0.75)\"><path id=\"Path_66\" data-name=\"Path 66\" d=\"M11.625,8.25A2.625,2.625,0,1,1,9,5.625,2.625,2.625,0,0,1,11.625,8.25Z\" fill=\"rgba(0,0,0,0)\"><\/path><path id=\"Path_66_-_Outline\" data-name=\"Path 66 - Outline\" d=\"M9,4.875A3.375,3.375,0,1,1,5.625,8.25,3.379,3.379,0,0,1,9,4.875Zm0,5.25A1.875,1.875,0,1,0,7.125,8.25,1.877,1.877,0,0,0,9,10.125Z\" fill=\"#fff\"><\/path><path id=\"Path_67\" data-name=\"Path 67\" d=\"M9,1.5a6.789,6.789,0,0,1,6.75,6.694c0,3.728-3.148,6.344-6.055,8.123a1.416,1.416,0,0,1-1.39,0c-2.9-1.8-6.055-4.382-6.055-8.123A6.789,6.789,0,0,1,9,1.5Z\" fill=\"rgba(0,0,0,0)\"><\/path><path id=\"Path_67_-_Outline\" data-name=\"Path 67 - Outline\" d=\"M9,.75a7.473,7.473,0,0,1,5.272,2.187A7.349,7.349,0,0,1,16.5,8.194c0,3.256-2.1,6.122-6.413,8.763l-.023.013a2.166,2.166,0,0,1-2.128,0l-.026-.015a18.216,18.216,0,0,1-4.29-3.481A8,8,0,0,1,1.5,8.194,7.349,7.349,0,0,1,3.728,2.937,7.473,7.473,0,0,1,9,.75Zm.317,14.92C13.141,13.327,15,10.881,15,8.194A5.86,5.86,0,0,0,13.218,4,5.947,5.947,0,0,0,4.782,4,5.86,5.86,0,0,0,3,8.194c0,2.7,1.806,5.072,5.684,7.476A.676.676,0,0,0,9.317,15.67Z\" fill=\"#fff\"><\/path><\/g><\/svg>\n                <\/div>\n          <\/div>\n                        <div class=\"box-body\">\n                            <h3 class=\"elementskit-info-box-title\">\n                    \u0410\u0434\u0440\u0435\u0441                <\/h3>\n                        \t\t  \t<p>Ni\u015fanta\u015f\u0131, Abdi \u0130pek\u00e7i Cad. No: 45 Kat:1 Daire:1 \u2013 \u0130stanbul 34367 (Chanel \u00dcst\u00fc)<\/p>\n                                <\/div>\n        \n        \n                <\/div>\n                <\/a>\n        <\/div>\t\t\t\t<\/div>\n\t\t\t\t<\/div>\n\t\t<div class=\"elementor-element elementor-element-f926c3c e-con-full e-flex elementor-invisible e-con e-child\" data-id=\"f926c3c\" data-element_type=\"container\" data-e-type=\"container\" data-settings=\"{&quot;animation&quot;:&quot;fadeInUp&quot;,&quot;animation_delay&quot;:400}\">\n\t\t\t\t<div class=\"elementor-element elementor-element-b99cd77 at-heading-animation at-animation-heading-none elementor-widget elementor-widget-heading\" data-id=\"b99cd77\" data-element_type=\"widget\" data-e-type=\"widget\" data-settings=\"{&quot;ekit_we_effect_on&quot;:&quot;none&quot;}\" data-widget_type=\"heading.default\">\n\t\t\t\t<div class=\"elementor-widget-container\">\n\t\t\t\t\t<h3 class=\"elementor-heading-title elementor-size-default\">\u0421\u043b\u0435\u0434\u0432\u0430\u0439\u0442\u0435 \u043d\u0438:<\/h3>\t\t\t\t<\/div>\n\t\t\t\t<\/div>\n\t\t\t\t<div class=\"elementor-element elementor-element-6640064 elementor-widget elementor-widget-elementskit-social-media\" data-id=\"6640064\" data-element_type=\"widget\" data-e-type=\"widget\" data-settings=\"{&quot;ekit_we_effect_on&quot;:&quot;none&quot;}\" data-widget_type=\"elementskit-social-media.default\">\n\t\t\t\t<div class=\"elementor-widget-container\">\n\t\t\t\t\t<div class=\"ekit-wid-con\" >\t\t\t <ul class=\"ekit_social_media\">\n\t\t\t\t\t\t\t\t\t\t\t\t\t\t<li class=\"elementor-repeater-item-9b32737\">\n\t\t\t\t\t    <a href=\"https:\/\/www.youtube.com\/user\/guncelozturk\" target=\"_blank\" aria-label=\"Youtube\" class=\"youtube\" rel=\"noopener\">\n\t\t\t\t\t\t\t\n\t\t\t\t\t\t\t<i aria-hidden=\"true\" class=\"fab fa-youtube\"><\/i>\n                                                                                                            <\/a>\n                    <\/li>\n                    \t\t\t\t\t\t\t\t\t\t\t\t\t\t<li class=\"elementor-repeater-item-3cb51f1\">\n\t\t\t\t\t    <a href=\"https:\/\/www.facebook.com\/guncelestetik\/\" target=\"_blank\" aria-label=\"Facebook\" class=\"facebook\" rel=\"noopener\">\n\t\t\t\t\t\t\t\n\t\t\t\t\t\t\t<i aria-hidden=\"true\" class=\"icon icon-facebook\"><\/i>\n                                                                                                            <\/a>\n                    <\/li>\n                    \t\t\t\t\t\t\t\t\t\t\t\t\t\t<li class=\"elementor-repeater-item-1552558\">\n\t\t\t\t\t    <a href=\"https:\/\/www.instagram.com\/guncelozturk\/\" target=\"_blank\" aria-label=\"Instagram\" class=\"instagram\" rel=\"noopener\">\n\t\t\t\t\t\t\t\n\t\t\t\t\t\t\t<i aria-hidden=\"true\" class=\"fab fa-instagram\"><\/i>\n                                                                                                            <\/a>\n                    <\/li>\n                    \t\t\t\t\t\t\t\t\t\t\t\t\t\t<li class=\"elementor-repeater-item-1fdfe8e\">\n\t\t\t\t\t    <a href=\"https:\/\/x.com\/burunsanati\" target=\"_blank\" aria-label=\"Twitter\" class=\"twitter\">\n\t\t\t\t\t\t\t\n\t\t\t\t\t\t\t<i aria-hidden=\"true\" class=\"fab fa-x-twitter\"><\/i>\n                                                                                                            <\/a>\n                    <\/li>\n                    \t\t\t\t\t\t\t<\/ul>\n\t\t<\/div>\t\t\t\t<\/div>\n\t\t\t\t<\/div>\n\t\t\t\t<\/div>\n\t\t\t\t<\/div>\n\t\t<div class=\"elementor-element elementor-element-c853f02 e-con-full e-flex e-con e-child\" data-id=\"c853f02\" data-element_type=\"container\" data-e-type=\"container\">\n\t\t\t\t<div class=\"elementor-element elementor-element-083a7f1 elementor-widget elementor-widget-html\" data-id=\"083a7f1\" data-element_type=\"widget\" data-e-type=\"widget\" data-settings=\"{&quot;ekit_we_effect_on&quot;:&quot;none&quot;}\" data-widget_type=\"html.default\">\n\t\t\t\t<div class=\"elementor-widget-container\">\n\t\t\t\t\t<iframe aria-label='YK - WhatsApp - guncelozturk.com Banner BR (New Website)' frameborder=\"0\" style=\"height:500px;width:99%;border:none;\" src='https:\/\/forms.zohopublic.eu\/doctorgo\/form\/YKWhatsAppguncelozturkcomBannerBRNewWebsite\/formperma\/TlSCPHSqxgNj2wXZWRgRSOh4EIwUDK_uWit0R2gYb2g'><\/iframe>\t\t\t\t<\/div>\n\t\t\t\t<\/div>\n\t\t\t\t<\/div>\n\t\t\t\t<\/div>\n\t\t\t\t<\/div>\n\t\t\t\t\t<\/div>\n\t\t\t\t<\/div>\n\t\t<div class=\"elementor-element elementor-element-2a1b039 e-con-full e-flex e-con e-parent\" data-id=\"2a1b039\" data-element_type=\"container\" data-e-type=\"container\">\n\t\t<div class=\"elementor-element elementor-element-163ec83 bg-section e-flex e-con-boxed e-con e-child\" data-id=\"163ec83\" data-element_type=\"container\" data-e-type=\"container\" data-settings=\"{&quot;background_background&quot;:&quot;classic&quot;}\">\n\t\t\t\t\t<div class=\"e-con-inner\">\n\t\t<div class=\"elementor-element elementor-element-7c3d4a8 e-flex e-con-boxed e-con e-child\" data-id=\"7c3d4a8\" data-element_type=\"container\" data-e-type=\"container\">\n\t\t\t\t\t<div class=\"e-con-inner\">\n\t\t\t\t<div class=\"elementor-element elementor-element-d2c2397 elementor-widget__width-initial elementor-widget elementor-widget-html\" data-id=\"d2c2397\" data-element_type=\"widget\" data-e-type=\"widget\" data-settings=\"{&quot;ekit_we_effect_on&quot;:&quot;none&quot;}\" data-widget_type=\"html.default\">\n\t\t\t\t<div class=\"elementor-widget-container\">\n\t\t\t\t\t\r\n\r\n<div class=\"matterport-wrapper\">\r\n  <iframe\r\n    class=\"matterport-iframe\"\r\n    id=\"mpIframe\"\r\n    src=\"https:\/\/my.matterport.com\/show\/?m=vSoTTuFwZBg&play=1&qs=0&logo=0&dh=0&kb=0&mt=0\"\r\n    allowfullscreen\r\n    allow=\"xr-spatial-tracking; gyroscope; accelerometer\">\r\n  <\/iframe>\r\n\r\n  <div class=\"matterport-cover\" id=\"mpCover\">\r\n    <div class=\"matterport-play-button\"><\/div>\r\n  <\/div>\r\n<\/div>\r\n\r\n<script>\r\n  document.getElementById(\"mpCover\").addEventListener(\"click\", function () {\r\n    document.getElementById(\"mpCover\").style.display = \"none\";\r\n    document.getElementById(\"mpIframe\").style.display = \"block\";\r\n  });\r\n<\/script>\t\t\t\t<\/div>\n\t\t\t\t<\/div>\n\t\t\t\t\t<\/div>\n\t\t\t\t<\/div>\n\t\t\t\t\t<\/div>\n\t\t\t\t<\/div>\n\t\t<div class=\"elementor-element elementor-element-8a20513 bg-section e-flex e-con-boxed e-con e-child\" data-id=\"8a20513\" data-element_type=\"container\" data-e-type=\"container\" data-settings=\"{&quot;background_background&quot;:&quot;classic&quot;}\">\n\t\t\t\t\t<div class=\"e-con-inner\">\n\t\t<div class=\"elementor-element elementor-element-ba63ac9 e-flex e-con-boxed e-con e-child\" data-id=\"ba63ac9\" data-element_type=\"container\" data-e-type=\"container\">\n\t\t\t\t\t<div class=\"e-con-inner\">\n\t\t\t\t<div class=\"elementor-element elementor-element-232dfac at-image-animation at-animation-image-none elementor-widget elementor-widget-image\" data-id=\"232dfac\" data-element_type=\"widget\" data-e-type=\"widget\" data-settings=\"{&quot;ekit_we_effect_on&quot;:&quot;none&quot;}\" data-widget_type=\"image.default\">\n\t\t\t\t<div class=\"elementor-widget-container\">\n\t\t\t\t\t\t\t\t\t\t\t\t\t\t\t<img fetchpriority=\"high\" decoding=\"async\" width=\"1126\" height=\"441\" src=\"https:\/\/www.guncelozturk.com\/wp-content\/uploads\/2025\/10\/14.png\" class=\"attachment-full size-full wp-image-29553\" alt=\"\" srcset=\"https:\/\/www.guncelozturk.com\/wp-content\/uploads\/2025\/10\/14.png 1126w, https:\/\/www.guncelozturk.com\/wp-content\/uploads\/2025\/10\/14-300x117.png 300w, https:\/\/www.guncelozturk.com\/wp-content\/uploads\/2025\/10\/14-1024x401.png 1024w, https:\/\/www.guncelozturk.com\/wp-content\/uploads\/2025\/10\/14-768x301.png 768w\" sizes=\"(max-width: 1126px) 100vw, 1126px\" title=\"\">\t\t\t\t\t\t\t\t\t\t\t\t\t\t\t<\/div>\n\t\t\t\t<\/div>\n\t\t\t\t\t<\/div>\n\t\t\t\t<\/div>\n\t\t\t\t\t<\/div>\n\t\t\t\t<\/div>\n\t\t\t\t<\/div>\n\t\t<div class=\"elementor-element elementor-element-efe267e e-con-full e-flex e-con e-parent\" data-id=\"efe267e\" data-element_type=\"container\" data-e-type=\"container\">\n\t\t<div class=\"elementor-element elementor-element-eea841e bg-section e-flex e-con-boxed e-con e-child\" data-id=\"eea841e\" data-element_type=\"container\" data-e-type=\"container\" data-settings=\"{&quot;background_background&quot;:&quot;classic&quot;}\">\n\t\t\t\t\t<div class=\"e-con-inner\">\n\t\t<div class=\"elementor-element elementor-element-a9ffa48 e-con-full e-flex e-con e-child\" data-id=\"a9ffa48\" data-element_type=\"container\" data-e-type=\"container\">\n\t\t\t\t<div class=\"elementor-element elementor-element-eac82f0 elementor-widget elementor-widget-html\" data-id=\"eac82f0\" data-element_type=\"widget\" data-e-type=\"widget\" data-settings=\"{&quot;ekit_we_effect_on&quot;:&quot;none&quot;}\" data-widget_type=\"html.default\">\n\t\t\t\t<div class=\"elementor-widget-container\">\n\t\t\t\t\t<iframe src=\"https:\/\/www.google.com\/maps\/embed?pb=!1m18!1m12!1m3!1d3008.925447572142!2d28.992962100000003!3d41.0487594!2m3!1f0!2f0!3f0!3m2!1i1024!2i768!4f13.1!3m3!1m2!1s0x14cab7a82a00cedb%3A0xdf39225a6ffa0c96!2zQXNzb2MuIFByb2YuIERyLiBHw7xuY2VsIMOWenTDvHJr!5e0!3m2!1str!2str!4v1751462975553!5m2!1str!2str\" width=\"600\" height=\"450\" style=\"border:0;border-radius:30px\" allowfullscreen=\"\" loading=\"lazy\" referrerpolicy=\"no-referrer-when-downgrade\"><\/iframe>\t\t\t\t<\/div>\n\t\t\t\t<\/div>\n\t\t\t\t<\/div>\n\t\t\t\t\t<\/div>\n\t\t\t\t<\/div>\n\t\t\t\t<\/div>\n\t\t\t\t<\/div>\n\t\t","protected":false},"excerpt":{"rendered":"<p>\u0421\u0432\u044a\u0440\u0436\u0435\u0442\u0435 \u0441\u0435 \u0441 \u043d\u0430\u0441 Ana Sayfa \u0422\u0435\u043b\u0435\u0444\u043e\u043d +90 546 529 05 32 [&hellip;]<\/p>\n","protected":false},"author":1,"featured_media":0,"parent":0,"menu_order":0,"comment_status":"closed","ping_status":"closed","template":"elementor_header_footer","meta":{"footnotes":""},"class_list":["post-29320","page","type-page","status-publish","hentry"],"_links":{"self":[{"href":"https:\/\/www.guncelozturk.com\/bg\/wp-json\/wp\/v2\/pages\/29320","targetHints":{"allow":["GET"]}}],"collection":[{"href":"https:\/\/www.guncelozturk.com\/bg\/wp-json\/wp\/v2\/pages"}],"about":[{"href":"https:\/\/www.guncelozturk.com\/bg\/wp-json\/wp\/v2\/types\/page"}],"author":[{"embeddable":true,"href":"https:\/\/www.guncelozturk.com\/bg\/wp-json\/wp\/v2\/users\/1"}],"replies":[{"embeddable":true,"href":"https:\/\/www.guncelozturk.com\/bg\/wp-json\/wp\/v2\/comments?post=29320"}],"version-history":[{"count":17,"href":"https:\/\/www.guncelozturk.com\/bg\/wp-json\/wp\/v2\/pages\/29320\/revisions"}],"predecessor-version":[{"id":29592,"href":"https:\/\/www.guncelozturk.com\/bg\/wp-json\/wp\/v2\/pages\/29320\/revisions\/29592"}],"wp:attachment":[{"href":"https:\/\/www.guncelozturk.com\/bg\/wp-json\/wp\/v2\/media?parent=29320"}],"curies":[{"name":"wp","href":"https:\/\/api.w.org\/{rel}","templated":true}]}}