{"id":18767,"date":"2025-07-14T21:28:05","date_gmt":"2025-07-14T21:28:05","guid":{"rendered":"http:\/\/guncelozturk.prdioweb.com\/aphrodite-lippe\/"},"modified":"2025-08-21T00:14:02","modified_gmt":"2025-08-21T00:14:02","slug":"aphrodite-lippe","status":"publish","type":"page","link":"https:\/\/www.guncelozturk.com\/de\/aphrodite-lippe\/","title":{"rendered":"Aphrodite Lippe"},"content":{"rendered":"\t\t<div data-elementor-type=\"wp-page\" data-elementor-id=\"18767\" class=\"elementor elementor-18767 elementor-16287\" data-elementor-post-type=\"page\">\n\t\t\t\t<div class=\"elementor-element elementor-element-5f6c221 e-flex e-con-boxed e-con e-parent\" data-id=\"5f6c221\" data-element_type=\"container\" data-e-type=\"container\">\n\t\t\t\t\t<div class=\"e-con-inner\">\n\t\t<div class=\"elementor-element elementor-element-55bc79a bg-section e-flex e-con-boxed e-con e-child\" data-id=\"55bc79a\" data-element_type=\"container\" data-e-type=\"container\" data-settings=\"{&quot;background_background&quot;:&quot;classic&quot;}\">\n\t\t\t\t\t<div class=\"e-con-inner\">\n\t\t\t\t<div class=\"elementor-element elementor-element-b935276 at-heading-animation at-animation-heading-style-3 elementor-widget elementor-widget-heading\" data-id=\"b935276\" data-element_type=\"widget\" data-e-type=\"widget\" data-settings=\"{&quot;ekit_we_effect_on&quot;:&quot;none&quot;}\" data-widget_type=\"heading.default\">\n\t\t\t\t<div class=\"elementor-widget-container\">\n\t\t\t\t\t<h1 class=\"elementor-heading-title elementor-size-default\">Aphrodite Lippe\n<\/h1>\t\t\t\t<\/div>\n\t\t\t\t<\/div>\n\t\t\t\t<div class=\"elementor-element elementor-element-cd83ac4 elementor-invisible elementor-widget elementor-widget-elementskit-breadcrumb\" data-id=\"cd83ac4\" data-element_type=\"widget\" data-e-type=\"widget\" data-settings=\"{&quot;_animation&quot;:&quot;fadeInUp&quot;,&quot;ekit_we_effect_on&quot;:&quot;none&quot;}\" data-widget_type=\"elementskit-breadcrumb.default\">\n\t\t\t\t<div class=\"elementor-widget-container\">\n\t\t\t\t\t<div class=\"ekit-wid-con\" ><ol class=\"ekit-breadcrumb\"><li class=\"ekit_breadcrumbs_start\"><a href=\"https:\/\/www.guncelozturk.com\/de\/\">Home<\/a><\/li><\/ol><\/div>\t\t\t\t<\/div>\n\t\t\t\t<\/div>\n\t\t\t\t\t<\/div>\n\t\t\t\t<\/div>\n\t\t\t\t\t<\/div>\n\t\t\t\t<\/div>\n\t\t<div class=\"elementor-element elementor-element-7185b2e e-flex e-con-boxed e-con e-parent\" data-id=\"7185b2e\" data-element_type=\"container\" data-e-type=\"container\">\n\t\t\t\t\t<div class=\"e-con-inner\">\n\t\t<div class=\"elementor-element elementor-element-a1e7451 e-con-full e-flex e-con e-child\" data-id=\"a1e7451\" data-element_type=\"container\" data-e-type=\"container\" id=\"offer-form\">\n\t\t<div class=\"elementor-element elementor-element-a4f5a1c e-con-full sticky-column e-flex elementor-invisible e-con e-child\" data-id=\"a4f5a1c\" data-element_type=\"container\" data-e-type=\"container\" data-settings=\"{&quot;animation&quot;:&quot;fadeInUp&quot;}\">\n\t\t<div class=\"elementor-element elementor-element-fc70a2a e-con-full e-flex e-con e-child\" data-id=\"fc70a2a\" data-element_type=\"container\" data-e-type=\"container\">\n\t\t<div class=\"elementor-element elementor-element-c8a0911 e-con-full e-flex e-con e-child\" data-id=\"c8a0911\" data-element_type=\"container\" data-e-type=\"container\" data-settings=\"{&quot;background_background&quot;:&quot;classic&quot;}\">\n\t\t\t\t<div class=\"elementor-element elementor-element-8911a93 elementor-widget elementor-widget-spacer\" data-id=\"8911a93\" data-element_type=\"widget\" data-e-type=\"widget\" data-settings=\"{&quot;ekit_we_effect_on&quot;:&quot;none&quot;}\" data-widget_type=\"spacer.default\">\n\t\t\t\t<div class=\"elementor-widget-container\">\n\t\t\t\t\t\t\t<div class=\"elementor-spacer\">\n\t\t\t<div class=\"elementor-spacer-inner\"><\/div>\n\t\t<\/div>\n\t\t\t\t\t\t<\/div>\n\t\t\t\t<\/div>\n\t\t\t\t<\/div>\n\t\t\t\t<\/div>\n\t\t<div class=\"elementor-element elementor-element-747a9e2 e-con-full e-flex e-con e-child\" data-id=\"747a9e2\" data-element_type=\"container\" data-e-type=\"container\" data-settings=\"{&quot;background_background&quot;:&quot;classic&quot;}\">\n\t\t\t\t<div class=\"elementor-element elementor-element-6075946 elementor-widget elementor-widget-html\" data-id=\"6075946\" data-element_type=\"widget\" data-e-type=\"widget\" data-settings=\"{&quot;ekit_we_effect_on&quot;:&quot;none&quot;}\" data-widget_type=\"html.default\">\n\t\t\t\t<div class=\"elementor-widget-container\">\n\t\t\t\t\t<iframe aria-label='YK - WhatsApp - guncelozturk.com Banner DE (New Website)' frameborder=\"0\" style=\"height:500px;width:99%;border:none;\" src='https:\/\/forms.zohopublic.eu\/doctorgo\/form\/YKWhatsAppguncelozturkcomBannerDENewWebsite\/formperma\/gG9_ijau6Jgo2iDqFI9ZAfNpjSzsK-bzbhA2IXbiiyU'><\/iframe>\t\t\t\t<\/div>\n\t\t\t\t<\/div>\n\t\t\t\t<\/div>\n\t\t\t\t<\/div>\n\t\t\t\t<\/div>\n\t\t<div class=\"elementor-element elementor-element-eea782d e-con-full e-flex e-con e-child\" data-id=\"eea782d\" data-element_type=\"container\" data-e-type=\"container\">\n\t\t<div class=\"elementor-element elementor-element-6f015ed e-con-full bg-section v2 e-flex e-con e-child\" data-id=\"6f015ed\" data-element_type=\"container\" data-e-type=\"container\" data-settings=\"{&quot;background_background&quot;:&quot;classic&quot;}\">\n\t\t<div class=\"elementor-element elementor-element-97d379b e-con-full e-flex e-con e-child\" data-id=\"97d379b\" data-element_type=\"container\" data-e-type=\"container\">\n\t\t\t\t<div class=\"elementor-element elementor-element-abd6eb5 elementor-invisible elementor-widget elementor-widget-text-editor\" data-id=\"abd6eb5\" data-element_type=\"widget\" data-e-type=\"widget\" data-settings=\"{&quot;_animation&quot;:&quot;fadeInUp&quot;,&quot;ekit_we_effect_on&quot;:&quot;none&quot;}\" data-widget_type=\"text-editor.default\">\n\t\t\t\t<div class=\"elementor-widget-container\">\n\t\t\t\t\t\t\t\t\t<p>Die Aphrodite-Lippe ist die Lippenform mit der universellsten Lippen\u00e4sthetik. Die Aphrodite-Lippe ist das Symbol f\u00fcr pralle, geformte und lebendige Lippen. <\/p><p>Glamour-Lippen mit Aphrodite-Lippenf\u00fcllern<\/p><p>Wenn es um sch\u00f6ne Lippen geht, denkt man in jeder Kultur an eine gleichm\u00e4\u00dfig geschwungene, volle und farbige Lippe. Bei der Aphrodite-Lippenform ist die Dicke der Ober- und Unterlippe gleich. Die F\u00fclle der Oberlippe geht in die Lippenr\u00e4nder \u00fcber, ohne abzunehmen. Sie hat eine auffallende Form, sowohl was die F\u00fclle als auch die Form und Farbe betrifft.   <\/p><p>Die Erosbogenfalte in der Mitte der Oberlippe ist st\u00e4rker ausgepr\u00e4gt. Die Lippenkontur ist recht ausgepr\u00e4gt und ragt leicht nach au\u00dfen. Die Lippe sollte au\u00dferdem glatt und straff sein.  <\/p>\t\t\t\t\t\t\t\t<\/div>\n\t\t\t\t<\/div>\n\t\t\t\t<div class=\"elementor-element elementor-element-ac05b0e elementor-widget elementor-widget-video\" data-id=\"ac05b0e\" data-element_type=\"widget\" data-e-type=\"widget\" data-settings=\"{&quot;youtube_url&quot;:&quot;https:\\\/\\\/www.youtube.com\\\/watch?v=IgnvwCjahF4&quot;,&quot;video_type&quot;:&quot;youtube&quot;,&quot;controls&quot;:&quot;yes&quot;,&quot;ekit_we_effect_on&quot;:&quot;none&quot;}\" data-widget_type=\"video.default\">\n\t\t\t\t<div class=\"elementor-widget-container\">\n\t\t\t\t\t\t\t<div class=\"elementor-wrapper elementor-open-inline\">\n\t\t\t<div class=\"elementor-video\"><\/div>\t\t<\/div>\n\t\t\t\t\t\t<\/div>\n\t\t\t\t<\/div>\n\t\t\t\t<\/div>\n\t\t\t\t<div class=\"elementor-element elementor-element-30e9ffa elementor-hidden-desktop elementor-hidden-tablet elementor-widget elementor-widget-html\" data-id=\"30e9ffa\" data-element_type=\"widget\" data-e-type=\"widget\" data-settings=\"{&quot;ekit_we_effect_on&quot;:&quot;none&quot;}\" data-widget_type=\"html.default\">\n\t\t\t\t<div class=\"elementor-widget-container\">\n\t\t\t\t\t<a class=\"offer-button\" href=\"#offer-form\">\r\n  Kontaktieren Sie uns<\/a>\t\t\t\t<\/div>\n\t\t\t\t<\/div>\n\t\t\t\t<\/div>\n\t\t<div class=\"elementor-element elementor-element-d37cbb5 e-con-full bg-section v2 e-flex e-con e-child\" data-id=\"d37cbb5\" data-element_type=\"container\" data-e-type=\"container\" data-settings=\"{&quot;background_background&quot;:&quot;classic&quot;}\">\n\t\t<div class=\"elementor-element elementor-element-4129b88 e-con-full e-flex e-con e-child\" data-id=\"4129b88\" data-element_type=\"container\" data-e-type=\"container\">\n\t\t\t\t<div class=\"elementor-element elementor-element-3a7c8f5 at-heading-animation at-animation-heading-style-3 elementor-widget elementor-widget-heading\" data-id=\"3a7c8f5\" data-element_type=\"widget\" data-e-type=\"widget\" data-settings=\"{&quot;ekit_we_effect_on&quot;:&quot;none&quot;}\" data-widget_type=\"heading.default\">\n\t\t\t\t<div class=\"elementor-widget-container\">\n\t\t\t\t\t<h4 class=\"elementor-heading-title elementor-size-default\">F\u00fcr wen wird eine Aphrodite-Lippenvergr\u00f6\u00dferung durchgef\u00fchrt?\n\n<\/h4>\t\t\t\t<\/div>\n\t\t\t\t<\/div>\n\t\t\t\t<div class=\"elementor-element elementor-element-7af34c0 elementor-invisible elementor-widget elementor-widget-text-editor\" data-id=\"7af34c0\" data-element_type=\"widget\" data-e-type=\"widget\" data-settings=\"{&quot;_animation&quot;:&quot;fadeInUp&quot;,&quot;ekit_we_effect_on&quot;:&quot;none&quot;}\" data-widget_type=\"text-editor.default\">\n\t\t\t\t<div class=\"elementor-widget-container\">\n\t\t\t\t\t\t\t\t\t<p>Es kann bei Lippen angewendet werden, die von Natur aus d\u00fcnn, flach und ohne Kr\u00e4uselung sind, asymmetrisch, mit Volumen- und Formverlust aufgrund des Alterns. Es kann auch auf den Lippen von Menschen angewendet werden, die ihre Lippen voller und geformter machen m\u00f6chten. <\/p>\t\t\t\t\t\t\t\t<\/div>\n\t\t\t\t<\/div>\n\t\t<div class=\"elementor-element elementor-element-ad46cbd e-con-full e-flex e-con e-child\" data-id=\"ad46cbd\" data-element_type=\"container\" data-e-type=\"container\" data-settings=\"{&quot;background_background&quot;:&quot;classic&quot;}\">\n\t\t\t\t<div class=\"elementor-element elementor-element-010c11a elementor-widget elementor-widget-image\" data-id=\"010c11a\" data-element_type=\"widget\" data-e-type=\"widget\" data-settings=\"{&quot;ekit_we_effect_on&quot;:&quot;none&quot;}\" data-widget_type=\"image.default\">\n\t\t\t\t<div class=\"elementor-widget-container\">\n\t\t\t\t\t\t\t\t\t\t\t\t\t\t\t<img fetchpriority=\"high\" decoding=\"async\" width=\"581\" height=\"461\" src=\"https:\/\/www.guncelozturk.com\/wp-content\/uploads\/2025\/07\/afrodit-dudagi-1.webp\" class=\"attachment-full size-full wp-image-18768\" alt=\"\" srcset=\"https:\/\/www.guncelozturk.com\/wp-content\/uploads\/2025\/07\/afrodit-dudagi-1.webp 581w, https:\/\/www.guncelozturk.com\/wp-content\/uploads\/2025\/07\/afrodit-dudagi-1-300x238.webp 300w\" sizes=\"(max-width: 581px) 100vw, 581px\" title=\"\">\t\t\t\t\t\t\t\t\t\t\t\t\t\t\t<\/div>\n\t\t\t\t<\/div>\n\t\t\t\t<\/div>\n\t\t\t\t<\/div>\n\t\t\t\t<\/div>\n\t\t<div class=\"elementor-element elementor-element-74286aa e-con-full bg-section v2 e-flex e-con e-child\" data-id=\"74286aa\" data-element_type=\"container\" data-e-type=\"container\" data-settings=\"{&quot;background_background&quot;:&quot;classic&quot;}\">\n\t\t<div class=\"elementor-element elementor-element-73d4156 e-con-full e-flex e-con e-child\" data-id=\"73d4156\" data-element_type=\"container\" data-e-type=\"container\">\n\t\t\t\t<div class=\"elementor-element elementor-element-d21d363 at-heading-animation at-animation-heading-style-3 elementor-widget elementor-widget-heading\" data-id=\"d21d363\" data-element_type=\"widget\" data-e-type=\"widget\" data-settings=\"{&quot;ekit_we_effect_on&quot;:&quot;none&quot;}\" data-widget_type=\"heading.default\">\n\t\t\t\t<div class=\"elementor-widget-container\">\n\t\t\t\t\t<h4 class=\"elementor-heading-title elementor-size-default\">Wie wird die Aphrodite-Lippenf\u00fcllung durchgef\u00fchrt?\n\n<\/h4>\t\t\t\t<\/div>\n\t\t\t\t<\/div>\n\t\t\t\t<div class=\"elementor-element elementor-element-74652a2 elementor-invisible elementor-widget elementor-widget-text-editor\" data-id=\"74652a2\" data-element_type=\"widget\" data-e-type=\"widget\" data-settings=\"{&quot;_animation&quot;:&quot;fadeInUp&quot;,&quot;ekit_we_effect_on&quot;:&quot;none&quot;}\" data-widget_type=\"text-editor.default\">\n\t\t\t\t<div class=\"elementor-widget-container\">\n\t\t\t\t\t\t\t\t\t<p>Die Aphrodite-Lippenvergr\u00f6\u00dferung ist ein \u00e4sthetischer Eingriff, der unter lokaler An\u00e4sthesie durchgef\u00fchrt wird und durchschnittlich 15-20 Minuten dauert. Da es sich um eine nicht-chirurgische, invasive Methode handelt, sind keine Schmerzen oder Beschwerden zu sp\u00fcren. Das Ergebnis der Auff\u00fcllung wird sofort sichtbar, die exakte Form zeigt sich innerhalb von 1 &#8211; 2 Tagen. Ein oder zwei Tage nach dem Eingriff kann eine leichte Empfindlichkeit der Lippen auftreten. Die Aphrodite-Lippenauff\u00fcllung ist keine dauerhafte Anwendung. Obwohl es von Person zu Person unterschiedlich ist, kann es sein, dass sie in durchschnittlich 1 bis 2 Jahren wiederholt werden muss.     <\/p>\t\t\t\t\t\t\t\t<\/div>\n\t\t\t\t<\/div>\n\t\t\t\t<\/div>\n\t\t\t\t<\/div>\n\t\t<div class=\"elementor-element elementor-element-5c356b6 e-con-full bg-section v2 e-flex e-con e-child\" data-id=\"5c356b6\" data-element_type=\"container\" data-e-type=\"container\" data-settings=\"{&quot;background_background&quot;:&quot;classic&quot;}\">\n\t\t<div class=\"elementor-element elementor-element-3c1edc9 e-con-full e-flex e-con e-child\" data-id=\"3c1edc9\" data-element_type=\"container\" data-e-type=\"container\">\n\t\t\t\t<div class=\"elementor-element elementor-element-3c441ab at-heading-animation at-animation-heading-style-3 elementor-widget elementor-widget-heading\" data-id=\"3c441ab\" data-element_type=\"widget\" data-e-type=\"widget\" data-settings=\"{&quot;ekit_we_effect_on&quot;:&quot;none&quot;}\" data-widget_type=\"heading.default\">\n\t\t\t\t<div class=\"elementor-widget-container\">\n\t\t\t\t\t<h4 class=\"elementor-heading-title elementor-size-default\">Wie macht man ein Aphrodite-Lippendesign?\n\n<\/h4>\t\t\t\t<\/div>\n\t\t\t\t<\/div>\n\t\t\t\t<div class=\"elementor-element elementor-element-526420a elementor-invisible elementor-widget elementor-widget-text-editor\" data-id=\"526420a\" data-element_type=\"widget\" data-e-type=\"widget\" data-settings=\"{&quot;_animation&quot;:&quot;fadeInUp&quot;,&quot;ekit_we_effect_on&quot;:&quot;none&quot;}\" data-widget_type=\"text-editor.default\">\n\t\t\t\t<div class=\"elementor-widget-container\">\n\t\t\t\t\t\t\t\t\t<p>Bei der Gestaltung der Lippenform in Aphrodite Lippenf\u00fcllung werden Faktoren wie die vorhandene Lippenstruktur, die Gesichtsform und das L\u00e4cheln ber\u00fccksichtigt. Der Eros-Bogen auf der Oberlippe sollte mit der Nasenspitze \u00fcbereinstimmen. Es ist sehr wichtig, dass die Dicke der Oberlippe und der Unterlippe gleich ist und dass die Ober- und Unterlippenlinien ausgepr\u00e4gt sind. Die Lippenkontur sollte sehr sanft ausfallen. Der Erosbogen, der den Glanz der Lippe verst\u00e4rkt, wird ebenfalls hervorgehoben.    <\/p>\t\t\t\t\t\t\t\t<\/div>\n\t\t\t\t<\/div>\n\t\t\t\t<\/div>\n\t\t\t\t<\/div>\n\t\t<div class=\"elementor-element elementor-element-b49824c e-con-full bg-section v2 e-flex e-con e-child\" data-id=\"b49824c\" data-element_type=\"container\" data-e-type=\"container\" data-settings=\"{&quot;background_background&quot;:&quot;classic&quot;}\">\n\t\t<div class=\"elementor-element elementor-element-afbcbd0 e-con-full e-flex e-con e-child\" data-id=\"afbcbd0\" data-element_type=\"container\" data-e-type=\"container\">\n\t\t\t\t<div class=\"elementor-element elementor-element-1c88780 at-heading-animation at-animation-heading-style-3 elementor-widget elementor-widget-heading\" data-id=\"1c88780\" data-element_type=\"widget\" data-e-type=\"widget\" data-settings=\"{&quot;ekit_we_effect_on&quot;:&quot;none&quot;}\" data-widget_type=\"heading.default\">\n\t\t\t\t<div class=\"elementor-widget-container\">\n\t\t\t\t\t<h4 class=\"elementor-heading-title elementor-size-default\">Die Lippen sind ein Symbol f\u00fcr Jugend und Sch\u00f6nheit\n\n<\/h4>\t\t\t\t<\/div>\n\t\t\t\t<\/div>\n\t\t\t\t<div class=\"elementor-element elementor-element-c0dd6ce elementor-invisible elementor-widget elementor-widget-text-editor\" data-id=\"c0dd6ce\" data-element_type=\"widget\" data-e-type=\"widget\" data-settings=\"{&quot;_animation&quot;:&quot;fadeInUp&quot;,&quot;ekit_we_effect_on&quot;:&quot;none&quot;}\" data-widget_type=\"text-editor.default\">\n\t\t\t\t<div class=\"elementor-widget-container\">\n\t\t\t\t\t\t\t\t\tD\u00fcnne und flache Lippen lassen Menschen eher gereizt, ungl\u00fccklich oder m\u00fcde aussehen, w\u00e4hrend volle und lebendige Lippen Menschen gl\u00fccklicher, j\u00fcnger, ges\u00fcnder und sch\u00f6ner erscheinen lassen. Kurz gesagt, die Lippen sorgen nicht nur f\u00fcr das physische Erscheinungsbild, sondern auch f\u00fcr den Ausdruck des emotionalen Zustands. Daher geh\u00f6rt die \u00e4sthetische Lippenvergr\u00f6\u00dferung zu den Eingriffen, die sehr sorgf\u00e4ltig geplant und durchgef\u00fchrt werden sollten. Es ist wichtig, dass Sie der Wahl Ihres Chirurgen und Ihres \u00e4sthetischen Zentrums gro\u00dfe Aufmerksamkeit schenken.   \t\t\t\t\t\t\t\t<\/div>\n\t\t\t\t<\/div>\n\t\t\t\t<\/div>\n\t\t\t\t<\/div>\n\t\t<div class=\"elementor-element elementor-element-5294e87 e-con-full bg-section v2 e-flex e-con e-child\" data-id=\"5294e87\" data-element_type=\"container\" data-e-type=\"container\" data-settings=\"{&quot;background_background&quot;:&quot;classic&quot;}\">\n\t\t<div class=\"elementor-element elementor-element-52179b9 e-con-full e-flex e-con e-child\" data-id=\"52179b9\" data-element_type=\"container\" data-e-type=\"container\">\n\t\t<div class=\"elementor-element elementor-element-3c6c487 e-con-full e-grid let-down-column-settings e-con e-child\" data-id=\"3c6c487\" data-element_type=\"container\" data-e-type=\"container\">\n\t\t<div class=\"elementor-element elementor-element-e38df31 e-con-full e-flex e-con e-child\" data-id=\"e38df31\" data-element_type=\"container\" data-e-type=\"container\" data-settings=\"{&quot;background_background&quot;:&quot;classic&quot;}\">\n\t\t\t\t<div class=\"elementor-element elementor-element-fd212c4 elementor-position-top elementor-widget elementor-widget-image-box\" data-id=\"fd212c4\" data-element_type=\"widget\" data-e-type=\"widget\" data-settings=\"{&quot;ekit_we_effect_on&quot;:&quot;none&quot;}\" data-widget_type=\"image-box.default\">\n\t\t\t\t<div class=\"elementor-widget-container\">\n\t\t\t\t\t<div class=\"elementor-image-box-wrapper\"><figure class=\"elementor-image-box-img\"><a href=\"https:\/\/www.guncelozturk.com\/de\/venuslippe\/\" tabindex=\"-1\"><img decoding=\"async\" width=\"236\" height=\"122\" src=\"https:\/\/www.guncelozturk.com\/wp-content\/uploads\/2025\/07\/venus-dudagi-1.webp\" class=\"attachment-full size-full wp-image-13901\" alt=\"\" title=\"\"><\/a><\/figure><div class=\"elementor-image-box-content\"><h2 class=\"elementor-image-box-title\"><a href=\"https:\/\/www.guncelozturk.com\/de\/venuslippe\/\"><div class=\"noise-grid-section\">Venus<\/div> <div class=\"noise-grid-section-v2\">Lippen<\/div><\/a><\/h2><p class=\"elementor-image-box-description\">Die Lippe der Venus, seit der Antike...  <a class=\"service-custom-link-settings\" href=\"https:\/\/www.guncelozturk.com\/de\/venuslippe\/\">  Mehr lesen<\/a><\/p><\/div><\/div>\t\t\t\t<\/div>\n\t\t\t\t<\/div>\n\t\t\t\t<\/div>\n\t\t<div class=\"elementor-element elementor-element-b915174 e-con-full e-flex e-con e-child\" data-id=\"b915174\" data-element_type=\"container\" data-e-type=\"container\" data-settings=\"{&quot;background_background&quot;:&quot;classic&quot;}\">\n\t\t\t\t<div class=\"elementor-element elementor-element-b3280be elementor-position-top elementor-widget elementor-widget-image-box\" data-id=\"b3280be\" data-element_type=\"widget\" data-e-type=\"widget\" data-settings=\"{&quot;ekit_we_effect_on&quot;:&quot;none&quot;}\" data-widget_type=\"image-box.default\">\n\t\t\t\t<div class=\"elementor-widget-container\">\n\t\t\t\t\t<div class=\"elementor-image-box-wrapper\"><figure class=\"elementor-image-box-img\"><a href=\"https:\/\/www.guncelozturk.com\/de\/aphrodite-lippe\/\" tabindex=\"-1\"><img decoding=\"async\" width=\"236\" height=\"122\" src=\"https:\/\/www.guncelozturk.com\/wp-content\/uploads\/2025\/07\/afrodit-dudagi.webp\" class=\"attachment-full size-full wp-image-13903\" alt=\"\" title=\"\"><\/a><\/figure><div class=\"elementor-image-box-content\"><h2 class=\"elementor-image-box-title\"><a href=\"https:\/\/www.guncelozturk.com\/de\/aphrodite-lippe\/\"><div class=\"noise-grid-section\">Aphrodite<\/div> <div class=\"noise-grid-section-v2\">Lippen<\/div><\/a><\/h2><p class=\"elementor-image-box-description\">Die Lippe der Aphrodite ist die universellste Lippe... <a class=\"service-custom-link-settings\" href=\"https:\/\/www.guncelozturk.com\/de\/aphrodite-lippe\/\"> Lesen Sie mehr<\/a><\/p><\/div><\/div>\t\t\t\t<\/div>\n\t\t\t\t<\/div>\n\t\t\t\t<\/div>\n\t\t<div class=\"elementor-element elementor-element-c8aae98 e-con-full e-flex e-con e-child\" data-id=\"c8aae98\" data-element_type=\"container\" data-e-type=\"container\" data-settings=\"{&quot;background_background&quot;:&quot;classic&quot;}\">\n\t\t\t\t<div class=\"elementor-element elementor-element-46ff867 elementor-position-top elementor-widget elementor-widget-image-box\" data-id=\"46ff867\" data-element_type=\"widget\" data-e-type=\"widget\" data-settings=\"{&quot;ekit_we_effect_on&quot;:&quot;none&quot;}\" data-widget_type=\"image-box.default\">\n\t\t\t\t<div class=\"elementor-widget-container\">\n\t\t\t\t\t<div class=\"elementor-image-box-wrapper\"><figure class=\"elementor-image-box-img\"><a href=\"https:\/\/www.guncelozturk.com\/de\/eros-lippenaesthetik\/\" tabindex=\"-1\"><img loading=\"lazy\" decoding=\"async\" width=\"236\" height=\"122\" src=\"https:\/\/www.guncelozturk.com\/wp-content\/uploads\/2025\/07\/eros-dudagi.webp\" class=\"attachment-full size-full wp-image-13905\" alt=\"\" title=\"\"><\/a><\/figure><div class=\"elementor-image-box-content\"><h2 class=\"elementor-image-box-title\"><a href=\"https:\/\/www.guncelozturk.com\/de\/eros-lippenaesthetik\/\"><div class=\"noise-grid-section\">Eros<\/div> <div class=\"noise-grid-section-v2\">Lippen<\/div><\/a><\/h2><p class=\"elementor-image-box-description\">Die Sch\u00f6nheit der Lippen in der Gesichts\u00e4sthetik ist sehr... <a class=\"service-custom-link-settings\" href=\"https:\/\/www.guncelozturk.com\/de\/eros-lippenaesthetik\/\"> Lesen Sie mehr<\/a><\/p><\/div><\/div>\t\t\t\t<\/div>\n\t\t\t\t<\/div>\n\t\t\t\t<\/div>\n\t\t<div class=\"elementor-element elementor-element-ee1a80c e-con-full e-flex e-con e-child\" data-id=\"ee1a80c\" data-element_type=\"container\" data-e-type=\"container\" data-settings=\"{&quot;background_background&quot;:&quot;classic&quot;}\">\n\t\t\t\t<div class=\"elementor-element elementor-element-476a0fd elementor-position-top elementor-widget elementor-widget-image-box\" data-id=\"476a0fd\" data-element_type=\"widget\" data-e-type=\"widget\" data-settings=\"{&quot;ekit_we_effect_on&quot;:&quot;none&quot;}\" data-widget_type=\"image-box.default\">\n\t\t\t\t<div class=\"elementor-widget-container\">\n\t\t\t\t\t<div class=\"elementor-image-box-wrapper\"><figure class=\"elementor-image-box-img\"><a href=\"https:\/\/www.guncelozturk.com\/de\/hera-lippenauffuellung\/\" tabindex=\"-1\"><img loading=\"lazy\" decoding=\"async\" width=\"236\" height=\"122\" src=\"https:\/\/www.guncelozturk.com\/wp-content\/uploads\/2025\/07\/dudaksanati-1.webp\" class=\"attachment-full size-full wp-image-13907\" alt=\"\" title=\"\"><\/a><\/figure><div class=\"elementor-image-box-content\"><h2 class=\"elementor-image-box-title\"><a href=\"https:\/\/www.guncelozturk.com\/de\/hera-lippenauffuellung\/\"><div class=\"noise-grid-section\">Hera<\/div> <div class=\"noise-grid-section-v2\">Lippen<\/div><\/a><\/h2><p class=\"elementor-image-box-description\">Das L\u00e4cheln ist ein nonverbaler Ausdruck im sozialen Bereich...<a class=\"service-custom-link-settings\" href=\"\"><\/a>  Mehr lesen<\/a><\/p><\/div><\/div>\t\t\t\t<\/div>\n\t\t\t\t<\/div>\n\t\t\t\t<\/div>\n\t\t\t\t<\/div>\n\t\t\t\t<\/div>\n\t\t\t\t<\/div>\n\t\t\t\t<\/div>\n\t\t\t\t\t<\/div>\n\t\t\t\t<\/div>\n\t\t\t\t<\/div>\n\t\t","protected":false},"excerpt":{"rendered":"<p>Aphrodite Lippe Home Die Aphrodite-Lippe ist die Lippenform mit der universellsten Lippen\u00e4sthetik. [&hellip;]<\/p>\n","protected":false},"author":1,"featured_media":0,"parent":0,"menu_order":0,"comment_status":"closed","ping_status":"closed","template":"elementor_header_footer","meta":{"footnotes":""},"class_list":["post-18767","page","type-page","status-publish","hentry"],"_links":{"self":[{"href":"https:\/\/www.guncelozturk.com\/de\/wp-json\/wp\/v2\/pages\/18767","targetHints":{"allow":["GET"]}}],"collection":[{"href":"https:\/\/www.guncelozturk.com\/de\/wp-json\/wp\/v2\/pages"}],"about":[{"href":"https:\/\/www.guncelozturk.com\/de\/wp-json\/wp\/v2\/types\/page"}],"author":[{"embeddable":true,"href":"https:\/\/www.guncelozturk.com\/de\/wp-json\/wp\/v2\/users\/1"}],"replies":[{"embeddable":true,"href":"https:\/\/www.guncelozturk.com\/de\/wp-json\/wp\/v2\/comments?post=18767"}],"version-history":[{"count":11,"href":"https:\/\/www.guncelozturk.com\/de\/wp-json\/wp\/v2\/pages\/18767\/revisions"}],"predecessor-version":[{"id":24613,"href":"https:\/\/www.guncelozturk.com\/de\/wp-json\/wp\/v2\/pages\/18767\/revisions\/24613"}],"wp:attachment":[{"href":"https:\/\/www.guncelozturk.com\/de\/wp-json\/wp\/v2\/media?parent=18767"}],"curies":[{"name":"wp","href":"https:\/\/api.w.org\/{rel}","templated":true}]}}