{"id":20448,"date":"2025-07-11T21:45:01","date_gmt":"2025-07-11T21:45:01","guid":{"rendered":"http:\/\/guncelozturk.prdioweb.com\/lateinamerikanische-brustvergroesserung\/"},"modified":"2025-12-15T08:12:27","modified_gmt":"2025-12-15T08:12:27","slug":"lateinamerikanische-brustvergroesserung","status":"publish","type":"page","link":"https:\/\/www.guncelozturk.com\/de\/lateinamerikanische-brustvergroesserung\/","title":{"rendered":"Lateinamerikanische Brustvergr\u00f6\u00dferung"},"content":{"rendered":"\t\t<div data-elementor-type=\"wp-page\" data-elementor-id=\"20448\" class=\"elementor elementor-20448 elementor-16337\" data-elementor-post-type=\"page\">\n\t\t\t\t<div class=\"elementor-element elementor-element-5f6c221 e-flex e-con-boxed e-con e-parent\" data-id=\"5f6c221\" data-element_type=\"container\" data-e-type=\"container\">\n\t\t\t\t\t<div class=\"e-con-inner\">\n\t\t<div class=\"elementor-element elementor-element-55bc79a bg-section e-flex e-con-boxed e-con e-child\" data-id=\"55bc79a\" data-element_type=\"container\" data-e-type=\"container\" data-settings=\"{&quot;background_background&quot;:&quot;classic&quot;}\">\n\t\t\t\t\t<div class=\"e-con-inner\">\n\t\t\t\t<div class=\"elementor-element elementor-element-b935276 at-heading-animation at-animation-heading-style-3 elementor-widget elementor-widget-heading\" data-id=\"b935276\" data-element_type=\"widget\" data-e-type=\"widget\" data-settings=\"{&quot;ekit_we_effect_on&quot;:&quot;none&quot;}\" data-widget_type=\"heading.default\">\n\t\t\t\t<div class=\"elementor-widget-container\">\n\t\t\t\t\t<h1 class=\"elementor-heading-title elementor-size-default\">Lateinamerikanische Brustvergr\u00f6\u00dferung\n<\/h1>\t\t\t\t<\/div>\n\t\t\t\t<\/div>\n\t\t\t\t<div class=\"elementor-element elementor-element-cd83ac4 elementor-invisible elementor-widget elementor-widget-elementskit-breadcrumb\" data-id=\"cd83ac4\" data-element_type=\"widget\" data-e-type=\"widget\" data-settings=\"{&quot;_animation&quot;:&quot;fadeInUp&quot;,&quot;ekit_we_effect_on&quot;:&quot;none&quot;}\" data-widget_type=\"elementskit-breadcrumb.default\">\n\t\t\t\t<div class=\"elementor-widget-container\">\n\t\t\t\t\t<div class=\"ekit-wid-con\" ><ol class=\"ekit-breadcrumb\"><li class=\"ekit_breadcrumbs_start\"><a href=\"https:\/\/www.guncelozturk.com\/de\/\">Home<\/a><\/li> <li class=\"brd_sep\"><span class=\"separate_icon\"><svg xmlns=\"http:\/\/www.w3.org\/2000\/svg\" width=\"5\" height=\"11\" viewBox=\"0 0 5 11\"><path d=\"M0 10.4183L1.35051 5.27192L2.70102 0.125522L4.05688 0L1.35586 10.2928L0 10.4183Z\" fill=\"white\"><\/path><\/svg><\/span><\/li>  <li>Lateinamerikanische Brustvergr\u00f6\u00dferung<\/li><\/ol><\/div>\t\t\t\t<\/div>\n\t\t\t\t<\/div>\n\t\t\t\t\t<\/div>\n\t\t\t\t<\/div>\n\t\t\t\t\t<\/div>\n\t\t\t\t<\/div>\n\t\t<div class=\"elementor-element elementor-element-7185b2e e-flex e-con-boxed e-con e-parent\" data-id=\"7185b2e\" data-element_type=\"container\" data-e-type=\"container\">\n\t\t\t\t\t<div class=\"e-con-inner\">\n\t\t<div class=\"elementor-element elementor-element-a1e7451 e-con-full e-flex e-con e-child\" data-id=\"a1e7451\" data-element_type=\"container\" data-e-type=\"container\" id=\"offer-form\">\n\t\t<div class=\"elementor-element elementor-element-a4f5a1c e-con-full sticky-column e-flex elementor-invisible e-con e-child\" data-id=\"a4f5a1c\" data-element_type=\"container\" data-e-type=\"container\" data-settings=\"{&quot;animation&quot;:&quot;fadeInUp&quot;}\">\n\t\t<div class=\"elementor-element elementor-element-fc70a2a e-con-full e-flex e-con e-child\" data-id=\"fc70a2a\" data-element_type=\"container\" data-e-type=\"container\">\n\t\t<div class=\"elementor-element elementor-element-c8a0911 e-con-full e-flex e-con e-child\" data-id=\"c8a0911\" data-element_type=\"container\" data-e-type=\"container\" data-settings=\"{&quot;background_background&quot;:&quot;classic&quot;}\">\n\t\t\t\t<div class=\"elementor-element elementor-element-8911a93 elementor-widget elementor-widget-spacer\" data-id=\"8911a93\" data-element_type=\"widget\" data-e-type=\"widget\" data-settings=\"{&quot;ekit_we_effect_on&quot;:&quot;none&quot;}\" data-widget_type=\"spacer.default\">\n\t\t\t\t<div class=\"elementor-widget-container\">\n\t\t\t\t\t\t\t<div class=\"elementor-spacer\">\n\t\t\t<div class=\"elementor-spacer-inner\"><\/div>\n\t\t<\/div>\n\t\t\t\t\t\t<\/div>\n\t\t\t\t<\/div>\n\t\t\t\t<\/div>\n\t\t\t\t<\/div>\n\t\t<div class=\"elementor-element elementor-element-747a9e2 e-con-full e-flex e-con e-child\" data-id=\"747a9e2\" data-element_type=\"container\" data-e-type=\"container\" data-settings=\"{&quot;background_background&quot;:&quot;classic&quot;}\">\n\t\t\t\t<div class=\"elementor-element elementor-element-9709e7b elementor-widget elementor-widget-html\" data-id=\"9709e7b\" data-element_type=\"widget\" data-e-type=\"widget\" data-settings=\"{&quot;ekit_we_effect_on&quot;:&quot;none&quot;}\" data-widget_type=\"html.default\">\n\t\t\t\t<div class=\"elementor-widget-container\">\n\t\t\t\t\t<iframe aria-label='YK - WhatsApp - guncelozturk.com Banner DE (New Website)' frameborder=\"0\" style=\"height:500px;width:99%;border:none;\" src='https:\/\/forms.zohopublic.eu\/doctorgo\/form\/YKWhatsAppguncelozturkcomBannerDENewWebsite\/formperma\/gG9_ijau6Jgo2iDqFI9ZAfNpjSzsK-bzbhA2IXbiiyU'><\/iframe>\t\t\t\t<\/div>\n\t\t\t\t<\/div>\n\t\t\t\t<\/div>\n\t\t\t\t<\/div>\n\t\t\t\t<\/div>\n\t\t<div class=\"elementor-element elementor-element-eea782d e-con-full e-flex e-con e-child\" data-id=\"eea782d\" data-element_type=\"container\" data-e-type=\"container\">\n\t\t<div class=\"elementor-element elementor-element-d37cbb5 e-con-full bg-section v2 e-flex e-con e-child\" data-id=\"d37cbb5\" data-element_type=\"container\" data-e-type=\"container\" data-settings=\"{&quot;background_background&quot;:&quot;classic&quot;}\">\n\t\t<div class=\"elementor-element elementor-element-4129b88 e-con-full e-flex e-con e-child\" data-id=\"4129b88\" data-element_type=\"container\" data-e-type=\"container\">\n\t\t\t\t<div class=\"elementor-element elementor-element-3a7c8f5 at-heading-animation at-animation-heading-style-3 elementor-widget elementor-widget-heading\" data-id=\"3a7c8f5\" data-element_type=\"widget\" data-e-type=\"widget\" data-settings=\"{&quot;ekit_we_effect_on&quot;:&quot;none&quot;}\" data-widget_type=\"heading.default\">\n\t\t\t\t<div class=\"elementor-widget-container\">\n\t\t\t\t\t<h2 class=\"elementor-heading-title elementor-size-default\">Lateinamerikanische Brustvergr\u00f6\u00dferung\n<\/h2>\t\t\t\t<\/div>\n\t\t\t\t<\/div>\n\t\t\t\t<div class=\"elementor-element elementor-element-7af34c0 elementor-invisible elementor-widget elementor-widget-text-editor\" data-id=\"7af34c0\" data-element_type=\"widget\" data-e-type=\"widget\" data-settings=\"{&quot;_animation&quot;:&quot;fadeInUp&quot;,&quot;ekit_we_effect_on&quot;:&quot;none&quot;}\" data-widget_type=\"text-editor.default\">\n\t\t\t\t<div class=\"elementor-widget-container\">\n\t\t\t\t\t\t\t\t\t<p>Lateinamerikanische Sch\u00f6nheit bedeutet volle und runde Formen. Runde und volle Br\u00fcste, eine schlanke Taille und ebenfalls runde H\u00fcften sind die wichtigsten Merkmale lateinamerikanischer Sch\u00f6nheit. <\/p><p>Die runden Konturen bilden die strukturellen Merkmale des weiblichen K\u00f6rpers. Die nat\u00fcrliche K\u00f6rperstruktur besteht aus runden Konturen. Das Hauptziel der \u00e4sthetischen Chirurgie ist es, den Menschen ein nat\u00fcrliches Aussehen zu verleihen.  <\/p>\t\t\t\t\t\t\t\t<\/div>\n\t\t\t\t<\/div>\n\t\t\t\t<div class=\"elementor-element elementor-element-54fe316 elementor-hidden-desktop elementor-hidden-tablet elementor-widget elementor-widget-html\" data-id=\"54fe316\" data-element_type=\"widget\" data-e-type=\"widget\" data-settings=\"{&quot;ekit_we_effect_on&quot;:&quot;none&quot;}\" data-widget_type=\"html.default\">\n\t\t\t\t<div class=\"elementor-widget-container\">\n\t\t\t\t\t<a class=\"offer-button\" href=\"#offer-form\">\r\n  Kontaktieren Sie uns<\/a>\t\t\t\t<\/div>\n\t\t\t\t<\/div>\n\t\t<div class=\"elementor-element elementor-element-ad46cbd e-con-full e-flex e-con e-child\" data-id=\"ad46cbd\" data-element_type=\"container\" data-e-type=\"container\" data-settings=\"{&quot;background_background&quot;:&quot;classic&quot;}\">\n\t\t\t\t<div class=\"elementor-element elementor-element-010c11a elementor-widget elementor-widget-image\" data-id=\"010c11a\" data-element_type=\"widget\" data-e-type=\"widget\" data-settings=\"{&quot;ekit_we_effect_on&quot;:&quot;none&quot;}\" data-widget_type=\"image.default\">\n\t\t\t\t<div class=\"elementor-widget-container\">\n\t\t\t\t\t\t\t\t\t\t\t\t\t\t\t<img fetchpriority=\"high\" decoding=\"async\" width=\"605\" height=\"436\" src=\"https:\/\/www.guncelozturk.com\/wp-content\/uploads\/2025\/07\/latin-tipi-gogus-buyutme.webp\" class=\"attachment-full size-full wp-image-20449\" alt=\"\" srcset=\"https:\/\/www.guncelozturk.com\/wp-content\/uploads\/2025\/07\/latin-tipi-gogus-buyutme.webp 605w, https:\/\/www.guncelozturk.com\/wp-content\/uploads\/2025\/07\/latin-tipi-gogus-buyutme-300x216.webp 300w\" sizes=\"(max-width: 605px) 100vw, 605px\" title=\"\">\t\t\t\t\t\t\t\t\t\t\t\t\t\t\t<\/div>\n\t\t\t\t<\/div>\n\t\t\t\t<\/div>\n\t\t\t\t<\/div>\n\t\t\t\t<\/div>\n\t\t<div class=\"elementor-element elementor-element-74286aa e-con-full bg-section v2 e-flex e-con e-child\" data-id=\"74286aa\" data-element_type=\"container\" data-e-type=\"container\" data-settings=\"{&quot;background_background&quot;:&quot;classic&quot;}\">\n\t\t<div class=\"elementor-element elementor-element-73d4156 e-con-full e-flex e-con e-child\" data-id=\"73d4156\" data-element_type=\"container\" data-e-type=\"container\">\n\t\t\t\t<div class=\"elementor-element elementor-element-74652a2 elementor-invisible elementor-widget elementor-widget-text-editor\" data-id=\"74652a2\" data-element_type=\"widget\" data-e-type=\"widget\" data-settings=\"{&quot;_animation&quot;:&quot;fadeInUp&quot;,&quot;ekit_we_effect_on&quot;:&quot;none&quot;}\" data-widget_type=\"text-editor.default\">\n\t\t\t\t<div class=\"elementor-widget-container\">\n\t\t\t\t\t\t\t\t\t<p>Unzureichendes Brustgewebe und kleine Br\u00fcste k\u00f6nnen f\u00fcr Frauen zu den wichtigsten \u00e4sthetischen Problemen z\u00e4hlen. Frauen, die sich einer Sch\u00f6nheitsoperation unterziehen, geben an, dass sie sich aufgrund ihrer kleinen Br\u00fcste nicht ausreichend weiblich f\u00fchlen, nicht die Kleidung tragen k\u00f6nnen, die sie m\u00f6chten, und nicht genug Selbstvertrauen haben. <\/p>\t\t\t\t\t\t\t\t<\/div>\n\t\t\t\t<\/div>\n\t\t\t\t<\/div>\n\t\t\t\t<\/div>\n\t\t<div class=\"elementor-element elementor-element-3fc3283 e-con-full bg-section v2 e-flex e-con e-child\" data-id=\"3fc3283\" data-element_type=\"container\" data-e-type=\"container\" data-settings=\"{&quot;background_background&quot;:&quot;classic&quot;}\">\n\t\t<div class=\"elementor-element elementor-element-e4a2090 e-con-full e-flex e-con e-child\" data-id=\"e4a2090\" data-element_type=\"container\" data-e-type=\"container\">\n\t\t\t\t<div class=\"elementor-element elementor-element-80238cb at-heading-animation at-animation-heading-style-3 elementor-widget elementor-widget-heading\" data-id=\"80238cb\" data-element_type=\"widget\" data-e-type=\"widget\" data-settings=\"{&quot;ekit_we_effect_on&quot;:&quot;none&quot;}\" data-widget_type=\"heading.default\">\n\t\t\t\t<div class=\"elementor-widget-container\">\n\t\t\t\t\t<h4 class=\"elementor-heading-title elementor-size-default\">Merkmale der Brustvergr\u00f6\u00dferung nach lateinamerikanischem Vorbild\n<\/h4>\t\t\t\t<\/div>\n\t\t\t\t<\/div>\n\t\t\t\t<div class=\"elementor-element elementor-element-bafa25b elementor-invisible elementor-widget elementor-widget-text-editor\" data-id=\"bafa25b\" data-element_type=\"widget\" data-e-type=\"widget\" data-settings=\"{&quot;_animation&quot;:&quot;fadeInUp&quot;,&quot;ekit_we_effect_on&quot;:&quot;none&quot;}\" data-widget_type=\"text-editor.default\">\n\t\t\t\t<div class=\"elementor-widget-container\">\n\t\t\t\t\t\t\t\t\t<p>Bei der lateinamerikanischen Brust\u00e4sthetik ist es wichtig, dass die Br\u00fcste eine auff\u00e4llige Gr\u00f6\u00dfe haben. Bei der Berechnung der idealen Brustgr\u00f6\u00dfe wird die gr\u00f6\u00dftm\u00f6gliche F\u00fclle zugrunde gelegt. <\/p><p>F\u00fcllige Br\u00fcste sollten in der Regel rund und straff sein. Insbesondere im Dekollet\u00e9-Bereich wird eine auff\u00e4llige F\u00fclle erwartet. <\/p>\t\t\t\t\t\t\t\t<\/div>\n\t\t\t\t<\/div>\n\t\t\t\t<\/div>\n\t\t\t\t<\/div>\n\t\t<div class=\"elementor-element elementor-element-4bdc894 e-con-full bg-section v2 e-flex e-con e-child\" data-id=\"4bdc894\" data-element_type=\"container\" data-e-type=\"container\" data-settings=\"{&quot;background_background&quot;:&quot;classic&quot;}\">\n\t\t<div class=\"elementor-element elementor-element-2dfe4bc e-con-full e-flex e-con e-child\" data-id=\"2dfe4bc\" data-element_type=\"container\" data-e-type=\"container\">\n\t\t\t\t<div class=\"elementor-element elementor-element-a1c7fd8 at-heading-animation at-animation-heading-style-3 elementor-widget elementor-widget-heading\" data-id=\"a1c7fd8\" data-element_type=\"widget\" data-e-type=\"widget\" data-settings=\"{&quot;ekit_we_effect_on&quot;:&quot;none&quot;}\" data-widget_type=\"heading.default\">\n\t\t\t\t<div class=\"elementor-widget-container\">\n\t\t\t\t\t<h4 class=\"elementor-heading-title elementor-size-default\">Methoden der Brustvergr\u00f6\u00dferung nach lateinamerikanischem Vorbild\n<\/h4>\t\t\t\t<\/div>\n\t\t\t\t<\/div>\n\t\t\t\t<div class=\"elementor-element elementor-element-7eb0c7e elementor-invisible elementor-widget elementor-widget-text-editor\" data-id=\"7eb0c7e\" data-element_type=\"widget\" data-e-type=\"widget\" data-settings=\"{&quot;_animation&quot;:&quot;fadeInUp&quot;,&quot;ekit_we_effect_on&quot;:&quot;none&quot;}\" data-widget_type=\"text-editor.default\">\n\t\t\t\t<div class=\"elementor-widget-container\">\n\t\t\t\t\t\t\t\t\t<p>Die Brustvergr\u00f6\u00dferung nach lateinamerikanischem Vorbild kann mit zwei Methoden durchgef\u00fchrt werden. Je nach Person kann zwischen chirurgischen und nicht-chirurgischen Techniken die am besten geeignete ausgew\u00e4hlt werden. <\/p><p>Die chirurgische Technik kann mit der Methode der Brustimplantatinsertion durchgef\u00fchrt werden. Nach der Beurteilung des vorhandenen Brustgewebes und der allgemeinen K\u00f6rperstruktur der Patientin werden ihr die f\u00fcr sie am besten geeigneten Optionen hinsichtlich Form und Gr\u00f6\u00dfe des Brustimplantats angeboten. Die Operation wird entsprechend den W\u00fcnschen der Patientin durchgef\u00fchrt.  <\/p><p>Die Operation wird unter Vollnarkose durchgef\u00fchrt. Die Art der An\u00e4sthesie wird ebenfalls nach den W\u00fcnschen des Patienten und seinem allgemeinen Gesundheitszustand festgelegt. <\/p><p>Anschlie\u00dfend wird das ausgew\u00e4hlte Implantat in einer durchschnittlich 2 bis 2,5 Stunden dauernden Operation eingesetzt. Es gibt verschiedene Methoden zum Einsetzen des Implantats. Der Chirurg wird der Patientin die f\u00fcr ihr Brustgewebe und die Form des ausgew\u00e4hlten Implantats am besten geeignete Option empfehlen. Die N\u00e4hte werden so versteckt, dass sie an den nat\u00fcrlichen Falten der Brust nicht sichtbar sind. Eines der Hauptziele der \u00e4sthetischen Chirurgie ist es, dass die Narben so wenig wie m\u00f6glich sichtbar sind und versteckt werden. Dank der Fortschritte in der plastischen Chirurgie haben sich die Operations- und Heilungsprozesse erheblich verk\u00fcrzt.     <\/p><p>Nicht-chirurgische Techniken werden je nach Bruststruktur mit F\u00fcllstoffinjektionen durchgef\u00fchrt. Aufgrund ihrer Vertr\u00e4glichkeit mit dem menschlichen K\u00f6rper und ihrer Sicherheit werden meist Hyalurons\u00e4ure-F\u00fcllstoffe bevorzugt. Mit der als \u201e15-Minuten-\u00c4sthetik\u201d bekannten F\u00fcllstoffinjektionsmethode k\u00f6nnen Br\u00fcste ohne Operation vergr\u00f6\u00dfert werden. Wenn die Patientin die Behandlung in ihrer Mittagspause durchf\u00fchren l\u00e4sst, kann sie mit ihren vollen Br\u00fcsten wieder zur Arbeit gehen. Diese Methode wird zunehmend von Frauen nachgefragt, die Angst vor einer Operation haben oder nicht gen\u00fcgend Zeit f\u00fcr den Heilungsprozess haben.    <\/p>\t\t\t\t\t\t\t\t<\/div>\n\t\t\t\t<\/div>\n\t\t\t\t<\/div>\n\t\t\t\t<\/div>\n\t\t\t\t<\/div>\n\t\t\t\t\t<\/div>\n\t\t\t\t<\/div>\n\t\t\t\t<\/div>\n\t\t","protected":false},"excerpt":{"rendered":"<p>Lateinamerikanische Brustvergr\u00f6\u00dferung Ana Sayfa Lateinamerikanische Brustvergr\u00f6\u00dferung Lateinamerikanische Sch\u00f6nheit bedeutet volle und runde [&hellip;]<\/p>\n","protected":false},"author":1,"featured_media":0,"parent":0,"menu_order":0,"comment_status":"closed","ping_status":"closed","template":"elementor_header_footer","meta":{"footnotes":""},"class_list":["post-20448","page","type-page","status-publish","hentry"],"_links":{"self":[{"href":"https:\/\/www.guncelozturk.com\/de\/wp-json\/wp\/v2\/pages\/20448","targetHints":{"allow":["GET"]}}],"collection":[{"href":"https:\/\/www.guncelozturk.com\/de\/wp-json\/wp\/v2\/pages"}],"about":[{"href":"https:\/\/www.guncelozturk.com\/de\/wp-json\/wp\/v2\/types\/page"}],"author":[{"embeddable":true,"href":"https:\/\/www.guncelozturk.com\/de\/wp-json\/wp\/v2\/users\/1"}],"replies":[{"embeddable":true,"href":"https:\/\/www.guncelozturk.com\/de\/wp-json\/wp\/v2\/comments?post=20448"}],"version-history":[{"count":7,"href":"https:\/\/www.guncelozturk.com\/de\/wp-json\/wp\/v2\/pages\/20448\/revisions"}],"predecessor-version":[{"id":30661,"href":"https:\/\/www.guncelozturk.com\/de\/wp-json\/wp\/v2\/pages\/20448\/revisions\/30661"}],"wp:attachment":[{"href":"https:\/\/www.guncelozturk.com\/de\/wp-json\/wp\/v2\/media?parent=20448"}],"curies":[{"name":"wp","href":"https:\/\/api.w.org\/{rel}","templated":true}]}}