{"id":21118,"date":"2025-07-13T09:09:57","date_gmt":"2025-07-13T09:09:57","guid":{"rendered":"http:\/\/guncelozturk.prdioweb.com\/temple-filler\/"},"modified":"2025-12-15T08:45:50","modified_gmt":"2025-12-15T08:45:50","slug":"temple-filler","status":"publish","type":"page","link":"https:\/\/www.guncelozturk.com\/de\/temple-filler\/","title":{"rendered":"Temple Filler"},"content":{"rendered":"\t\t<div data-elementor-type=\"wp-page\" data-elementor-id=\"21118\" class=\"elementor elementor-21118 elementor-14169\" data-elementor-post-type=\"page\">\n\t\t\t\t<div class=\"elementor-element elementor-element-5f6c221 e-flex e-con-boxed e-con e-parent\" data-id=\"5f6c221\" data-element_type=\"container\" data-e-type=\"container\">\n\t\t\t\t\t<div class=\"e-con-inner\">\n\t\t<div class=\"elementor-element elementor-element-55bc79a bg-section e-flex e-con-boxed e-con e-child\" data-id=\"55bc79a\" data-element_type=\"container\" data-e-type=\"container\" data-settings=\"{&quot;background_background&quot;:&quot;classic&quot;}\">\n\t\t\t\t\t<div class=\"e-con-inner\">\n\t\t\t\t<div class=\"elementor-element elementor-element-b935276 at-heading-animation at-animation-heading-style-3 elementor-widget elementor-widget-heading\" data-id=\"b935276\" data-element_type=\"widget\" data-e-type=\"widget\" data-settings=\"{&quot;ekit_we_effect_on&quot;:&quot;none&quot;}\" data-widget_type=\"heading.default\">\n\t\t\t\t<div class=\"elementor-widget-container\">\n\t\t\t\t\t<h1 class=\"elementor-heading-title elementor-size-default\">Temple Filler\n<\/h1>\t\t\t\t<\/div>\n\t\t\t\t<\/div>\n\t\t\t\t<div class=\"elementor-element elementor-element-cd83ac4 elementor-invisible elementor-widget elementor-widget-elementskit-breadcrumb\" data-id=\"cd83ac4\" data-element_type=\"widget\" data-e-type=\"widget\" data-settings=\"{&quot;_animation&quot;:&quot;fadeInUp&quot;,&quot;ekit_we_effect_on&quot;:&quot;none&quot;}\" data-widget_type=\"elementskit-breadcrumb.default\">\n\t\t\t\t<div class=\"elementor-widget-container\">\n\t\t\t\t\t<div class=\"ekit-wid-con\" ><ol class=\"ekit-breadcrumb\"><li class=\"ekit_breadcrumbs_start\"><a href=\"https:\/\/www.guncelozturk.com\/de\/\">Home<\/a><\/li> <li class=\"brd_sep\"><span class=\"separate_icon\"><svg xmlns=\"http:\/\/www.w3.org\/2000\/svg\" width=\"5\" height=\"11\" viewBox=\"0 0 5 11\"><path d=\"M0 10.4183L1.35051 5.27192L2.70102 0.125522L4.05688 0L1.35586 10.2928L0 10.4183Z\" fill=\"white\"><\/path><\/svg><\/span><\/li>  <li>Temple Filler<\/li><\/ol><\/div>\t\t\t\t<\/div>\n\t\t\t\t<\/div>\n\t\t\t\t\t<\/div>\n\t\t\t\t<\/div>\n\t\t\t\t\t<\/div>\n\t\t\t\t<\/div>\n\t\t<div class=\"elementor-element elementor-element-7185b2e e-flex e-con-boxed e-con e-parent\" data-id=\"7185b2e\" data-element_type=\"container\" data-e-type=\"container\">\n\t\t\t\t\t<div class=\"e-con-inner\">\n\t\t<div class=\"elementor-element elementor-element-a1e7451 e-con-full e-flex e-con e-child\" data-id=\"a1e7451\" data-element_type=\"container\" data-e-type=\"container\" id=\"offer-form\">\n\t\t<div class=\"elementor-element elementor-element-a4f5a1c e-con-full sticky-column e-flex elementor-invisible e-con e-child\" data-id=\"a4f5a1c\" data-element_type=\"container\" data-e-type=\"container\" data-settings=\"{&quot;animation&quot;:&quot;fadeInUp&quot;}\">\n\t\t<div class=\"elementor-element elementor-element-fc70a2a e-con-full e-flex e-con e-child\" data-id=\"fc70a2a\" data-element_type=\"container\" data-e-type=\"container\">\n\t\t<div class=\"elementor-element elementor-element-c8a0911 e-con-full e-flex e-con e-child\" data-id=\"c8a0911\" data-element_type=\"container\" data-e-type=\"container\" data-settings=\"{&quot;background_background&quot;:&quot;classic&quot;}\">\n\t\t\t\t<div class=\"elementor-element elementor-element-8911a93 elementor-widget elementor-widget-spacer\" data-id=\"8911a93\" data-element_type=\"widget\" data-e-type=\"widget\" data-settings=\"{&quot;ekit_we_effect_on&quot;:&quot;none&quot;}\" data-widget_type=\"spacer.default\">\n\t\t\t\t<div class=\"elementor-widget-container\">\n\t\t\t\t\t\t\t<div class=\"elementor-spacer\">\n\t\t\t<div class=\"elementor-spacer-inner\"><\/div>\n\t\t<\/div>\n\t\t\t\t\t\t<\/div>\n\t\t\t\t<\/div>\n\t\t\t\t<\/div>\n\t\t\t\t<\/div>\n\t\t<div class=\"elementor-element elementor-element-747a9e2 e-con-full e-flex e-con e-child\" data-id=\"747a9e2\" data-element_type=\"container\" data-e-type=\"container\" data-settings=\"{&quot;background_background&quot;:&quot;classic&quot;}\">\n\t\t\t\t<div class=\"elementor-element elementor-element-3d6e444 elementor-widget elementor-widget-html\" data-id=\"3d6e444\" data-element_type=\"widget\" data-e-type=\"widget\" data-settings=\"{&quot;ekit_we_effect_on&quot;:&quot;none&quot;}\" data-widget_type=\"html.default\">\n\t\t\t\t<div class=\"elementor-widget-container\">\n\t\t\t\t\t<iframe aria-label=\"YK - WhatsApp - guncelozturk.com Banner TR (New Website)\" frameborder=\"0\" style=\"height:500px;width:99%;border:none;\" src=\"https:\/\/forms.zohopublic.eu\/doctorgo\/form\/YKWhatsAppguncelozturkcomBannerDENewWebsite\/formperma\/gG9_ijau6Jgo2iDqFI9ZAfNpjSzsK-bzbhA2IXbiiyU\"><\/iframe>\t\t\t\t<\/div>\n\t\t\t\t<\/div>\n\t\t\t\t<\/div>\n\t\t\t\t<\/div>\n\t\t\t\t<\/div>\n\t\t<div class=\"elementor-element elementor-element-eea782d e-con-full e-flex e-con e-child\" data-id=\"eea782d\" data-element_type=\"container\" data-e-type=\"container\">\n\t\t<div class=\"elementor-element elementor-element-6f015ed e-con-full bg-section v2 e-flex e-con e-child\" data-id=\"6f015ed\" data-element_type=\"container\" data-e-type=\"container\" data-settings=\"{&quot;background_background&quot;:&quot;classic&quot;}\">\n\t\t<div class=\"elementor-element elementor-element-97d379b e-con-full e-flex e-con e-child\" data-id=\"97d379b\" data-element_type=\"container\" data-e-type=\"container\">\n\t\t\t\t<div class=\"elementor-element elementor-element-9ac747c at-heading-animation at-animation-heading-style-3 elementor-widget elementor-widget-heading\" data-id=\"9ac747c\" data-element_type=\"widget\" data-e-type=\"widget\" data-settings=\"{&quot;ekit_we_effect_on&quot;:&quot;none&quot;}\" data-widget_type=\"heading.default\">\n\t\t\t\t<div class=\"elementor-widget-container\">\n\t\t\t\t\t<h2 class=\"elementor-heading-title elementor-size-default\">Temple Filler\n<\/h2>\t\t\t\t<\/div>\n\t\t\t\t<\/div>\n\t\t\t\t<div class=\"elementor-element elementor-element-abd6eb5 elementor-invisible elementor-widget elementor-widget-text-editor\" data-id=\"abd6eb5\" data-element_type=\"widget\" data-e-type=\"widget\" data-settings=\"{&quot;_animation&quot;:&quot;fadeInUp&quot;,&quot;ekit_we_effect_on&quot;:&quot;none&quot;}\" data-widget_type=\"text-editor.default\">\n\t\t\t\t<div class=\"elementor-widget-container\">\n\t\t\t\t\t\t\t\t\t<p>Mit einer Schl\u00e4fenauff\u00fcllung kann das Gesicht deutlich j\u00fcnger aussehen&#8230;<br><b><br>Warum wird eine Schl\u00e4fenauff\u00fcllung durchgef\u00fchrt?<br><\/b>Viele der Ver\u00e4nderungen, die mit dem \u00c4lterwerden einhergehen, lassen sich anhand der Ver\u00e4nderungen des Gesichtsvolumens erkennen. Manche Gesichter nehmen von oben nach unten ungleichm\u00e4\u00dfig an Gewicht zu. Andere Gesichter werden mit zunehmendem Alter schlanker.  <\/p>\t\t\t\t\t\t\t\t<\/div>\n\t\t\t\t<\/div>\n\t\t\t\t<div class=\"elementor-element elementor-element-44458ab elementor-hidden-desktop elementor-hidden-tablet elementor-widget elementor-widget-html\" data-id=\"44458ab\" data-element_type=\"widget\" data-e-type=\"widget\" data-settings=\"{&quot;ekit_we_effect_on&quot;:&quot;none&quot;}\" data-widget_type=\"html.default\">\n\t\t\t\t<div class=\"elementor-widget-container\">\n\t\t\t\t\t<a class=\"offer-button\" href=\"#offer-form\">\r\n  Kontaktieren Sie uns<\/a>\t\t\t\t<\/div>\n\t\t\t\t<\/div>\n\t\t<div class=\"elementor-element elementor-element-9a04f94 e-con-full e-flex e-con e-child\" data-id=\"9a04f94\" data-element_type=\"container\" data-e-type=\"container\" data-settings=\"{&quot;background_background&quot;:&quot;classic&quot;}\">\n\t\t\t\t<div class=\"elementor-element elementor-element-7e6e53f elementor-widget elementor-widget-image\" data-id=\"7e6e53f\" data-element_type=\"widget\" data-e-type=\"widget\" data-settings=\"{&quot;ekit_we_effect_on&quot;:&quot;none&quot;}\" data-widget_type=\"image.default\">\n\t\t\t\t<div class=\"elementor-widget-container\">\n\t\t\t\t\t\t\t\t\t\t\t\t\t\t\t<img fetchpriority=\"high\" decoding=\"async\" width=\"551\" height=\"465\" src=\"https:\/\/www.guncelozturk.com\/wp-content\/uploads\/2025\/07\/sakak-dermal-dolgu.webp\" class=\"attachment-full size-full wp-image-21119\" alt=\"\" srcset=\"https:\/\/www.guncelozturk.com\/wp-content\/uploads\/2025\/07\/sakak-dermal-dolgu.webp 551w, https:\/\/www.guncelozturk.com\/wp-content\/uploads\/2025\/07\/sakak-dermal-dolgu-300x253.webp 300w\" sizes=\"(max-width: 551px) 100vw, 551px\" title=\"\">\t\t\t\t\t\t\t\t\t\t\t\t\t\t\t<\/div>\n\t\t\t\t<\/div>\n\t\t\t\t<\/div>\n\t\t\t\t<\/div>\n\t\t\t\t<\/div>\n\t\t<div class=\"elementor-element elementor-element-d37cbb5 e-con-full bg-section v2 e-flex e-con e-child\" data-id=\"d37cbb5\" data-element_type=\"container\" data-e-type=\"container\" data-settings=\"{&quot;background_background&quot;:&quot;classic&quot;}\">\n\t\t<div class=\"elementor-element elementor-element-4129b88 e-con-full e-flex e-con e-child\" data-id=\"4129b88\" data-element_type=\"container\" data-e-type=\"container\">\n\t\t\t\t<div class=\"elementor-element elementor-element-7af34c0 elementor-invisible elementor-widget elementor-widget-text-editor\" data-id=\"7af34c0\" data-element_type=\"widget\" data-e-type=\"widget\" data-settings=\"{&quot;_animation&quot;:&quot;fadeInUp&quot;,&quot;ekit_we_effect_on&quot;:&quot;none&quot;}\" data-widget_type=\"text-editor.default\">\n\t\t\t\t<div class=\"elementor-widget-container\">\n\t\t\t\t\t\t\t\t\t<p>Zweitens umfasst die Altersarchitektur auch hohle Wangen, Augenh\u00f6hlen und Schl\u00e4fen. Die Schl\u00e4fen befinden sich auf beiden Seiten des Gesichts und der Augen. Die Augenbrauen enden vor den Schl\u00e4fen, und der obere Rand verl\u00e4uft mittig \u00fcber Ihrer Stirn. Im Laufe des Alterungsprozesses verlieren wir alle an Volumen in den Schl\u00e4fen. Wenn die Schl\u00e4fen nach unten sinken, f\u00fchrt dies zu einer sichtbaren Verengung des oberen Gesichtsbereichs, einer sichtbaren Verk\u00fcrzung der Augen, die in den Schl\u00e4fenbereich fallen, und einem Absinken der Augenbrauen. Das Einsinken der Schl\u00e4fen ist ein nat\u00fcrlicher Teil des Alterungsprozesses. Weiches Gewebe und Knochen schmelzen, Muskeln und Faszien (Ihr Bindegewebe) ver\u00e4ndern sich. Dies f\u00fchrt zu einer geringeren strukturellen Unterst\u00fctzung im Schl\u00e4fenbereich, was wiederum zu Falten, F\u00e4ltchen und Volumenverlust f\u00fchrt. F\u00fcr eingefallene Schl\u00e4fen gibt es viele nicht-chirurgische Anwendungen, wie z. B. Fettinjektionen oder Hyalurons\u00e4ure-F\u00fcllstoffe.        <\/p>\t\t\t\t\t\t\t\t<\/div>\n\t\t\t\t<\/div>\n\t\t\t\t<\/div>\n\t\t\t\t<\/div>\n\t\t<div class=\"elementor-element elementor-element-74286aa e-con-full bg-section v2 e-flex e-con e-child\" data-id=\"74286aa\" data-element_type=\"container\" data-e-type=\"container\" data-settings=\"{&quot;background_background&quot;:&quot;classic&quot;}\">\n\t\t<div class=\"elementor-element elementor-element-73d4156 e-con-full e-flex e-con e-child\" data-id=\"73d4156\" data-element_type=\"container\" data-e-type=\"container\">\n\t\t\t\t<div class=\"elementor-element elementor-element-d21d363 at-heading-animation at-animation-heading-style-3 elementor-widget elementor-widget-heading\" data-id=\"d21d363\" data-element_type=\"widget\" data-e-type=\"widget\" data-settings=\"{&quot;ekit_we_effect_on&quot;:&quot;none&quot;}\" data-widget_type=\"heading.default\">\n\t\t\t\t<div class=\"elementor-widget-container\">\n\t\t\t\t\t<h4 class=\"elementor-heading-title elementor-size-default\">Was ist eine Schl\u00e4fenauff\u00fcllung?\n<\/h4>\t\t\t\t<\/div>\n\t\t\t\t<\/div>\n\t\t\t\t<div class=\"elementor-element elementor-element-74652a2 elementor-invisible elementor-widget elementor-widget-text-editor\" data-id=\"74652a2\" data-element_type=\"widget\" data-e-type=\"widget\" data-settings=\"{&quot;_animation&quot;:&quot;fadeInUp&quot;,&quot;ekit_we_effect_on&quot;:&quot;none&quot;}\" data-widget_type=\"text-editor.default\">\n\t\t\t\t<div class=\"elementor-widget-container\">\n\t\t\t\t\t\t\t\t\tDie \u00e4sthetische Behandlung der Schl\u00e4fen ist schwierig, da das Gewebe in diesem Bereich d\u00fcnn ist und nach der Injektion zu Unregelm\u00e4\u00dfigkeiten neigt. Es kann hochverd\u00fcnntes Hyalurons\u00e4ure injiziert werden. Die physikalischen Eigenschaften dieses F\u00fcllmaterials verteilen das F\u00fcllmaterial auf eine Weise, die mit herk\u00f6mmlichen Injektionsverfahren nicht m\u00f6glich ist. Das Ergebnis dieser modifizierten Technik ist daher vorhersehbar glatter und in qualifizierten H\u00e4nden treten nur selten Komplikationen auf.   \n\n\t\t\t\t\t\t\t\t<\/div>\n\t\t\t\t<\/div>\n\t\t\t\t<\/div>\n\t\t\t\t<\/div>\n\t\t<div class=\"elementor-element elementor-element-5fe9f4a e-con-full bg-section v2 e-flex e-con e-child\" data-id=\"5fe9f4a\" data-element_type=\"container\" data-e-type=\"container\" data-settings=\"{&quot;background_background&quot;:&quot;classic&quot;}\">\n\t\t<div class=\"elementor-element elementor-element-248d68b e-con-full e-flex e-con e-child\" data-id=\"248d68b\" data-element_type=\"container\" data-e-type=\"container\">\n\t\t\t\t<div class=\"elementor-element elementor-element-66fcd63 at-heading-animation at-animation-heading-style-3 elementor-widget elementor-widget-heading\" data-id=\"66fcd63\" data-element_type=\"widget\" data-e-type=\"widget\" data-settings=\"{&quot;ekit_we_effect_on&quot;:&quot;none&quot;}\" data-widget_type=\"heading.default\">\n\t\t\t\t<div class=\"elementor-widget-container\">\n\t\t\t\t\t<h4 class=\"elementor-heading-title elementor-size-default\">F\u00fcr wen ist eine Schl\u00e4fenauff\u00fcllung geeignet?\n<\/h4>\t\t\t\t<\/div>\n\t\t\t\t<\/div>\n\t\t\t\t<div class=\"elementor-element elementor-element-abc795d elementor-invisible elementor-widget elementor-widget-text-editor\" data-id=\"abc795d\" data-element_type=\"widget\" data-e-type=\"widget\" data-settings=\"{&quot;_animation&quot;:&quot;fadeInUp&quot;,&quot;ekit_we_effect_on&quot;:&quot;none&quot;}\" data-widget_type=\"text-editor.default\">\n\t\t\t\t<div class=\"elementor-widget-container\">\n\t\t\t\t\t\t\t\t\tDie Stirnfaltenbildung beginnt in der Regel Mitte 20 und wird in den 40ern deutlicher sichtbar. Faktoren wie regelm\u00e4\u00dfige Bewegung, gute Ern\u00e4hrung und Sport k\u00f6nnen den Alterungsprozess und die Faltenbildung im Stirnbereich beeinflussen. Mit zunehmendem Alter kann die Vertiefung im Schl\u00e4fenbereich aufgrund einer breiten Stirn, schmalen Schl\u00e4fen und schmalen Wangen noch deutlicher werden. Die L\u00f6sung in der \u00e4sthetischen Chirurgie ist die Injektion von Hautf\u00fcllern.   \n\n\t\t\t\t\t\t\t\t<\/div>\n\t\t\t\t<\/div>\n\t\t\t\t<\/div>\n\t\t\t\t<\/div>\n\t\t<div class=\"elementor-element elementor-element-86e8997 e-con-full bg-section v2 e-flex e-con e-child\" data-id=\"86e8997\" data-element_type=\"container\" data-e-type=\"container\" data-settings=\"{&quot;background_background&quot;:&quot;classic&quot;}\">\n\t\t<div class=\"elementor-element elementor-element-4fb5320 e-con-full e-flex e-con e-child\" data-id=\"4fb5320\" data-element_type=\"container\" data-e-type=\"container\">\n\t\t\t\t<div class=\"elementor-element elementor-element-5cb15d2 at-heading-animation at-animation-heading-style-3 elementor-widget elementor-widget-heading\" data-id=\"5cb15d2\" data-element_type=\"widget\" data-e-type=\"widget\" data-settings=\"{&quot;ekit_we_effect_on&quot;:&quot;none&quot;}\" data-widget_type=\"heading.default\">\n\t\t\t\t<div class=\"elementor-widget-container\">\n\t\t\t\t\t<h4 class=\"elementor-heading-title elementor-size-default\">Wie wird eine Schl\u00e4fenauff\u00fcllung durchgef\u00fchrt?\n<\/h4>\t\t\t\t<\/div>\n\t\t\t\t<\/div>\n\t\t\t\t<div class=\"elementor-element elementor-element-a646276 elementor-invisible elementor-widget elementor-widget-text-editor\" data-id=\"a646276\" data-element_type=\"widget\" data-e-type=\"widget\" data-settings=\"{&quot;_animation&quot;:&quot;fadeInUp&quot;,&quot;ekit_we_effect_on&quot;:&quot;none&quot;}\" data-widget_type=\"text-editor.default\">\n\t\t\t\t<div class=\"elementor-widget-container\">\n\t\t\t\t\t\t\t\t\tDie Hautauff\u00fcllungsbehandlung ist sehr wirksam f\u00fcr die Behandlung der Schl\u00e4fen. Hautauff\u00fcllungsinjektionen werden verwendet, um Ihre Schl\u00e4fen neu zu formen und ihnen ihr urspr\u00fcngliches Volumen zur\u00fcckzugeben.\nViele Hautauff\u00fcllungsmaterialien bestehen aus einem reinen Gel, das aus einer Substanz hergestellt wird, die nat\u00fcrlicherweise in der Haut vorkommt. Hautauff\u00fcllungsmaterialien unterscheiden sich in ihrer Viskosit\u00e4t, Dicke und Haltbarkeit. In Bereichen, in denen eine d\u00fcnne und glatte Haut entscheidend ist, wie z. B. im Augenbereich und an den Schl\u00e4fen, werden d\u00fcnnere F\u00fcllstoffe bevorzugt. Die Hautauff\u00fcllung an den Schl\u00e4fen kann mit einer Injektionstechnik unter Verwendung von Nadeln mit d\u00fcnner Spitze durchgef\u00fchrt werden.    \t\t\t\t\t\t\t\t<\/div>\n\t\t\t\t<\/div>\n\t\t\t\t<\/div>\n\t\t\t\t<\/div>\n\t\t<div class=\"elementor-element elementor-element-f9c9603 e-con-full bg-section v2 e-flex e-con e-child\" data-id=\"f9c9603\" data-element_type=\"container\" data-e-type=\"container\" data-settings=\"{&quot;background_background&quot;:&quot;classic&quot;}\">\n\t\t<div class=\"elementor-element elementor-element-920bcaf e-con-full e-flex e-con e-child\" data-id=\"920bcaf\" data-element_type=\"container\" data-e-type=\"container\">\n\t\t\t\t<div class=\"elementor-element elementor-element-6532fc1 at-heading-animation at-animation-heading-style-3 elementor-widget elementor-widget-heading\" data-id=\"6532fc1\" data-element_type=\"widget\" data-e-type=\"widget\" data-settings=\"{&quot;ekit_we_effect_on&quot;:&quot;none&quot;}\" data-widget_type=\"heading.default\">\n\t\t\t\t<div class=\"elementor-widget-container\">\n\t\t\t\t\t<h4 class=\"elementor-heading-title elementor-size-default\">Wie verl\u00e4uft der Heilungsprozess nach einer Schl\u00e4fenauff\u00fcllung?\n<\/h4>\t\t\t\t<\/div>\n\t\t\t\t<\/div>\n\t\t\t\t<div class=\"elementor-element elementor-element-b7b7ce8 elementor-invisible elementor-widget elementor-widget-text-editor\" data-id=\"b7b7ce8\" data-element_type=\"widget\" data-e-type=\"widget\" data-settings=\"{&quot;_animation&quot;:&quot;fadeInUp&quot;,&quot;ekit_we_effect_on&quot;:&quot;none&quot;}\" data-widget_type=\"text-editor.default\">\n\t\t\t\t<div class=\"elementor-widget-container\">\n\t\t\t\t\t\t\t\t\t<p>Bei der Schl\u00e4fenauff\u00fcllung wird versucht, m\u00f6glichst wenig Bluterg\u00fcsse zu verursachen. Dazu werden Nadeln mit d\u00fcnner Spitze verwendet. Da die F\u00fcllstoffinjektionen oberfl\u00e4chlich verteilt werden, ist das Risiko, dass sie mit Venen oder Arterienw\u00e4nden in Kontakt kommen, gering. Die meisten Hautf\u00fcller werden unter \u00f6rtlicher Bet\u00e4ubung angewendet, wodurch das Risiko von Schmerzen w\u00e4hrend der Stirnauff\u00fcllung erheblich verringert wird. Diese \u00f6rtliche Bet\u00e4ubung bet\u00e4ubt den Stirnbereich, sodass w\u00e4hrend der Injektion des F\u00fcllstoffs nur minimale Beschwerden auftreten.    <br>Nach der Schl\u00e4fenauff\u00fcllung sind die Ergebnisse sofort sichtbar. Eventuelle Schwellungen klingen innerhalb von 2-3 Tagen nach der Schl\u00e4fenauff\u00fcllung ab. <\/p>\t\t\t\t\t\t\t\t<\/div>\n\t\t\t\t<\/div>\n\t\t\t\t<\/div>\n\t\t\t\t<\/div>\n\t\t<div class=\"elementor-element elementor-element-6504a23 e-con-full bg-section v2 e-flex e-con e-child\" data-id=\"6504a23\" data-element_type=\"container\" data-e-type=\"container\" data-settings=\"{&quot;background_background&quot;:&quot;classic&quot;}\">\n\t\t<div class=\"elementor-element elementor-element-09e4034 e-con-full e-flex e-con e-child\" data-id=\"09e4034\" data-element_type=\"container\" data-e-type=\"container\">\n\t\t\t\t<div class=\"elementor-element elementor-element-511f707 at-heading-animation at-animation-heading-style-3 elementor-widget elementor-widget-heading\" data-id=\"511f707\" data-element_type=\"widget\" data-e-type=\"widget\" data-settings=\"{&quot;ekit_we_effect_on&quot;:&quot;none&quot;}\" data-widget_type=\"heading.default\">\n\t\t\t\t<div class=\"elementor-widget-container\">\n\t\t\t\t\t<h4 class=\"elementor-heading-title elementor-size-default\">Wie lange h\u00e4lt eine Schl\u00e4fenauff\u00fcllung?\n<\/h4>\t\t\t\t<\/div>\n\t\t\t\t<\/div>\n\t\t\t\t<div class=\"elementor-element elementor-element-db9bc90 elementor-invisible elementor-widget elementor-widget-text-editor\" data-id=\"db9bc90\" data-element_type=\"widget\" data-e-type=\"widget\" data-settings=\"{&quot;_animation&quot;:&quot;fadeInUp&quot;,&quot;ekit_we_effect_on&quot;:&quot;none&quot;}\" data-widget_type=\"text-editor.default\">\n\t\t\t\t<div class=\"elementor-widget-container\">\n\t\t\t\t\t\t\t\t\t<p>Die Haltbarkeit einer Schl\u00e4fenauff\u00fcllung h\u00e4ngt vom Alter, der Menge des verwendeten Hautf\u00fcllers, der Platzierung des Hautf\u00fcllers und der Art des verwendeten Hautf\u00fcllers ab. Bei den meisten Patienten halten die Ergebnisse bis zu 12 Monate an. <br>Nach der Filler-Injektion in die Schl\u00e4fen empfehlen wir Ihnen, ein Augenserum und Sonnenschutz zur Feuchtigkeitspflege zu verwenden.<br><br>Wenn Sie das Gef\u00fchl haben, dass Ihre Schl\u00e4fen Sie \u00e4lter aussehen lassen, als Sie sind, k\u00f6nnen auch Sie von einer Schl\u00e4fenauff\u00fcllung profitieren. Um mehr \u00fcber Schl\u00e4fenauff\u00fcllungen zu erfahren, k\u00f6nnen Sie einen Termin bei Assoc. Prof. Dr. G\u00fcncel \u00d6zt\u00fcrk vereinbaren.  <\/p>\t\t\t\t\t\t\t\t<\/div>\n\t\t\t\t<\/div>\n\t\t\t\t<\/div>\n\t\t\t\t<\/div>\n\t\t<div class=\"elementor-element elementor-element-9fb1944 e-con-full bg-section v2 e-flex e-con e-child\" data-id=\"9fb1944\" data-element_type=\"container\" data-e-type=\"container\" data-settings=\"{&quot;background_background&quot;:&quot;classic&quot;}\">\n\t\t<div class=\"elementor-element elementor-element-b0610cd bg-section e-con-full e-flex e-con e-child\" data-id=\"b0610cd\" data-element_type=\"container\" data-e-type=\"container\" data-settings=\"{&quot;background_background&quot;:&quot;classic&quot;}\">\n\t\t<div class=\"elementor-element elementor-element-a37a0f1 e-con-full e-flex e-con e-child\" data-id=\"a37a0f1\" data-element_type=\"container\" data-e-type=\"container\">\n\t\t<div class=\"elementor-element elementor-element-0aee963 e-con-full e-flex e-con e-child\" data-id=\"0aee963\" data-element_type=\"container\" data-e-type=\"container\">\n\t\t\t\t<div class=\"elementor-element elementor-element-7a93bba at-heading-animation at-animation-heading-none elementor-widget elementor-widget-elementskit-heading\" data-id=\"7a93bba\" data-element_type=\"widget\" data-e-type=\"widget\" data-settings=\"{&quot;ekit_we_effect_on&quot;:&quot;none&quot;}\" data-widget_type=\"elementskit-heading.default\">\n\t\t\t\t<div class=\"elementor-widget-container\">\n\t\t\t\t\t<div class=\"ekit-wid-con\" ><div class=\"ekit-heading elementskit-section-title-wraper text_center   ekit_heading_tablet-   ekit_heading_mobile-\"><div class=\"ekit-heading--title elementskit-section-title \"><div class=\"let-down-title-v1\">Entwickelte chirurgische Techniken<\/div>  <div class=\"let-down-title-v3\">Ver\u00f6ffentlicht in den renommiertesten internationalen Fachzeitschriften<\/div>  <\/div><\/div><\/div>\t\t\t\t<\/div>\n\t\t\t\t<\/div>\n\t\t\t\t<div class=\"elementor-element elementor-element-a536e5a slider-button-1 elementor-align-center elementor-invisible elementor-widget elementor-widget-button\" data-id=\"a536e5a\" data-element_type=\"widget\" data-e-type=\"widget\" data-settings=\"{&quot;_animation&quot;:&quot;fadeInUp&quot;,&quot;_animation_delay&quot;:300,&quot;ekit_we_effect_on&quot;:&quot;none&quot;}\" data-widget_type=\"button.default\">\n\t\t\t\t<div class=\"elementor-widget-container\">\n\t\t\t\t\t\t\t\t\t<div class=\"elementor-button-wrapper\">\n\t\t\t\t\t<a class=\"elementor-button elementor-button-link elementor-size-sm\" href=\"http:\/\/guncelozturk.prdioweb.com\/de\/ueber-uns\/#bilimsel-makaleler\/\" target=\"_blank\" rel=\"noopener\">\n\t\t\t\t\t\t<span class=\"elementor-button-content-wrapper\">\n\t\t\t\t\t\t\t\t\t<span class=\"elementor-button-text\">Wissenschaftliche Artikel<\/span>\n\t\t\t\t\t<\/span>\n\t\t\t\t\t<\/a>\n\t\t\t\t<\/div>\n\t\t\t\t\t\t\t\t<\/div>\n\t\t\t\t<\/div>\n\t\t\t\t<\/div>\n\t\t\t\t<\/div>\n\t\t<div class=\"elementor-element elementor-element-babb56c e-con-full e-flex e-con e-child\" data-id=\"babb56c\" data-element_type=\"container\" data-e-type=\"container\">\n\t\t\t\t<div class=\"elementor-element elementor-element-bd22234 at-image-animation at-animation-image-none elementor-widget elementor-widget-image\" data-id=\"bd22234\" data-element_type=\"widget\" data-e-type=\"widget\" data-settings=\"{&quot;ekit_we_effect_on&quot;:&quot;none&quot;}\" data-widget_type=\"image.default\">\n\t\t\t\t<div class=\"elementor-widget-container\">\n\t\t\t\t\t\t\t\t\t\t\t\t\t\t\t<img decoding=\"async\" src=\"https:\/\/www.guncelozturk.com\/wp-content\/uploads\/elementor\/thumbs\/12-1-r8ixa4zeetaxudxvxf3jg7d7emwskski2mf99qphnu.webp\" title=\"12\" alt=\"12\" loading=\"lazy\" \/>\t\t\t\t\t\t\t\t\t\t\t\t\t\t\t<\/div>\n\t\t\t\t<\/div>\n\t\t\t\t<\/div>\n\t\t\t\t<\/div>\n\t\t\t\t<\/div>\n\t\t\t\t<\/div>\n\t\t\t\t\t<\/div>\n\t\t\t\t<\/div>\n\t\t\t\t<\/div>\n\t\t","protected":false},"excerpt":{"rendered":"<p>Temple Filler Ana Sayfa Temple Filler Mit einer Schl\u00e4fenauff\u00fcllung kann das Gesicht [&hellip;]<\/p>\n","protected":false},"author":1,"featured_media":0,"parent":0,"menu_order":0,"comment_status":"closed","ping_status":"closed","template":"elementor_header_footer","meta":{"footnotes":""},"class_list":["post-21118","page","type-page","status-publish","hentry"],"_links":{"self":[{"href":"https:\/\/www.guncelozturk.com\/de\/wp-json\/wp\/v2\/pages\/21118","targetHints":{"allow":["GET"]}}],"collection":[{"href":"https:\/\/www.guncelozturk.com\/de\/wp-json\/wp\/v2\/pages"}],"about":[{"href":"https:\/\/www.guncelozturk.com\/de\/wp-json\/wp\/v2\/types\/page"}],"author":[{"embeddable":true,"href":"https:\/\/www.guncelozturk.com\/de\/wp-json\/wp\/v2\/users\/1"}],"replies":[{"embeddable":true,"href":"https:\/\/www.guncelozturk.com\/de\/wp-json\/wp\/v2\/comments?post=21118"}],"version-history":[{"count":3,"href":"https:\/\/www.guncelozturk.com\/de\/wp-json\/wp\/v2\/pages\/21118\/revisions"}],"predecessor-version":[{"id":30783,"href":"https:\/\/www.guncelozturk.com\/de\/wp-json\/wp\/v2\/pages\/21118\/revisions\/30783"}],"wp:attachment":[{"href":"https:\/\/www.guncelozturk.com\/de\/wp-json\/wp\/v2\/media?parent=21118"}],"curies":[{"name":"wp","href":"https:\/\/api.w.org\/{rel}","templated":true}]}}