{"id":21208,"date":"2025-07-15T21:26:08","date_gmt":"2025-07-15T21:26:08","guid":{"rendered":"http:\/\/guncelozturk.prdioweb.com\/venuslippe\/"},"modified":"2025-12-15T08:52:38","modified_gmt":"2025-12-15T08:52:38","slug":"venuslippe","status":"publish","type":"page","link":"https:\/\/www.guncelozturk.com\/de\/venuslippe\/","title":{"rendered":"Venuslippe"},"content":{"rendered":"\t\t<div data-elementor-type=\"wp-page\" data-elementor-id=\"21208\" class=\"elementor elementor-21208 elementor-16280\" data-elementor-post-type=\"page\">\n\t\t\t\t<div class=\"elementor-element elementor-element-5f6c221 e-flex e-con-boxed e-con e-parent\" data-id=\"5f6c221\" data-element_type=\"container\" data-e-type=\"container\">\n\t\t\t\t\t<div class=\"e-con-inner\">\n\t\t<div class=\"elementor-element elementor-element-55bc79a bg-section e-flex e-con-boxed e-con e-child\" data-id=\"55bc79a\" data-element_type=\"container\" data-e-type=\"container\" data-settings=\"{&quot;background_background&quot;:&quot;classic&quot;}\">\n\t\t\t\t\t<div class=\"e-con-inner\">\n\t\t\t\t<div class=\"elementor-element elementor-element-b935276 at-heading-animation at-animation-heading-style-3 elementor-widget elementor-widget-heading\" data-id=\"b935276\" data-element_type=\"widget\" data-e-type=\"widget\" data-settings=\"{&quot;ekit_we_effect_on&quot;:&quot;none&quot;}\" data-widget_type=\"heading.default\">\n\t\t\t\t<div class=\"elementor-widget-container\">\n\t\t\t\t\t<h1 class=\"elementor-heading-title elementor-size-default\">Venuslippe\n<\/h1>\t\t\t\t<\/div>\n\t\t\t\t<\/div>\n\t\t\t\t<div class=\"elementor-element elementor-element-cd83ac4 elementor-invisible elementor-widget elementor-widget-elementskit-breadcrumb\" data-id=\"cd83ac4\" data-element_type=\"widget\" data-e-type=\"widget\" data-settings=\"{&quot;_animation&quot;:&quot;fadeInUp&quot;,&quot;ekit_we_effect_on&quot;:&quot;none&quot;}\" data-widget_type=\"elementskit-breadcrumb.default\">\n\t\t\t\t<div class=\"elementor-widget-container\">\n\t\t\t\t\t<div class=\"ekit-wid-con\" ><ol class=\"ekit-breadcrumb\"><li class=\"ekit_breadcrumbs_start\"><a href=\"https:\/\/www.guncelozturk.com\/de\/\">Home<\/a><\/li> <li class=\"brd_sep\"><span class=\"separate_icon\"><svg xmlns=\"http:\/\/www.w3.org\/2000\/svg\" width=\"5\" height=\"11\" viewBox=\"0 0 5 11\"><path d=\"M0 10.4183L1.35051 5.27192L2.70102 0.125522L4.05688 0L1.35586 10.2928L0 10.4183Z\" fill=\"white\"><\/path><\/svg><\/span><\/li>  <li>Venuslippe<\/li><\/ol><\/div>\t\t\t\t<\/div>\n\t\t\t\t<\/div>\n\t\t\t\t\t<\/div>\n\t\t\t\t<\/div>\n\t\t\t\t\t<\/div>\n\t\t\t\t<\/div>\n\t\t<div class=\"elementor-element elementor-element-7185b2e e-flex e-con-boxed e-con e-parent\" data-id=\"7185b2e\" data-element_type=\"container\" data-e-type=\"container\">\n\t\t\t\t\t<div class=\"e-con-inner\">\n\t\t<div class=\"elementor-element elementor-element-a1e7451 e-con-full e-flex e-con e-child\" data-id=\"a1e7451\" data-element_type=\"container\" data-e-type=\"container\" id=\"offer-form\">\n\t\t<div class=\"elementor-element elementor-element-a4f5a1c e-con-full sticky-column e-flex elementor-invisible e-con e-child\" data-id=\"a4f5a1c\" data-element_type=\"container\" data-e-type=\"container\" data-settings=\"{&quot;animation&quot;:&quot;fadeInUp&quot;}\">\n\t\t<div class=\"elementor-element elementor-element-fc70a2a e-con-full e-flex e-con e-child\" data-id=\"fc70a2a\" data-element_type=\"container\" data-e-type=\"container\">\n\t\t<div class=\"elementor-element elementor-element-c8a0911 e-con-full e-flex e-con e-child\" data-id=\"c8a0911\" data-element_type=\"container\" data-e-type=\"container\" data-settings=\"{&quot;background_background&quot;:&quot;classic&quot;}\">\n\t\t\t\t<div class=\"elementor-element elementor-element-8911a93 elementor-widget elementor-widget-spacer\" data-id=\"8911a93\" data-element_type=\"widget\" data-e-type=\"widget\" data-settings=\"{&quot;ekit_we_effect_on&quot;:&quot;none&quot;}\" data-widget_type=\"spacer.default\">\n\t\t\t\t<div class=\"elementor-widget-container\">\n\t\t\t\t\t\t\t<div class=\"elementor-spacer\">\n\t\t\t<div class=\"elementor-spacer-inner\"><\/div>\n\t\t<\/div>\n\t\t\t\t\t\t<\/div>\n\t\t\t\t<\/div>\n\t\t\t\t<\/div>\n\t\t\t\t<\/div>\n\t\t<div class=\"elementor-element elementor-element-747a9e2 e-con-full e-flex e-con e-child\" data-id=\"747a9e2\" data-element_type=\"container\" data-e-type=\"container\" data-settings=\"{&quot;background_background&quot;:&quot;classic&quot;}\">\n\t\t\t\t<div class=\"elementor-element elementor-element-70aee6c elementor-widget elementor-widget-html\" data-id=\"70aee6c\" data-element_type=\"widget\" data-e-type=\"widget\" data-settings=\"{&quot;ekit_we_effect_on&quot;:&quot;none&quot;}\" data-widget_type=\"html.default\">\n\t\t\t\t<div class=\"elementor-widget-container\">\n\t\t\t\t\t<iframe aria-label='YK - WhatsApp - guncelozturk.com Banner DE (New Website)' frameborder=\"0\" style=\"height:500px;width:99%;border:none;\" src='https:\/\/forms.zohopublic.eu\/doctorgo\/form\/YKWhatsAppguncelozturkcomBannerDENewWebsite\/formperma\/gG9_ijau6Jgo2iDqFI9ZAfNpjSzsK-bzbhA2IXbiiyU'><\/iframe>\t\t\t\t<\/div>\n\t\t\t\t<\/div>\n\t\t\t\t<\/div>\n\t\t\t\t<\/div>\n\t\t\t\t<\/div>\n\t\t<div class=\"elementor-element elementor-element-eea782d e-con-full e-flex e-con e-child\" data-id=\"eea782d\" data-element_type=\"container\" data-e-type=\"container\">\n\t\t<div class=\"elementor-element elementor-element-6f015ed e-con-full bg-section v2 e-flex e-con e-child\" data-id=\"6f015ed\" data-element_type=\"container\" data-e-type=\"container\" data-settings=\"{&quot;background_background&quot;:&quot;classic&quot;}\">\n\t\t<div class=\"elementor-element elementor-element-97d379b e-con-full e-flex e-con e-child\" data-id=\"97d379b\" data-element_type=\"container\" data-e-type=\"container\">\n\t\t\t\t<div class=\"elementor-element elementor-element-9ac747c at-heading-animation at-animation-heading-style-3 elementor-widget elementor-widget-heading\" data-id=\"9ac747c\" data-element_type=\"widget\" data-e-type=\"widget\" data-settings=\"{&quot;ekit_we_effect_on&quot;:&quot;none&quot;}\" data-widget_type=\"heading.default\">\n\t\t\t\t<div class=\"elementor-widget-container\">\n\t\t\t\t\t<h2 class=\"elementor-heading-title elementor-size-default\">Venuslippe\n<\/h2>\t\t\t\t<\/div>\n\t\t\t\t<\/div>\n\t\t\t\t<div class=\"elementor-element elementor-element-abd6eb5 elementor-invisible elementor-widget elementor-widget-text-editor\" data-id=\"abd6eb5\" data-element_type=\"widget\" data-e-type=\"widget\" data-settings=\"{&quot;_animation&quot;:&quot;fadeInUp&quot;,&quot;ekit_we_effect_on&quot;:&quot;none&quot;}\" data-widget_type=\"text-editor.default\">\n\t\t\t\t<div class=\"elementor-widget-container\">\n\t\t\t\t\t\t\t\t\t<p>Die Venuslippe ist seit der Antike eine der idealen Lippenformen. Venuslippen entsprechen den Berechnungen des Goldenen Schnitts. Bei der Venuslippenauff\u00fcllung wird die Lippenform anhand der Berechnungen des Goldenen Schnitts bestimmt. Die Breite des Mundes sollte den Ma\u00dfen entsprechen, die Unter- und Oberlippe sollten proportional zueinander sein. Die Unterlippe kann im Vergleich zur Oberlippe volumin\u00f6ser sein. Die Lippenkontur, insbesondere die Oberlippe, sollte geschwungen, ausgepr\u00e4gt und symmetrisch sein.     <\/p>\t\t\t\t\t\t\t\t<\/div>\n\t\t\t\t<\/div>\n\t\t\t\t<div class=\"elementor-element elementor-element-ac05b0e elementor-widget elementor-widget-video\" data-id=\"ac05b0e\" data-element_type=\"widget\" data-e-type=\"widget\" data-settings=\"{&quot;youtube_url&quot;:&quot;https:\\\/\\\/www.youtube.com\\\/watch?v=hyX_ttz8kTM&quot;,&quot;video_type&quot;:&quot;youtube&quot;,&quot;controls&quot;:&quot;yes&quot;,&quot;ekit_we_effect_on&quot;:&quot;none&quot;}\" data-widget_type=\"video.default\">\n\t\t\t\t<div class=\"elementor-widget-container\">\n\t\t\t\t\t\t\t<div class=\"elementor-wrapper elementor-open-inline\">\n\t\t\t<div class=\"elementor-video\"><\/div>\t\t<\/div>\n\t\t\t\t\t\t<\/div>\n\t\t\t\t<\/div>\n\t\t\t\t<\/div>\n\t\t\t\t<div class=\"elementor-element elementor-element-30e9ffa elementor-hidden-desktop elementor-hidden-tablet elementor-widget elementor-widget-html\" data-id=\"30e9ffa\" data-element_type=\"widget\" data-e-type=\"widget\" data-settings=\"{&quot;ekit_we_effect_on&quot;:&quot;none&quot;}\" data-widget_type=\"html.default\">\n\t\t\t\t<div class=\"elementor-widget-container\">\n\t\t\t\t\t<a class=\"offer-button\" href=\"#offer-form\">\r\n  Kontaktieren Sie uns<\/a>\t\t\t\t<\/div>\n\t\t\t\t<\/div>\n\t\t\t\t<\/div>\n\t\t<div class=\"elementor-element elementor-element-d37cbb5 e-con-full bg-section v2 e-flex e-con e-child\" data-id=\"d37cbb5\" data-element_type=\"container\" data-e-type=\"container\" data-settings=\"{&quot;background_background&quot;:&quot;classic&quot;}\">\n\t\t<div class=\"elementor-element elementor-element-4129b88 e-con-full e-flex e-con e-child\" data-id=\"4129b88\" data-element_type=\"container\" data-e-type=\"container\">\n\t\t\t\t<div class=\"elementor-element elementor-element-3a7c8f5 at-heading-animation at-animation-heading-style-3 elementor-widget elementor-widget-heading\" data-id=\"3a7c8f5\" data-element_type=\"widget\" data-e-type=\"widget\" data-settings=\"{&quot;ekit_we_effect_on&quot;:&quot;none&quot;}\" data-widget_type=\"heading.default\">\n\t\t\t\t<div class=\"elementor-widget-container\">\n\t\t\t\t\t<h3 class=\"elementor-heading-title elementor-size-default\">F\u00fcr wen ist eine Lippenauff\u00fcllung geeignet?\n<\/h3>\t\t\t\t<\/div>\n\t\t\t\t<\/div>\n\t\t\t\t<div class=\"elementor-element elementor-element-7af34c0 elementor-invisible elementor-widget elementor-widget-text-editor\" data-id=\"7af34c0\" data-element_type=\"widget\" data-e-type=\"widget\" data-settings=\"{&quot;_animation&quot;:&quot;fadeInUp&quot;,&quot;ekit_we_effect_on&quot;:&quot;none&quot;}\" data-widget_type=\"text-editor.default\">\n\t\t\t\t<div class=\"elementor-widget-container\">\n\t\t\t\t\t\t\t\t\t<p class=\"p1\">Das Volumen der Lippen und eine ausgepr\u00e4gte Lippenkontur sind nicht nur Zeichen der Jugend, sondern auch wichtige Indikatoren f\u00fcr Sch\u00f6nheit und Attraktivit\u00e4t. Mit zunehmendem Alter kann das Volumen der Lippen abnehmen und die Lippenkontur an Auspr\u00e4gung verlieren und verblassen. <\/p><p class=\"p1\"><a href=\"https:\/\/www.guncelozturk.com\/yuz-estetik-sanati\/dolgu\/\">Mit einer Lippenauff\u00fcllung <\/a>mit Venus werden die Lippen volumin\u00f6ser. Au\u00dferdem wird durch eine Konturbehandlung die Lippenkontur deutlicher hervorgehoben. So erhalten d\u00fcnne Lippen ein volleres und attraktiveres Aussehen, w\u00e4hrend Lippen, die Zeichen der Hautalterung aufweisen, ein j\u00fcngeres und ges\u00fcnderes Aussehen erhalten.  <\/p>\t\t\t\t\t\t\t\t<\/div>\n\t\t\t\t<\/div>\n\t\t<div class=\"elementor-element elementor-element-ad46cbd e-con-full e-flex e-con e-child\" data-id=\"ad46cbd\" data-element_type=\"container\" data-e-type=\"container\" data-settings=\"{&quot;background_background&quot;:&quot;classic&quot;}\">\n\t\t\t\t<div class=\"elementor-element elementor-element-010c11a elementor-widget elementor-widget-image\" data-id=\"010c11a\" data-element_type=\"widget\" data-e-type=\"widget\" data-settings=\"{&quot;ekit_we_effect_on&quot;:&quot;none&quot;}\" data-widget_type=\"image.default\">\n\t\t\t\t<div class=\"elementor-widget-container\">\n\t\t\t\t\t\t\t\t\t\t\t\t\t\t\t<img fetchpriority=\"high\" decoding=\"async\" width=\"566\" height=\"447\" src=\"https:\/\/www.guncelozturk.com\/wp-content\/uploads\/2025\/07\/venus-dudagi.webp\" class=\"attachment-full size-full wp-image-21209\" alt=\"\" srcset=\"https:\/\/www.guncelozturk.com\/wp-content\/uploads\/2025\/07\/venus-dudagi.webp 566w, https:\/\/www.guncelozturk.com\/wp-content\/uploads\/2025\/07\/venus-dudagi-300x237.webp 300w\" sizes=\"(max-width: 566px) 100vw, 566px\" title=\"\">\t\t\t\t\t\t\t\t\t\t\t\t\t\t\t<\/div>\n\t\t\t\t<\/div>\n\t\t\t\t<\/div>\n\t\t\t\t<\/div>\n\t\t\t\t<\/div>\n\t\t<div class=\"elementor-element elementor-element-74286aa e-con-full bg-section v2 e-flex e-con e-child\" data-id=\"74286aa\" data-element_type=\"container\" data-e-type=\"container\" data-settings=\"{&quot;background_background&quot;:&quot;classic&quot;}\">\n\t\t<div class=\"elementor-element elementor-element-73d4156 e-con-full e-flex e-con e-child\" data-id=\"73d4156\" data-element_type=\"container\" data-e-type=\"container\">\n\t\t\t\t<div class=\"elementor-element elementor-element-d21d363 at-heading-animation at-animation-heading-style-3 elementor-widget elementor-widget-heading\" data-id=\"d21d363\" data-element_type=\"widget\" data-e-type=\"widget\" data-settings=\"{&quot;ekit_we_effect_on&quot;:&quot;none&quot;}\" data-widget_type=\"heading.default\">\n\t\t\t\t<div class=\"elementor-widget-container\">\n\t\t\t\t\t<h3 class=\"elementor-heading-title elementor-size-default\">Wie wird eine Lippenauff\u00fcllung durchgef\u00fchrt?\n<\/h3>\t\t\t\t<\/div>\n\t\t\t\t<\/div>\n\t\t\t\t<div class=\"elementor-element elementor-element-74652a2 elementor-invisible elementor-widget elementor-widget-text-editor\" data-id=\"74652a2\" data-element_type=\"widget\" data-e-type=\"widget\" data-settings=\"{&quot;_animation&quot;:&quot;fadeInUp&quot;,&quot;ekit_we_effect_on&quot;:&quot;none&quot;}\" data-widget_type=\"text-editor.default\">\n\t\t\t\t<div class=\"elementor-widget-container\">\n\t\t\t\t\t\t\t\t\t<p class=\"p1\">Venus-Lippenauff\u00fcllungen werden ebenfalls mit Hyalurons\u00e4ure-F\u00fcllmaterial durchgef\u00fchrt. Hyalurons\u00e4ure ist eine k\u00f6rpereigene Substanz, die in der nat\u00fcrlichen Lippenstruktur vorkommt. Daher gibt es keine Nebenwirkungen oder allergischen Reaktionen. Die Verwendung von tempor\u00e4ren Lippenf\u00fcllern wird heute von vielen Chirurgen als zuverl\u00e4ssiger angesehen und daher bevorzugt. In einem durchschnittlich 15- bis 20-min\u00fctigen Eingriff werden mit kleinen Nadeln Injektionen an den f\u00fcr die Lippenform erforderlichen Stellen vorgenommen. Es handelt sich um eine nicht-chirurgische \u00e4sthetische Methode. Je nach Alter kann es erforderlich sein, zus\u00e4tzlich eine Botox-Behandlung durchzuf\u00fchren, wenn sich um den Mund herum Falten gebildet haben. Die F\u00fcllung muss durchschnittlich alle 12 bis 14 Monate wiederholt werden. Dieser Zeitraum kann von Person zu Person variieren.        <\/p>\t\t\t\t\t\t\t\t<\/div>\n\t\t\t\t<\/div>\n\t\t\t\t<\/div>\n\t\t\t\t<\/div>\n\t\t<div class=\"elementor-element elementor-element-2689e6e e-con-full bg-section v2 e-flex e-con e-child\" data-id=\"2689e6e\" data-element_type=\"container\" data-e-type=\"container\" data-settings=\"{&quot;background_background&quot;:&quot;classic&quot;}\">\n\t\t<div class=\"elementor-element elementor-element-a1fe96d e-con-full e-flex e-con e-child\" data-id=\"a1fe96d\" data-element_type=\"container\" data-e-type=\"container\">\n\t\t\t\t<div class=\"elementor-element elementor-element-7354f9e at-heading-animation at-animation-heading-style-3 elementor-widget elementor-widget-heading\" data-id=\"7354f9e\" data-element_type=\"widget\" data-e-type=\"widget\" data-settings=\"{&quot;ekit_we_effect_on&quot;:&quot;none&quot;}\" data-widget_type=\"heading.default\">\n\t\t\t\t<div class=\"elementor-widget-container\">\n\t\t\t\t\t<h3 class=\"elementor-heading-title elementor-size-default\">Die Eigenschaften der Venuslippe\n<\/h3>\t\t\t\t<\/div>\n\t\t\t\t<\/div>\n\t\t\t\t<div class=\"elementor-element elementor-element-f601004 elementor-invisible elementor-widget elementor-widget-text-editor\" data-id=\"f601004\" data-element_type=\"widget\" data-e-type=\"widget\" data-settings=\"{&quot;_animation&quot;:&quot;fadeInUp&quot;,&quot;ekit_we_effect_on&quot;:&quot;none&quot;}\" data-widget_type=\"text-editor.default\">\n\t\t\t\t<div class=\"elementor-widget-container\">\n\t\t\t\t\t\t\t\t\tDas wichtigste Merkmal der Venuslippe ist, dass sie beim Design den Proportionen des Goldenen Schnitts entspricht und dass die Oberlippenfalten deutlich und symmetrisch sind. Die R\u00e4nder sind klein, der Unterlippe ist im Verh\u00e4ltnis zur Oberlippe um 1,618 vollere und die Oberlippe ist nicht gerade, sondern geschwungen. Die Venuslippe ist eine der attraktivsten Lippenformen und eine der gefragtesten Lippenformen.  \n\n\t\t\t\t\t\t\t\t<\/div>\n\t\t\t\t<\/div>\n\t\t\t\t<\/div>\n\t\t\t\t<\/div>\n\t\t<div class=\"elementor-element elementor-element-5294e87 e-con-full bg-section v2 e-flex e-con e-child\" data-id=\"5294e87\" data-element_type=\"container\" data-e-type=\"container\" data-settings=\"{&quot;background_background&quot;:&quot;classic&quot;}\">\n\t\t<div class=\"elementor-element elementor-element-52179b9 e-con-full e-flex e-con e-child\" data-id=\"52179b9\" data-element_type=\"container\" data-e-type=\"container\">\n\t\t<div class=\"elementor-element elementor-element-3c6c487 e-con-full e-grid let-down-column-settings e-con e-child\" data-id=\"3c6c487\" data-element_type=\"container\" data-e-type=\"container\">\n\t\t<div class=\"elementor-element elementor-element-e38df31 e-con-full e-flex e-con e-child\" data-id=\"e38df31\" data-element_type=\"container\" data-e-type=\"container\" data-settings=\"{&quot;background_background&quot;:&quot;classic&quot;}\">\n\t\t\t\t<div class=\"elementor-element elementor-element-fd212c4 elementor-position-top elementor-widget elementor-widget-image-box\" data-id=\"fd212c4\" data-element_type=\"widget\" data-e-type=\"widget\" data-settings=\"{&quot;ekit_we_effect_on&quot;:&quot;none&quot;}\" data-widget_type=\"image-box.default\">\n\t\t\t\t<div class=\"elementor-widget-container\">\n\t\t\t\t\t<div class=\"elementor-image-box-wrapper\"><figure class=\"elementor-image-box-img\"><a href=\"https:\/\/www.guncelozturk.com\/de\/venuslippe\/\" tabindex=\"-1\"><img decoding=\"async\" width=\"236\" height=\"122\" src=\"https:\/\/www.guncelozturk.com\/wp-content\/uploads\/2025\/07\/venus-dudagi-1.webp\" class=\"attachment-full size-full wp-image-13901\" alt=\"\" title=\"\"><\/a><\/figure><div class=\"elementor-image-box-content\"><h2 class=\"elementor-image-box-title\"><a href=\"https:\/\/www.guncelozturk.com\/de\/venuslippe\/\"><div class=\"noise-grid-section\">Venus<\/div> <div class=\"noise-grid-section-v2\">Lippen<\/div><\/a><\/h2><p class=\"elementor-image-box-description\">Die Lippe der Venus, seit der Antike...  <a class=\"service-custom-link-settings\" href=\"https:\/\/www.guncelozturk.com\/de\/venuslippe\/\">  Mehr lesen<\/a><\/p><\/div><\/div>\t\t\t\t<\/div>\n\t\t\t\t<\/div>\n\t\t\t\t<\/div>\n\t\t<div class=\"elementor-element elementor-element-b915174 e-con-full e-flex e-con e-child\" data-id=\"b915174\" data-element_type=\"container\" data-e-type=\"container\" data-settings=\"{&quot;background_background&quot;:&quot;classic&quot;}\">\n\t\t\t\t<div class=\"elementor-element elementor-element-b3280be elementor-position-top elementor-widget elementor-widget-image-box\" data-id=\"b3280be\" data-element_type=\"widget\" data-e-type=\"widget\" data-settings=\"{&quot;ekit_we_effect_on&quot;:&quot;none&quot;}\" data-widget_type=\"image-box.default\">\n\t\t\t\t<div class=\"elementor-widget-container\">\n\t\t\t\t\t<div class=\"elementor-image-box-wrapper\"><figure class=\"elementor-image-box-img\"><a href=\"https:\/\/www.guncelozturk.com\/de\/aphrodite-lippe\/\" tabindex=\"-1\"><img decoding=\"async\" width=\"236\" height=\"122\" src=\"https:\/\/www.guncelozturk.com\/wp-content\/uploads\/2025\/07\/afrodit-dudagi.webp\" class=\"attachment-full size-full wp-image-13903\" alt=\"\" title=\"\"><\/a><\/figure><div class=\"elementor-image-box-content\"><h2 class=\"elementor-image-box-title\"><a href=\"https:\/\/www.guncelozturk.com\/de\/aphrodite-lippe\/\"><div class=\"noise-grid-section\">Aphrodite<\/div> <div class=\"noise-grid-section-v2\">Lippen<\/div><\/a><\/h2><p class=\"elementor-image-box-description\">Die Lippe der Aphrodite ist die universellste Lippe... <a class=\"service-custom-link-settings\" href=\"https:\/\/www.guncelozturk.com\/de\/aphrodite-lippe\/\"> Lesen Sie mehr<\/a><\/p><\/div><\/div>\t\t\t\t<\/div>\n\t\t\t\t<\/div>\n\t\t\t\t<\/div>\n\t\t<div class=\"elementor-element elementor-element-c8aae98 e-con-full e-flex e-con e-child\" data-id=\"c8aae98\" data-element_type=\"container\" data-e-type=\"container\" data-settings=\"{&quot;background_background&quot;:&quot;classic&quot;}\">\n\t\t\t\t<div class=\"elementor-element elementor-element-46ff867 elementor-position-top elementor-widget elementor-widget-image-box\" data-id=\"46ff867\" data-element_type=\"widget\" data-e-type=\"widget\" data-settings=\"{&quot;ekit_we_effect_on&quot;:&quot;none&quot;}\" data-widget_type=\"image-box.default\">\n\t\t\t\t<div class=\"elementor-widget-container\">\n\t\t\t\t\t<div class=\"elementor-image-box-wrapper\"><figure class=\"elementor-image-box-img\"><a href=\"https:\/\/www.guncelozturk.com\/de\/eros-lippenaesthetik\/\" tabindex=\"-1\"><img loading=\"lazy\" decoding=\"async\" width=\"236\" height=\"122\" src=\"https:\/\/www.guncelozturk.com\/wp-content\/uploads\/2025\/07\/eros-dudagi.webp\" class=\"attachment-full size-full wp-image-13905\" alt=\"\" title=\"\"><\/a><\/figure><div class=\"elementor-image-box-content\"><h2 class=\"elementor-image-box-title\"><a href=\"https:\/\/www.guncelozturk.com\/de\/eros-lippenaesthetik\/\"><div class=\"noise-grid-section\">Eros<\/div> <div class=\"noise-grid-section-v2\">Lippen<\/div><\/a><\/h2><p class=\"elementor-image-box-description\">Die Sch\u00f6nheit der Lippen in der Gesichts\u00e4sthetik ist sehr... <a class=\"service-custom-link-settings\" href=\"https:\/\/www.guncelozturk.com\/de\/eros-lippenaesthetik\/\"> Lesen Sie mehr<\/a><\/p><\/div><\/div>\t\t\t\t<\/div>\n\t\t\t\t<\/div>\n\t\t\t\t<\/div>\n\t\t<div class=\"elementor-element elementor-element-ee1a80c e-con-full e-flex e-con e-child\" data-id=\"ee1a80c\" data-element_type=\"container\" data-e-type=\"container\" data-settings=\"{&quot;background_background&quot;:&quot;classic&quot;}\">\n\t\t\t\t<div class=\"elementor-element elementor-element-476a0fd elementor-position-top elementor-widget elementor-widget-image-box\" data-id=\"476a0fd\" data-element_type=\"widget\" data-e-type=\"widget\" data-settings=\"{&quot;ekit_we_effect_on&quot;:&quot;none&quot;}\" data-widget_type=\"image-box.default\">\n\t\t\t\t<div class=\"elementor-widget-container\">\n\t\t\t\t\t<div class=\"elementor-image-box-wrapper\"><figure class=\"elementor-image-box-img\"><a href=\"https:\/\/www.guncelozturk.com\/de\/hera-lippenauffuellung\/\" tabindex=\"-1\"><img loading=\"lazy\" decoding=\"async\" width=\"236\" height=\"122\" src=\"https:\/\/www.guncelozturk.com\/wp-content\/uploads\/2025\/07\/dudaksanati-1.webp\" class=\"attachment-full size-full wp-image-13907\" alt=\"\" title=\"\"><\/a><\/figure><div class=\"elementor-image-box-content\"><h2 class=\"elementor-image-box-title\"><a href=\"https:\/\/www.guncelozturk.com\/de\/hera-lippenauffuellung\/\"><div class=\"noise-grid-section\">Hera<\/div> <div class=\"noise-grid-section-v2\">Lippen<\/div><\/a><\/h2><p class=\"elementor-image-box-description\">Das L\u00e4cheln ist ein nonverbaler Ausdruck im sozialen Bereich...<a class=\"service-custom-link-settings\" href=\"\"><\/a>  Mehr lesen<\/a><\/p><\/div><\/div>\t\t\t\t<\/div>\n\t\t\t\t<\/div>\n\t\t\t\t<\/div>\n\t\t\t\t<\/div>\n\t\t\t\t<\/div>\n\t\t\t\t<\/div>\n\t\t\t\t<\/div>\n\t\t\t\t\t<\/div>\n\t\t\t\t<\/div>\n\t\t\t\t<\/div>\n\t\t","protected":false},"excerpt":{"rendered":"<p>Venuslippe Ana Sayfa Venuslippe Die Venuslippe ist seit der Antike eine der [&hellip;]<\/p>\n","protected":false},"author":1,"featured_media":0,"parent":0,"menu_order":0,"comment_status":"closed","ping_status":"closed","template":"elementor_header_footer","meta":{"footnotes":""},"class_list":["post-21208","page","type-page","status-publish","hentry"],"_links":{"self":[{"href":"https:\/\/www.guncelozturk.com\/de\/wp-json\/wp\/v2\/pages\/21208","targetHints":{"allow":["GET"]}}],"collection":[{"href":"https:\/\/www.guncelozturk.com\/de\/wp-json\/wp\/v2\/pages"}],"about":[{"href":"https:\/\/www.guncelozturk.com\/de\/wp-json\/wp\/v2\/types\/page"}],"author":[{"embeddable":true,"href":"https:\/\/www.guncelozturk.com\/de\/wp-json\/wp\/v2\/users\/1"}],"replies":[{"embeddable":true,"href":"https:\/\/www.guncelozturk.com\/de\/wp-json\/wp\/v2\/comments?post=21208"}],"version-history":[{"count":6,"href":"https:\/\/www.guncelozturk.com\/de\/wp-json\/wp\/v2\/pages\/21208\/revisions"}],"predecessor-version":[{"id":30806,"href":"https:\/\/www.guncelozturk.com\/de\/wp-json\/wp\/v2\/pages\/21208\/revisions\/30806"}],"wp:attachment":[{"href":"https:\/\/www.guncelozturk.com\/de\/wp-json\/wp\/v2\/media?parent=21208"}],"curies":[{"name":"wp","href":"https:\/\/api.w.org\/{rel}","templated":true}]}}