{"id":18259,"date":"2025-07-13T09:03:35","date_gmt":"2025-07-13T09:03:35","guid":{"rendered":"http:\/\/guncelozturk.prdioweb.com\/cheek-filling\/"},"modified":"2025-12-15T07:44:45","modified_gmt":"2025-12-15T07:44:45","slug":"cheek-filling","status":"publish","type":"page","link":"https:\/\/www.guncelozturk.com\/en\/cheek-filling\/","title":{"rendered":"Cheek Filling"},"content":{"rendered":"\t\t<div data-elementor-type=\"wp-page\" data-elementor-id=\"18259\" class=\"elementor elementor-18259 elementor-14142\" data-elementor-post-type=\"page\">\n\t\t\t\t<div class=\"elementor-element elementor-element-5f6c221 e-flex e-con-boxed e-con e-parent\" data-id=\"5f6c221\" data-element_type=\"container\" data-e-type=\"container\">\n\t\t\t\t\t<div class=\"e-con-inner\">\n\t\t<div class=\"elementor-element elementor-element-55bc79a bg-section e-flex e-con-boxed e-con e-child\" data-id=\"55bc79a\" data-element_type=\"container\" data-e-type=\"container\" data-settings=\"{&quot;background_background&quot;:&quot;classic&quot;}\">\n\t\t\t\t\t<div class=\"e-con-inner\">\n\t\t\t\t<div class=\"elementor-element elementor-element-b935276 at-heading-animation at-animation-heading-style-3 elementor-widget elementor-widget-heading\" data-id=\"b935276\" data-element_type=\"widget\" data-e-type=\"widget\" data-settings=\"{&quot;ekit_we_effect_on&quot;:&quot;none&quot;}\" data-widget_type=\"heading.default\">\n\t\t\t\t<div class=\"elementor-widget-container\">\n\t\t\t\t\t<h1 class=\"elementor-heading-title elementor-size-default\">Cheek Filling\n<\/h1>\t\t\t\t<\/div>\n\t\t\t\t<\/div>\n\t\t\t\t<div class=\"elementor-element elementor-element-cd83ac4 elementor-invisible elementor-widget elementor-widget-elementskit-breadcrumb\" data-id=\"cd83ac4\" data-element_type=\"widget\" data-e-type=\"widget\" data-settings=\"{&quot;_animation&quot;:&quot;fadeInUp&quot;,&quot;ekit_we_effect_on&quot;:&quot;none&quot;}\" data-widget_type=\"elementskit-breadcrumb.default\">\n\t\t\t\t<div class=\"elementor-widget-container\">\n\t\t\t\t\t<div class=\"ekit-wid-con\" ><ol class=\"ekit-breadcrumb\"><li class=\"ekit_breadcrumbs_start\"><a href=\"https:\/\/www.guncelozturk.com\/en\/\">Home<\/a><\/li> <li class=\"brd_sep\"><span class=\"separate_icon\"><svg xmlns=\"http:\/\/www.w3.org\/2000\/svg\" width=\"5\" height=\"11\" viewBox=\"0 0 5 11\"><path d=\"M0 10.4183L1.35051 5.27192L2.70102 0.125522L4.05688 0L1.35586 10.2928L0 10.4183Z\" fill=\"white\"><\/path><\/svg><\/span><\/li>  <li>Cheek Filling<\/li><\/ol><\/div>\t\t\t\t<\/div>\n\t\t\t\t<\/div>\n\t\t\t\t\t<\/div>\n\t\t\t\t<\/div>\n\t\t\t\t\t<\/div>\n\t\t\t\t<\/div>\n\t\t<div class=\"elementor-element elementor-element-7185b2e e-flex e-con-boxed e-con e-parent\" data-id=\"7185b2e\" data-element_type=\"container\" data-e-type=\"container\">\n\t\t\t\t\t<div class=\"e-con-inner\">\n\t\t<div class=\"elementor-element elementor-element-a1e7451 e-con-full e-flex e-con e-child\" data-id=\"a1e7451\" data-element_type=\"container\" data-e-type=\"container\" id=\"offer-form\">\n\t\t<div class=\"elementor-element elementor-element-a4f5a1c e-con-full sticky-column e-flex elementor-invisible e-con e-child\" data-id=\"a4f5a1c\" data-element_type=\"container\" data-e-type=\"container\" data-settings=\"{&quot;animation&quot;:&quot;fadeInUp&quot;}\">\n\t\t<div class=\"elementor-element elementor-element-fc70a2a e-con-full e-flex e-con e-child\" data-id=\"fc70a2a\" data-element_type=\"container\" data-e-type=\"container\">\n\t\t<div class=\"elementor-element elementor-element-c8a0911 e-con-full e-flex e-con e-child\" data-id=\"c8a0911\" data-element_type=\"container\" data-e-type=\"container\" data-settings=\"{&quot;background_background&quot;:&quot;classic&quot;}\">\n\t\t\t\t<div class=\"elementor-element elementor-element-8911a93 elementor-widget elementor-widget-spacer\" data-id=\"8911a93\" data-element_type=\"widget\" data-e-type=\"widget\" data-settings=\"{&quot;ekit_we_effect_on&quot;:&quot;none&quot;}\" data-widget_type=\"spacer.default\">\n\t\t\t\t<div class=\"elementor-widget-container\">\n\t\t\t\t\t\t\t<div class=\"elementor-spacer\">\n\t\t\t<div class=\"elementor-spacer-inner\"><\/div>\n\t\t<\/div>\n\t\t\t\t\t\t<\/div>\n\t\t\t\t<\/div>\n\t\t\t\t<\/div>\n\t\t\t\t<\/div>\n\t\t<div class=\"elementor-element elementor-element-747a9e2 e-con-full e-flex e-con e-child\" data-id=\"747a9e2\" data-element_type=\"container\" data-e-type=\"container\" data-settings=\"{&quot;background_background&quot;:&quot;classic&quot;}\">\n\t\t\t\t<div class=\"elementor-element elementor-element-9ddc55a elementor-widget elementor-widget-html\" data-id=\"9ddc55a\" data-element_type=\"widget\" data-e-type=\"widget\" data-settings=\"{&quot;ekit_we_effect_on&quot;:&quot;none&quot;}\" data-widget_type=\"html.default\">\n\t\t\t\t<div class=\"elementor-widget-container\">\n\t\t\t\t\t<iframe aria-label='YK - WhatsApp - guncelozturk.com Banner EN (New Website)' frameborder=\"0\" style=\"height:500px;width:99%;border:none;\" src='https:\/\/forms.zohopublic.eu\/doctorgo\/form\/YKWhatsAppguncelozturkcomBannerENNewWebsite\/formperma\/f96hEMqaVQdq-Qyc5I418J7KhviXKp2EnKdPohWxptc'><\/iframe>\t\t\t\t<\/div>\n\t\t\t\t<\/div>\n\t\t\t\t<\/div>\n\t\t\t\t<\/div>\n\t\t\t\t<\/div>\n\t\t<div class=\"elementor-element elementor-element-eea782d e-con-full e-flex e-con e-child\" data-id=\"eea782d\" data-element_type=\"container\" data-e-type=\"container\">\n\t\t<div class=\"elementor-element elementor-element-6f015ed e-con-full bg-section v2 e-flex e-con e-child\" data-id=\"6f015ed\" data-element_type=\"container\" data-e-type=\"container\" data-settings=\"{&quot;background_background&quot;:&quot;classic&quot;}\">\n\t\t<div class=\"elementor-element elementor-element-97d379b e-con-full e-flex e-con e-child\" data-id=\"97d379b\" data-element_type=\"container\" data-e-type=\"container\">\n\t\t\t\t<div class=\"elementor-element elementor-element-9ac747c at-heading-animation at-animation-heading-style-3 elementor-widget elementor-widget-heading\" data-id=\"9ac747c\" data-element_type=\"widget\" data-e-type=\"widget\" data-settings=\"{&quot;ekit_we_effect_on&quot;:&quot;none&quot;}\" data-widget_type=\"heading.default\">\n\t\t\t\t<div class=\"elementor-widget-container\">\n\t\t\t\t\t<h2 class=\"elementor-heading-title elementor-size-default\">Cheek Filling\n<\/h2>\t\t\t\t<\/div>\n\t\t\t\t<\/div>\n\t\t\t\t<div class=\"elementor-element elementor-element-abd6eb5 elementor-invisible elementor-widget elementor-widget-text-editor\" data-id=\"abd6eb5\" data-element_type=\"widget\" data-e-type=\"widget\" data-settings=\"{&quot;_animation&quot;:&quot;fadeInUp&quot;,&quot;ekit_we_effect_on&quot;:&quot;none&quot;}\" data-widget_type=\"text-editor.default\">\n\t\t\t\t<div class=\"elementor-widget-container\">\n\t\t\t\t\t\t\t\t\tIn the general understanding of beauty, full cheeks are considered a symbol of youth and attractiveness. Weak and sunken cheeks make the face look older and tired than it really is. Volume losses in the cheeks due to structural or aging can be treated with cheek fillers. In this way, the cheeks can be brought to the form they should be with non-surgical techniques.   \t\t\t\t\t\t\t\t<\/div>\n\t\t\t\t<\/div>\n\t\t<div class=\"elementor-element elementor-element-9a04f94 e-con-full e-flex e-con e-child\" data-id=\"9a04f94\" data-element_type=\"container\" data-e-type=\"container\" data-settings=\"{&quot;background_background&quot;:&quot;classic&quot;}\">\n\t\t\t\t<div class=\"elementor-element elementor-element-7e6e53f elementor-widget elementor-widget-image\" data-id=\"7e6e53f\" data-element_type=\"widget\" data-e-type=\"widget\" data-settings=\"{&quot;ekit_we_effect_on&quot;:&quot;none&quot;}\" data-widget_type=\"image.default\">\n\t\t\t\t<div class=\"elementor-widget-container\">\n\t\t\t\t\t\t\t\t\t\t\t\t\t\t\t<img fetchpriority=\"high\" decoding=\"async\" width=\"450\" height=\"378\" src=\"https:\/\/www.guncelozturk.com\/wp-content\/uploads\/2025\/07\/yanak_dolgusu.webp\" class=\"attachment-full size-full wp-image-14158\" alt=\"\" srcset=\"https:\/\/www.guncelozturk.com\/wp-content\/uploads\/2025\/07\/yanak_dolgusu.webp 450w, https:\/\/www.guncelozturk.com\/wp-content\/uploads\/2025\/07\/yanak_dolgusu-300x252.webp 300w\" sizes=\"(max-width: 450px) 100vw, 450px\" title=\"\">\t\t\t\t\t\t\t\t\t\t\t\t\t\t\t<\/div>\n\t\t\t\t<\/div>\n\t\t\t\t<\/div>\n\t\t\t\t<div class=\"elementor-element elementor-element-e9a1b7a elementor-hidden-desktop elementor-hidden-tablet elementor-widget elementor-widget-html\" data-id=\"e9a1b7a\" data-element_type=\"widget\" data-e-type=\"widget\" data-settings=\"{&quot;ekit_we_effect_on&quot;:&quot;none&quot;}\" data-widget_type=\"html.default\">\n\t\t\t\t<div class=\"elementor-widget-container\">\n\t\t\t\t\t<a class=\"offer-button\" href=\"#offer-form\">\r\n  Contact Us<\/a>\t\t\t\t<\/div>\n\t\t\t\t<\/div>\n\t\t\t\t<\/div>\n\t\t\t\t<\/div>\n\t\t<div class=\"elementor-element elementor-element-d37cbb5 e-con-full bg-section v2 e-flex e-con e-child\" data-id=\"d37cbb5\" data-element_type=\"container\" data-e-type=\"container\" data-settings=\"{&quot;background_background&quot;:&quot;classic&quot;}\">\n\t\t<div class=\"elementor-element elementor-element-4129b88 e-con-full e-flex e-con e-child\" data-id=\"4129b88\" data-element_type=\"container\" data-e-type=\"container\">\n\t\t\t\t<div class=\"elementor-element elementor-element-3a7c8f5 at-heading-animation at-animation-heading-style-3 elementor-widget elementor-widget-heading\" data-id=\"3a7c8f5\" data-element_type=\"widget\" data-e-type=\"widget\" data-settings=\"{&quot;ekit_we_effect_on&quot;:&quot;none&quot;}\" data-widget_type=\"heading.default\">\n\t\t\t\t<div class=\"elementor-widget-container\">\n\t\t\t\t\t<h3 class=\"elementor-heading-title elementor-size-default\">What are cheek filling techniques?\n<\/h3>\t\t\t\t<\/div>\n\t\t\t\t<\/div>\n\t\t\t\t<div class=\"elementor-element elementor-element-7af34c0 elementor-invisible elementor-widget elementor-widget-text-editor\" data-id=\"7af34c0\" data-element_type=\"widget\" data-e-type=\"widget\" data-settings=\"{&quot;_animation&quot;:&quot;fadeInUp&quot;,&quot;ekit_we_effect_on&quot;:&quot;none&quot;}\" data-widget_type=\"text-editor.default\">\n\t\t\t\t<div class=\"elementor-widget-container\">\n\t\t\t\t\t\t\t\t\t<p class=\"p1\">Cheek fillers can be applied with surgical or non-surgical techniques, and in some cases, both techniques can be used in combination.<\/p><p class=\"p1\">Cheek filling with filler injection technique offers a practical and fast solution to aesthetic problems on the face. Volume deficiencies in the patient&#8217;s cheeks can be successfully treated with an injection operation lasting 15 minutes. As a filling material, hyaluronic acid filling material and types, which are also found in the natural structure of the skin, are generally preferred.  <\/p>\t\t\t\t\t\t\t\t<\/div>\n\t\t\t\t<\/div>\n\t\t\t\t<\/div>\n\t\t\t\t<\/div>\n\t\t<div class=\"elementor-element elementor-element-74286aa e-con-full bg-section v2 e-flex e-con e-child\" data-id=\"74286aa\" data-element_type=\"container\" data-e-type=\"container\" data-settings=\"{&quot;background_background&quot;:&quot;classic&quot;}\">\n\t\t<div class=\"elementor-element elementor-element-73d4156 e-con-full e-flex e-con e-child\" data-id=\"73d4156\" data-element_type=\"container\" data-e-type=\"container\">\n\t\t\t\t<div class=\"elementor-element elementor-element-d21d363 at-heading-animation at-animation-heading-style-3 elementor-widget elementor-widget-heading\" data-id=\"d21d363\" data-element_type=\"widget\" data-e-type=\"widget\" data-settings=\"{&quot;ekit_we_effect_on&quot;:&quot;none&quot;}\" data-widget_type=\"heading.default\">\n\t\t\t\t<div class=\"elementor-widget-container\">\n\t\t\t\t\t<h2 class=\"elementor-heading-title elementor-size-default\">What results can be expected with cheek augmentation?\n<\/h2>\t\t\t\t<\/div>\n\t\t\t\t<\/div>\n\t\t\t\t<div class=\"elementor-element elementor-element-74652a2 elementor-invisible elementor-widget elementor-widget-text-editor\" data-id=\"74652a2\" data-element_type=\"widget\" data-e-type=\"widget\" data-settings=\"{&quot;_animation&quot;:&quot;fadeInUp&quot;,&quot;ekit_we_effect_on&quot;:&quot;none&quot;}\" data-widget_type=\"text-editor.default\">\n\t\t\t\t<div class=\"elementor-widget-container\">\n\t\t\t\t\t\t\t\t\tBy injecting the cheek filler material, the surface of the cheek is balanced backwards, while the cheek area is slightly lifted and rounded. The surrounding tissue is tightened by controlling the widening of the angle of the face. The cheek filler technique is one of the most effective methods in plastic surgery to plump the cheek area and contour the cheeks. Cheek dermal fillers help the face look younger by pulling the face upwards. The hollowness of the eyes is reduced, the shape of the nose is revealed, the forehead and chin protrusion are balanced.    \n\n\t\t\t\t\t\t\t\t<\/div>\n\t\t\t\t<\/div>\n\t\t\t\t<\/div>\n\t\t\t\t<\/div>\n\t\t<div class=\"elementor-element elementor-element-5fe9f4a e-con-full bg-section v2 e-flex e-con e-child\" data-id=\"5fe9f4a\" data-element_type=\"container\" data-e-type=\"container\" data-settings=\"{&quot;background_background&quot;:&quot;classic&quot;}\">\n\t\t<div class=\"elementor-element elementor-element-248d68b e-con-full e-flex e-con e-child\" data-id=\"248d68b\" data-element_type=\"container\" data-e-type=\"container\">\n\t\t\t\t<div class=\"elementor-element elementor-element-66fcd63 at-heading-animation at-animation-heading-style-3 elementor-widget elementor-widget-heading\" data-id=\"66fcd63\" data-element_type=\"widget\" data-e-type=\"widget\" data-settings=\"{&quot;ekit_we_effect_on&quot;:&quot;none&quot;}\" data-widget_type=\"heading.default\">\n\t\t\t\t<div class=\"elementor-widget-container\">\n\t\t\t\t\t<h3 class=\"elementor-heading-title elementor-size-default\">What should be considered in cheek filling?\n<\/h3>\t\t\t\t<\/div>\n\t\t\t\t<\/div>\n\t\t\t\t<div class=\"elementor-element elementor-element-abc795d elementor-invisible elementor-widget elementor-widget-text-editor\" data-id=\"abc795d\" data-element_type=\"widget\" data-e-type=\"widget\" data-settings=\"{&quot;_animation&quot;:&quot;fadeInUp&quot;,&quot;ekit_we_effect_on&quot;:&quot;none&quot;}\" data-widget_type=\"text-editor.default\">\n\t\t\t\t<div class=\"elementor-widget-container\">\n\t\t\t\t\t\t\t\t\tAfter cheek filler injection, mild edema or redness may occur on the face. The redness will disappear within a few hours and the edema will disappear spontaneously within a day or two. In order to prevent possible complications in cheek augmentation, a surgeon specialized in the field should be selected and the operation should be performed in a clinical setting. With successfully applied cheek fillers, the face can have a more aesthetic appearance. Because attractive cheekbones play an important role in facial beauty. Well-defined cheeks provide the balance of the face, improve the profile view of the face and make the face look younger.     \n\n\t\t\t\t\t\t\t\t<\/div>\n\t\t\t\t<\/div>\n\t\t\t\t<\/div>\n\t\t\t\t<\/div>\n\t\t<div class=\"elementor-element elementor-element-15e4885 e-con-full bg-section v2 e-flex e-con e-child\" data-id=\"15e4885\" data-element_type=\"container\" data-e-type=\"container\" data-settings=\"{&quot;background_background&quot;:&quot;classic&quot;}\">\n\t\t<div class=\"elementor-element elementor-element-e9403f0 e-con-full e-flex e-con e-child\" data-id=\"e9403f0\" data-element_type=\"container\" data-e-type=\"container\">\n\t\t\t\t<div class=\"elementor-element elementor-element-57419b5 at-heading-animation at-animation-heading-style-3 elementor-widget elementor-widget-heading\" data-id=\"57419b5\" data-element_type=\"widget\" data-e-type=\"widget\" data-settings=\"{&quot;ekit_we_effect_on&quot;:&quot;none&quot;}\" data-widget_type=\"heading.default\">\n\t\t\t\t<div class=\"elementor-widget-container\">\n\t\t\t\t\t<h3 class=\"elementor-heading-title elementor-size-default\">Cheek filling can also be performed with surgical techniques.\n<\/h3>\t\t\t\t<\/div>\n\t\t\t\t<\/div>\n\t\t\t\t<div class=\"elementor-element elementor-element-f1f2729 elementor-invisible elementor-widget elementor-widget-text-editor\" data-id=\"f1f2729\" data-element_type=\"widget\" data-e-type=\"widget\" data-settings=\"{&quot;_animation&quot;:&quot;fadeInUp&quot;,&quot;ekit_we_effect_on&quot;:&quot;none&quot;}\" data-widget_type=\"text-editor.default\">\n\t\t\t\t<div class=\"elementor-widget-container\">\n\t\t\t\t\t\t\t\t\t<p class=\"p1\">In the cheek filling technique applied with surgical techniques, implant placement is performed. There are various types of implants in various shapes to suit the facial structure of the person. The most suitable of these implants for the person&#8217;s face is selected and surgically placed in the cheek areas and can be fixed to soft tissue or bone. These implants may require a small incision. The operation is performed under anesthesia and may take about 1 hour. After the operation, a few days of rest may be needed for the healing process. For those who are afraid of surgery or anesthesia and are looking for a faster solution, filler injection techniques are a much more suitable option.      <\/p><p class=\"p1\">Finally, cheek filler injection can be combined with facial wrinkle treatment, eyelid problems, eyebrow ptosis and other volume deficiency operations.<\/p><p class=\"p1\">For more detailed information, please contact our Aesthetic, Plastic and Reconstructive Surgery Specialist  <strong>Op. Dr. G\u00fcncel \u00d6zt\u00fcrk <\/strong>You can make an appointment at .<\/p>\t\t\t\t\t\t\t\t<\/div>\n\t\t\t\t<\/div>\n\t\t\t\t<\/div>\n\t\t\t\t<\/div>\n\t\t<div class=\"elementor-element elementor-element-9fb1944 e-con-full bg-section v2 e-flex e-con e-child\" data-id=\"9fb1944\" data-element_type=\"container\" data-e-type=\"container\" data-settings=\"{&quot;background_background&quot;:&quot;classic&quot;}\">\n\t\t<div class=\"elementor-element elementor-element-b0610cd bg-section e-con-full e-flex e-con e-child\" data-id=\"b0610cd\" data-element_type=\"container\" data-e-type=\"container\" data-settings=\"{&quot;background_background&quot;:&quot;classic&quot;}\">\n\t\t<div class=\"elementor-element elementor-element-a37a0f1 e-con-full e-flex e-con e-child\" data-id=\"a37a0f1\" data-element_type=\"container\" data-e-type=\"container\">\n\t\t<div class=\"elementor-element elementor-element-0aee963 e-con-full e-flex e-con e-child\" data-id=\"0aee963\" data-element_type=\"container\" data-e-type=\"container\">\n\t\t\t\t<div class=\"elementor-element elementor-element-7a93bba at-heading-animation at-animation-heading-none elementor-widget elementor-widget-elementskit-heading\" data-id=\"7a93bba\" data-element_type=\"widget\" data-e-type=\"widget\" data-settings=\"{&quot;ekit_we_effect_on&quot;:&quot;none&quot;}\" data-widget_type=\"elementskit-heading.default\">\n\t\t\t\t<div class=\"elementor-widget-container\">\n\t\t\t\t\t<div class=\"ekit-wid-con\" ><div class=\"ekit-heading elementskit-section-title-wraper text_center   ekit_heading_tablet-   ekit_heading_mobile-\"><div class=\"ekit-heading--title elementskit-section-title \"><div class=\"let-down-title-v1\">Surgical Techniques Developed<\/div>  <div class=\"let-down-title-v3\">Published in the Most Prestigious International Journals<\/div>  <\/div><\/div><\/div>\t\t\t\t<\/div>\n\t\t\t\t<\/div>\n\t\t\t\t<div class=\"elementor-element elementor-element-a536e5a slider-button-1 elementor-align-center elementor-invisible elementor-widget elementor-widget-button\" data-id=\"a536e5a\" data-element_type=\"widget\" data-e-type=\"widget\" data-settings=\"{&quot;_animation&quot;:&quot;fadeInUp&quot;,&quot;_animation_delay&quot;:300,&quot;ekit_we_effect_on&quot;:&quot;none&quot;}\" data-widget_type=\"button.default\">\n\t\t\t\t<div class=\"elementor-widget-container\">\n\t\t\t\t\t\t\t\t\t<div class=\"elementor-button-wrapper\">\n\t\t\t\t\t<a class=\"elementor-button elementor-button-link elementor-size-sm\" href=\"https:\/\/www.guncelozturk.com\/en\/about-us\/#bilimsel-makaleler\">\n\t\t\t\t\t\t<span class=\"elementor-button-content-wrapper\">\n\t\t\t\t\t\t\t\t\t<span class=\"elementor-button-text\">Scientific Articles<\/span>\n\t\t\t\t\t<\/span>\n\t\t\t\t\t<\/a>\n\t\t\t\t<\/div>\n\t\t\t\t\t\t\t\t<\/div>\n\t\t\t\t<\/div>\n\t\t\t\t<\/div>\n\t\t\t\t<\/div>\n\t\t<div class=\"elementor-element elementor-element-babb56c e-con-full e-flex e-con e-child\" data-id=\"babb56c\" data-element_type=\"container\" data-e-type=\"container\">\n\t\t\t\t<div class=\"elementor-element elementor-element-bd22234 at-image-animation at-animation-image-none elementor-widget elementor-widget-image\" data-id=\"bd22234\" data-element_type=\"widget\" data-e-type=\"widget\" data-settings=\"{&quot;ekit_we_effect_on&quot;:&quot;none&quot;}\" data-widget_type=\"image.default\">\n\t\t\t\t<div class=\"elementor-widget-container\">\n\t\t\t\t\t\t\t\t\t\t\t\t\t\t\t<img decoding=\"async\" src=\"https:\/\/www.guncelozturk.com\/wp-content\/uploads\/elementor\/thumbs\/12-1-r8ixa4zeetaxudxvxf3jg7d7emwskski2mf99qphnu.webp\" title=\"12\" alt=\"12\" loading=\"lazy\" \/>\t\t\t\t\t\t\t\t\t\t\t\t\t\t\t<\/div>\n\t\t\t\t<\/div>\n\t\t\t\t<\/div>\n\t\t\t\t<\/div>\n\t\t\t\t<\/div>\n\t\t\t\t<\/div>\n\t\t\t\t\t<\/div>\n\t\t\t\t<\/div>\n\t\t\t\t<\/div>\n\t\t","protected":false},"excerpt":{"rendered":"<p>Cheek Filling Ana Sayfa Cheek Filling In the general understanding of beauty, [&hellip;]<\/p>\n","protected":false},"author":1,"featured_media":0,"parent":0,"menu_order":0,"comment_status":"closed","ping_status":"closed","template":"elementor_header_footer","meta":{"footnotes":""},"class_list":["post-18259","page","type-page","status-publish","hentry"],"_links":{"self":[{"href":"https:\/\/www.guncelozturk.com\/en\/wp-json\/wp\/v2\/pages\/18259","targetHints":{"allow":["GET"]}}],"collection":[{"href":"https:\/\/www.guncelozturk.com\/en\/wp-json\/wp\/v2\/pages"}],"about":[{"href":"https:\/\/www.guncelozturk.com\/en\/wp-json\/wp\/v2\/types\/page"}],"author":[{"embeddable":true,"href":"https:\/\/www.guncelozturk.com\/en\/wp-json\/wp\/v2\/users\/1"}],"replies":[{"embeddable":true,"href":"https:\/\/www.guncelozturk.com\/en\/wp-json\/wp\/v2\/comments?post=18259"}],"version-history":[{"count":6,"href":"https:\/\/www.guncelozturk.com\/en\/wp-json\/wp\/v2\/pages\/18259\/revisions"}],"predecessor-version":[{"id":30544,"href":"https:\/\/www.guncelozturk.com\/en\/wp-json\/wp\/v2\/pages\/18259\/revisions\/30544"}],"wp:attachment":[{"href":"https:\/\/www.guncelozturk.com\/en\/wp-json\/wp\/v2\/media?parent=18259"}],"curies":[{"name":"wp","href":"https:\/\/api.w.org\/{rel}","templated":true}]}}