{"id":20437,"date":"2025-07-11T21:45:01","date_gmt":"2025-07-11T21:45:01","guid":{"rendered":"http:\/\/guncelozturk.prdioweb.com\/latin-style-breast-augmentation-aesthetics\/"},"modified":"2025-08-29T07:08:14","modified_gmt":"2025-08-29T07:08:14","slug":"latin-style-breast-augmentation-aesthetics","status":"publish","type":"page","link":"https:\/\/www.guncelozturk.com\/en\/latin-style-breast-augmentation-aesthetics\/","title":{"rendered":"Latin-Style Breast Augmentation Aesthetics"},"content":{"rendered":"\t\t<div data-elementor-type=\"wp-page\" data-elementor-id=\"20437\" class=\"elementor elementor-20437 elementor-16337\" data-elementor-post-type=\"page\">\n\t\t\t\t<div class=\"elementor-element elementor-element-5f6c221 e-flex e-con-boxed e-con e-parent\" data-id=\"5f6c221\" data-element_type=\"container\" data-e-type=\"container\">\n\t\t\t\t\t<div class=\"e-con-inner\">\n\t\t<div class=\"elementor-element elementor-element-55bc79a bg-section e-flex e-con-boxed e-con e-child\" data-id=\"55bc79a\" data-element_type=\"container\" data-e-type=\"container\" data-settings=\"{&quot;background_background&quot;:&quot;classic&quot;}\">\n\t\t\t\t\t<div class=\"e-con-inner\">\n\t\t\t\t<div class=\"elementor-element elementor-element-b935276 at-heading-animation at-animation-heading-style-3 elementor-widget elementor-widget-heading\" data-id=\"b935276\" data-element_type=\"widget\" data-e-type=\"widget\" data-settings=\"{&quot;ekit_we_effect_on&quot;:&quot;none&quot;}\" data-widget_type=\"heading.default\">\n\t\t\t\t<div class=\"elementor-widget-container\">\n\t\t\t\t\t<h1 class=\"elementor-heading-title elementor-size-default\">Latin-Style Breast Augmentation Aesthetics\n<\/h1>\t\t\t\t<\/div>\n\t\t\t\t<\/div>\n\t\t\t\t<div class=\"elementor-element elementor-element-cd83ac4 elementor-invisible elementor-widget elementor-widget-elementskit-breadcrumb\" data-id=\"cd83ac4\" data-element_type=\"widget\" data-e-type=\"widget\" data-settings=\"{&quot;_animation&quot;:&quot;fadeInUp&quot;,&quot;ekit_we_effect_on&quot;:&quot;none&quot;}\" data-widget_type=\"elementskit-breadcrumb.default\">\n\t\t\t\t<div class=\"elementor-widget-container\">\n\t\t\t\t\t<div class=\"ekit-wid-con\" ><ol class=\"ekit-breadcrumb\"><li class=\"ekit_breadcrumbs_start\"><a href=\"https:\/\/www.guncelozturk.com\/en\/\">Home<\/a><\/li><\/ol><\/div>\t\t\t\t<\/div>\n\t\t\t\t<\/div>\n\t\t\t\t\t<\/div>\n\t\t\t\t<\/div>\n\t\t\t\t\t<\/div>\n\t\t\t\t<\/div>\n\t\t<div class=\"elementor-element elementor-element-7185b2e e-flex e-con-boxed e-con e-parent\" data-id=\"7185b2e\" data-element_type=\"container\" data-e-type=\"container\">\n\t\t\t\t\t<div class=\"e-con-inner\">\n\t\t<div class=\"elementor-element elementor-element-a1e7451 e-con-full e-flex e-con e-child\" data-id=\"a1e7451\" data-element_type=\"container\" data-e-type=\"container\" id=\"offer-form\">\n\t\t<div class=\"elementor-element elementor-element-a4f5a1c e-con-full sticky-column e-flex elementor-invisible e-con e-child\" data-id=\"a4f5a1c\" data-element_type=\"container\" data-e-type=\"container\" data-settings=\"{&quot;animation&quot;:&quot;fadeInUp&quot;}\">\n\t\t<div class=\"elementor-element elementor-element-fc70a2a e-con-full e-flex e-con e-child\" data-id=\"fc70a2a\" data-element_type=\"container\" data-e-type=\"container\">\n\t\t<div class=\"elementor-element elementor-element-c8a0911 e-con-full e-flex e-con e-child\" data-id=\"c8a0911\" data-element_type=\"container\" data-e-type=\"container\" data-settings=\"{&quot;background_background&quot;:&quot;classic&quot;}\">\n\t\t\t\t<div class=\"elementor-element elementor-element-8911a93 elementor-widget elementor-widget-spacer\" data-id=\"8911a93\" data-element_type=\"widget\" data-e-type=\"widget\" data-settings=\"{&quot;ekit_we_effect_on&quot;:&quot;none&quot;}\" data-widget_type=\"spacer.default\">\n\t\t\t\t<div class=\"elementor-widget-container\">\n\t\t\t\t\t\t\t<div class=\"elementor-spacer\">\n\t\t\t<div class=\"elementor-spacer-inner\"><\/div>\n\t\t<\/div>\n\t\t\t\t\t\t<\/div>\n\t\t\t\t<\/div>\n\t\t\t\t<\/div>\n\t\t\t\t<\/div>\n\t\t<div class=\"elementor-element elementor-element-747a9e2 e-con-full e-flex e-con e-child\" data-id=\"747a9e2\" data-element_type=\"container\" data-e-type=\"container\" data-settings=\"{&quot;background_background&quot;:&quot;classic&quot;}\">\n\t\t\t\t<div class=\"elementor-element elementor-element-a12407e elementor-widget elementor-widget-html\" data-id=\"a12407e\" data-element_type=\"widget\" data-e-type=\"widget\" data-settings=\"{&quot;ekit_we_effect_on&quot;:&quot;none&quot;}\" data-widget_type=\"html.default\">\n\t\t\t\t<div class=\"elementor-widget-container\">\n\t\t\t\t\t<iframe aria-label='YK - WhatsApp - guncelozturk.com Banner EN (New Website)' frameborder=\"0\" style=\"height:500px;width:99%;border:none;\" src='https:\/\/forms.zohopublic.eu\/doctorgo\/form\/YKWhatsAppguncelozturkcomBannerENNewWebsite\/formperma\/f96hEMqaVQdq-Qyc5I418J7KhviXKp2EnKdPohWxptc'><\/iframe>\t\t\t\t<\/div>\n\t\t\t\t<\/div>\n\t\t\t\t<div class=\"elementor-element elementor-element-c7e7d7f elementor-widget elementor-widget-elementskit-contact-form7\" data-id=\"c7e7d7f\" data-element_type=\"widget\" data-e-type=\"widget\" data-settings=\"{&quot;ekit_we_effect_on&quot;:&quot;none&quot;}\" data-widget_type=\"elementskit-contact-form7.default\">\n\t\t\t\t<div class=\"elementor-widget-container\">\n\t\t\t\t\t<div class=\"ekit-wid-con\" ><div class=\"ekit-form\">\n<div class=\"wpcf7 no-js\" id=\"wpcf7-f24691-o1\" lang=\"en-US\" dir=\"ltr\" data-wpcf7-id=\"24691\">\n<div class=\"screen-reader-response\"><p role=\"status\" aria-live=\"polite\" aria-atomic=\"true\"><\/p> <ul><\/ul><\/div>\n<form action=\"\/en\/wp-json\/wp\/v2\/pages\/20437#wpcf7-f24691-o1\" method=\"post\" class=\"wpcf7-form init\" aria-label=\"Contact form\" novalidate=\"novalidate\" data-status=\"init\">\n<fieldset class=\"hidden-fields-container\"><input type=\"hidden\" name=\"_wpcf7\" value=\"24691\" \/><input type=\"hidden\" name=\"_wpcf7_version\" value=\"6.1.5\" \/><input type=\"hidden\" name=\"_wpcf7_locale\" value=\"en_US\" \/><input type=\"hidden\" name=\"_wpcf7_unit_tag\" value=\"wpcf7-f24691-o1\" \/><input type=\"hidden\" name=\"_wpcf7_container_post\" value=\"0\" \/><input type=\"hidden\" name=\"_wpcf7_posted_data_hash\" value=\"\" \/>\n<\/fieldset>\n<div class=\"row\" id=\"special-service-form\">\n\t<div class=\"contact-form-header text-center mb-4\">\n\t\t<div class=\"contact-title\">\n\t\t\t<p>GET IN TOUCH!\n\t\t\t<\/p>\n\t\t<\/div>\n\t\t<p class=\"contact-subtitle\">Would you like to get detailed information?\n\t\t<\/p>\n\t<\/div>\n\t<div class=\"form-group col-md-12 mb-4\">\n\t\t<p><span class=\"wpcf7-form-control-wrap\" data-name=\"your-name\"><input size=\"40\" maxlength=\"400\" class=\"wpcf7-form-control wpcf7-text wpcf7-validates-as-required form-control\" id=\"name\" aria-required=\"true\" aria-invalid=\"false\" placeholder=\"Name Surname\" value=\"\" type=\"text\" name=\"your-name\" \/><\/span>\n\t\t<\/p>\n\t<\/div>\n\t<div class=\"form-group col-md-12 mb-4\">\n\t\t<p><span class=\"wpcf7-form-control-wrap\" data-name=\"email\"><input size=\"40\" maxlength=\"400\" class=\"wpcf7-form-control wpcf7-email wpcf7-validates-as-required wpcf7-text wpcf7-validates-as-email form-control\" id=\"email\" aria-required=\"true\" aria-invalid=\"false\" placeholder=\"E-Mail\" value=\"\" type=\"email\" name=\"email\" \/><\/span>\n\t\t<\/p>\n\t<\/div>\n\t<div class=\"form-group col-md-12 mb-4\">\n\t\t<p><span class=\"wpcf7-form-control-wrap\" data-name=\"phone\"><input size=\"40\" maxlength=\"400\" class=\"wpcf7-form-control wpcf7-text wpcf7-validates-as-required form-control\" id=\"phone\" aria-required=\"true\" aria-invalid=\"false\" placeholder=\"Phone\" value=\"\" type=\"text\" name=\"phone\" \/><\/span>\n\t\t<\/p>\n\t<\/div>\n\t<div class=\"form-group col-md-12 mb-4\">\n\t\t<p><span class=\"wpcf7-form-control-wrap\" data-name=\"msg\"><textarea cols=\"40\" rows=\"10\" maxlength=\"2000\" class=\"wpcf7-form-control wpcf7-textarea form-control\" id=\"msg\" aria-invalid=\"false\" placeholder=\"Message\" name=\"msg\"><\/textarea><\/span>\n\t\t<\/p>\n\t<\/div>\n\t<div class=\"col-md-12 form-btn\">\n\t\t<p><input class=\"wpcf7-form-control wpcf7-submit has-spinner\" id=\"msgSubmit\" type=\"submit\" value=\"Send\" \/>\n\t\t<\/p>\n\t<\/div>\n<\/div><div class=\"wpcf7-response-output\" aria-hidden=\"true\"><\/div>\n<\/form>\n<\/div>\n<\/div><\/div>\t\t\t\t<\/div>\n\t\t\t\t<\/div>\n\t\t\t\t<\/div>\n\t\t\t\t<\/div>\n\t\t\t\t<\/div>\n\t\t<div class=\"elementor-element elementor-element-eea782d e-con-full e-flex e-con e-child\" data-id=\"eea782d\" data-element_type=\"container\" data-e-type=\"container\">\n\t\t<div class=\"elementor-element elementor-element-d37cbb5 e-con-full bg-section v2 e-flex e-con e-child\" data-id=\"d37cbb5\" data-element_type=\"container\" data-e-type=\"container\" data-settings=\"{&quot;background_background&quot;:&quot;classic&quot;}\">\n\t\t<div class=\"elementor-element elementor-element-4129b88 e-con-full e-flex e-con e-child\" data-id=\"4129b88\" data-element_type=\"container\" data-e-type=\"container\">\n\t\t\t\t<div class=\"elementor-element elementor-element-3a7c8f5 at-heading-animation at-animation-heading-style-3 elementor-widget elementor-widget-heading\" data-id=\"3a7c8f5\" data-element_type=\"widget\" data-e-type=\"widget\" data-settings=\"{&quot;ekit_we_effect_on&quot;:&quot;none&quot;}\" data-widget_type=\"heading.default\">\n\t\t\t\t<div class=\"elementor-widget-container\">\n\t\t\t\t\t<h2 class=\"elementor-heading-title elementor-size-default\">Latin-Style Breast Augmentation Aesthetics\n<\/h2>\t\t\t\t<\/div>\n\t\t\t\t<\/div>\n\t\t\t\t<div class=\"elementor-element elementor-element-7af34c0 elementor-invisible elementor-widget elementor-widget-text-editor\" data-id=\"7af34c0\" data-element_type=\"widget\" data-e-type=\"widget\" data-settings=\"{&quot;_animation&quot;:&quot;fadeInUp&quot;,&quot;ekit_we_effect_on&quot;:&quot;none&quot;}\" data-widget_type=\"text-editor.default\">\n\t\t\t\t<div class=\"elementor-widget-container\">\n\t\t\t\t\t\t\t\t\t<p>Latin beauty means full and rounded curves. Full, rounded breasts, a slim waist, and rounded hips are the most prominent features of Latin beauty. <\/p><p>Curved lines form the structural characteristics of the female body. The natural body structure consists of curved lines. The main goal of cosmetic surgery is to ensure that individuals have a natural appearance.  <\/p>\t\t\t\t\t\t\t\t<\/div>\n\t\t\t\t<\/div>\n\t\t\t\t<div class=\"elementor-element elementor-element-54fe316 elementor-hidden-desktop elementor-hidden-tablet elementor-widget elementor-widget-html\" data-id=\"54fe316\" data-element_type=\"widget\" data-e-type=\"widget\" data-settings=\"{&quot;ekit_we_effect_on&quot;:&quot;none&quot;}\" data-widget_type=\"html.default\">\n\t\t\t\t<div class=\"elementor-widget-container\">\n\t\t\t\t\t<a class=\"offer-button\" href=\"#offer-form\">\r\n  Contact Us<\/a>\t\t\t\t<\/div>\n\t\t\t\t<\/div>\n\t\t<div class=\"elementor-element elementor-element-ad46cbd e-con-full e-flex e-con e-child\" data-id=\"ad46cbd\" data-element_type=\"container\" data-e-type=\"container\" data-settings=\"{&quot;background_background&quot;:&quot;classic&quot;}\">\n\t\t\t\t<div class=\"elementor-element elementor-element-010c11a elementor-widget elementor-widget-image\" data-id=\"010c11a\" data-element_type=\"widget\" data-e-type=\"widget\" data-settings=\"{&quot;ekit_we_effect_on&quot;:&quot;none&quot;}\" data-widget_type=\"image.default\">\n\t\t\t\t<div class=\"elementor-widget-container\">\n\t\t\t\t\t\t\t\t\t\t\t\t\t\t\t<img fetchpriority=\"high\" decoding=\"async\" width=\"605\" height=\"436\" src=\"https:\/\/www.guncelozturk.com\/wp-content\/uploads\/2025\/07\/latin-tipi-gogus-buyutme.webp\" class=\"attachment-full size-full wp-image-16340\" alt=\"\" srcset=\"https:\/\/www.guncelozturk.com\/wp-content\/uploads\/2025\/07\/latin-tipi-gogus-buyutme.webp 605w, https:\/\/www.guncelozturk.com\/wp-content\/uploads\/2025\/07\/latin-tipi-gogus-buyutme-300x216.webp 300w\" sizes=\"(max-width: 605px) 100vw, 605px\" title=\"\">\t\t\t\t\t\t\t\t\t\t\t\t\t\t\t<\/div>\n\t\t\t\t<\/div>\n\t\t\t\t<\/div>\n\t\t\t\t<\/div>\n\t\t\t\t<\/div>\n\t\t<div class=\"elementor-element elementor-element-74286aa e-con-full bg-section v2 e-flex e-con e-child\" data-id=\"74286aa\" data-element_type=\"container\" data-e-type=\"container\" data-settings=\"{&quot;background_background&quot;:&quot;classic&quot;}\">\n\t\t<div class=\"elementor-element elementor-element-73d4156 e-con-full e-flex e-con e-child\" data-id=\"73d4156\" data-element_type=\"container\" data-e-type=\"container\">\n\t\t\t\t<div class=\"elementor-element elementor-element-74652a2 elementor-invisible elementor-widget elementor-widget-text-editor\" data-id=\"74652a2\" data-element_type=\"widget\" data-e-type=\"widget\" data-settings=\"{&quot;_animation&quot;:&quot;fadeInUp&quot;,&quot;ekit_we_effect_on&quot;:&quot;none&quot;}\" data-widget_type=\"text-editor.default\">\n\t\t\t\t<div class=\"elementor-widget-container\">\n\t\t\t\t\t\t\t\t\t<p>Insufficient breast tissue and small breasts can be among the most important aesthetic problems for women. Women who seek cosmetic surgery say that they do not feel feminine enough because of their small breasts, cannot wear the clothes they want, and do not feel confident enough. <\/p>\t\t\t\t\t\t\t\t<\/div>\n\t\t\t\t<\/div>\n\t\t\t\t<\/div>\n\t\t\t\t<\/div>\n\t\t<div class=\"elementor-element elementor-element-3fc3283 e-con-full bg-section v2 e-flex e-con e-child\" data-id=\"3fc3283\" data-element_type=\"container\" data-e-type=\"container\" data-settings=\"{&quot;background_background&quot;:&quot;classic&quot;}\">\n\t\t<div class=\"elementor-element elementor-element-e4a2090 e-con-full e-flex e-con e-child\" data-id=\"e4a2090\" data-element_type=\"container\" data-e-type=\"container\">\n\t\t\t\t<div class=\"elementor-element elementor-element-80238cb at-heading-animation at-animation-heading-style-3 elementor-widget elementor-widget-heading\" data-id=\"80238cb\" data-element_type=\"widget\" data-e-type=\"widget\" data-settings=\"{&quot;ekit_we_effect_on&quot;:&quot;none&quot;}\" data-widget_type=\"heading.default\">\n\t\t\t\t<div class=\"elementor-widget-container\">\n\t\t\t\t\t<h4 class=\"elementor-heading-title elementor-size-default\">Features of Latin-Style Breast Augmentation Aesthetics\n<\/h4>\t\t\t\t<\/div>\n\t\t\t\t<\/div>\n\t\t\t\t<div class=\"elementor-element elementor-element-bafa25b elementor-invisible elementor-widget elementor-widget-text-editor\" data-id=\"bafa25b\" data-element_type=\"widget\" data-e-type=\"widget\" data-settings=\"{&quot;_animation&quot;:&quot;fadeInUp&quot;,&quot;ekit_we_effect_on&quot;:&quot;none&quot;}\" data-widget_type=\"text-editor.default\">\n\t\t\t\t<div class=\"elementor-widget-container\">\n\t\t\t\t\t\t\t\t\t<p>In Latin-style breast aesthetics, it is important for the breasts to be of a striking size. The ideal breast size is calculated based on the maximum possible fullness. <\/p><p>Full breasts should generally be round in shape and perky. In particular, the d\u00e9collet\u00e9 area is expected to have an eye-catching fullness. <\/p>\t\t\t\t\t\t\t\t<\/div>\n\t\t\t\t<\/div>\n\t\t\t\t<\/div>\n\t\t\t\t<\/div>\n\t\t<div class=\"elementor-element elementor-element-4bdc894 e-con-full bg-section v2 e-flex e-con e-child\" data-id=\"4bdc894\" data-element_type=\"container\" data-e-type=\"container\" data-settings=\"{&quot;background_background&quot;:&quot;classic&quot;}\">\n\t\t<div class=\"elementor-element elementor-element-2dfe4bc e-con-full e-flex e-con e-child\" data-id=\"2dfe4bc\" data-element_type=\"container\" data-e-type=\"container\">\n\t\t\t\t<div class=\"elementor-element elementor-element-a1c7fd8 at-heading-animation at-animation-heading-style-3 elementor-widget elementor-widget-heading\" data-id=\"a1c7fd8\" data-element_type=\"widget\" data-e-type=\"widget\" data-settings=\"{&quot;ekit_we_effect_on&quot;:&quot;none&quot;}\" data-widget_type=\"heading.default\">\n\t\t\t\t<div class=\"elementor-widget-container\">\n\t\t\t\t\t<h4 class=\"elementor-heading-title elementor-size-default\">Latin-Style Breast Augmentation Aesthetic Methods\n<\/h4>\t\t\t\t<\/div>\n\t\t\t\t<\/div>\n\t\t\t\t<div class=\"elementor-element elementor-element-7eb0c7e elementor-invisible elementor-widget elementor-widget-text-editor\" data-id=\"7eb0c7e\" data-element_type=\"widget\" data-e-type=\"widget\" data-settings=\"{&quot;_animation&quot;:&quot;fadeInUp&quot;,&quot;ekit_we_effect_on&quot;:&quot;none&quot;}\" data-widget_type=\"text-editor.default\">\n\t\t\t\t<div class=\"elementor-widget-container\">\n\t\t\t\t\t\t\t\t\t<p>Latin-style breast augmentation can be performed using two methods. The most suitable technique for the individual can be selected from surgical or non-surgical techniques. <\/p><p>The surgical technique can be performed using the breast implant placement method. The most suitable breast implant shape and size options are offered to the patient based on an assessment of their existing breast tissue and overall body structure. The surgery is performed in accordance with the patient&#8217;s preferences.  <\/p><p>The surgery is initiated with general anesthesia. The type of anesthesia to be administered is also determined based on the patient&#8217;s preference and overall health condition. <\/p><p>Then, the selected implant is placed in a procedure that lasts an average of 2 to 2.5 hours. There are various methods for placing the implant. The surgeon will recommend the most suitable option for the patient based on the patient&#8217;s breast tissue and the shape of the selected implant. The stitches are hidden in the natural creases of the breast so that they are not visible. Minimizing and concealing scars is one of the main goals of aesthetic surgery. Thanks to advances in plastic surgery, the surgery and post-operative recovery processes have been significantly shortened.     <\/p><p>Non-surgical techniques are performed with filler injections depending on the structure of the breasts. Hyaluronic acid fillers are often preferred due to their compatibility with the human body and safety. With the filler injection method, known as 15-minute aesthetics, breasts can be enlarged without surgery. If the patient has the procedure done during their lunch break, they can return to work with fuller breasts. This method is increasingly in demand among women who are afraid of surgery or do not have enough time for the recovery process.    <\/p>\t\t\t\t\t\t\t\t<\/div>\n\t\t\t\t<\/div>\n\t\t\t\t<\/div>\n\t\t\t\t<\/div>\n\t\t\t\t<\/div>\n\t\t\t\t\t<\/div>\n\t\t\t\t<\/div>\n\t\t\t\t<\/div>\n\t\t","protected":false},"excerpt":{"rendered":"<p>Latin-Style Breast Augmentation Aesthetics Ana Sayfa \u0130LET\u0130\u015e\u0130ME GE\u00c7\u0130N! Detayl\u0131 Bilgi Almak \u0130ster [&hellip;]<\/p>\n","protected":false},"author":1,"featured_media":0,"parent":0,"menu_order":0,"comment_status":"closed","ping_status":"closed","template":"elementor_header_footer","meta":{"footnotes":""},"class_list":["post-20437","page","type-page","status-publish","hentry"],"_links":{"self":[{"href":"https:\/\/www.guncelozturk.com\/en\/wp-json\/wp\/v2\/pages\/20437","targetHints":{"allow":["GET"]}}],"collection":[{"href":"https:\/\/www.guncelozturk.com\/en\/wp-json\/wp\/v2\/pages"}],"about":[{"href":"https:\/\/www.guncelozturk.com\/en\/wp-json\/wp\/v2\/types\/page"}],"author":[{"embeddable":true,"href":"https:\/\/www.guncelozturk.com\/en\/wp-json\/wp\/v2\/users\/1"}],"replies":[{"embeddable":true,"href":"https:\/\/www.guncelozturk.com\/en\/wp-json\/wp\/v2\/comments?post=20437"}],"version-history":[{"count":6,"href":"https:\/\/www.guncelozturk.com\/en\/wp-json\/wp\/v2\/pages\/20437\/revisions"}],"predecessor-version":[{"id":25973,"href":"https:\/\/www.guncelozturk.com\/en\/wp-json\/wp\/v2\/pages\/20437\/revisions\/25973"}],"wp:attachment":[{"href":"https:\/\/www.guncelozturk.com\/en\/wp-json\/wp\/v2\/media?parent=20437"}],"curies":[{"name":"wp","href":"https:\/\/api.w.org\/{rel}","templated":true}]}}