{"id":19771,"date":"2025-07-13T21:30:08","date_gmt":"2025-07-13T21:30:08","guid":{"rendered":"http:\/\/guncelozturk.prdioweb.com\/eros-yayi-estetica-labial\/"},"modified":"2025-12-15T07:32:24","modified_gmt":"2025-12-15T07:32:24","slug":"arco-de-cupido-estetica-labial","status":"publish","type":"page","link":"https:\/\/www.guncelozturk.com\/es\/arco-de-cupido-estetica-labial\/","title":{"rendered":"Arco de Cupido: Est\u00e9tica Labial"},"content":{"rendered":"\t\t<div data-elementor-type=\"wp-page\" data-elementor-id=\"19771\" class=\"elementor elementor-19771 elementor-16294\" data-elementor-post-type=\"page\">\n\t\t\t\t<div class=\"elementor-element elementor-element-5f6c221 e-flex e-con-boxed e-con e-parent\" data-id=\"5f6c221\" data-element_type=\"container\" data-e-type=\"container\">\n\t\t\t\t\t<div class=\"e-con-inner\">\n\t\t<div class=\"elementor-element elementor-element-55bc79a bg-section e-flex e-con-boxed e-con e-child\" data-id=\"55bc79a\" data-element_type=\"container\" data-e-type=\"container\" data-settings=\"{&quot;background_background&quot;:&quot;classic&quot;}\">\n\t\t\t\t\t<div class=\"e-con-inner\">\n\t\t\t\t<div class=\"elementor-element elementor-element-b935276 at-heading-animation at-animation-heading-style-3 elementor-widget elementor-widget-heading\" data-id=\"b935276\" data-element_type=\"widget\" data-e-type=\"widget\" data-settings=\"{&quot;ekit_we_effect_on&quot;:&quot;none&quot;}\" data-widget_type=\"heading.default\">\n\t\t\t\t<div class=\"elementor-widget-container\">\n\t\t\t\t\t<h1 class=\"elementor-heading-title elementor-size-default\">Eros Yay\u0131 Est\u00e9tica Labial\n<\/h1>\t\t\t\t<\/div>\n\t\t\t\t<\/div>\n\t\t\t\t<div class=\"elementor-element elementor-element-cd83ac4 elementor-invisible elementor-widget elementor-widget-elementskit-breadcrumb\" data-id=\"cd83ac4\" data-element_type=\"widget\" data-e-type=\"widget\" data-settings=\"{&quot;_animation&quot;:&quot;fadeInUp&quot;,&quot;ekit_we_effect_on&quot;:&quot;none&quot;}\" data-widget_type=\"elementskit-breadcrumb.default\">\n\t\t\t\t<div class=\"elementor-widget-container\">\n\t\t\t\t\t<div class=\"ekit-wid-con\" ><ol class=\"ekit-breadcrumb\"><li class=\"ekit_breadcrumbs_start\"><a href=\"https:\/\/www.guncelozturk.com\/es\/\">Home<\/a><\/li> <li class=\"brd_sep\"><span class=\"separate_icon\"><svg xmlns=\"http:\/\/www.w3.org\/2000\/svg\" width=\"5\" height=\"11\" viewBox=\"0 0 5 11\"><path d=\"M0 10.4183L1.35051 5.27192L2.70102 0.125522L4.05688 0L1.35586 10.2928L0 10.4183Z\" fill=\"white\"><\/path><\/svg><\/span><\/li>  <li>Arco de Cupido: Est\u00e9tica Labial<\/li><\/ol><\/div>\t\t\t\t<\/div>\n\t\t\t\t<\/div>\n\t\t\t\t\t<\/div>\n\t\t\t\t<\/div>\n\t\t\t\t\t<\/div>\n\t\t\t\t<\/div>\n\t\t<div class=\"elementor-element elementor-element-7185b2e e-flex e-con-boxed e-con e-parent\" data-id=\"7185b2e\" data-element_type=\"container\" data-e-type=\"container\">\n\t\t\t\t\t<div class=\"e-con-inner\">\n\t\t<div class=\"elementor-element elementor-element-a1e7451 e-con-full e-flex e-con e-child\" data-id=\"a1e7451\" data-element_type=\"container\" data-e-type=\"container\" id=\"offer-form\">\n\t\t<div class=\"elementor-element elementor-element-a4f5a1c e-con-full sticky-column e-flex elementor-invisible e-con e-child\" data-id=\"a4f5a1c\" data-element_type=\"container\" data-e-type=\"container\" data-settings=\"{&quot;animation&quot;:&quot;fadeInUp&quot;}\">\n\t\t<div class=\"elementor-element elementor-element-fc70a2a e-con-full e-flex e-con e-child\" data-id=\"fc70a2a\" data-element_type=\"container\" data-e-type=\"container\">\n\t\t<div class=\"elementor-element elementor-element-c8a0911 e-con-full e-flex e-con e-child\" data-id=\"c8a0911\" data-element_type=\"container\" data-e-type=\"container\" data-settings=\"{&quot;background_background&quot;:&quot;classic&quot;}\">\n\t\t\t\t<div class=\"elementor-element elementor-element-8911a93 elementor-widget elementor-widget-spacer\" data-id=\"8911a93\" data-element_type=\"widget\" data-e-type=\"widget\" data-settings=\"{&quot;ekit_we_effect_on&quot;:&quot;none&quot;}\" data-widget_type=\"spacer.default\">\n\t\t\t\t<div class=\"elementor-widget-container\">\n\t\t\t\t\t\t\t<div class=\"elementor-spacer\">\n\t\t\t<div class=\"elementor-spacer-inner\"><\/div>\n\t\t<\/div>\n\t\t\t\t\t\t<\/div>\n\t\t\t\t<\/div>\n\t\t\t\t<\/div>\n\t\t\t\t<\/div>\n\t\t<div class=\"elementor-element elementor-element-747a9e2 e-con-full e-flex e-con e-child\" data-id=\"747a9e2\" data-element_type=\"container\" data-e-type=\"container\" data-settings=\"{&quot;background_background&quot;:&quot;classic&quot;}\">\n\t\t\t\t<div class=\"elementor-element elementor-element-438192e elementor-widget elementor-widget-html\" data-id=\"438192e\" data-element_type=\"widget\" data-e-type=\"widget\" data-settings=\"{&quot;ekit_we_effect_on&quot;:&quot;none&quot;}\" data-widget_type=\"html.default\">\n\t\t\t\t<div class=\"elementor-widget-container\">\n\t\t\t\t\t<iframe aria-label='YK - WhatsApp - guncelozturk.com Banner ES (New Website)' frameborder=\"0\" style=\"height:500px;width:99%;border:none;\" src='https:\/\/forms.zohopublic.eu\/doctorgo\/form\/YKWhatsAppguncelozturkcomBannerESNewWebsite\/formperma\/oinmpuKDl5BEPFvGpEt0BAF6rcAlr2ultScVu4NE0gw'><\/iframe>\t\t\t\t<\/div>\n\t\t\t\t<\/div>\n\t\t\t\t<\/div>\n\t\t\t\t<\/div>\n\t\t\t\t<\/div>\n\t\t<div class=\"elementor-element elementor-element-eea782d e-con-full e-flex e-con e-child\" data-id=\"eea782d\" data-element_type=\"container\" data-e-type=\"container\">\n\t\t<div class=\"elementor-element elementor-element-6f015ed e-con-full bg-section v2 e-flex e-con e-child\" data-id=\"6f015ed\" data-element_type=\"container\" data-e-type=\"container\" data-settings=\"{&quot;background_background&quot;:&quot;classic&quot;}\">\n\t\t<div class=\"elementor-element elementor-element-97d379b e-con-full e-flex e-con e-child\" data-id=\"97d379b\" data-element_type=\"container\" data-e-type=\"container\">\n\t\t\t\t<div class=\"elementor-element elementor-element-9ac747c at-heading-animation at-animation-heading-style-3 elementor-widget elementor-widget-heading\" data-id=\"9ac747c\" data-element_type=\"widget\" data-e-type=\"widget\" data-settings=\"{&quot;ekit_we_effect_on&quot;:&quot;none&quot;}\" data-widget_type=\"heading.default\">\n\t\t\t\t<div class=\"elementor-widget-container\">\n\t\t\t\t\t<h2 class=\"elementor-heading-title elementor-size-default\">Eros Yay\u0131\nEst\u00e9tica de los labios<\/h2>\t\t\t\t<\/div>\n\t\t\t\t<\/div>\n\t\t\t\t<div class=\"elementor-element elementor-element-abd6eb5 elementor-invisible elementor-widget elementor-widget-text-editor\" data-id=\"abd6eb5\" data-element_type=\"widget\" data-e-type=\"widget\" data-settings=\"{&quot;_animation&quot;:&quot;fadeInUp&quot;,&quot;ekit_we_effect_on&quot;:&quot;none&quot;}\" data-widget_type=\"text-editor.default\">\n\t\t\t\t<div class=\"elementor-widget-container\">\n\t\t\t\t\t\t\t\t\tEn la est\u00e9tica facial, la belleza de los labios ocupa un lugar muy importante. A lo largo de la historia de la humanidad, ha sido una fuente de inspiraci\u00f3n para todos los artistas. Desde la poes\u00eda hasta la literatura, desde la pintura hasta la escultura, destaca en todos los \u00e1mbitos del arte. En la est\u00e9tica de los labios, adem\u00e1s del volumen, son muy importantes el contorno de los labios, la armon\u00eda entre el volumen del labio superior y el inferior, y los pliegues del labio superior. El arco de Eros, tambi\u00e9n conocido como arco del amor, es la armon\u00eda entre el labio y el pliegue situado justo en el centro del labio superior.    \n\nEl arco de Eros, es decir, el pliegue central pronunciado, el labio inferior m\u00e1s carnoso que el superior, con el volumen concentrado en la parte central del labio, y los bordes del labio superior ligeramente curvados, se puede observar en casi todas las obras de arte.\n\n\t\t\t\t\t\t\t\t<\/div>\n\t\t\t\t<\/div>\n\t\t\t\t<div class=\"elementor-element elementor-element-ac05b0e elementor-widget elementor-widget-video\" data-id=\"ac05b0e\" data-element_type=\"widget\" data-e-type=\"widget\" data-settings=\"{&quot;youtube_url&quot;:&quot;https:\\\/\\\/www.youtube.com\\\/watch?v=9Z25XRJlkpc&quot;,&quot;video_type&quot;:&quot;youtube&quot;,&quot;controls&quot;:&quot;yes&quot;,&quot;ekit_we_effect_on&quot;:&quot;none&quot;}\" data-widget_type=\"video.default\">\n\t\t\t\t<div class=\"elementor-widget-container\">\n\t\t\t\t\t\t\t<div class=\"elementor-wrapper elementor-open-inline\">\n\t\t\t<div class=\"elementor-video\"><\/div>\t\t<\/div>\n\t\t\t\t\t\t<\/div>\n\t\t\t\t<\/div>\n\t\t\t\t<\/div>\n\t\t\t\t<div class=\"elementor-element elementor-element-30e9ffa elementor-hidden-desktop elementor-hidden-tablet elementor-widget elementor-widget-html\" data-id=\"30e9ffa\" data-element_type=\"widget\" data-e-type=\"widget\" data-settings=\"{&quot;ekit_we_effect_on&quot;:&quot;none&quot;}\" data-widget_type=\"html.default\">\n\t\t\t\t<div class=\"elementor-widget-container\">\n\t\t\t\t\t<a class=\"offer-button\" href=\"#offer-form\">\r\n  Contacta con nosotros<\/a>\t\t\t\t<\/div>\n\t\t\t\t<\/div>\n\t\t\t\t<\/div>\n\t\t<div class=\"elementor-element elementor-element-d37cbb5 e-con-full bg-section v2 e-flex e-con e-child\" data-id=\"d37cbb5\" data-element_type=\"container\" data-e-type=\"container\" data-settings=\"{&quot;background_background&quot;:&quot;classic&quot;}\">\n\t\t<div class=\"elementor-element elementor-element-4129b88 e-con-full e-flex e-con e-child\" data-id=\"4129b88\" data-element_type=\"container\" data-e-type=\"container\">\n\t\t\t\t<div class=\"elementor-element elementor-element-3a7c8f5 at-heading-animation at-animation-heading-style-3 elementor-widget elementor-widget-heading\" data-id=\"3a7c8f5\" data-element_type=\"widget\" data-e-type=\"widget\" data-settings=\"{&quot;ekit_we_effect_on&quot;:&quot;none&quot;}\" data-widget_type=\"heading.default\">\n\t\t\t\t<div class=\"elementor-widget-container\">\n\t\t\t\t\t<h4 class=\"elementor-heading-title elementor-size-default\">Aspectos a tener en cuenta en la est\u00e9tica del arco de Eros\n\n<\/h4>\t\t\t\t<\/div>\n\t\t\t\t<\/div>\n\t\t\t\t<div class=\"elementor-element elementor-element-7af34c0 elementor-invisible elementor-widget elementor-widget-text-editor\" data-id=\"7af34c0\" data-element_type=\"widget\" data-e-type=\"widget\" data-settings=\"{&quot;_animation&quot;:&quot;fadeInUp&quot;,&quot;ekit_we_effect_on&quot;:&quot;none&quot;}\" data-widget_type=\"text-editor.default\">\n\t\t\t\t<div class=\"elementor-widget-container\">\n\t\t\t\t\t\t\t\t\t<p class=\"p1\">El objetivo de la est\u00e9tica labial es dar volumen a los labios y hacerlos m\u00e1s atractivos. El arco de Eros es una curva que suele encontrarse en la estructura natural de los labios. Solo en algunos tipos de labios esta curva es m\u00e1s pronunciada, se adapta mejor al labio y sobresale ligeramente. Los labios que se consideran ideales son aquellos que presentan estas caracter\u00edsticas.   <\/p><p class=\"p1\">Con el envejecimiento, el volumen y la forma de los labios se alteran, lo que tambi\u00e9n afecta al arco de Cupido. En algunos casos, las personas que gen\u00e9ticamente tienen labios muy finos tambi\u00e9n pueden presentar un arco de Cupido poco definido. Esta situaci\u00f3n puede provocar en las personas un aspecto m\u00e1s envejecido, adem\u00e1s de una apariencia triste y nerviosa.  <\/p><p class=\"p1\">En la est\u00e9tica del arco de Eros, se realiza un dise\u00f1o que combina tanto el volumen como el contorno de los labios. Este dise\u00f1o requiere conocimientos art\u00edsticos. Por lo tanto, debe ser realizado por cirujanos especializados en est\u00e9tica labial.  <\/p>\t\t\t\t\t\t\t\t<\/div>\n\t\t\t\t<\/div>\n\t\t<div class=\"elementor-element elementor-element-ad46cbd e-con-full e-flex e-con e-child\" data-id=\"ad46cbd\" data-element_type=\"container\" data-e-type=\"container\" data-settings=\"{&quot;background_background&quot;:&quot;classic&quot;}\">\n\t\t\t\t<div class=\"elementor-element elementor-element-010c11a elementor-widget elementor-widget-image\" data-id=\"010c11a\" data-element_type=\"widget\" data-e-type=\"widget\" data-settings=\"{&quot;ekit_we_effect_on&quot;:&quot;none&quot;}\" data-widget_type=\"image.default\">\n\t\t\t\t<div class=\"elementor-widget-container\">\n\t\t\t\t\t\t\t\t\t\t\t\t\t\t\t<img fetchpriority=\"high\" decoding=\"async\" width=\"498\" height=\"447\" src=\"https:\/\/www.guncelozturk.com\/wp-content\/uploads\/2025\/07\/eros-yayi-dudak-estetigi.webp\" class=\"attachment-full size-full wp-image-19772\" alt=\"\" srcset=\"https:\/\/www.guncelozturk.com\/wp-content\/uploads\/2025\/07\/eros-yayi-dudak-estetigi.webp 498w, https:\/\/www.guncelozturk.com\/wp-content\/uploads\/2025\/07\/eros-yayi-dudak-estetigi-300x269.webp 300w\" sizes=\"(max-width: 498px) 100vw, 498px\" title=\"\">\t\t\t\t\t\t\t\t\t\t\t\t\t\t\t<\/div>\n\t\t\t\t<\/div>\n\t\t\t\t<\/div>\n\t\t\t\t<\/div>\n\t\t\t\t<\/div>\n\t\t<div class=\"elementor-element elementor-element-74286aa e-con-full bg-section v2 e-flex e-con e-child\" data-id=\"74286aa\" data-element_type=\"container\" data-e-type=\"container\" data-settings=\"{&quot;background_background&quot;:&quot;classic&quot;}\">\n\t\t<div class=\"elementor-element elementor-element-73d4156 e-con-full e-flex e-con e-child\" data-id=\"73d4156\" data-element_type=\"container\" data-e-type=\"container\">\n\t\t\t\t<div class=\"elementor-element elementor-element-d21d363 at-heading-animation at-animation-heading-style-3 elementor-widget elementor-widget-heading\" data-id=\"d21d363\" data-element_type=\"widget\" data-e-type=\"widget\" data-settings=\"{&quot;ekit_we_effect_on&quot;:&quot;none&quot;}\" data-widget_type=\"heading.default\">\n\t\t\t\t<div class=\"elementor-widget-container\">\n\t\t\t\t\t<h4 class=\"elementor-heading-title elementor-size-default\">\u00bfC\u00f3mo se realiza el relleno de labios Eros?\n\n<\/h4>\t\t\t\t<\/div>\n\t\t\t\t<\/div>\n\t\t\t\t<div class=\"elementor-element elementor-element-74652a2 elementor-invisible elementor-widget elementor-widget-text-editor\" data-id=\"74652a2\" data-element_type=\"widget\" data-e-type=\"widget\" data-settings=\"{&quot;_animation&quot;:&quot;fadeInUp&quot;,&quot;ekit_we_effect_on&quot;:&quot;none&quot;}\" data-widget_type=\"text-editor.default\">\n\t\t\t\t<div class=\"elementor-widget-container\">\n\t\t\t\t\t\t\t\t\t<p class=\"p1\">Existe una amplia variedad de tipos de rellenos d\u00e9rmicos utilizados en el relleno de labios. Entre ellos se encuentran los implantes de silicona, las inyecciones de grasa y los rellenos de \u00e1cido hialur\u00f3nico. Estos se dividen en dos categor\u00edas: rellenos de labios permanentes y temporales. Adem\u00e1s de los implantes, tambi\u00e9n existen geles de silicona que se inyectan. Sin embargo, en la actualidad, muchos cirujanos pl\u00e1sticos prefieren los materiales de relleno temporales.    <\/p><p class=\"p1\">El relleno de labios con \u00e1cido hialur\u00f3nico se realiza con agujas muy finas y dura entre 10 y 15 minutos. Durante la operaci\u00f3n no se siente ning\u00fan tipo de dolor. <span class=\"Apple-converted-space\">  <\/span>El paciente puede reanudar inmediatamente su trabajo o su vida cotidiana. El volumen y la forma de los labios se hacen evidentes inmediatamente despu\u00e9s de la operaci\u00f3n. Aunque la forma y el volumen de los labios pueden variar de una persona a otra, se mantienen durante aproximadamente un a\u00f1o. Transcurrido este tiempo, es necesario repetir el procedimiento de relleno.   <\/p>\t\t\t\t\t\t\t\t<\/div>\n\t\t\t\t<\/div>\n\t\t\t\t<\/div>\n\t\t\t\t<\/div>\n\t\t<div class=\"elementor-element elementor-element-5294e87 e-con-full bg-section v2 e-flex e-con e-child\" data-id=\"5294e87\" data-element_type=\"container\" data-e-type=\"container\" data-settings=\"{&quot;background_background&quot;:&quot;classic&quot;}\">\n\t\t<div class=\"elementor-element elementor-element-52179b9 e-con-full e-flex e-con e-child\" data-id=\"52179b9\" data-element_type=\"container\" data-e-type=\"container\">\n\t\t<div class=\"elementor-element elementor-element-3c6c487 e-con-full e-grid let-down-column-settings e-con e-child\" data-id=\"3c6c487\" data-element_type=\"container\" data-e-type=\"container\">\n\t\t<div class=\"elementor-element elementor-element-e38df31 e-con-full e-flex e-con e-child\" data-id=\"e38df31\" data-element_type=\"container\" data-e-type=\"container\" data-settings=\"{&quot;background_background&quot;:&quot;classic&quot;}\">\n\t\t\t\t<div class=\"elementor-element elementor-element-fd212c4 elementor-position-top elementor-widget elementor-widget-image-box\" data-id=\"fd212c4\" data-element_type=\"widget\" data-e-type=\"widget\" data-settings=\"{&quot;ekit_we_effect_on&quot;:&quot;none&quot;}\" data-widget_type=\"image-box.default\">\n\t\t\t\t<div class=\"elementor-widget-container\">\n\t\t\t\t\t<div class=\"elementor-image-box-wrapper\"><figure class=\"elementor-image-box-img\"><a href=\"https:\/\/www.guncelozturk.com\/es\/labio-de-venus\/\" tabindex=\"-1\"><img decoding=\"async\" width=\"236\" height=\"122\" src=\"https:\/\/www.guncelozturk.com\/wp-content\/uploads\/2025\/07\/venus-dudagi-1.webp\" class=\"attachment-full size-full wp-image-13901\" alt=\"\" title=\"\"><\/a><\/figure><div class=\"elementor-image-box-content\"><h2 class=\"elementor-image-box-title\"><a href=\"https:\/\/www.guncelozturk.com\/es\/labio-de-venus\/\"><div class=\"noise-grid-section\">Venus<\/div> <div class=\"noise-grid-section-v2\">Labio<\/div><\/a><\/h2><p class=\"elementor-image-box-description\">El labio de Venus, desde la antig\u00fcedad...  <a class=\"service-custom-link-settings\" href=\"https:\/\/www.guncelozturk.com\/es\/labio-de-venus\/\">  Leer m\u00e1s<\/a><\/p><\/div><\/div>\t\t\t\t<\/div>\n\t\t\t\t<\/div>\n\t\t\t\t<\/div>\n\t\t<div class=\"elementor-element elementor-element-b915174 e-con-full e-flex e-con e-child\" data-id=\"b915174\" data-element_type=\"container\" data-e-type=\"container\" data-settings=\"{&quot;background_background&quot;:&quot;classic&quot;}\">\n\t\t\t\t<div class=\"elementor-element elementor-element-b3280be elementor-position-top elementor-widget elementor-widget-image-box\" data-id=\"b3280be\" data-element_type=\"widget\" data-e-type=\"widget\" data-settings=\"{&quot;ekit_we_effect_on&quot;:&quot;none&quot;}\" data-widget_type=\"image-box.default\">\n\t\t\t\t<div class=\"elementor-widget-container\">\n\t\t\t\t\t<div class=\"elementor-image-box-wrapper\"><figure class=\"elementor-image-box-img\"><a href=\"https:\/\/www.guncelozturk.com\/es\/afrodita-labios\/\" tabindex=\"-1\"><img decoding=\"async\" width=\"236\" height=\"122\" src=\"https:\/\/www.guncelozturk.com\/wp-content\/uploads\/2025\/07\/afrodit-dudagi.webp\" class=\"attachment-full size-full wp-image-13903\" alt=\"\" title=\"\"><\/a><\/figure><div class=\"elementor-image-box-content\"><h2 class=\"elementor-image-box-title\"><a href=\"https:\/\/www.guncelozturk.com\/es\/afrodita-labios\/\"><div class=\"noise-grid-section\">Afrodita<\/div> <div class=\"noise-grid-section-v2\">Labio<\/div><\/a><\/h2><p class=\"elementor-image-box-description\">El labio de Afrodita es el labio m\u00e1s universal... <a class=\"service-custom-link-settings\" href=\"https:\/\/www.guncelozturk.com\/es\/afrodita-labios\/\"> Leer m\u00e1s<\/a><\/p><\/div><\/div>\t\t\t\t<\/div>\n\t\t\t\t<\/div>\n\t\t\t\t<\/div>\n\t\t<div class=\"elementor-element elementor-element-c8aae98 e-con-full e-flex e-con e-child\" data-id=\"c8aae98\" data-element_type=\"container\" data-e-type=\"container\" data-settings=\"{&quot;background_background&quot;:&quot;classic&quot;}\">\n\t\t\t\t<div class=\"elementor-element elementor-element-46ff867 elementor-position-top elementor-widget elementor-widget-image-box\" data-id=\"46ff867\" data-element_type=\"widget\" data-e-type=\"widget\" data-settings=\"{&quot;ekit_we_effect_on&quot;:&quot;none&quot;}\" data-widget_type=\"image-box.default\">\n\t\t\t\t<div class=\"elementor-widget-container\">\n\t\t\t\t\t<div class=\"elementor-image-box-wrapper\"><figure class=\"elementor-image-box-img\"><a href=\"https:\/\/www.guncelozturk.com\/es\/eros-yayi-estetica-labial\/\" tabindex=\"-1\"><img loading=\"lazy\" decoding=\"async\" width=\"236\" height=\"122\" src=\"https:\/\/www.guncelozturk.com\/wp-content\/uploads\/2025\/07\/eros-dudagi.webp\" class=\"attachment-full size-full wp-image-13905\" alt=\"\" title=\"\"><\/a><\/figure><div class=\"elementor-image-box-content\"><h2 class=\"elementor-image-box-title\"><a href=\"https:\/\/www.guncelozturk.com\/es\/eros-yayi-estetica-labial\/\"><div class=\"noise-grid-section\">Eros<\/div> <div class=\"noise-grid-section-v2\">Labio<\/div><\/a><\/h2><p class=\"elementor-image-box-description\">En est\u00e9tica facial, la belleza de los labios es muy... <a class=\"service-custom-link-settings\" href=\"https:\/\/www.guncelozturk.com\/es\/eros-yayi-estetica-labial\/\"> Leer m\u00e1s<\/a><\/p><\/div><\/div>\t\t\t\t<\/div>\n\t\t\t\t<\/div>\n\t\t\t\t<\/div>\n\t\t<div class=\"elementor-element elementor-element-ee1a80c e-con-full e-flex e-con e-child\" data-id=\"ee1a80c\" data-element_type=\"container\" data-e-type=\"container\" data-settings=\"{&quot;background_background&quot;:&quot;classic&quot;}\">\n\t\t\t\t<div class=\"elementor-element elementor-element-476a0fd elementor-position-top elementor-widget elementor-widget-image-box\" data-id=\"476a0fd\" data-element_type=\"widget\" data-e-type=\"widget\" data-settings=\"{&quot;ekit_we_effect_on&quot;:&quot;none&quot;}\" data-widget_type=\"image-box.default\">\n\t\t\t\t<div class=\"elementor-widget-container\">\n\t\t\t\t\t<div class=\"elementor-image-box-wrapper\"><figure class=\"elementor-image-box-img\"><a href=\"https:\/\/www.guncelozturk.com\/es\/relleno-de-labios-hera\/\" tabindex=\"-1\"><img loading=\"lazy\" decoding=\"async\" width=\"236\" height=\"122\" src=\"https:\/\/www.guncelozturk.com\/wp-content\/uploads\/2025\/07\/dudaksanati-1.webp\" class=\"attachment-full size-full wp-image-13907\" alt=\"\" title=\"\"><\/a><\/figure><div class=\"elementor-image-box-content\"><h2 class=\"elementor-image-box-title\"><a href=\"https:\/\/www.guncelozturk.com\/es\/relleno-de-labios-hera\/\"><div class=\"noise-grid-section\">Hera<\/div> <div class=\"noise-grid-section-v2\">Labio<\/div><\/a><\/h2><p class=\"elementor-image-box-description\">La sonrisa es una expresi\u00f3n no verbal en el \u00e1mbito social...<a class=\"service-custom-link-settings\" href=\"\"><\/a>  Leer m\u00e1s<\/a><\/p><\/div><\/div>\t\t\t\t<\/div>\n\t\t\t\t<\/div>\n\t\t\t\t<\/div>\n\t\t\t\t<\/div>\n\t\t\t\t<\/div>\n\t\t\t\t<\/div>\n\t\t\t\t<\/div>\n\t\t\t\t\t<\/div>\n\t\t\t\t<\/div>\n\t\t\t\t<\/div>\n\t\t","protected":false},"excerpt":{"rendered":"<p>Eros Yay\u0131 Est\u00e9tica Labial Ana Sayfa Eros Yay\u0131 Est\u00e9tica de los labios [&hellip;]<\/p>\n","protected":false},"author":1,"featured_media":0,"parent":0,"menu_order":0,"comment_status":"closed","ping_status":"closed","template":"elementor_header_footer","meta":{"footnotes":""},"class_list":["post-19771","page","type-page","status-publish","hentry"],"_links":{"self":[{"href":"https:\/\/www.guncelozturk.com\/es\/wp-json\/wp\/v2\/pages\/19771","targetHints":{"allow":["GET"]}}],"collection":[{"href":"https:\/\/www.guncelozturk.com\/es\/wp-json\/wp\/v2\/pages"}],"about":[{"href":"https:\/\/www.guncelozturk.com\/es\/wp-json\/wp\/v2\/types\/page"}],"author":[{"embeddable":true,"href":"https:\/\/www.guncelozturk.com\/es\/wp-json\/wp\/v2\/users\/1"}],"replies":[{"embeddable":true,"href":"https:\/\/www.guncelozturk.com\/es\/wp-json\/wp\/v2\/comments?post=19771"}],"version-history":[{"count":10,"href":"https:\/\/www.guncelozturk.com\/es\/wp-json\/wp\/v2\/pages\/19771\/revisions"}],"predecessor-version":[{"id":26366,"href":"https:\/\/www.guncelozturk.com\/es\/wp-json\/wp\/v2\/pages\/19771\/revisions\/26366"}],"wp:attachment":[{"href":"https:\/\/www.guncelozturk.com\/es\/wp-json\/wp\/v2\/media?parent=19771"}],"curies":[{"name":"wp","href":"https:\/\/api.w.org\/{rel}","templated":true}]}}