{"id":20355,"date":"2025-07-13T09:59:50","date_gmt":"2025-07-13T09:59:50","guid":{"rendered":"http:\/\/guncelozturk.prdioweb.com\/tratamiento-con-celulas-madre\/"},"modified":"2025-12-15T08:48:03","modified_gmt":"2025-12-15T08:48:03","slug":"tratamiento-con-celulas-madre","status":"publish","type":"page","link":"https:\/\/www.guncelozturk.com\/es\/tratamiento-con-celulas-madre\/","title":{"rendered":"Tratamiento con c\u00e9lulas madre"},"content":{"rendered":"\t\t<div data-elementor-type=\"wp-page\" data-elementor-id=\"20355\" class=\"elementor elementor-20355 elementor-14299\" data-elementor-post-type=\"page\">\n\t\t\t\t<div class=\"elementor-element elementor-element-5f6c221 e-flex e-con-boxed e-con e-parent\" data-id=\"5f6c221\" data-element_type=\"container\" data-e-type=\"container\">\n\t\t\t\t\t<div class=\"e-con-inner\">\n\t\t<div class=\"elementor-element elementor-element-55bc79a bg-section e-flex e-con-boxed e-con e-child\" data-id=\"55bc79a\" data-element_type=\"container\" data-e-type=\"container\" data-settings=\"{&quot;background_background&quot;:&quot;classic&quot;}\">\n\t\t\t\t\t<div class=\"e-con-inner\">\n\t\t\t\t<div class=\"elementor-element elementor-element-b935276 at-heading-animation at-animation-heading-style-3 elementor-widget elementor-widget-heading\" data-id=\"b935276\" data-element_type=\"widget\" data-e-type=\"widget\" data-settings=\"{&quot;ekit_we_effect_on&quot;:&quot;none&quot;}\" data-widget_type=\"heading.default\">\n\t\t\t\t<div class=\"elementor-widget-container\">\n\t\t\t\t\t<h1 class=\"elementor-heading-title elementor-size-default\">Tratamiento con c\u00e9lulas madre\n<\/h1>\t\t\t\t<\/div>\n\t\t\t\t<\/div>\n\t\t\t\t<div class=\"elementor-element elementor-element-cd83ac4 elementor-invisible elementor-widget elementor-widget-elementskit-breadcrumb\" data-id=\"cd83ac4\" data-element_type=\"widget\" data-e-type=\"widget\" data-settings=\"{&quot;_animation&quot;:&quot;fadeInUp&quot;,&quot;ekit_we_effect_on&quot;:&quot;none&quot;}\" data-widget_type=\"elementskit-breadcrumb.default\">\n\t\t\t\t<div class=\"elementor-widget-container\">\n\t\t\t\t\t<div class=\"ekit-wid-con\" ><ol class=\"ekit-breadcrumb\"><li class=\"ekit_breadcrumbs_start\"><a href=\"https:\/\/www.guncelozturk.com\/es\/\">Home<\/a><\/li> <li class=\"brd_sep\"><span class=\"separate_icon\"><svg xmlns=\"http:\/\/www.w3.org\/2000\/svg\" width=\"5\" height=\"11\" viewBox=\"0 0 5 11\"><path d=\"M0 10.4183L1.35051 5.27192L2.70102 0.125522L4.05688 0L1.35586 10.2928L0 10.4183Z\" fill=\"white\"><\/path><\/svg><\/span><\/li>  <li>Tratamiento con c\u00e9lulas madre<\/li><\/ol><\/div>\t\t\t\t<\/div>\n\t\t\t\t<\/div>\n\t\t\t\t\t<\/div>\n\t\t\t\t<\/div>\n\t\t\t\t\t<\/div>\n\t\t\t\t<\/div>\n\t\t<div class=\"elementor-element elementor-element-7185b2e e-flex e-con-boxed e-con e-parent\" data-id=\"7185b2e\" data-element_type=\"container\" data-e-type=\"container\">\n\t\t\t\t\t<div class=\"e-con-inner\">\n\t\t<div class=\"elementor-element elementor-element-a1e7451 e-con-full e-flex e-con e-child\" data-id=\"a1e7451\" data-element_type=\"container\" data-e-type=\"container\">\n\t\t<div class=\"elementor-element elementor-element-a4f5a1c e-con-full sticky-column e-flex elementor-invisible e-con e-child\" data-id=\"a4f5a1c\" data-element_type=\"container\" data-e-type=\"container\" data-settings=\"{&quot;animation&quot;:&quot;fadeInUp&quot;}\">\n\t\t<div class=\"elementor-element elementor-element-fc70a2a e-con-full e-flex e-con e-child\" data-id=\"fc70a2a\" data-element_type=\"container\" data-e-type=\"container\">\n\t\t<div class=\"elementor-element elementor-element-c8a0911 e-con-full e-flex e-con e-child\" data-id=\"c8a0911\" data-element_type=\"container\" data-e-type=\"container\" data-settings=\"{&quot;background_background&quot;:&quot;classic&quot;}\">\n\t\t\t\t<div class=\"elementor-element elementor-element-8911a93 elementor-widget elementor-widget-spacer\" data-id=\"8911a93\" data-element_type=\"widget\" data-e-type=\"widget\" data-settings=\"{&quot;ekit_we_effect_on&quot;:&quot;none&quot;}\" data-widget_type=\"spacer.default\">\n\t\t\t\t<div class=\"elementor-widget-container\">\n\t\t\t\t\t\t\t<div class=\"elementor-spacer\">\n\t\t\t<div class=\"elementor-spacer-inner\"><\/div>\n\t\t<\/div>\n\t\t\t\t\t\t<\/div>\n\t\t\t\t<\/div>\n\t\t\t\t<\/div>\n\t\t\t\t<\/div>\n\t\t<div class=\"elementor-element elementor-element-747a9e2 e-con-full e-flex e-con e-child\" data-id=\"747a9e2\" data-element_type=\"container\" data-e-type=\"container\" data-settings=\"{&quot;background_background&quot;:&quot;classic&quot;}\">\n\t\t\t\t<div class=\"elementor-element elementor-element-ea6f03e elementor-widget elementor-widget-html\" data-id=\"ea6f03e\" data-element_type=\"widget\" data-e-type=\"widget\" data-settings=\"{&quot;ekit_we_effect_on&quot;:&quot;none&quot;}\" data-widget_type=\"html.default\">\n\t\t\t\t<div class=\"elementor-widget-container\">\n\t\t\t\t\t<iframe aria-label=\"YK - WhatsApp - guncelozturk.com Banner TR (New Website)\" frameborder=\"0\" style=\"height:500px;width:99%;border:none;\" src=\"https:\/\/forms.zohopublic.eu\/doctorgo\/form\/YKWhatsAppguncelozturkcomBannerESNewWebsite\/formperma\/oinmpuKDl5BEPFvGpEt0BAF6rcAlr2ultScVu4NE0gw\"><\/iframe>\t\t\t\t<\/div>\n\t\t\t\t<\/div>\n\t\t\t\t<\/div>\n\t\t\t\t<\/div>\n\t\t\t\t<\/div>\n\t\t<div class=\"elementor-element elementor-element-eea782d e-con-full e-flex e-con e-child\" data-id=\"eea782d\" data-element_type=\"container\" data-e-type=\"container\">\n\t\t<div class=\"elementor-element elementor-element-6f015ed e-con-full bg-section v2 e-flex e-con e-child\" data-id=\"6f015ed\" data-element_type=\"container\" data-e-type=\"container\" data-settings=\"{&quot;background_background&quot;:&quot;classic&quot;}\">\n\t\t<div class=\"elementor-element elementor-element-97d379b e-con-full e-flex e-con e-child\" data-id=\"97d379b\" data-element_type=\"container\" data-e-type=\"container\">\n\t\t\t\t<div class=\"elementor-element elementor-element-9ac747c at-heading-animation at-animation-heading-style-3 elementor-widget elementor-widget-heading\" data-id=\"9ac747c\" data-element_type=\"widget\" data-e-type=\"widget\" data-settings=\"{&quot;ekit_we_effect_on&quot;:&quot;none&quot;}\" data-widget_type=\"heading.default\">\n\t\t\t\t<div class=\"elementor-widget-container\">\n\t\t\t\t\t<h2 class=\"elementor-heading-title elementor-size-default\">Tratamiento de rejuvenecimiento cut\u00e1neo con c\u00e9lulas madre<\/h2>\t\t\t\t<\/div>\n\t\t\t\t<\/div>\n\t\t\t\t<div class=\"elementor-element elementor-element-abd6eb5 elementor-invisible elementor-widget elementor-widget-text-editor\" data-id=\"abd6eb5\" data-element_type=\"widget\" data-e-type=\"widget\" data-settings=\"{&quot;_animation&quot;:&quot;fadeInUp&quot;,&quot;ekit_we_effect_on&quot;:&quot;none&quot;}\" data-widget_type=\"text-editor.default\">\n\t\t\t\t<div class=\"elementor-widget-container\">\n\t\t\t\t\t\t\t\t\t<p>El tratamiento con c\u00e9lulas madre es uno de los m\u00e9todos que m\u00e1s inter\u00e9s ha suscitado en los \u00faltimos a\u00f1os en el campo de la est\u00e9tica y el rejuvenecimiento cut\u00e1neo. Este tratamiento, aplicado por el Dr. G\u00fcncel \u00d6zt\u00fcrk, es un enfoque innovador que se utiliza para ralentizar el proceso de envejecimiento y conseguir que la piel luzca m\u00e1s joven, brillante y firme.  <\/p>\t\t\t\t\t\t\t\t<\/div>\n\t\t\t\t<\/div>\n\t\t\t\t<div class=\"elementor-element elementor-element-aba2239 elementor-widget elementor-widget-video\" data-id=\"aba2239\" data-element_type=\"widget\" data-e-type=\"widget\" data-settings=\"{&quot;video_type&quot;:&quot;hosted&quot;,&quot;controls&quot;:&quot;yes&quot;,&quot;ekit_we_effect_on&quot;:&quot;none&quot;}\" data-widget_type=\"video.default\">\n\t\t\t\t<div class=\"elementor-widget-container\">\n\t\t\t\t\t\t\t<div class=\"e-hosted-video elementor-wrapper elementor-open-inline\">\n\t\t\t\t\t<video class=\"elementor-video\" src=\"http:\/\/guncelozturk.prdioweb.com\/wp-content\/uploads\/2025\/07\/Adsiz-tasarim.mp4\" controls=\"\" preload=\"metadata\" controlsList=\"nodownload\"><\/video>\n\t\t\t\t<\/div>\n\t\t\t\t\t\t<\/div>\n\t\t\t\t<\/div>\n\t\t\t\t<\/div>\n\t\t\t\t<\/div>\n\t\t<div class=\"elementor-element elementor-element-d37cbb5 e-con-full bg-section v2 e-flex e-con e-child\" data-id=\"d37cbb5\" data-element_type=\"container\" data-e-type=\"container\" data-settings=\"{&quot;background_background&quot;:&quot;classic&quot;}\">\n\t\t<div class=\"elementor-element elementor-element-4129b88 e-con-full e-flex e-con e-child\" data-id=\"4129b88\" data-element_type=\"container\" data-e-type=\"container\">\n\t\t\t\t<div class=\"elementor-element elementor-element-3a7c8f5 at-heading-animation at-animation-heading-style-3 elementor-widget elementor-widget-heading\" data-id=\"3a7c8f5\" data-element_type=\"widget\" data-e-type=\"widget\" data-settings=\"{&quot;ekit_we_effect_on&quot;:&quot;none&quot;}\" data-widget_type=\"heading.default\">\n\t\t\t\t<div class=\"elementor-widget-container\">\n\t\t\t\t\t<h5 class=\"elementor-heading-title elementor-size-default\">\u00bfQu\u00e9 es la terapia con c\u00e9lulas madre?\n\n<\/h5>\t\t\t\t<\/div>\n\t\t\t\t<\/div>\n\t\t\t\t<div class=\"elementor-element elementor-element-7af34c0 elementor-invisible elementor-widget elementor-widget-text-editor\" data-id=\"7af34c0\" data-element_type=\"widget\" data-e-type=\"widget\" data-settings=\"{&quot;_animation&quot;:&quot;fadeInUp&quot;,&quot;ekit_we_effect_on&quot;:&quot;none&quot;}\" data-widget_type=\"text-editor.default\">\n\t\t\t\t<div class=\"elementor-widget-container\">\n\t\t\t\t\t\t\t\t\t<p>Las c\u00e9lulas madre son c\u00e9lulas especiales que poseen la capacidad de regenerar el cuerpo humano. Las c\u00e9lulas madre mesenquimales, obtenidas especialmente del tejido adiposo, son eficaces en aplicaciones est\u00e9ticas para reducir los signos de envejecimiento de la piel. Las c\u00e9lulas madre extra\u00eddas del tejido adiposo se transforman en fibroblastos, lo que aumenta la producci\u00f3n de col\u00e1geno en la piel. El col\u00e1geno desempe\u00f1a un papel fundamental en el mantenimiento de la firmeza y la suavidad de la piel, y su producci\u00f3n, que disminuye con el tiempo, provoca la aparici\u00f3n de arrugas y flacidez.   <\/p>\t\t\t\t\t\t\t\t<\/div>\n\t\t\t\t<\/div>\n\t\t\t\t<\/div>\n\t\t\t\t<\/div>\n\t\t<div class=\"elementor-element elementor-element-8a9acf1 e-con-full bg-section v2 e-flex e-con e-child\" data-id=\"8a9acf1\" data-element_type=\"container\" data-e-type=\"container\" data-settings=\"{&quot;background_background&quot;:&quot;classic&quot;}\">\n\t\t<div class=\"elementor-element elementor-element-be1dc74 e-con-full e-flex e-con e-child\" data-id=\"be1dc74\" data-element_type=\"container\" data-e-type=\"container\">\n\t\t\t\t<div class=\"elementor-element elementor-element-2e02b43 at-heading-animation at-animation-heading-style-3 elementor-widget elementor-widget-heading\" data-id=\"2e02b43\" data-element_type=\"widget\" data-e-type=\"widget\" data-settings=\"{&quot;ekit_we_effect_on&quot;:&quot;none&quot;}\" data-widget_type=\"heading.default\">\n\t\t\t\t<div class=\"elementor-widget-container\">\n\t\t\t\t\t<h5 class=\"elementor-heading-title elementor-size-default\">Ventajas del tratamiento con c\u00e9lulas madre\n\n<\/h5>\t\t\t\t<\/div>\n\t\t\t\t<\/div>\n\t\t\t\t<div class=\"elementor-element elementor-element-0299f32 elementor-invisible elementor-widget elementor-widget-text-editor\" data-id=\"0299f32\" data-element_type=\"widget\" data-e-type=\"widget\" data-settings=\"{&quot;_animation&quot;:&quot;fadeInUp&quot;,&quot;ekit_we_effect_on&quot;:&quot;none&quot;}\" data-widget_type=\"text-editor.default\">\n\t\t\t\t<div class=\"elementor-widget-container\">\n\t\t\t\t\t\t\t\t\t<ul><li aria-level=\"1\"><b>Aumenta la producci\u00f3n de col\u00e1geno: <\/b>Renueva la piel al corregir la deficiencia de col\u00e1geno, uno de los principales causantes de los signos del envejecimiento.<\/li><li aria-level=\"1\"><b>Reduce las arrugas: <\/b>devuelve la elasticidad a la piel y elimina las l\u00edneas de expresi\u00f3n y las arrugas.<\/li><li aria-level=\"1\"><b>Unifica el tono de la piel: <\/b>Elimina las manchas solares, las manchas posparto y las irregularidades en el tono de la piel causadas por el consumo de tabaco.<\/li><li aria-level=\"1\"><b>Efecto a largo plazo: <\/b>El efecto de las c\u00e9lulas madre en la zona tratada puede durar a\u00f1os.<\/li><li aria-level=\"1\"><b>Recuperaci\u00f3n r\u00e1pida: <\/b>Tras la intervenci\u00f3n se produce un proceso de recuperaci\u00f3n r\u00e1pido, y los pacientes pueden volver a su vida normal en poco tiempo.<\/li><\/ul>\t\t\t\t\t\t\t\t<\/div>\n\t\t\t\t<\/div>\n\t\t\t\t<\/div>\n\t\t\t\t<\/div>\n\t\t<div class=\"elementor-element elementor-element-d9c4cdc e-con-full bg-section v2 e-flex e-con e-child\" data-id=\"d9c4cdc\" data-element_type=\"container\" data-e-type=\"container\" data-settings=\"{&quot;background_background&quot;:&quot;classic&quot;}\">\n\t\t<div class=\"elementor-element elementor-element-5345156 e-con-full e-flex e-con e-child\" data-id=\"5345156\" data-element_type=\"container\" data-e-type=\"container\">\n\t\t\t\t<div class=\"elementor-element elementor-element-3a63496 at-heading-animation at-animation-heading-style-3 elementor-widget elementor-widget-heading\" data-id=\"3a63496\" data-element_type=\"widget\" data-e-type=\"widget\" data-settings=\"{&quot;ekit_we_effect_on&quot;:&quot;none&quot;}\" data-widget_type=\"heading.default\">\n\t\t\t\t<div class=\"elementor-widget-container\">\n\t\t\t\t\t<h5 class=\"elementor-heading-title elementor-size-default\">\u00bfPara qui\u00e9n es adecuado el tratamiento?\n\n<\/h5>\t\t\t\t<\/div>\n\t\t\t\t<\/div>\n\t\t\t\t<div class=\"elementor-element elementor-element-faa20d2 elementor-invisible elementor-widget elementor-widget-text-editor\" data-id=\"faa20d2\" data-element_type=\"widget\" data-e-type=\"widget\" data-settings=\"{&quot;_animation&quot;:&quot;fadeInUp&quot;,&quot;ekit_we_effect_on&quot;:&quot;none&quot;}\" data-widget_type=\"text-editor.default\">\n\t\t\t\t<div class=\"elementor-widget-container\">\n\t\t\t\t\t\t\t\t\tEste tratamiento se aplica especialmente en personas mayores de 30 a\u00f1os con el objetivo de rejuvenecer la piel. Es ideal para personas que sufren de arrugas, flacidez y manchas visibles en la piel. Adem\u00e1s, es uno de los m\u00e9todos m\u00e1s adecuados para pacientes que no desean someterse a una intervenci\u00f3n quir\u00fargica o que prefieren m\u00e9todos naturales.  \n\n\t\t\t\t\t\t\t\t<\/div>\n\t\t\t\t<\/div>\n\t\t\t\t<\/div>\n\t\t\t\t<\/div>\n\t\t<div class=\"elementor-element elementor-element-aad9a09 e-con-full bg-section v2 e-flex e-con e-child\" data-id=\"aad9a09\" data-element_type=\"container\" data-e-type=\"container\" data-settings=\"{&quot;background_background&quot;:&quot;classic&quot;}\">\n\t\t<div class=\"elementor-element elementor-element-8bad6aa e-con-full e-flex e-con e-child\" data-id=\"8bad6aa\" data-element_type=\"container\" data-e-type=\"container\">\n\t\t\t\t<div class=\"elementor-element elementor-element-89e8395 at-heading-animation at-animation-heading-style-3 elementor-widget elementor-widget-heading\" data-id=\"89e8395\" data-element_type=\"widget\" data-e-type=\"widget\" data-settings=\"{&quot;ekit_we_effect_on&quot;:&quot;none&quot;}\" data-widget_type=\"heading.default\">\n\t\t\t\t<div class=\"elementor-widget-container\">\n\t\t\t\t\t<h5 class=\"elementor-heading-title elementor-size-default\">\u00bfEl tratamiento con c\u00e9lulas madre aplicado en el rostro se utiliza solo para rejuvenecer?\n\n<\/h5>\t\t\t\t<\/div>\n\t\t\t\t<\/div>\n\t\t\t\t<div class=\"elementor-element elementor-element-d515a7a elementor-invisible elementor-widget elementor-widget-text-editor\" data-id=\"d515a7a\" data-element_type=\"widget\" data-e-type=\"widget\" data-settings=\"{&quot;_animation&quot;:&quot;fadeInUp&quot;,&quot;ekit_we_effect_on&quot;:&quot;none&quot;}\" data-widget_type=\"text-editor.default\">\n\t\t\t\t<div class=\"elementor-widget-container\">\n\t\t\t\t\t\t\t\t\tEste m\u00e9todo no solo se utiliza para rejuvenecer, sino que tambi\u00e9n es eficaz en el tratamiento de muchos problemas cut\u00e1neos y subcut\u00e1neos, como marcas de acn\u00e9, manchas solares, poros dilatados, cicatrices de heridas y cortes, y flacidez de la piel.\n\n\t\t\t\t\t\t\t\t<\/div>\n\t\t\t\t<\/div>\n\t\t\t\t<\/div>\n\t\t\t\t<\/div>\n\t\t<div class=\"elementor-element elementor-element-ddda6d6 e-con-full bg-section v2 e-flex e-con e-child\" data-id=\"ddda6d6\" data-element_type=\"container\" data-e-type=\"container\" data-settings=\"{&quot;background_background&quot;:&quot;classic&quot;}\">\n\t\t<div class=\"elementor-element elementor-element-a2a5317 e-con-full e-flex e-con e-child\" data-id=\"a2a5317\" data-element_type=\"container\" data-e-type=\"container\">\n\t\t\t\t<div class=\"elementor-element elementor-element-da03114 at-heading-animation at-animation-heading-style-3 elementor-widget elementor-widget-heading\" data-id=\"da03114\" data-element_type=\"widget\" data-e-type=\"widget\" data-settings=\"{&quot;ekit_we_effect_on&quot;:&quot;none&quot;}\" data-widget_type=\"heading.default\">\n\t\t\t\t<div class=\"elementor-widget-container\">\n\t\t\t\t\t<h5 class=\"elementor-heading-title elementor-size-default\">Proceso de tratamiento y postratamiento\n\n<\/h5>\t\t\t\t<\/div>\n\t\t\t\t<\/div>\n\t\t\t\t<div class=\"elementor-element elementor-element-caa20f6 elementor-invisible elementor-widget elementor-widget-text-editor\" data-id=\"caa20f6\" data-element_type=\"widget\" data-e-type=\"widget\" data-settings=\"{&quot;_animation&quot;:&quot;fadeInUp&quot;,&quot;ekit_we_effect_on&quot;:&quot;none&quot;}\" data-widget_type=\"text-editor.default\">\n\t\t\t\t<div class=\"elementor-widget-container\">\n\t\t\t\t\t\t\t\t\t<p>Los resultados del tratamiento con c\u00e9lulas madre suelen empezar a notarse al cabo de unas semanas. Se observa una firmeza y luminosidad naturales en la piel. Los resultados obtenidos tras el tratamiento son duraderos y, dependiendo del cuidado que el paciente dedique a su piel, pueden mantenerse durante a\u00f1os. Durante este tiempo, la piel conserva su aspecto joven.   <\/p><p>La experiencia del Dr. G\u00fcncel \u00d6zt\u00fcrk en cirug\u00eda est\u00e9tica le permite planificar tratamientos con c\u00e9lulas madre personalizados para cada paciente. Tras realizar an\u00e1lisis detallados previos al tratamiento, se elabora el protocolo terap\u00e9utico m\u00e1s adecuado teniendo en cuenta el tipo de piel, la edad y las necesidades de cada paciente.  <\/p><p>Para obtener m\u00e1s informaci\u00f3n sobre el tratamiento con c\u00e9lulas madre y beneficiarse de la opini\u00f3n experta del Dr. G\u00fcncel \u00d6zt\u00fcrk, puede ponerse en contacto con nuestra cl\u00ednica. <\/p>\t\t\t\t\t\t\t\t<\/div>\n\t\t\t\t<\/div>\n\t\t\t\t<\/div>\n\t\t\t\t<\/div>\n\t\t<div class=\"elementor-element elementor-element-9fb1944 e-con-full bg-section v2 e-flex e-con e-child\" data-id=\"9fb1944\" data-element_type=\"container\" data-e-type=\"container\" data-settings=\"{&quot;background_background&quot;:&quot;classic&quot;}\">\n\t\t<div class=\"elementor-element elementor-element-b0610cd bg-section e-con-full e-flex e-con e-child\" data-id=\"b0610cd\" data-element_type=\"container\" data-e-type=\"container\" data-settings=\"{&quot;background_background&quot;:&quot;classic&quot;}\">\n\t\t<div class=\"elementor-element elementor-element-a37a0f1 e-con-full e-flex e-con e-child\" data-id=\"a37a0f1\" data-element_type=\"container\" data-e-type=\"container\">\n\t\t<div class=\"elementor-element elementor-element-0aee963 e-con-full e-flex e-con e-child\" data-id=\"0aee963\" data-element_type=\"container\" data-e-type=\"container\">\n\t\t\t\t<div class=\"elementor-element elementor-element-7a93bba at-heading-animation at-animation-heading-none elementor-widget elementor-widget-elementskit-heading\" data-id=\"7a93bba\" data-element_type=\"widget\" data-e-type=\"widget\" data-settings=\"{&quot;ekit_we_effect_on&quot;:&quot;none&quot;}\" data-widget_type=\"elementskit-heading.default\">\n\t\t\t\t<div class=\"elementor-widget-container\">\n\t\t\t\t\t<div class=\"ekit-wid-con\" ><div class=\"ekit-heading elementskit-section-title-wraper text_center   ekit_heading_tablet-   ekit_heading_mobile-\"><div class=\"ekit-heading--title elementskit-section-title \"><div class=\"let-down-title-v1\">T\u00e9cnicas quir\u00fargicas desarrolladas<\/div>  <div class=\"let-down-title-v3\">Publicado en las revistas internacionales m\u00e1s prestigiosas<\/div>  <\/div><\/div><\/div>\t\t\t\t<\/div>\n\t\t\t\t<\/div>\n\t\t\t\t<div class=\"elementor-element elementor-element-a536e5a slider-button-1 elementor-align-center elementor-invisible elementor-widget elementor-widget-button\" data-id=\"a536e5a\" data-element_type=\"widget\" data-e-type=\"widget\" data-settings=\"{&quot;_animation&quot;:&quot;fadeInUp&quot;,&quot;_animation_delay&quot;:300,&quot;ekit_we_effect_on&quot;:&quot;none&quot;}\" data-widget_type=\"button.default\">\n\t\t\t\t<div class=\"elementor-widget-container\">\n\t\t\t\t\t\t\t\t\t<div class=\"elementor-button-wrapper\">\n\t\t\t\t\t<a class=\"elementor-button elementor-button-link elementor-size-sm\" href=\"http:\/\/guncelozturk.prdioweb.com\/es\/quienes-somos\/#bilimsel-makaleler\" target=\"_blank\" rel=\"noopener\">\n\t\t\t\t\t\t<span class=\"elementor-button-content-wrapper\">\n\t\t\t\t\t\t\t\t\t<span class=\"elementor-button-text\">Art\u00edculos cient\u00edficos<\/span>\n\t\t\t\t\t<\/span>\n\t\t\t\t\t<\/a>\n\t\t\t\t<\/div>\n\t\t\t\t\t\t\t\t<\/div>\n\t\t\t\t<\/div>\n\t\t\t\t<\/div>\n\t\t\t\t<\/div>\n\t\t<div class=\"elementor-element elementor-element-babb56c e-con-full e-flex e-con e-child\" data-id=\"babb56c\" data-element_type=\"container\" data-e-type=\"container\">\n\t\t\t\t<div class=\"elementor-element elementor-element-bd22234 at-image-animation at-animation-image-none elementor-widget elementor-widget-image\" data-id=\"bd22234\" data-element_type=\"widget\" data-e-type=\"widget\" data-settings=\"{&quot;ekit_we_effect_on&quot;:&quot;none&quot;}\" data-widget_type=\"image.default\">\n\t\t\t\t<div class=\"elementor-widget-container\">\n\t\t\t\t\t\t\t\t\t\t\t\t\t\t\t<img decoding=\"async\" src=\"https:\/\/www.guncelozturk.com\/wp-content\/uploads\/elementor\/thumbs\/12-1-r8ixa4zeetaxudxvxf3jg7d7emwskski2mf99qphnu.webp\" title=\"12\" alt=\"12\" loading=\"lazy\" \/>\t\t\t\t\t\t\t\t\t\t\t\t\t\t\t<\/div>\n\t\t\t\t<\/div>\n\t\t\t\t<\/div>\n\t\t\t\t<\/div>\n\t\t\t\t<\/div>\n\t\t\t\t<\/div>\n\t\t\t\t\t<\/div>\n\t\t\t\t<\/div>\n\t\t\t\t<\/div>\n\t\t","protected":false},"excerpt":{"rendered":"<p>Tratamiento con c\u00e9lulas madre Ana Sayfa Tratamiento de rejuvenecimiento cut\u00e1neo con c\u00e9lulas [&hellip;]<\/p>\n","protected":false},"author":1,"featured_media":0,"parent":0,"menu_order":0,"comment_status":"closed","ping_status":"closed","template":"","meta":{"footnotes":""},"class_list":["post-20355","page","type-page","status-publish","hentry"],"_links":{"self":[{"href":"https:\/\/www.guncelozturk.com\/es\/wp-json\/wp\/v2\/pages\/20355","targetHints":{"allow":["GET"]}}],"collection":[{"href":"https:\/\/www.guncelozturk.com\/es\/wp-json\/wp\/v2\/pages"}],"about":[{"href":"https:\/\/www.guncelozturk.com\/es\/wp-json\/wp\/v2\/types\/page"}],"author":[{"embeddable":true,"href":"https:\/\/www.guncelozturk.com\/es\/wp-json\/wp\/v2\/users\/1"}],"replies":[{"embeddable":true,"href":"https:\/\/www.guncelozturk.com\/es\/wp-json\/wp\/v2\/comments?post=20355"}],"version-history":[{"count":3,"href":"https:\/\/www.guncelozturk.com\/es\/wp-json\/wp\/v2\/pages\/20355\/revisions"}],"predecessor-version":[{"id":30792,"href":"https:\/\/www.guncelozturk.com\/es\/wp-json\/wp\/v2\/pages\/20355\/revisions\/30792"}],"wp:attachment":[{"href":"https:\/\/www.guncelozturk.com\/es\/wp-json\/wp\/v2\/media?parent=20355"}],"curies":[{"name":"wp","href":"https:\/\/api.w.org\/{rel}","templated":true}]}}