{"id":21226,"date":"2025-07-15T21:26:08","date_gmt":"2025-07-15T21:26:08","guid":{"rendered":"http:\/\/guncelozturk.prdioweb.com\/labio-de-venus\/"},"modified":"2025-12-15T08:12:11","modified_gmt":"2025-12-15T08:12:11","slug":"labio-de-venus","status":"publish","type":"page","link":"https:\/\/www.guncelozturk.com\/es\/labio-de-venus\/","title":{"rendered":"Labio de Venus"},"content":{"rendered":"\t\t<div data-elementor-type=\"wp-page\" data-elementor-id=\"21226\" class=\"elementor elementor-21226 elementor-16280\" data-elementor-post-type=\"page\">\n\t\t\t\t<div class=\"elementor-element elementor-element-5f6c221 e-flex e-con-boxed e-con e-parent\" data-id=\"5f6c221\" data-element_type=\"container\" data-e-type=\"container\">\n\t\t\t\t\t<div class=\"e-con-inner\">\n\t\t<div class=\"elementor-element elementor-element-55bc79a bg-section e-flex e-con-boxed e-con e-child\" data-id=\"55bc79a\" data-element_type=\"container\" data-e-type=\"container\" data-settings=\"{&quot;background_background&quot;:&quot;classic&quot;}\">\n\t\t\t\t\t<div class=\"e-con-inner\">\n\t\t\t\t<div class=\"elementor-element elementor-element-b935276 at-heading-animation at-animation-heading-style-3 elementor-widget elementor-widget-heading\" data-id=\"b935276\" data-element_type=\"widget\" data-e-type=\"widget\" data-settings=\"{&quot;ekit_we_effect_on&quot;:&quot;none&quot;}\" data-widget_type=\"heading.default\">\n\t\t\t\t<div class=\"elementor-widget-container\">\n\t\t\t\t\t<h1 class=\"elementor-heading-title elementor-size-default\">Labio de Venus\n<\/h1>\t\t\t\t<\/div>\n\t\t\t\t<\/div>\n\t\t\t\t<div class=\"elementor-element elementor-element-cd83ac4 elementor-invisible elementor-widget elementor-widget-elementskit-breadcrumb\" data-id=\"cd83ac4\" data-element_type=\"widget\" data-e-type=\"widget\" data-settings=\"{&quot;_animation&quot;:&quot;fadeInUp&quot;,&quot;ekit_we_effect_on&quot;:&quot;none&quot;}\" data-widget_type=\"elementskit-breadcrumb.default\">\n\t\t\t\t<div class=\"elementor-widget-container\">\n\t\t\t\t\t<div class=\"ekit-wid-con\" ><ol class=\"ekit-breadcrumb\"><li class=\"ekit_breadcrumbs_start\"><a href=\"https:\/\/www.guncelozturk.com\/es\/\">Home<\/a><\/li> <li class=\"brd_sep\"><span class=\"separate_icon\"><svg xmlns=\"http:\/\/www.w3.org\/2000\/svg\" width=\"5\" height=\"11\" viewBox=\"0 0 5 11\"><path d=\"M0 10.4183L1.35051 5.27192L2.70102 0.125522L4.05688 0L1.35586 10.2928L0 10.4183Z\" fill=\"white\"><\/path><\/svg><\/span><\/li>  <li>Labio de Venus<\/li><\/ol><\/div>\t\t\t\t<\/div>\n\t\t\t\t<\/div>\n\t\t\t\t\t<\/div>\n\t\t\t\t<\/div>\n\t\t\t\t\t<\/div>\n\t\t\t\t<\/div>\n\t\t<div class=\"elementor-element elementor-element-7185b2e e-flex e-con-boxed e-con e-parent\" data-id=\"7185b2e\" data-element_type=\"container\" data-e-type=\"container\">\n\t\t\t\t\t<div class=\"e-con-inner\">\n\t\t<div class=\"elementor-element elementor-element-a1e7451 e-con-full e-flex e-con e-child\" data-id=\"a1e7451\" data-element_type=\"container\" data-e-type=\"container\" id=\"offer-form\">\n\t\t<div class=\"elementor-element elementor-element-a4f5a1c e-con-full sticky-column e-flex elementor-invisible e-con e-child\" data-id=\"a4f5a1c\" data-element_type=\"container\" data-e-type=\"container\" data-settings=\"{&quot;animation&quot;:&quot;fadeInUp&quot;}\">\n\t\t<div class=\"elementor-element elementor-element-fc70a2a e-con-full e-flex e-con e-child\" data-id=\"fc70a2a\" data-element_type=\"container\" data-e-type=\"container\">\n\t\t<div class=\"elementor-element elementor-element-c8a0911 e-con-full e-flex e-con e-child\" data-id=\"c8a0911\" data-element_type=\"container\" data-e-type=\"container\" data-settings=\"{&quot;background_background&quot;:&quot;classic&quot;}\">\n\t\t\t\t<div class=\"elementor-element elementor-element-8911a93 elementor-widget elementor-widget-spacer\" data-id=\"8911a93\" data-element_type=\"widget\" data-e-type=\"widget\" data-settings=\"{&quot;ekit_we_effect_on&quot;:&quot;none&quot;}\" data-widget_type=\"spacer.default\">\n\t\t\t\t<div class=\"elementor-widget-container\">\n\t\t\t\t\t\t\t<div class=\"elementor-spacer\">\n\t\t\t<div class=\"elementor-spacer-inner\"><\/div>\n\t\t<\/div>\n\t\t\t\t\t\t<\/div>\n\t\t\t\t<\/div>\n\t\t\t\t<\/div>\n\t\t\t\t<\/div>\n\t\t<div class=\"elementor-element elementor-element-747a9e2 e-con-full e-flex e-con e-child\" data-id=\"747a9e2\" data-element_type=\"container\" data-e-type=\"container\" data-settings=\"{&quot;background_background&quot;:&quot;classic&quot;}\">\n\t\t\t\t<div class=\"elementor-element elementor-element-3c372d4 elementor-widget elementor-widget-html\" data-id=\"3c372d4\" data-element_type=\"widget\" data-e-type=\"widget\" data-settings=\"{&quot;ekit_we_effect_on&quot;:&quot;none&quot;}\" data-widget_type=\"html.default\">\n\t\t\t\t<div class=\"elementor-widget-container\">\n\t\t\t\t\t<iframe aria-label='YK - WhatsApp - guncelozturk.com Banner ES (New Website)' frameborder=\"0\" style=\"height:500px;width:99%;border:none;\" src='https:\/\/forms.zohopublic.eu\/doctorgo\/form\/YKWhatsAppguncelozturkcomBannerESNewWebsite\/formperma\/oinmpuKDl5BEPFvGpEt0BAF6rcAlr2ultScVu4NE0gw'><\/iframe>\t\t\t\t<\/div>\n\t\t\t\t<\/div>\n\t\t\t\t<\/div>\n\t\t\t\t<\/div>\n\t\t\t\t<\/div>\n\t\t<div class=\"elementor-element elementor-element-eea782d e-con-full e-flex e-con e-child\" data-id=\"eea782d\" data-element_type=\"container\" data-e-type=\"container\">\n\t\t<div class=\"elementor-element elementor-element-6f015ed e-con-full bg-section v2 e-flex e-con e-child\" data-id=\"6f015ed\" data-element_type=\"container\" data-e-type=\"container\" data-settings=\"{&quot;background_background&quot;:&quot;classic&quot;}\">\n\t\t<div class=\"elementor-element elementor-element-97d379b e-con-full e-flex e-con e-child\" data-id=\"97d379b\" data-element_type=\"container\" data-e-type=\"container\">\n\t\t\t\t<div class=\"elementor-element elementor-element-9ac747c at-heading-animation at-animation-heading-style-3 elementor-widget elementor-widget-heading\" data-id=\"9ac747c\" data-element_type=\"widget\" data-e-type=\"widget\" data-settings=\"{&quot;ekit_we_effect_on&quot;:&quot;none&quot;}\" data-widget_type=\"heading.default\">\n\t\t\t\t<div class=\"elementor-widget-container\">\n\t\t\t\t\t<h2 class=\"elementor-heading-title elementor-size-default\">Labio de Venus\n<\/h2>\t\t\t\t<\/div>\n\t\t\t\t<\/div>\n\t\t\t\t<div class=\"elementor-element elementor-element-abd6eb5 elementor-invisible elementor-widget elementor-widget-text-editor\" data-id=\"abd6eb5\" data-element_type=\"widget\" data-e-type=\"widget\" data-settings=\"{&quot;_animation&quot;:&quot;fadeInUp&quot;,&quot;ekit_we_effect_on&quot;:&quot;none&quot;}\" data-widget_type=\"text-editor.default\">\n\t\t\t\t<div class=\"elementor-widget-container\">\n\t\t\t\t\t\t\t\t\t<p>El labio de Venus es una de las formas de labios ideales aceptadas desde la antig\u00fcedad. Los labios Venus son labios que se ajustan a los c\u00e1lculos de la proporci\u00f3n \u00e1urea. En el relleno de labios Venus, la forma de los labios se determina mediante c\u00e1lculos de la proporci\u00f3n \u00e1urea. El ancho de la boca debe ser peque\u00f1o y ajustarse a las medidas, y los labios superior e inferior deben ser proporcionales entre s\u00ed. El labio inferior puede ser m\u00e1s voluminoso que el superior. La l\u00ednea de los labios, especialmente la del labio superior, debe ser curvada, pronunciada y sim\u00e9trica.     <\/p>\t\t\t\t\t\t\t\t<\/div>\n\t\t\t\t<\/div>\n\t\t\t\t<div class=\"elementor-element elementor-element-ac05b0e elementor-widget elementor-widget-video\" data-id=\"ac05b0e\" data-element_type=\"widget\" data-e-type=\"widget\" data-settings=\"{&quot;youtube_url&quot;:&quot;https:\\\/\\\/www.youtube.com\\\/watch?v=hyX_ttz8kTM&quot;,&quot;video_type&quot;:&quot;youtube&quot;,&quot;controls&quot;:&quot;yes&quot;,&quot;ekit_we_effect_on&quot;:&quot;none&quot;}\" data-widget_type=\"video.default\">\n\t\t\t\t<div class=\"elementor-widget-container\">\n\t\t\t\t\t\t\t<div class=\"elementor-wrapper elementor-open-inline\">\n\t\t\t<div class=\"elementor-video\"><\/div>\t\t<\/div>\n\t\t\t\t\t\t<\/div>\n\t\t\t\t<\/div>\n\t\t\t\t<\/div>\n\t\t\t\t<div class=\"elementor-element elementor-element-30e9ffa elementor-hidden-desktop elementor-hidden-tablet elementor-widget elementor-widget-html\" data-id=\"30e9ffa\" data-element_type=\"widget\" data-e-type=\"widget\" data-settings=\"{&quot;ekit_we_effect_on&quot;:&quot;none&quot;}\" data-widget_type=\"html.default\">\n\t\t\t\t<div class=\"elementor-widget-container\">\n\t\t\t\t\t<a class=\"offer-button\" href=\"#offer-form\">\r\n  Contacta con nosotros<\/a>\t\t\t\t<\/div>\n\t\t\t\t<\/div>\n\t\t\t\t<\/div>\n\t\t<div class=\"elementor-element elementor-element-d37cbb5 e-con-full bg-section v2 e-flex e-con e-child\" data-id=\"d37cbb5\" data-element_type=\"container\" data-e-type=\"container\" data-settings=\"{&quot;background_background&quot;:&quot;classic&quot;}\">\n\t\t<div class=\"elementor-element elementor-element-4129b88 e-con-full e-flex e-con e-child\" data-id=\"4129b88\" data-element_type=\"container\" data-e-type=\"container\">\n\t\t\t\t<div class=\"elementor-element elementor-element-3a7c8f5 at-heading-animation at-animation-heading-style-3 elementor-widget elementor-widget-heading\" data-id=\"3a7c8f5\" data-element_type=\"widget\" data-e-type=\"widget\" data-settings=\"{&quot;ekit_we_effect_on&quot;:&quot;none&quot;}\" data-widget_type=\"heading.default\">\n\t\t\t\t<div class=\"elementor-widget-container\">\n\t\t\t\t\t<h3 class=\"elementor-heading-title elementor-size-default\">\u00bfA qui\u00e9nes se les realiza el relleno de labios?\n<\/h3>\t\t\t\t<\/div>\n\t\t\t\t<\/div>\n\t\t\t\t<div class=\"elementor-element elementor-element-7af34c0 elementor-invisible elementor-widget elementor-widget-text-editor\" data-id=\"7af34c0\" data-element_type=\"widget\" data-e-type=\"widget\" data-settings=\"{&quot;_animation&quot;:&quot;fadeInUp&quot;,&quot;ekit_we_effect_on&quot;:&quot;none&quot;}\" data-widget_type=\"text-editor.default\">\n\t\t\t\t<div class=\"elementor-widget-container\">\n\t\t\t\t\t\t\t\t\t<p class=\"p1\">El volumen de los labios y la definici\u00f3n de la l\u00ednea de los labios no solo son indicadores de juventud, sino tambi\u00e9n de belleza y atractivo. Con el paso del tiempo y el envejecimiento, el volumen de los labios puede disminuir y la l\u00ednea de los labios puede perder su definici\u00f3n y volverse menos marcada. <\/p><p class=\"p1\"><a href=\"https:\/\/www.guncelozturk.com\/yuz-estetik-sanati\/dolgu\/\">El relleno de labios con Venus<\/a> hace que los labios se vean m\u00e1s voluminosos. Adem\u00e1s, la aplicaci\u00f3n de contorno hace que la l\u00ednea de los labios sea m\u00e1s definida. De esta manera, los labios finos adquieren un aspecto m\u00e1s voluminoso y atractivo, mientras que los labios que muestran signos de envejecimiento obtienen un aspecto m\u00e1s joven y saludable.  <\/p>\t\t\t\t\t\t\t\t<\/div>\n\t\t\t\t<\/div>\n\t\t<div class=\"elementor-element elementor-element-ad46cbd e-con-full e-flex e-con e-child\" data-id=\"ad46cbd\" data-element_type=\"container\" data-e-type=\"container\" data-settings=\"{&quot;background_background&quot;:&quot;classic&quot;}\">\n\t\t\t\t<div class=\"elementor-element elementor-element-010c11a elementor-widget elementor-widget-image\" data-id=\"010c11a\" data-element_type=\"widget\" data-e-type=\"widget\" data-settings=\"{&quot;ekit_we_effect_on&quot;:&quot;none&quot;}\" data-widget_type=\"image.default\">\n\t\t\t\t<div class=\"elementor-widget-container\">\n\t\t\t\t\t\t\t\t\t\t\t\t\t\t\t<img fetchpriority=\"high\" decoding=\"async\" width=\"566\" height=\"447\" src=\"https:\/\/www.guncelozturk.com\/wp-content\/uploads\/2025\/07\/venus-dudagi.webp\" class=\"attachment-full size-full wp-image-21227\" alt=\"\" srcset=\"https:\/\/www.guncelozturk.com\/wp-content\/uploads\/2025\/07\/venus-dudagi.webp 566w, https:\/\/www.guncelozturk.com\/wp-content\/uploads\/2025\/07\/venus-dudagi-300x237.webp 300w\" sizes=\"(max-width: 566px) 100vw, 566px\" title=\"\">\t\t\t\t\t\t\t\t\t\t\t\t\t\t\t<\/div>\n\t\t\t\t<\/div>\n\t\t\t\t<\/div>\n\t\t\t\t<\/div>\n\t\t\t\t<\/div>\n\t\t<div class=\"elementor-element elementor-element-74286aa e-con-full bg-section v2 e-flex e-con e-child\" data-id=\"74286aa\" data-element_type=\"container\" data-e-type=\"container\" data-settings=\"{&quot;background_background&quot;:&quot;classic&quot;}\">\n\t\t<div class=\"elementor-element elementor-element-73d4156 e-con-full e-flex e-con e-child\" data-id=\"73d4156\" data-element_type=\"container\" data-e-type=\"container\">\n\t\t\t\t<div class=\"elementor-element elementor-element-d21d363 at-heading-animation at-animation-heading-style-3 elementor-widget elementor-widget-heading\" data-id=\"d21d363\" data-element_type=\"widget\" data-e-type=\"widget\" data-settings=\"{&quot;ekit_we_effect_on&quot;:&quot;none&quot;}\" data-widget_type=\"heading.default\">\n\t\t\t\t<div class=\"elementor-widget-container\">\n\t\t\t\t\t<h3 class=\"elementor-heading-title elementor-size-default\">\u00bfC\u00f3mo se aplica el relleno labial?\n<\/h3>\t\t\t\t<\/div>\n\t\t\t\t<\/div>\n\t\t\t\t<div class=\"elementor-element elementor-element-74652a2 elementor-invisible elementor-widget elementor-widget-text-editor\" data-id=\"74652a2\" data-element_type=\"widget\" data-e-type=\"widget\" data-settings=\"{&quot;_animation&quot;:&quot;fadeInUp&quot;,&quot;ekit_we_effect_on&quot;:&quot;none&quot;}\" data-widget_type=\"text-editor.default\">\n\t\t\t\t<div class=\"elementor-widget-container\">\n\t\t\t\t\t\t\t\t\t<p class=\"p1\">El relleno de labios Venus tambi\u00e9n se realiza con material de relleno de \u00e1cido hialur\u00f3nico. El \u00e1cido hialur\u00f3nico es una sustancia compatible con el cuerpo que se encuentra en la estructura natural de los labios. Por lo tanto, no tiene ning\u00fan efecto secundario ni al\u00e9rgico. El uso de rellenos labiales temporales es cada vez m\u00e1s popular entre muchos cirujanos, ya que se considera m\u00e1s seguro. Se aplica con peque\u00f1as inyecciones con aguja en los puntos necesarios seg\u00fan el dise\u00f1o de los labios, en una operaci\u00f3n que dura entre 15 y 20 minutos de media. Es uno de los m\u00e9todos est\u00e9ticos sin cirug\u00eda. Dependiendo de la edad, si se han formado arrugas alrededor de la boca, puede ser necesario realizarlo junto con un tratamiento de b\u00f3tox. El relleno puede ser necesario repetirlo cada 12-14 meses de media. Este periodo puede variar de una persona a otra.        <\/p>\t\t\t\t\t\t\t\t<\/div>\n\t\t\t\t<\/div>\n\t\t\t\t<\/div>\n\t\t\t\t<\/div>\n\t\t<div class=\"elementor-element elementor-element-2689e6e e-con-full bg-section v2 e-flex e-con e-child\" data-id=\"2689e6e\" data-element_type=\"container\" data-e-type=\"container\" data-settings=\"{&quot;background_background&quot;:&quot;classic&quot;}\">\n\t\t<div class=\"elementor-element elementor-element-a1fe96d e-con-full e-flex e-con e-child\" data-id=\"a1fe96d\" data-element_type=\"container\" data-e-type=\"container\">\n\t\t\t\t<div class=\"elementor-element elementor-element-7354f9e at-heading-animation at-animation-heading-style-3 elementor-widget elementor-widget-heading\" data-id=\"7354f9e\" data-element_type=\"widget\" data-e-type=\"widget\" data-settings=\"{&quot;ekit_we_effect_on&quot;:&quot;none&quot;}\" data-widget_type=\"heading.default\">\n\t\t\t\t<div class=\"elementor-widget-container\">\n\t\t\t\t\t<h3 class=\"elementor-heading-title elementor-size-default\">Caracter\u00edsticas del labio de Venus\n<\/h3>\t\t\t\t<\/div>\n\t\t\t\t<\/div>\n\t\t\t\t<div class=\"elementor-element elementor-element-f601004 elementor-invisible elementor-widget elementor-widget-text-editor\" data-id=\"f601004\" data-element_type=\"widget\" data-e-type=\"widget\" data-settings=\"{&quot;_animation&quot;:&quot;fadeInUp&quot;,&quot;ekit_we_effect_on&quot;:&quot;none&quot;}\" data-widget_type=\"text-editor.default\">\n\t\t\t\t<div class=\"elementor-widget-container\">\n\t\t\t\t\t\t\t\t\tLa caracter\u00edstica m\u00e1s importante del labio de Venus es garantizar que se ajuste a las proporciones de la proporci\u00f3n \u00e1urea durante el dise\u00f1o y que los pliegues del labio superior sean pronunciados y sim\u00e9tricos. Los bordes son peque\u00f1os, el labio inferior es un 1,618 % m\u00e1s voluminoso que el superior y se une a los bordes del labio superior de forma curvada, en lugar de recta. El labio de Venus, uno de los labios m\u00e1s atractivos, es uno de los m\u00e1s solicitados.  \n\n\t\t\t\t\t\t\t\t<\/div>\n\t\t\t\t<\/div>\n\t\t\t\t<\/div>\n\t\t\t\t<\/div>\n\t\t<div class=\"elementor-element elementor-element-5294e87 e-con-full bg-section v2 e-flex e-con e-child\" data-id=\"5294e87\" data-element_type=\"container\" data-e-type=\"container\" data-settings=\"{&quot;background_background&quot;:&quot;classic&quot;}\">\n\t\t<div class=\"elementor-element elementor-element-52179b9 e-con-full e-flex e-con e-child\" data-id=\"52179b9\" data-element_type=\"container\" data-e-type=\"container\">\n\t\t<div class=\"elementor-element elementor-element-3c6c487 e-con-full e-grid let-down-column-settings e-con e-child\" data-id=\"3c6c487\" data-element_type=\"container\" data-e-type=\"container\">\n\t\t<div class=\"elementor-element elementor-element-e38df31 e-con-full e-flex e-con e-child\" data-id=\"e38df31\" data-element_type=\"container\" data-e-type=\"container\" data-settings=\"{&quot;background_background&quot;:&quot;classic&quot;}\">\n\t\t\t\t<div class=\"elementor-element elementor-element-fd212c4 elementor-position-top elementor-widget elementor-widget-image-box\" data-id=\"fd212c4\" data-element_type=\"widget\" data-e-type=\"widget\" data-settings=\"{&quot;ekit_we_effect_on&quot;:&quot;none&quot;}\" data-widget_type=\"image-box.default\">\n\t\t\t\t<div class=\"elementor-widget-container\">\n\t\t\t\t\t<div class=\"elementor-image-box-wrapper\"><figure class=\"elementor-image-box-img\"><a href=\"https:\/\/www.guncelozturk.com\/es\/labio-de-venus\/\" tabindex=\"-1\"><img decoding=\"async\" width=\"236\" height=\"122\" src=\"https:\/\/www.guncelozturk.com\/wp-content\/uploads\/2025\/07\/venus-dudagi-1.webp\" class=\"attachment-full size-full wp-image-13901\" alt=\"\" title=\"\"><\/a><\/figure><div class=\"elementor-image-box-content\"><h2 class=\"elementor-image-box-title\"><a href=\"https:\/\/www.guncelozturk.com\/es\/labio-de-venus\/\"><div class=\"noise-grid-section\">Venus<\/div> <div class=\"noise-grid-section-v2\">Labio<\/div><\/a><\/h2><p class=\"elementor-image-box-description\">El labio de Venus, desde la antig\u00fcedad...  <a class=\"service-custom-link-settings\" href=\"https:\/\/www.guncelozturk.com\/es\/labio-de-venus\/\">  Leer m\u00e1s<\/a><\/p><\/div><\/div>\t\t\t\t<\/div>\n\t\t\t\t<\/div>\n\t\t\t\t<\/div>\n\t\t<div class=\"elementor-element elementor-element-b915174 e-con-full e-flex e-con e-child\" data-id=\"b915174\" data-element_type=\"container\" data-e-type=\"container\" data-settings=\"{&quot;background_background&quot;:&quot;classic&quot;}\">\n\t\t\t\t<div class=\"elementor-element elementor-element-b3280be elementor-position-top elementor-widget elementor-widget-image-box\" data-id=\"b3280be\" data-element_type=\"widget\" data-e-type=\"widget\" data-settings=\"{&quot;ekit_we_effect_on&quot;:&quot;none&quot;}\" data-widget_type=\"image-box.default\">\n\t\t\t\t<div class=\"elementor-widget-container\">\n\t\t\t\t\t<div class=\"elementor-image-box-wrapper\"><figure class=\"elementor-image-box-img\"><a href=\"https:\/\/www.guncelozturk.com\/es\/afrodita-labios\/\" tabindex=\"-1\"><img decoding=\"async\" width=\"236\" height=\"122\" src=\"https:\/\/www.guncelozturk.com\/wp-content\/uploads\/2025\/07\/afrodit-dudagi.webp\" class=\"attachment-full size-full wp-image-13903\" alt=\"\" title=\"\"><\/a><\/figure><div class=\"elementor-image-box-content\"><h2 class=\"elementor-image-box-title\"><a href=\"https:\/\/www.guncelozturk.com\/es\/afrodita-labios\/\"><div class=\"noise-grid-section\">Afrodita<\/div> <div class=\"noise-grid-section-v2\">Labio<\/div><\/a><\/h2><p class=\"elementor-image-box-description\">El labio de Afrodita es el labio m\u00e1s universal... <a class=\"service-custom-link-settings\" href=\"https:\/\/www.guncelozturk.com\/es\/afrodita-labios\/\"> Leer m\u00e1s<\/a><\/p><\/div><\/div>\t\t\t\t<\/div>\n\t\t\t\t<\/div>\n\t\t\t\t<\/div>\n\t\t<div class=\"elementor-element elementor-element-c8aae98 e-con-full e-flex e-con e-child\" data-id=\"c8aae98\" data-element_type=\"container\" data-e-type=\"container\" data-settings=\"{&quot;background_background&quot;:&quot;classic&quot;}\">\n\t\t\t\t<div class=\"elementor-element elementor-element-46ff867 elementor-position-top elementor-widget elementor-widget-image-box\" data-id=\"46ff867\" data-element_type=\"widget\" data-e-type=\"widget\" data-settings=\"{&quot;ekit_we_effect_on&quot;:&quot;none&quot;}\" data-widget_type=\"image-box.default\">\n\t\t\t\t<div class=\"elementor-widget-container\">\n\t\t\t\t\t<div class=\"elementor-image-box-wrapper\"><figure class=\"elementor-image-box-img\"><a href=\"https:\/\/www.guncelozturk.com\/es\/eros-yayi-estetica-labial\/\" tabindex=\"-1\"><img loading=\"lazy\" decoding=\"async\" width=\"236\" height=\"122\" src=\"https:\/\/www.guncelozturk.com\/wp-content\/uploads\/2025\/07\/eros-dudagi.webp\" class=\"attachment-full size-full wp-image-13905\" alt=\"\" title=\"\"><\/a><\/figure><div class=\"elementor-image-box-content\"><h2 class=\"elementor-image-box-title\"><a href=\"https:\/\/www.guncelozturk.com\/es\/eros-yayi-estetica-labial\/\"><div class=\"noise-grid-section\">Eros<\/div> <div class=\"noise-grid-section-v2\">Labio<\/div><\/a><\/h2><p class=\"elementor-image-box-description\">En est\u00e9tica facial, la belleza de los labios es muy... <a class=\"service-custom-link-settings\" href=\"https:\/\/www.guncelozturk.com\/es\/eros-yayi-estetica-labial\/\"> Leer m\u00e1s<\/a><\/p><\/div><\/div>\t\t\t\t<\/div>\n\t\t\t\t<\/div>\n\t\t\t\t<\/div>\n\t\t<div class=\"elementor-element elementor-element-ee1a80c e-con-full e-flex e-con e-child\" data-id=\"ee1a80c\" data-element_type=\"container\" data-e-type=\"container\" data-settings=\"{&quot;background_background&quot;:&quot;classic&quot;}\">\n\t\t\t\t<div class=\"elementor-element elementor-element-476a0fd elementor-position-top elementor-widget elementor-widget-image-box\" data-id=\"476a0fd\" data-element_type=\"widget\" data-e-type=\"widget\" data-settings=\"{&quot;ekit_we_effect_on&quot;:&quot;none&quot;}\" data-widget_type=\"image-box.default\">\n\t\t\t\t<div class=\"elementor-widget-container\">\n\t\t\t\t\t<div class=\"elementor-image-box-wrapper\"><figure class=\"elementor-image-box-img\"><a href=\"https:\/\/www.guncelozturk.com\/es\/relleno-de-labios-hera\/\" tabindex=\"-1\"><img loading=\"lazy\" decoding=\"async\" width=\"236\" height=\"122\" src=\"https:\/\/www.guncelozturk.com\/wp-content\/uploads\/2025\/07\/dudaksanati-1.webp\" class=\"attachment-full size-full wp-image-13907\" alt=\"\" title=\"\"><\/a><\/figure><div class=\"elementor-image-box-content\"><h2 class=\"elementor-image-box-title\"><a href=\"https:\/\/www.guncelozturk.com\/es\/relleno-de-labios-hera\/\"><div class=\"noise-grid-section\">Hera<\/div> <div class=\"noise-grid-section-v2\">Labio<\/div><\/a><\/h2><p class=\"elementor-image-box-description\">La sonrisa es una expresi\u00f3n no verbal en el \u00e1mbito social...<a class=\"service-custom-link-settings\" href=\"\"><\/a>  Leer m\u00e1s<\/a><\/p><\/div><\/div>\t\t\t\t<\/div>\n\t\t\t\t<\/div>\n\t\t\t\t<\/div>\n\t\t\t\t<\/div>\n\t\t\t\t<\/div>\n\t\t\t\t<\/div>\n\t\t\t\t<\/div>\n\t\t\t\t\t<\/div>\n\t\t\t\t<\/div>\n\t\t\t\t<\/div>\n\t\t","protected":false},"excerpt":{"rendered":"<p>Labio de Venus Ana Sayfa Labio de Venus El labio de Venus [&hellip;]<\/p>\n","protected":false},"author":1,"featured_media":0,"parent":0,"menu_order":0,"comment_status":"closed","ping_status":"closed","template":"elementor_header_footer","meta":{"footnotes":""},"class_list":["post-21226","page","type-page","status-publish","hentry"],"_links":{"self":[{"href":"https:\/\/www.guncelozturk.com\/es\/wp-json\/wp\/v2\/pages\/21226","targetHints":{"allow":["GET"]}}],"collection":[{"href":"https:\/\/www.guncelozturk.com\/es\/wp-json\/wp\/v2\/pages"}],"about":[{"href":"https:\/\/www.guncelozturk.com\/es\/wp-json\/wp\/v2\/types\/page"}],"author":[{"embeddable":true,"href":"https:\/\/www.guncelozturk.com\/es\/wp-json\/wp\/v2\/users\/1"}],"replies":[{"embeddable":true,"href":"https:\/\/www.guncelozturk.com\/es\/wp-json\/wp\/v2\/comments?post=21226"}],"version-history":[{"count":7,"href":"https:\/\/www.guncelozturk.com\/es\/wp-json\/wp\/v2\/pages\/21226\/revisions"}],"predecessor-version":[{"id":30657,"href":"https:\/\/www.guncelozturk.com\/es\/wp-json\/wp\/v2\/pages\/21226\/revisions\/30657"}],"wp:attachment":[{"href":"https:\/\/www.guncelozturk.com\/es\/wp-json\/wp\/v2\/media?parent=21226"}],"curies":[{"name":"wp","href":"https:\/\/api.w.org\/{rel}","templated":true}]}}