{"id":30253,"date":"2025-11-17T11:36:32","date_gmt":"2025-11-17T11:36:32","guid":{"rendered":"https:\/\/www.guncelozturk.com\/kisisel-veri-imha-politikasi\/"},"modified":"2026-01-16T14:32:19","modified_gmt":"2026-01-16T14:32:19","slug":"politica-de-destruccion-de-datos-personales","status":"publish","type":"page","link":"https:\/\/www.guncelozturk.com\/es\/politica-de-destruccion-de-datos-personales\/","title":{"rendered":"Pol\u00edtica de destrucci\u00f3n de datos personales"},"content":{"rendered":"\t\t<div data-elementor-type=\"wp-page\" data-elementor-id=\"30253\" class=\"elementor elementor-30253 elementor-30145\" data-elementor-post-type=\"page\">\n\t\t\t\t<div class=\"elementor-element elementor-element-7185b2e e-flex e-con-boxed e-con e-parent\" data-id=\"7185b2e\" data-element_type=\"container\" data-e-type=\"container\">\n\t\t\t\t\t<div class=\"e-con-inner\">\n\t\t<div class=\"elementor-element elementor-element-eea782d e-con-full e-flex e-con e-child\" data-id=\"eea782d\" data-element_type=\"container\" data-e-type=\"container\">\n\t\t<div class=\"elementor-element elementor-element-6f015ed e-con-full bg-section v2 e-flex e-con e-child\" data-id=\"6f015ed\" data-element_type=\"container\" data-e-type=\"container\" data-settings=\"{&quot;background_background&quot;:&quot;classic&quot;}\">\n\t\t<div class=\"elementor-element elementor-element-97d379b e-con-full e-flex e-con e-child\" data-id=\"97d379b\" data-element_type=\"container\" data-e-type=\"container\">\n\t\t\t\t<div class=\"elementor-element elementor-element-abd6eb5 elementor-invisible elementor-widget elementor-widget-text-editor\" data-id=\"abd6eb5\" data-element_type=\"widget\" data-e-type=\"widget\" data-settings=\"{&quot;_animation&quot;:&quot;fadeInUp&quot;,&quot;ekit_we_effect_on&quot;:&quot;none&quot;}\" data-widget_type=\"text-editor.default\">\n\t\t\t\t<div class=\"elementor-widget-container\">\n\t\t\t\t\t\t\t\t\t<h2 style=\"text-align: center;\"><span style=\"color: #ffffff;\"><strong>POL\u00cdTICA DE ELIMINACI\u00d3N DE DATOS PERSONALES<\/strong><\/span><\/h2><p>El responsable del tratamiento\u00a0 es la consulta del Do\u00e7. Dr. G\u00fcncel \u00d6zt\u00fcrk, que conserva y elimina sus datos personales conforme, en primer lugar, a la Constituci\u00f3n, a la Ley N.\u00ba 6698 de Protecci\u00f3n de Datos Personales (KVKK), al Reglamento sobre la Supresi\u00f3n, Destrucci\u00f3n o Anonimizaci\u00f3n de Datos Personales y a la dem\u00e1s normativa aplicable, de acuerdo con los principios generales y disposiciones establecidos en la presente Pol\u00edtica de Conservaci\u00f3n y Eliminaci\u00f3n de Datos Personales.<\/p><p>\u00a0<\/p><p>Con esta Pol\u00edtica, la Consulta tiene por objeto establecer los principios y reglas generales relativos a la conservaci\u00f3n y eliminaci\u00f3n de los datos de las personas f\u00edsicas que son objeto de actividades de tratamiento de datos personales en el marco de la KVKK, as\u00ed como cumplir las obligaciones determinadas por la normativa.<\/p><p><strong>Consentimiento expl\u00edcito: <\/strong>Consentimiento otorgado para un asunto determinado, basado en la informaci\u00f3n y expresado con libre voluntad,<\/p><p><strong>Grupo de destinatarios:<\/strong>Categor\u00eda de personas f\u00edsicas o jur\u00eddicas a las que el responsable del tratamiento transfiere los datos personales,<\/p><p><strong>Anonimizaci\u00f3n :<\/strong> Convertir los datos personales en un estado tal que no puedan asociarse de ninguna forma con una persona f\u00edsica identificada o identificable, incluso aunque se comparen con otros datos.<\/p><p><strong>Usuario pertinente: <\/strong>Personas que tratan datos personales dentro de la organizaci\u00f3n del responsable del tratamiento o conforme a la autorizaci\u00f3n e instrucciones recibidas del responsable del tratamiento, excluyendo a la persona o unidad responsable del almacenamiento t\u00e9cnico, la protecci\u00f3n y la copia de seguridad de los datos,<\/p><p><strong>Eliminaci\u00f3n:<\/strong>Supresi\u00f3n, destrucci\u00f3n o anonimizaci\u00f3n de los datos personales,<br \/><strong>Datos personales:<\/strong>Cualquier informaci\u00f3n relativa a una persona f\u00edsica identificada o identificable (p. ej., nombre y apellidos, TCKN, correo electr\u00f3nico, direcci\u00f3n, fecha de nacimiento, n\u00famero de tarjeta de cr\u00e9dito, n\u00famero de cuenta bancaria<\/p><p><strong>Titular de los datos: <\/strong>La persona f\u00edsica cuyos datos personales se tratan,<\/p><p><strong>Tratamiento de datos personales: <\/strong>Cualquier operaci\u00f3n realizada sobre los datos, como la obtenci\u00f3n (total o parcialmente automatizada o no automatizada siempre que forme parte de un sistema de registro de datos), el registro, el almacenamiento, la conservaci\u00f3n, la modificaci\u00f3n, la reorganizaci\u00f3n, la divulgaci\u00f3n, la transferencia, la asunci\u00f3n\/recepci\u00f3n, la puesta a disposici\u00f3n, la clasificaci\u00f3n o la restricci\u00f3n del uso,<\/p><p><strong>Datos personales sensibles: <\/strong>Raza, origen \u00e9tnico, opini\u00f3n pol\u00edtica, creencia filos\u00f3fica, religi\u00f3n, secta u otras creencias, vestimenta, afiliaci\u00f3n a asociaciones, fundaciones o sindicatos, salud, vida sexual, condenas penales y medidas de seguridad, as\u00ed como datos biom\u00e9tricos y gen\u00e9ticos,<\/p><p><strong>Eliminaci\u00f3n peri\u00f3dica: <\/strong>Proceso de supresi\u00f3n, destrucci\u00f3n o anonimizaci\u00f3n que se realizar\u00e1 de oficio en intervalos repetidos especificados en esta Pol\u00edtica cuando desaparezcan todas las condiciones para el tratamiento de datos personales previstas en la KVKK,<\/p><p>\u00a0<\/p><p><strong>SOPORTES DE REGISTRO REGULADOS POR LA POL\u00cdTICA<\/strong><\/p><p>Abarca todos los datos personales objeto de actividades de tratamiento de datos en el marco de la KVKK. Adem\u00e1s, los documentos a los que se hace referencia en la Pol\u00edtica incluyen tanto copias f\u00edsicas como digitales.<\/p><p>La Consulta almacena todos los datos personales objeto de actividades de tratamiento de datos en el marco de la KVKK, tratados total o parcialmente de forma automatizada o no automatizada siempre que formen parte de un sistema de registro de datos, en los entornos indicados a continuaci\u00f3n:<\/p><p>Ordenadores de la consulta, cuentas de correo electr\u00f3nico, ordenadores de sobremesa, dispositivos de los empleados (p. ej., tel\u00e9fono m\u00f3vil), \u00e1reas de copia de seguridad, archivos en papel, carpetas, libro de visitantes, CD, DVD, USB, discos duros, impresora, fotocopiadora, etc.<\/p><p><strong>RAZONES QUE REQUIEREN LA CONSERVACI\u00d3N Y LA ELIMINACI\u00d3N DE LOS DATOS PERSONALES<\/strong><\/p><p>En las actividades de tratamiento de datos personales se adoptan los siguientes principios:<\/p><ul><li>Cumplimiento de la ley y del principio de buena fe,<br \/>\u2022 Garantizar que los datos personales sean correctos y, cuando sea necesario, est\u00e9n actualizados,<br \/>\u2022 Tratar con fines determinados, expl\u00edcitos y leg\u00edtimos,<br \/>\u2022 Ser pertinentes, limitados y proporcionales a la finalidad,<br \/>\u2022 Conservar durante el plazo previsto en la normativa aplicable o durante el tiempo necesario para la finalidad para la que se tratan.<\/li><\/ul><p>Nuestra consulta conserva y utiliza los datos personales conforme a las finalidades del tratamiento y sobre la base de las condiciones de tratamiento de datos personales establecidas en los art\u00edculos 5 y 6 de la KVKK indicados a continuaci\u00f3n; y, cuando desaparezcan todas dichas condiciones, elimina los datos personales de oficio o a solicitud del titular de los datos:<\/p><p>\u00a0<\/p><p><strong>Existencia del consentimiento expl\u00edcito del titular de los datos personales: <\/strong>La primera condici\u00f3n para el tratamiento de datos personales es el consentimiento expl\u00edcito del titular.<\/p><p><strong>Previsto expresamente por las leyes:<\/strong>Los datos personales del titular podr\u00e1n tratarse l\u00edcitamente sin obtener consentimiento expl\u00edcito cuando as\u00ed lo prevean expresamente las leyes.<\/p><p><strong>Imposibilidad de obtener el consentimiento expl\u00edcito del titular por imposibilidad de hecho:<\/strong>Cuando, por imposibilidad de hecho, la persona no pueda expresar su consentimiento o no se pueda reconocer la validez de su consentimiento, y el tratamiento sea obligatorio para proteger la vida o la integridad f\u00edsica de dicha persona o de otra, podr\u00e1n tratarse los datos personales.<\/p><p><strong>Relaci\u00f3n directa con la celebraci\u00f3n o ejecuci\u00f3n de un contrato:<\/strong>El tratamiento de datos personales es posible cuando sea necesario, siempre que est\u00e9 directamente relacionado con la celebraci\u00f3n o ejecuci\u00f3n de un contrato, para tratar los datos personales de las partes del contrato.<\/p><p><strong>Obligaci\u00f3n legal: <\/strong>Cuando el tratamiento sea obligatorio para que nuestra empresa cumpla sus obligaciones legales, podr\u00e1n tratarse los datos del titular.<\/p><p><strong>Hacer p\u00fablicos los datos personales por el titular:<\/strong>Cuando el titular haya hecho p\u00fablicos sus datos personales, dichos datos podr\u00e1n tratarse limitadamente a lo que haya sido hecho p\u00fablico.<\/p><p><strong>Necesidad del tratamiento para la constituci\u00f3n, ejercicio o defensa de un derecho:<\/strong>Cuando el tratamiento sea obligatorio para la constituci\u00f3n, el ejercicio o la defensa de un derecho, podr\u00e1n tratarse los datos personales del titular.<\/p><p><strong>Necesidad del tratamiento para el inter\u00e9s leg\u00edtimo de nuestra empresa:<\/strong>Siempre que no se perjudiquen los derechos y libertades fundamentales del titular, podr\u00e1n tratarse los datos personales cuando el tratamiento sea obligatorio para los intereses leg\u00edtimos de nuestra empresa.<\/p><p>\u00a0<\/p><p><strong>SUPRESI\u00d3N, DESTRUCCI\u00d3N O ANONIMIZACI\u00d3N DE LOS DATOS PERSONALES<\/strong><\/p><p>Los datos personales se suprimen, destruyen o se anonimizar\u00e1n por la empresa a solicitud del titular o de oficio cuando: se modifiquen o deroguen las disposiciones legales pertinentes que constituyen la base del tratamiento; desaparezca la finalidad que requiere el tratamiento o la conservaci\u00f3n; en los casos en que el tratamiento se base \u00fanicamente en el consentimiento expl\u00edcito y el titular retire su consentimiento; haya transcurrido el plazo m\u00e1ximo de conservaci\u00f3n y no exista ninguna condici\u00f3n que justifique conservar los datos por m\u00e1s tiempo.<\/p><p>\u00a0<\/p><p>Salvo decisi\u00f3n en contrario del Consejo de Protecci\u00f3n de Datos Personales, nuestra empresa elige el m\u00e9todo adecuado entre la supresi\u00f3n, destrucci\u00f3n o anonimizaci\u00f3n de oficio, seg\u00fan las posibilidades tecnol\u00f3gicas y el coste de aplicaci\u00f3n. A solicitud del titular, se explica la justificaci\u00f3n del m\u00e9todo elegido. En cada una de estas operaciones se adoptan las medidas t\u00e9cnicas y administrativas necesarias.<\/p><p><strong>MEDIDAS T\u00c9CNICAS Y ADMINISTRATIVAS ADOPTADAS<\/strong><\/p><p>De conformidad con el art\u00edculo 12 de la KVKK y las disposiciones del Reglamento, los principios generales indicados anteriormente, la presente Pol\u00edtica y las decisiones del Consejo de Protecci\u00f3n de Datos Personales, nuestra consulta adopta las medidas t\u00e9cnicas y administrativas necesarias en funci\u00f3n de las posibilidades tecnol\u00f3gicas y los costes de aplicaci\u00f3n respecto de los siguientes aspectos:<\/p><ul><li>Se han determinado el software y el hardware necesarios. Se utilizan contrase\u00f1as robustas en los ordenadores y en las cuentas de correo electr\u00f3nico.<\/li><li>Lo que debe protegerse en cuanto a la protecci\u00f3n de la informaci\u00f3n del paciente se ha transmitido a nuestro personal mediante formaciones, y sus responsabilidades se han formalizado por escrito mediante contratos de trabajo. (Acuerdos de confidencialidad) Esta obligaci\u00f3n contin\u00faa incluso despu\u00e9s de que las personas correspondientes dejen sus funciones.<\/li><li>Se ha creado la infraestructura necesaria para realizar copias de seguridad de todos los datos.<\/li><li>Se han determinado los empleados que pueden acceder a los datos en los ordenadores.<\/li><li>Los expedientes e informaci\u00f3n de los pacientes se proporcionan \u00fanicamente a los propios interesados, a los familiares para los que hayan otorgado autorizaci\u00f3n por escrito, a las instituciones y organismos p\u00fablicos pertinentes en el marco de la normativa y, en casos judiciales, a las autoridades judiciales competentes.<\/li><li>Antes de iniciar el tratamiento de datos personales, la instituci\u00f3n cumple la obligaci\u00f3n de informar a los interesados.<\/li><li>Se ha elaborado un inventario de tratamiento de datos personales.<\/li><\/ul><p><strong>PLAZOS DE CONSERVACI\u00d3N Y ELIMINACI\u00d3N<\/strong><\/p><p>Nuestra consulta conserva y elimina los datos personales \u00fanicamente durante el plazo indicado por la normativa a la que est\u00e1 obligada a cumplir o durante el tiempo necesario para la finalidad para la que se tratan.<\/p><p>Si el titular de los datos solicita a nuestra empresa la eliminaci\u00f3n de sus datos personales:<\/p><p>Si han desaparecido todas las condiciones para el tratamiento de datos personales: se finaliza la solicitud del titular a m\u00e1s tardar en treinta d\u00edas y se informa al titular; si los datos personales objeto de la solicitud se han transferido a terceros, se comunica esta situaci\u00f3n al tercero y se garantiza la realizaci\u00f3n de las acciones necesarias ante dicho tercero.<\/p><p>Si no han desaparecido todas las condiciones para el tratamiento de datos personales: la solicitud del titular podr\u00e1 ser rechazada explicando el motivo conforme al apartado tercero del art\u00edculo 13 de la KVKK, y la respuesta de rechazo se comunicar\u00e1 al titular a m\u00e1s tardar en treinta d\u00edas por escrito o por v\u00eda digital.<\/p><p><strong>PLAZOS DE ELIMINACI\u00d3N PERI\u00d3DICA<\/strong><\/p><p>Los datos personales se eliminan en el primer proceso de eliminaci\u00f3n peri\u00f3dica posterior a la fecha en que surge la obligaci\u00f3n de eliminar los datos personales. En este marco, cuando surja la obligaci\u00f3n de eliminar los datos personales, estos se someten a eliminaci\u00f3n en periodos de 6 meses.<\/p><table><tbody><tr><td width=\"214\">PROCESO<\/td><td width=\"214\">PLAZO DE CONSERVACI\u00d3N<\/td><td width=\"214\">PLAZO DE ELIMINACI\u00d3N<\/td><\/tr><tr><td width=\"214\">Preparaci\u00f3n de contratos<\/td><td width=\"214\">10 a\u00f1os a partir de la finalizaci\u00f3n del contrato<\/td><td width=\"214\">En el primer periodo de eliminaci\u00f3n peri\u00f3dica posterior al fin del plazo de conservaci\u00f3n<\/td><\/tr><tr><td width=\"214\">Ejecuci\u00f3n de procesos de Recursos Humanos<\/td><td width=\"214\">10 a\u00f1os a partir del cese de la actividad<\/td><td width=\"214\">En el primer periodo de eliminaci\u00f3n peri\u00f3dica posterior al fin del plazo de conservaci\u00f3n<\/td><\/tr><tr><td width=\"214\">Ejecuci\u00f3n de procesos de acceso a hardware y software<\/td><td width=\"214\">5 a\u00f1os<\/td><td width=\"214\">En el primer periodo de eliminaci\u00f3n peri\u00f3dica posterior al fin del plazo de conservaci\u00f3n<\/td><\/tr><tr><td width=\"214\">Registro de visitantes y participantes en reuniones<\/td><td width=\"214\">5 a\u00f1os<\/td><td width=\"214\">En el primer periodo de eliminaci\u00f3n peri\u00f3dica posterior al fin del plazo de conservaci\u00f3n<\/td><\/tr><tr><td width=\"214\">Registros de datos personales de salud<\/td><td width=\"214\">Durante el plazo previsto por la normativa<\/td><td width=\"214\">En el primer periodo de eliminaci\u00f3n peri\u00f3dica posterior al fin del plazo de conservaci\u00f3n<\/td><\/tr><tr><td width=\"214\">Datos de identidad<\/td><td width=\"214\">Durante el plazo previsto por la normativa<\/td><td width=\"214\">En el primer periodo de eliminaci\u00f3n peri\u00f3dica posterior al fin del plazo de conservaci\u00f3n<\/td><\/tr><tr><td width=\"214\"><p>Im\u00e1genes de c\u00e1maras<\/p><p>\u00a0<\/p><p>\u00a0<\/p><p>\u00a0<\/p><\/td><td width=\"214\">Durante el plazo previsto por la normativa<\/td><td width=\"214\">En el primer periodo de eliminaci\u00f3n peri\u00f3dica posterior al fin del plazo de conservaci\u00f3n<\/td><\/tr><tr><td width=\"214\">\u00a0<\/td><td width=\"214\">\u00a0<\/td><td width=\"214\">\u00a0<\/td><\/tr><\/tbody><\/table><p>\u00a0<\/p><p>Se considerar\u00e1 que la presente Pol\u00edtica ha entrado en vigor tras su publicaci\u00f3n en el sitio web.<\/p>\t\t\t\t\t\t\t\t<\/div>\n\t\t\t\t<\/div>\n\t\t\t\t<\/div>\n\t\t\t\t<\/div>\n\t\t\t\t<\/div>\n\t\t\t\t\t<\/div>\n\t\t\t\t<\/div>\n\t\t\t\t<\/div>\n\t\t","protected":false},"excerpt":{"rendered":"<p>POL\u00cdTICA DE ELIMINACI\u00d3N DE DATOS PERSONALES El responsable del tratamiento\u00a0 es la [&hellip;]<\/p>\n","protected":false},"author":2,"featured_media":0,"parent":0,"menu_order":0,"comment_status":"closed","ping_status":"closed","template":"","meta":{"footnotes":""},"class_list":["post-30253","page","type-page","status-publish","hentry"],"_links":{"self":[{"href":"https:\/\/www.guncelozturk.com\/es\/wp-json\/wp\/v2\/pages\/30253","targetHints":{"allow":["GET"]}}],"collection":[{"href":"https:\/\/www.guncelozturk.com\/es\/wp-json\/wp\/v2\/pages"}],"about":[{"href":"https:\/\/www.guncelozturk.com\/es\/wp-json\/wp\/v2\/types\/page"}],"author":[{"embeddable":true,"href":"https:\/\/www.guncelozturk.com\/es\/wp-json\/wp\/v2\/users\/2"}],"replies":[{"embeddable":true,"href":"https:\/\/www.guncelozturk.com\/es\/wp-json\/wp\/v2\/comments?post=30253"}],"version-history":[{"count":8,"href":"https:\/\/www.guncelozturk.com\/es\/wp-json\/wp\/v2\/pages\/30253\/revisions"}],"predecessor-version":[{"id":35010,"href":"https:\/\/www.guncelozturk.com\/es\/wp-json\/wp\/v2\/pages\/30253\/revisions\/35010"}],"wp:attachment":[{"href":"https:\/\/www.guncelozturk.com\/es\/wp-json\/wp\/v2\/media?parent=30253"}],"curies":[{"name":"wp","href":"https:\/\/api.w.org\/{rel}","templated":true}]}}