{"id":20346,"date":"2025-07-13T09:59:50","date_gmt":"2025-07-13T09:59:50","guid":{"rendered":"http:\/\/guncelozturk.prdioweb.com\/therapie-par-cellules-souches\/"},"modified":"2025-12-15T08:47:35","modified_gmt":"2025-12-15T08:47:35","slug":"therapie-par-cellules-souches","status":"publish","type":"page","link":"https:\/\/www.guncelozturk.com\/fr\/therapie-par-cellules-souches\/","title":{"rendered":"Th\u00e9rapie par cellules souches"},"content":{"rendered":"\t\t<div data-elementor-type=\"wp-page\" data-elementor-id=\"20346\" class=\"elementor elementor-20346 elementor-14299\" data-elementor-post-type=\"page\">\n\t\t\t\t<div class=\"elementor-element elementor-element-5f6c221 e-flex e-con-boxed e-con e-parent\" data-id=\"5f6c221\" data-element_type=\"container\" data-e-type=\"container\">\n\t\t\t\t\t<div class=\"e-con-inner\">\n\t\t<div class=\"elementor-element elementor-element-55bc79a bg-section e-flex e-con-boxed e-con e-child\" data-id=\"55bc79a\" data-element_type=\"container\" data-e-type=\"container\" data-settings=\"{&quot;background_background&quot;:&quot;classic&quot;}\">\n\t\t\t\t\t<div class=\"e-con-inner\">\n\t\t\t\t<div class=\"elementor-element elementor-element-b935276 at-heading-animation at-animation-heading-style-3 elementor-widget elementor-widget-heading\" data-id=\"b935276\" data-element_type=\"widget\" data-e-type=\"widget\" data-settings=\"{&quot;ekit_we_effect_on&quot;:&quot;none&quot;}\" data-widget_type=\"heading.default\">\n\t\t\t\t<div class=\"elementor-widget-container\">\n\t\t\t\t\t<h1 class=\"elementor-heading-title elementor-size-default\">Th\u00e9rapie par cellules souches\n<\/h1>\t\t\t\t<\/div>\n\t\t\t\t<\/div>\n\t\t\t\t<div class=\"elementor-element elementor-element-cd83ac4 elementor-invisible elementor-widget elementor-widget-elementskit-breadcrumb\" data-id=\"cd83ac4\" data-element_type=\"widget\" data-e-type=\"widget\" data-settings=\"{&quot;_animation&quot;:&quot;fadeInUp&quot;,&quot;ekit_we_effect_on&quot;:&quot;none&quot;}\" data-widget_type=\"elementskit-breadcrumb.default\">\n\t\t\t\t<div class=\"elementor-widget-container\">\n\t\t\t\t\t<div class=\"ekit-wid-con\" ><ol class=\"ekit-breadcrumb\"><li class=\"ekit_breadcrumbs_start\"><a href=\"https:\/\/www.guncelozturk.com\/fr\/\">Home<\/a><\/li> <li class=\"brd_sep\"><span class=\"separate_icon\"><svg xmlns=\"http:\/\/www.w3.org\/2000\/svg\" width=\"5\" height=\"11\" viewBox=\"0 0 5 11\"><path d=\"M0 10.4183L1.35051 5.27192L2.70102 0.125522L4.05688 0L1.35586 10.2928L0 10.4183Z\" fill=\"white\"><\/path><\/svg><\/span><\/li>  <li>Th\u00e9rapie par cellules souches<\/li><\/ol><\/div>\t\t\t\t<\/div>\n\t\t\t\t<\/div>\n\t\t\t\t\t<\/div>\n\t\t\t\t<\/div>\n\t\t\t\t\t<\/div>\n\t\t\t\t<\/div>\n\t\t<div class=\"elementor-element elementor-element-7185b2e e-flex e-con-boxed e-con e-parent\" data-id=\"7185b2e\" data-element_type=\"container\" data-e-type=\"container\">\n\t\t\t\t\t<div class=\"e-con-inner\">\n\t\t<div class=\"elementor-element elementor-element-a1e7451 e-con-full e-flex e-con e-child\" data-id=\"a1e7451\" data-element_type=\"container\" data-e-type=\"container\">\n\t\t<div class=\"elementor-element elementor-element-a4f5a1c e-con-full sticky-column e-flex elementor-invisible e-con e-child\" data-id=\"a4f5a1c\" data-element_type=\"container\" data-e-type=\"container\" data-settings=\"{&quot;animation&quot;:&quot;fadeInUp&quot;}\">\n\t\t<div class=\"elementor-element elementor-element-fc70a2a e-con-full e-flex e-con e-child\" data-id=\"fc70a2a\" data-element_type=\"container\" data-e-type=\"container\">\n\t\t<div class=\"elementor-element elementor-element-c8a0911 e-con-full e-flex e-con e-child\" data-id=\"c8a0911\" data-element_type=\"container\" data-e-type=\"container\" data-settings=\"{&quot;background_background&quot;:&quot;classic&quot;}\">\n\t\t\t\t<div class=\"elementor-element elementor-element-8911a93 elementor-widget elementor-widget-spacer\" data-id=\"8911a93\" data-element_type=\"widget\" data-e-type=\"widget\" data-settings=\"{&quot;ekit_we_effect_on&quot;:&quot;none&quot;}\" data-widget_type=\"spacer.default\">\n\t\t\t\t<div class=\"elementor-widget-container\">\n\t\t\t\t\t\t\t<div class=\"elementor-spacer\">\n\t\t\t<div class=\"elementor-spacer-inner\"><\/div>\n\t\t<\/div>\n\t\t\t\t\t\t<\/div>\n\t\t\t\t<\/div>\n\t\t\t\t<\/div>\n\t\t\t\t<\/div>\n\t\t<div class=\"elementor-element elementor-element-747a9e2 e-con-full e-flex e-con e-child\" data-id=\"747a9e2\" data-element_type=\"container\" data-e-type=\"container\" data-settings=\"{&quot;background_background&quot;:&quot;classic&quot;}\">\n\t\t\t\t<div class=\"elementor-element elementor-element-ea6f03e elementor-widget elementor-widget-html\" data-id=\"ea6f03e\" data-element_type=\"widget\" data-e-type=\"widget\" data-settings=\"{&quot;ekit_we_effect_on&quot;:&quot;none&quot;}\" data-widget_type=\"html.default\">\n\t\t\t\t<div class=\"elementor-widget-container\">\n\t\t\t\t\t<iframe aria-label=\"YK - WhatsApp - guncelozturk.com Banner TR (New Website)\" frameborder=\"0\" style=\"height:500px;width:99%;border:none;\" src=\"https:\/\/forms.zohopublic.eu\/doctorgo\/form\/YKWhatsAppguncelozturkcomBannerFRNewWebsite\/formperma\/pypHAGRFlJ4xst0ZH2NCo2Fr075DSInI0ea5BdDlw74\"><\/iframe>\t\t\t\t<\/div>\n\t\t\t\t<\/div>\n\t\t\t\t<\/div>\n\t\t\t\t<\/div>\n\t\t\t\t<\/div>\n\t\t<div class=\"elementor-element elementor-element-eea782d e-con-full e-flex e-con e-child\" data-id=\"eea782d\" data-element_type=\"container\" data-e-type=\"container\">\n\t\t<div class=\"elementor-element elementor-element-6f015ed e-con-full bg-section v2 e-flex e-con e-child\" data-id=\"6f015ed\" data-element_type=\"container\" data-e-type=\"container\" data-settings=\"{&quot;background_background&quot;:&quot;classic&quot;}\">\n\t\t<div class=\"elementor-element elementor-element-97d379b e-con-full e-flex e-con e-child\" data-id=\"97d379b\" data-element_type=\"container\" data-e-type=\"container\">\n\t\t\t\t<div class=\"elementor-element elementor-element-9ac747c at-heading-animation at-animation-heading-style-3 elementor-widget elementor-widget-heading\" data-id=\"9ac747c\" data-element_type=\"widget\" data-e-type=\"widget\" data-settings=\"{&quot;ekit_we_effect_on&quot;:&quot;none&quot;}\" data-widget_type=\"heading.default\">\n\t\t\t\t<div class=\"elementor-widget-container\">\n\t\t\t\t\t<h2 class=\"elementor-heading-title elementor-size-default\">Traitement de rajeunissement de la peau \u00e0 base de cellules souches<\/h2>\t\t\t\t<\/div>\n\t\t\t\t<\/div>\n\t\t\t\t<div class=\"elementor-element elementor-element-abd6eb5 elementor-invisible elementor-widget elementor-widget-text-editor\" data-id=\"abd6eb5\" data-element_type=\"widget\" data-e-type=\"widget\" data-settings=\"{&quot;_animation&quot;:&quot;fadeInUp&quot;,&quot;ekit_we_effect_on&quot;:&quot;none&quot;}\" data-widget_type=\"text-editor.default\">\n\t\t\t\t<div class=\"elementor-widget-container\">\n\t\t\t\t\t\t\t\t\t<p>Le traitement par cellules souches est l&rsquo;une des m\u00e9thodes les plus pris\u00e9es ces derni\u00e8res ann\u00e9es dans le domaine de l&rsquo;esth\u00e9tique et du rajeunissement de la peau. Ce traitement, appliqu\u00e9 par le Dr G\u00fcncel \u00d6zt\u00fcrk, est une approche innovante privil\u00e9gi\u00e9e pour ralentir le processus de vieillissement et rendre la peau plus jeune, plus \u00e9clatante et plus ferme.  <\/p>\t\t\t\t\t\t\t\t<\/div>\n\t\t\t\t<\/div>\n\t\t\t\t<div class=\"elementor-element elementor-element-aba2239 elementor-widget elementor-widget-video\" data-id=\"aba2239\" data-element_type=\"widget\" data-e-type=\"widget\" data-settings=\"{&quot;video_type&quot;:&quot;hosted&quot;,&quot;controls&quot;:&quot;yes&quot;,&quot;ekit_we_effect_on&quot;:&quot;none&quot;}\" data-widget_type=\"video.default\">\n\t\t\t\t<div class=\"elementor-widget-container\">\n\t\t\t\t\t\t\t<div class=\"e-hosted-video elementor-wrapper elementor-open-inline\">\n\t\t\t\t\t<video class=\"elementor-video\" src=\"http:\/\/guncelozturk.prdioweb.com\/wp-content\/uploads\/2025\/07\/Adsiz-tasarim.mp4\" controls=\"\" preload=\"metadata\" controlsList=\"nodownload\"><\/video>\n\t\t\t\t<\/div>\n\t\t\t\t\t\t<\/div>\n\t\t\t\t<\/div>\n\t\t\t\t<\/div>\n\t\t\t\t<\/div>\n\t\t<div class=\"elementor-element elementor-element-d37cbb5 e-con-full bg-section v2 e-flex e-con e-child\" data-id=\"d37cbb5\" data-element_type=\"container\" data-e-type=\"container\" data-settings=\"{&quot;background_background&quot;:&quot;classic&quot;}\">\n\t\t<div class=\"elementor-element elementor-element-4129b88 e-con-full e-flex e-con e-child\" data-id=\"4129b88\" data-element_type=\"container\" data-e-type=\"container\">\n\t\t\t\t<div class=\"elementor-element elementor-element-3a7c8f5 at-heading-animation at-animation-heading-style-3 elementor-widget elementor-widget-heading\" data-id=\"3a7c8f5\" data-element_type=\"widget\" data-e-type=\"widget\" data-settings=\"{&quot;ekit_we_effect_on&quot;:&quot;none&quot;}\" data-widget_type=\"heading.default\">\n\t\t\t\t<div class=\"elementor-widget-container\">\n\t\t\t\t\t<h5 class=\"elementor-heading-title elementor-size-default\">Qu'est-ce que le traitement par cellules souches ?\n\n<\/h5>\t\t\t\t<\/div>\n\t\t\t\t<\/div>\n\t\t\t\t<div class=\"elementor-element elementor-element-7af34c0 elementor-invisible elementor-widget elementor-widget-text-editor\" data-id=\"7af34c0\" data-element_type=\"widget\" data-e-type=\"widget\" data-settings=\"{&quot;_animation&quot;:&quot;fadeInUp&quot;,&quot;ekit_we_effect_on&quot;:&quot;none&quot;}\" data-widget_type=\"text-editor.default\">\n\t\t\t\t<div class=\"elementor-widget-container\">\n\t\t\t\t\t\t\t\t\t<p>Les cellules souches sont des cellules sp\u00e9ciales qui poss\u00e8dent la capacit\u00e9 de renouveler le corps humain. Les cellules souches m\u00e9senchymateuses, notamment celles issues du tissu adipeux, sont utilis\u00e9es dans les applications esth\u00e9tiques pour r\u00e9duire efficacement les signes de vieillissement cutan\u00e9. Les cellules souches pr\u00e9lev\u00e9es dans le tissu adipeux se transforment en fibroblastes et augmentent la production de collag\u00e8ne dans la peau. Le collag\u00e8ne joue un r\u00f4le essentiel dans le maintien de la fermet\u00e9 et de la douceur de la peau. Sa production diminue avec le temps, ce qui entra\u00eene l&rsquo;apparition de rides et de rel\u00e2chements cutan\u00e9s.   <\/p>\t\t\t\t\t\t\t\t<\/div>\n\t\t\t\t<\/div>\n\t\t\t\t<\/div>\n\t\t\t\t<\/div>\n\t\t<div class=\"elementor-element elementor-element-8a9acf1 e-con-full bg-section v2 e-flex e-con e-child\" data-id=\"8a9acf1\" data-element_type=\"container\" data-e-type=\"container\" data-settings=\"{&quot;background_background&quot;:&quot;classic&quot;}\">\n\t\t<div class=\"elementor-element elementor-element-be1dc74 e-con-full e-flex e-con e-child\" data-id=\"be1dc74\" data-element_type=\"container\" data-e-type=\"container\">\n\t\t\t\t<div class=\"elementor-element elementor-element-2e02b43 at-heading-animation at-animation-heading-style-3 elementor-widget elementor-widget-heading\" data-id=\"2e02b43\" data-element_type=\"widget\" data-e-type=\"widget\" data-settings=\"{&quot;ekit_we_effect_on&quot;:&quot;none&quot;}\" data-widget_type=\"heading.default\">\n\t\t\t\t<div class=\"elementor-widget-container\">\n\t\t\t\t\t<h5 class=\"elementor-heading-title elementor-size-default\">Les avantages du traitement par cellules souches\n\n<\/h5>\t\t\t\t<\/div>\n\t\t\t\t<\/div>\n\t\t\t\t<div class=\"elementor-element elementor-element-0299f32 elementor-invisible elementor-widget elementor-widget-text-editor\" data-id=\"0299f32\" data-element_type=\"widget\" data-e-type=\"widget\" data-settings=\"{&quot;_animation&quot;:&quot;fadeInUp&quot;,&quot;ekit_we_effect_on&quot;:&quot;none&quot;}\" data-widget_type=\"text-editor.default\">\n\t\t\t\t<div class=\"elementor-widget-container\">\n\t\t\t\t\t\t\t\t\t<ul><li aria-level=\"1\"><b>Augmente la production de collag\u00e8ne : <\/b>en comblant la carence en collag\u00e8ne, l&rsquo;une des principales causes des signes de vieillissement, il r\u00e9g\u00e9n\u00e8re la peau.<\/li><li aria-level=\"1\"><b>R\u00e9duit les rides : <\/b>En redonnant de l&rsquo;\u00e9lasticit\u00e9 \u00e0 la peau, il \u00e9limine les ridules et les rides.<\/li><li aria-level=\"1\"><b>\u00c9galise le teint :<\/b> \u00c9limine les taches solaires, les taches post-grossesse et les irr\u00e9gularit\u00e9s du teint li\u00e9es au tabagisme.<\/li><li aria-level=\"1\"><b>Effet \u00e0 long terme : <\/b>l&rsquo;effet des cellules souches appliqu\u00e9es dans la zone trait\u00e9e peut durer plusieurs ann\u00e9es.<\/li><li aria-level=\"1\"><b>Gu\u00e9rison rapide : <\/b>Le processus de gu\u00e9rison apr\u00e8s l&rsquo;intervention est rapide, les patients peuvent reprendre leur vie normale en peu de temps.<\/li><\/ul>\t\t\t\t\t\t\t\t<\/div>\n\t\t\t\t<\/div>\n\t\t\t\t<\/div>\n\t\t\t\t<\/div>\n\t\t<div class=\"elementor-element elementor-element-d9c4cdc e-con-full bg-section v2 e-flex e-con e-child\" data-id=\"d9c4cdc\" data-element_type=\"container\" data-e-type=\"container\" data-settings=\"{&quot;background_background&quot;:&quot;classic&quot;}\">\n\t\t<div class=\"elementor-element elementor-element-5345156 e-con-full e-flex e-con e-child\" data-id=\"5345156\" data-element_type=\"container\" data-e-type=\"container\">\n\t\t\t\t<div class=\"elementor-element elementor-element-3a63496 at-heading-animation at-animation-heading-style-3 elementor-widget elementor-widget-heading\" data-id=\"3a63496\" data-element_type=\"widget\" data-e-type=\"widget\" data-settings=\"{&quot;ekit_we_effect_on&quot;:&quot;none&quot;}\" data-widget_type=\"heading.default\">\n\t\t\t\t<div class=\"elementor-widget-container\">\n\t\t\t\t\t<h5 class=\"elementor-heading-title elementor-size-default\">\u00c0 qui s'adresse ce traitement ?\n\n<\/h5>\t\t\t\t<\/div>\n\t\t\t\t<\/div>\n\t\t\t\t<div class=\"elementor-element elementor-element-faa20d2 elementor-invisible elementor-widget elementor-widget-text-editor\" data-id=\"faa20d2\" data-element_type=\"widget\" data-e-type=\"widget\" data-settings=\"{&quot;_animation&quot;:&quot;fadeInUp&quot;,&quot;ekit_we_effect_on&quot;:&quot;none&quot;}\" data-widget_type=\"text-editor.default\">\n\t\t\t\t<div class=\"elementor-widget-container\">\n\t\t\t\t\t\t\t\t\tCe traitement est particuli\u00e8rement utilis\u00e9 pour rajeunir la peau chez les personnes \u00e2g\u00e9es de plus de 30 ans. Il est id\u00e9al pour les personnes qui pr\u00e9sentent des rides marqu\u00e9es, un rel\u00e2chement cutan\u00e9 et des taches sur la peau. C&rsquo;est \u00e9galement l&rsquo;une des m\u00e9thodes les plus adapt\u00e9es pour les patients qui ne souhaitent pas subir d&rsquo;intervention chirurgicale ou qui pr\u00e9f\u00e8rent les m\u00e9thodes naturelles.  \n\n\t\t\t\t\t\t\t\t<\/div>\n\t\t\t\t<\/div>\n\t\t\t\t<\/div>\n\t\t\t\t<\/div>\n\t\t<div class=\"elementor-element elementor-element-aad9a09 e-con-full bg-section v2 e-flex e-con e-child\" data-id=\"aad9a09\" data-element_type=\"container\" data-e-type=\"container\" data-settings=\"{&quot;background_background&quot;:&quot;classic&quot;}\">\n\t\t<div class=\"elementor-element elementor-element-8bad6aa e-con-full e-flex e-con e-child\" data-id=\"8bad6aa\" data-element_type=\"container\" data-e-type=\"container\">\n\t\t\t\t<div class=\"elementor-element elementor-element-89e8395 at-heading-animation at-animation-heading-style-3 elementor-widget elementor-widget-heading\" data-id=\"89e8395\" data-element_type=\"widget\" data-e-type=\"widget\" data-settings=\"{&quot;ekit_we_effect_on&quot;:&quot;none&quot;}\" data-widget_type=\"heading.default\">\n\t\t\t\t<div class=\"elementor-widget-container\">\n\t\t\t\t\t<h5 class=\"elementor-heading-title elementor-size-default\">Le traitement par cellules souches appliqu\u00e9 au visage est-il utilis\u00e9 uniquement \u00e0 des fins de rajeunissement ?\n\n<\/h5>\t\t\t\t<\/div>\n\t\t\t\t<\/div>\n\t\t\t\t<div class=\"elementor-element elementor-element-d515a7a elementor-invisible elementor-widget elementor-widget-text-editor\" data-id=\"d515a7a\" data-element_type=\"widget\" data-e-type=\"widget\" data-settings=\"{&quot;_animation&quot;:&quot;fadeInUp&quot;,&quot;ekit_we_effect_on&quot;:&quot;none&quot;}\" data-widget_type=\"text-editor.default\">\n\t\t\t\t<div class=\"elementor-widget-container\">\n\t\t\t\t\t\t\t\t\tCette m\u00e9thode n&rsquo;est pas seulement utilis\u00e9e pour le rajeunissement, mais aussi pour traiter efficacement de nombreux probl\u00e8mes cutan\u00e9s et sous-cutan\u00e9s tels que les cicatrices d&rsquo;acn\u00e9, les taches solaires, les pores dilat\u00e9s, les cicatrices de blessures et de coupures, ainsi que le rel\u00e2chement cutan\u00e9.\n\n\t\t\t\t\t\t\t\t<\/div>\n\t\t\t\t<\/div>\n\t\t\t\t<\/div>\n\t\t\t\t<\/div>\n\t\t<div class=\"elementor-element elementor-element-ddda6d6 e-con-full bg-section v2 e-flex e-con e-child\" data-id=\"ddda6d6\" data-element_type=\"container\" data-e-type=\"container\" data-settings=\"{&quot;background_background&quot;:&quot;classic&quot;}\">\n\t\t<div class=\"elementor-element elementor-element-a2a5317 e-con-full e-flex e-con e-child\" data-id=\"a2a5317\" data-element_type=\"container\" data-e-type=\"container\">\n\t\t\t\t<div class=\"elementor-element elementor-element-da03114 at-heading-animation at-animation-heading-style-3 elementor-widget elementor-widget-heading\" data-id=\"da03114\" data-element_type=\"widget\" data-e-type=\"widget\" data-settings=\"{&quot;ekit_we_effect_on&quot;:&quot;none&quot;}\" data-widget_type=\"heading.default\">\n\t\t\t\t<div class=\"elementor-widget-container\">\n\t\t\t\t\t<h5 class=\"elementor-heading-title elementor-size-default\">Processus de traitement et suivi\n\n<\/h5>\t\t\t\t<\/div>\n\t\t\t\t<\/div>\n\t\t\t\t<div class=\"elementor-element elementor-element-caa20f6 elementor-invisible elementor-widget elementor-widget-text-editor\" data-id=\"caa20f6\" data-element_type=\"widget\" data-e-type=\"widget\" data-settings=\"{&quot;_animation&quot;:&quot;fadeInUp&quot;,&quot;ekit_we_effect_on&quot;:&quot;none&quot;}\" data-widget_type=\"text-editor.default\">\n\t\t\t\t<div class=\"elementor-widget-container\">\n\t\t\t\t\t\t\t\t\t<p>Les r\u00e9sultats du traitement par cellules souches commencent g\u00e9n\u00e9ralement \u00e0 appara\u00eetre au bout de quelques semaines. On observe un raffermissement et un \u00e9clat naturels de la peau. Les r\u00e9sultats obtenus apr\u00e8s le traitement sont durables et peuvent persister pendant des ann\u00e9es, en fonction des soins apport\u00e9s \u00e0 la peau par le patient. Pendant cette p\u00e9riode, l&rsquo;aspect jeune de la peau est pr\u00e9serv\u00e9.   <\/p><p>L&rsquo;exp\u00e9rience du Dr G\u00fcncel \u00d6zt\u00fcrk en chirurgie esth\u00e9tique lui permet de personnaliser les traitements \u00e0 base de cellules souches pour chaque patient. Gr\u00e2ce \u00e0 des analyses d\u00e9taill\u00e9es r\u00e9alis\u00e9es avant le traitement, le protocole th\u00e9rapeutique le plus adapt\u00e9 est \u00e9tabli en tenant compte du type de peau, de l&rsquo;\u00e2ge et des besoins de chaque patient.  <\/p><p>Pour obtenir plus d&rsquo;informations sur le traitement par cellules souches et b\u00e9n\u00e9ficier de l&rsquo;avis d&rsquo;expert du Dr G\u00fcncel \u00d6zt\u00fcrk, vous pouvez contacter notre clinique. <\/p>\t\t\t\t\t\t\t\t<\/div>\n\t\t\t\t<\/div>\n\t\t\t\t<\/div>\n\t\t\t\t<\/div>\n\t\t<div class=\"elementor-element elementor-element-9fb1944 e-con-full bg-section v2 e-flex e-con e-child\" data-id=\"9fb1944\" data-element_type=\"container\" data-e-type=\"container\" data-settings=\"{&quot;background_background&quot;:&quot;classic&quot;}\">\n\t\t<div class=\"elementor-element elementor-element-b0610cd bg-section e-con-full e-flex e-con e-child\" data-id=\"b0610cd\" data-element_type=\"container\" data-e-type=\"container\" data-settings=\"{&quot;background_background&quot;:&quot;classic&quot;}\">\n\t\t<div class=\"elementor-element elementor-element-a37a0f1 e-con-full e-flex e-con e-child\" data-id=\"a37a0f1\" data-element_type=\"container\" data-e-type=\"container\">\n\t\t<div class=\"elementor-element elementor-element-0aee963 e-con-full e-flex e-con e-child\" data-id=\"0aee963\" data-element_type=\"container\" data-e-type=\"container\">\n\t\t\t\t<div class=\"elementor-element elementor-element-7a93bba at-heading-animation at-animation-heading-none elementor-widget elementor-widget-elementskit-heading\" data-id=\"7a93bba\" data-element_type=\"widget\" data-e-type=\"widget\" data-settings=\"{&quot;ekit_we_effect_on&quot;:&quot;none&quot;}\" data-widget_type=\"elementskit-heading.default\">\n\t\t\t\t<div class=\"elementor-widget-container\">\n\t\t\t\t\t<div class=\"ekit-wid-con\" ><div class=\"ekit-heading elementskit-section-title-wraper text_center   ekit_heading_tablet-   ekit_heading_mobile-\"><div class=\"ekit-heading--title elementskit-section-title \"><div class=\"let-down-title-v1\">Techniques chirurgicales d\u00e9velopp\u00e9es<\/div>  <div class=\"let-down-title-v3\">Publi\u00e9 dans les revues internationales les plus prestigieuses<\/div>  <\/div><\/div><\/div>\t\t\t\t<\/div>\n\t\t\t\t<\/div>\n\t\t\t\t<div class=\"elementor-element elementor-element-a536e5a slider-button-1 elementor-align-center elementor-invisible elementor-widget elementor-widget-button\" data-id=\"a536e5a\" data-element_type=\"widget\" data-e-type=\"widget\" data-settings=\"{&quot;_animation&quot;:&quot;fadeInUp&quot;,&quot;_animation_delay&quot;:300,&quot;ekit_we_effect_on&quot;:&quot;none&quot;}\" data-widget_type=\"button.default\">\n\t\t\t\t<div class=\"elementor-widget-container\">\n\t\t\t\t\t\t\t\t\t<div class=\"elementor-button-wrapper\">\n\t\t\t\t\t<a class=\"elementor-button elementor-button-link elementor-size-sm\" href=\"http:\/\/guncelozturk.prdioweb.com\/fr\/a-propos-de-nous\/#bilimsel-makaleler\" target=\"_blank\" rel=\"noopener\">\n\t\t\t\t\t\t<span class=\"elementor-button-content-wrapper\">\n\t\t\t\t\t\t\t\t\t<span class=\"elementor-button-text\">Articles scientifiques<\/span>\n\t\t\t\t\t<\/span>\n\t\t\t\t\t<\/a>\n\t\t\t\t<\/div>\n\t\t\t\t\t\t\t\t<\/div>\n\t\t\t\t<\/div>\n\t\t\t\t<\/div>\n\t\t\t\t<\/div>\n\t\t<div class=\"elementor-element elementor-element-babb56c e-con-full e-flex e-con e-child\" data-id=\"babb56c\" data-element_type=\"container\" data-e-type=\"container\">\n\t\t\t\t<div class=\"elementor-element elementor-element-bd22234 at-image-animation at-animation-image-none elementor-widget elementor-widget-image\" data-id=\"bd22234\" data-element_type=\"widget\" data-e-type=\"widget\" data-settings=\"{&quot;ekit_we_effect_on&quot;:&quot;none&quot;}\" data-widget_type=\"image.default\">\n\t\t\t\t<div class=\"elementor-widget-container\">\n\t\t\t\t\t\t\t\t\t\t\t\t\t\t\t<img decoding=\"async\" src=\"https:\/\/www.guncelozturk.com\/wp-content\/uploads\/elementor\/thumbs\/12-1-r8ixa4zeetaxudxvxf3jg7d7emwskski2mf99qphnu.webp\" title=\"12\" alt=\"12\" loading=\"lazy\" \/>\t\t\t\t\t\t\t\t\t\t\t\t\t\t\t<\/div>\n\t\t\t\t<\/div>\n\t\t\t\t<\/div>\n\t\t\t\t<\/div>\n\t\t\t\t<\/div>\n\t\t\t\t<\/div>\n\t\t\t\t\t<\/div>\n\t\t\t\t<\/div>\n\t\t\t\t<\/div>\n\t\t","protected":false},"excerpt":{"rendered":"<p>Th\u00e9rapie par cellules souches Ana Sayfa Traitement de rajeunissement de la peau [&hellip;]<\/p>\n","protected":false},"author":1,"featured_media":0,"parent":0,"menu_order":0,"comment_status":"closed","ping_status":"closed","template":"","meta":{"footnotes":""},"class_list":["post-20346","page","type-page","status-publish","hentry"],"_links":{"self":[{"href":"https:\/\/www.guncelozturk.com\/fr\/wp-json\/wp\/v2\/pages\/20346","targetHints":{"allow":["GET"]}}],"collection":[{"href":"https:\/\/www.guncelozturk.com\/fr\/wp-json\/wp\/v2\/pages"}],"about":[{"href":"https:\/\/www.guncelozturk.com\/fr\/wp-json\/wp\/v2\/types\/page"}],"author":[{"embeddable":true,"href":"https:\/\/www.guncelozturk.com\/fr\/wp-json\/wp\/v2\/users\/1"}],"replies":[{"embeddable":true,"href":"https:\/\/www.guncelozturk.com\/fr\/wp-json\/wp\/v2\/comments?post=20346"}],"version-history":[{"count":3,"href":"https:\/\/www.guncelozturk.com\/fr\/wp-json\/wp\/v2\/pages\/20346\/revisions"}],"predecessor-version":[{"id":30788,"href":"https:\/\/www.guncelozturk.com\/fr\/wp-json\/wp\/v2\/pages\/20346\/revisions\/30788"}],"wp:attachment":[{"href":"https:\/\/www.guncelozturk.com\/fr\/wp-json\/wp\/v2\/media?parent=20346"}],"curies":[{"name":"wp","href":"https:\/\/api.w.org\/{rel}","templated":true}]}}