{"id":20445,"date":"2025-07-11T21:45:01","date_gmt":"2025-07-11T21:45:01","guid":{"rendered":"http:\/\/guncelozturk.prdioweb.com\/augmentation-mammaire-de-type-latin\/"},"modified":"2025-12-15T07:37:21","modified_gmt":"2025-12-15T07:37:21","slug":"augmentation-mammaire-de-type-latin","status":"publish","type":"page","link":"https:\/\/www.guncelozturk.com\/fr\/augmentation-mammaire-de-type-latin\/","title":{"rendered":"Augmentation mammaire de type latin"},"content":{"rendered":"\t\t<div data-elementor-type=\"wp-page\" data-elementor-id=\"20445\" class=\"elementor elementor-20445 elementor-16337\" data-elementor-post-type=\"page\">\n\t\t\t\t<div class=\"elementor-element elementor-element-5f6c221 e-flex e-con-boxed e-con e-parent\" data-id=\"5f6c221\" data-element_type=\"container\" data-e-type=\"container\">\n\t\t\t\t\t<div class=\"e-con-inner\">\n\t\t<div class=\"elementor-element elementor-element-55bc79a bg-section e-flex e-con-boxed e-con e-child\" data-id=\"55bc79a\" data-element_type=\"container\" data-e-type=\"container\" data-settings=\"{&quot;background_background&quot;:&quot;classic&quot;}\">\n\t\t\t\t\t<div class=\"e-con-inner\">\n\t\t\t\t<div class=\"elementor-element elementor-element-b935276 at-heading-animation at-animation-heading-style-3 elementor-widget elementor-widget-heading\" data-id=\"b935276\" data-element_type=\"widget\" data-e-type=\"widget\" data-settings=\"{&quot;ekit_we_effect_on&quot;:&quot;none&quot;}\" data-widget_type=\"heading.default\">\n\t\t\t\t<div class=\"elementor-widget-container\">\n\t\t\t\t\t<h1 class=\"elementor-heading-title elementor-size-default\">Augmentation mammaire de type latin\n<\/h1>\t\t\t\t<\/div>\n\t\t\t\t<\/div>\n\t\t\t\t<div class=\"elementor-element elementor-element-cd83ac4 elementor-invisible elementor-widget elementor-widget-elementskit-breadcrumb\" data-id=\"cd83ac4\" data-element_type=\"widget\" data-e-type=\"widget\" data-settings=\"{&quot;_animation&quot;:&quot;fadeInUp&quot;,&quot;ekit_we_effect_on&quot;:&quot;none&quot;}\" data-widget_type=\"elementskit-breadcrumb.default\">\n\t\t\t\t<div class=\"elementor-widget-container\">\n\t\t\t\t\t<div class=\"ekit-wid-con\" ><ol class=\"ekit-breadcrumb\"><li class=\"ekit_breadcrumbs_start\"><a href=\"https:\/\/www.guncelozturk.com\/fr\/\">Home<\/a><\/li><\/ol><\/div>\t\t\t\t<\/div>\n\t\t\t\t<\/div>\n\t\t\t\t\t<\/div>\n\t\t\t\t<\/div>\n\t\t\t\t\t<\/div>\n\t\t\t\t<\/div>\n\t\t<div class=\"elementor-element elementor-element-7185b2e e-flex e-con-boxed e-con e-parent\" data-id=\"7185b2e\" data-element_type=\"container\" data-e-type=\"container\">\n\t\t\t\t\t<div class=\"e-con-inner\">\n\t\t<div class=\"elementor-element elementor-element-a1e7451 e-con-full e-flex e-con e-child\" data-id=\"a1e7451\" data-element_type=\"container\" data-e-type=\"container\" id=\"offer-form\">\n\t\t<div class=\"elementor-element elementor-element-a4f5a1c e-con-full sticky-column e-flex elementor-invisible e-con e-child\" data-id=\"a4f5a1c\" data-element_type=\"container\" data-e-type=\"container\" data-settings=\"{&quot;animation&quot;:&quot;fadeInUp&quot;}\">\n\t\t<div class=\"elementor-element elementor-element-fc70a2a e-con-full e-flex e-con e-child\" data-id=\"fc70a2a\" data-element_type=\"container\" data-e-type=\"container\">\n\t\t<div class=\"elementor-element elementor-element-c8a0911 e-con-full e-flex e-con e-child\" data-id=\"c8a0911\" data-element_type=\"container\" data-e-type=\"container\" data-settings=\"{&quot;background_background&quot;:&quot;classic&quot;}\">\n\t\t\t\t<div class=\"elementor-element elementor-element-8911a93 elementor-widget elementor-widget-spacer\" data-id=\"8911a93\" data-element_type=\"widget\" data-e-type=\"widget\" data-settings=\"{&quot;ekit_we_effect_on&quot;:&quot;none&quot;}\" data-widget_type=\"spacer.default\">\n\t\t\t\t<div class=\"elementor-widget-container\">\n\t\t\t\t\t\t\t<div class=\"elementor-spacer\">\n\t\t\t<div class=\"elementor-spacer-inner\"><\/div>\n\t\t<\/div>\n\t\t\t\t\t\t<\/div>\n\t\t\t\t<\/div>\n\t\t\t\t<\/div>\n\t\t\t\t<\/div>\n\t\t<div class=\"elementor-element elementor-element-747a9e2 e-con-full e-flex e-con e-child\" data-id=\"747a9e2\" data-element_type=\"container\" data-e-type=\"container\" data-settings=\"{&quot;background_background&quot;:&quot;classic&quot;}\">\n\t\t\t\t<div class=\"elementor-element elementor-element-0f070d0 elementor-widget elementor-widget-html\" data-id=\"0f070d0\" data-element_type=\"widget\" data-e-type=\"widget\" data-settings=\"{&quot;ekit_we_effect_on&quot;:&quot;none&quot;}\" data-widget_type=\"html.default\">\n\t\t\t\t<div class=\"elementor-widget-container\">\n\t\t\t\t\t<iframe aria-label='YK - WhatsApp - guncelozturk.com Banner FR (New Website)' frameborder=\"0\" style=\"height:500px;width:99%;border:none;\" src='https:\/\/forms.zohopublic.eu\/doctorgo\/form\/YKWhatsAppguncelozturkcomBannerFRNewWebsite\/formperma\/pypHAGRFlJ4xst0ZH2NCo2Fr075DSInI0ea5BdDlw74'><\/iframe>\t\t\t\t<\/div>\n\t\t\t\t<\/div>\n\t\t\t\t<\/div>\n\t\t\t\t<\/div>\n\t\t\t\t<\/div>\n\t\t<div class=\"elementor-element elementor-element-eea782d e-con-full e-flex e-con e-child\" data-id=\"eea782d\" data-element_type=\"container\" data-e-type=\"container\">\n\t\t<div class=\"elementor-element elementor-element-d37cbb5 e-con-full bg-section v2 e-flex e-con e-child\" data-id=\"d37cbb5\" data-element_type=\"container\" data-e-type=\"container\" data-settings=\"{&quot;background_background&quot;:&quot;classic&quot;}\">\n\t\t<div class=\"elementor-element elementor-element-4129b88 e-con-full e-flex e-con e-child\" data-id=\"4129b88\" data-element_type=\"container\" data-e-type=\"container\">\n\t\t\t\t<div class=\"elementor-element elementor-element-3a7c8f5 at-heading-animation at-animation-heading-style-3 elementor-widget elementor-widget-heading\" data-id=\"3a7c8f5\" data-element_type=\"widget\" data-e-type=\"widget\" data-settings=\"{&quot;ekit_we_effect_on&quot;:&quot;none&quot;}\" data-widget_type=\"heading.default\">\n\t\t\t\t<div class=\"elementor-widget-container\">\n\t\t\t\t\t<h2 class=\"elementor-heading-title elementor-size-default\">Augmentation mammaire de type latin\n<\/h2>\t\t\t\t<\/div>\n\t\t\t\t<\/div>\n\t\t\t\t<div class=\"elementor-element elementor-element-7af34c0 elementor-invisible elementor-widget elementor-widget-text-editor\" data-id=\"7af34c0\" data-element_type=\"widget\" data-e-type=\"widget\" data-settings=\"{&quot;_animation&quot;:&quot;fadeInUp&quot;,&quot;ekit_we_effect_on&quot;:&quot;none&quot;}\" data-widget_type=\"text-editor.default\">\n\t\t\t\t<div class=\"elementor-widget-container\">\n\t\t\t\t\t\t\t\t\t<p>La beaut\u00e9 latine se caract\u00e9rise par des formes g\u00e9n\u00e9reuses et arrondies. Des seins ronds et g\u00e9n\u00e9reux, une taille fine et des hanches arrondies sont les principaux attributs de la beaut\u00e9 latine. <\/p><p>Les courbes arrondies constituent la caract\u00e9ristique structurelle du corps f\u00e9minin. La structure naturelle du corps est compos\u00e9e de courbes arrondies. L&rsquo;objectif principal de la chirurgie esth\u00e9tique est \u00e9galement de permettre aux personnes d&rsquo;avoir une apparence naturelle.  <\/p>\t\t\t\t\t\t\t\t<\/div>\n\t\t\t\t<\/div>\n\t\t\t\t<div class=\"elementor-element elementor-element-54fe316 elementor-hidden-desktop elementor-hidden-tablet elementor-widget elementor-widget-html\" data-id=\"54fe316\" data-element_type=\"widget\" data-e-type=\"widget\" data-settings=\"{&quot;ekit_we_effect_on&quot;:&quot;none&quot;}\" data-widget_type=\"html.default\">\n\t\t\t\t<div class=\"elementor-widget-container\">\n\t\t\t\t\t<a class=\"offer-button\" href=\"#offer-form\">\r\n  Contactez nous<\/a>\t\t\t\t<\/div>\n\t\t\t\t<\/div>\n\t\t<div class=\"elementor-element elementor-element-ad46cbd e-con-full e-flex e-con e-child\" data-id=\"ad46cbd\" data-element_type=\"container\" data-e-type=\"container\" data-settings=\"{&quot;background_background&quot;:&quot;classic&quot;}\">\n\t\t\t\t<div class=\"elementor-element elementor-element-010c11a elementor-widget elementor-widget-image\" data-id=\"010c11a\" data-element_type=\"widget\" data-e-type=\"widget\" data-settings=\"{&quot;ekit_we_effect_on&quot;:&quot;none&quot;}\" data-widget_type=\"image.default\">\n\t\t\t\t<div class=\"elementor-widget-container\">\n\t\t\t\t\t\t\t\t\t\t\t\t\t\t\t<img fetchpriority=\"high\" decoding=\"async\" width=\"605\" height=\"436\" src=\"https:\/\/www.guncelozturk.com\/wp-content\/uploads\/2025\/07\/latin-tipi-gogus-buyutme.webp\" class=\"attachment-full size-full wp-image-20446\" alt=\"\" srcset=\"https:\/\/www.guncelozturk.com\/wp-content\/uploads\/2025\/07\/latin-tipi-gogus-buyutme.webp 605w, https:\/\/www.guncelozturk.com\/wp-content\/uploads\/2025\/07\/latin-tipi-gogus-buyutme-300x216.webp 300w\" sizes=\"(max-width: 605px) 100vw, 605px\" title=\"\">\t\t\t\t\t\t\t\t\t\t\t\t\t\t\t<\/div>\n\t\t\t\t<\/div>\n\t\t\t\t<\/div>\n\t\t\t\t<\/div>\n\t\t\t\t<\/div>\n\t\t<div class=\"elementor-element elementor-element-74286aa e-con-full bg-section v2 e-flex e-con e-child\" data-id=\"74286aa\" data-element_type=\"container\" data-e-type=\"container\" data-settings=\"{&quot;background_background&quot;:&quot;classic&quot;}\">\n\t\t<div class=\"elementor-element elementor-element-73d4156 e-con-full e-flex e-con e-child\" data-id=\"73d4156\" data-element_type=\"container\" data-e-type=\"container\">\n\t\t\t\t<div class=\"elementor-element elementor-element-74652a2 elementor-invisible elementor-widget elementor-widget-text-editor\" data-id=\"74652a2\" data-element_type=\"widget\" data-e-type=\"widget\" data-settings=\"{&quot;_animation&quot;:&quot;fadeInUp&quot;,&quot;ekit_we_effect_on&quot;:&quot;none&quot;}\" data-widget_type=\"text-editor.default\">\n\t\t\t\t<div class=\"elementor-widget-container\">\n\t\t\t\t\t\t\t\t\t<p>Une insuffisance de tissu mammaire et une petite poitrine peuvent figurer parmi les probl\u00e8mes esth\u00e9tiques les plus importants pour les femmes. Les femmes qui ont recours \u00e0 la chirurgie esth\u00e9tique affirment qu&rsquo;elles ne se sentent pas suffisamment f\u00e9minines \u00e0 cause de leur petite poitrine, qu&rsquo;elles ne peuvent pas porter les v\u00eatements qu&rsquo;elles souhaitent et qu&rsquo;elles manquent de confiance en elles. <\/p>\t\t\t\t\t\t\t\t<\/div>\n\t\t\t\t<\/div>\n\t\t\t\t<\/div>\n\t\t\t\t<\/div>\n\t\t<div class=\"elementor-element elementor-element-3fc3283 e-con-full bg-section v2 e-flex e-con e-child\" data-id=\"3fc3283\" data-element_type=\"container\" data-e-type=\"container\" data-settings=\"{&quot;background_background&quot;:&quot;classic&quot;}\">\n\t\t<div class=\"elementor-element elementor-element-e4a2090 e-con-full e-flex e-con e-child\" data-id=\"e4a2090\" data-element_type=\"container\" data-e-type=\"container\">\n\t\t\t\t<div class=\"elementor-element elementor-element-80238cb at-heading-animation at-animation-heading-style-3 elementor-widget elementor-widget-heading\" data-id=\"80238cb\" data-element_type=\"widget\" data-e-type=\"widget\" data-settings=\"{&quot;ekit_we_effect_on&quot;:&quot;none&quot;}\" data-widget_type=\"heading.default\">\n\t\t\t\t<div class=\"elementor-widget-container\">\n\t\t\t\t\t<h4 class=\"elementor-heading-title elementor-size-default\">Caract\u00e9ristiques de l'esth\u00e9tique du comblement mammaire de type latin\n<\/h4>\t\t\t\t<\/div>\n\t\t\t\t<\/div>\n\t\t\t\t<div class=\"elementor-element elementor-element-bafa25b elementor-invisible elementor-widget elementor-widget-text-editor\" data-id=\"bafa25b\" data-element_type=\"widget\" data-e-type=\"widget\" data-settings=\"{&quot;_animation&quot;:&quot;fadeInUp&quot;,&quot;ekit_we_effect_on&quot;:&quot;none&quot;}\" data-widget_type=\"text-editor.default\">\n\t\t\t\t<div class=\"elementor-widget-container\">\n\t\t\t\t\t\t\t\t\t<p>Dans l&rsquo;esth\u00e9tique mammaire de type latin, il est important que les seins aient une taille remarquable. Les calculs de la taille id\u00e9ale des seins sont bas\u00e9s sur le volume maximal possible. <\/p><p>Les seins volumineux doivent g\u00e9n\u00e9ralement \u00eatre ronds et fermes. On attend notamment que le d\u00e9collet\u00e9 pr\u00e9sente un volume remarquable. <\/p>\t\t\t\t\t\t\t\t<\/div>\n\t\t\t\t<\/div>\n\t\t\t\t<\/div>\n\t\t\t\t<\/div>\n\t\t<div class=\"elementor-element elementor-element-4bdc894 e-con-full bg-section v2 e-flex e-con e-child\" data-id=\"4bdc894\" data-element_type=\"container\" data-e-type=\"container\" data-settings=\"{&quot;background_background&quot;:&quot;classic&quot;}\">\n\t\t<div class=\"elementor-element elementor-element-2dfe4bc e-con-full e-flex e-con e-child\" data-id=\"2dfe4bc\" data-element_type=\"container\" data-e-type=\"container\">\n\t\t\t\t<div class=\"elementor-element elementor-element-a1c7fd8 at-heading-animation at-animation-heading-style-3 elementor-widget elementor-widget-heading\" data-id=\"a1c7fd8\" data-element_type=\"widget\" data-e-type=\"widget\" data-settings=\"{&quot;ekit_we_effect_on&quot;:&quot;none&quot;}\" data-widget_type=\"heading.default\">\n\t\t\t\t<div class=\"elementor-widget-container\">\n\t\t\t\t\t<h4 class=\"elementor-heading-title elementor-size-default\">M\u00e9thodes d'augmentation mammaire de type latin\n<\/h4>\t\t\t\t<\/div>\n\t\t\t\t<\/div>\n\t\t\t\t<div class=\"elementor-element elementor-element-7eb0c7e elementor-invisible elementor-widget elementor-widget-text-editor\" data-id=\"7eb0c7e\" data-element_type=\"widget\" data-e-type=\"widget\" data-settings=\"{&quot;_animation&quot;:&quot;fadeInUp&quot;,&quot;ekit_we_effect_on&quot;:&quot;none&quot;}\" data-widget_type=\"text-editor.default\">\n\t\t\t\t<div class=\"elementor-widget-container\">\n\t\t\t\t\t\t\t\t\t<p>L&rsquo;augmentation mammaire de type latin peut \u00eatre r\u00e9alis\u00e9e selon deux m\u00e9thodes. Il est possible de choisir la technique la plus adapt\u00e9e \u00e0 chaque personne parmi les techniques chirurgicales ou non chirurgicales. <\/p><p>La technique chirurgicale peut \u00eatre r\u00e9alis\u00e9e \u00e0 l&rsquo;aide d&rsquo;une m\u00e9thode d&rsquo;implantation mammaire. Apr\u00e8s \u00e9valuation du tissu mammaire existant et de la morphologie g\u00e9n\u00e9rale de la patiente, diff\u00e9rentes options de forme et de taille d&rsquo;implants mammaires sont propos\u00e9es. L&rsquo;intervention chirurgicale est r\u00e9alis\u00e9e conform\u00e9ment aux pr\u00e9f\u00e9rences de la patiente.  <\/p><p>L&rsquo;op\u00e9ration commence par une anesth\u00e9sie g\u00e9n\u00e9rale. Le type d&rsquo;anesth\u00e9sie \u00e0 utiliser est \u00e9galement d\u00e9termin\u00e9 en fonction des pr\u00e9f\u00e9rences du patient et de son \u00e9tat de sant\u00e9 g\u00e9n\u00e9ral. <\/p><p>Ensuite, l&rsquo;implant s\u00e9lectionn\u00e9 est mis en place au cours d&rsquo;une op\u00e9ration qui dure en moyenne entre 2 et 2,5 heures. Il existe diff\u00e9rentes m\u00e9thodes pour mettre en place l&rsquo;implant. Le chirurgien recommandera \u00e0 la patiente l&rsquo;option la plus appropri\u00e9e en fonction de son tissu mammaire et de la forme de l&rsquo;implant s\u00e9lectionn\u00e9. Les sutures sont dissimul\u00e9es dans les plis naturels du sein afin d&rsquo;\u00eatre invisibles. L&rsquo;un des principaux objectifs de la chirurgie esth\u00e9tique est de rendre les cicatrices aussi discr\u00e8tes que possible. Gr\u00e2ce aux progr\u00e8s de la chirurgie plastique, la dur\u00e9e de l&rsquo;op\u00e9ration et la convalescence postop\u00e9ratoire ont \u00e9t\u00e9 consid\u00e9rablement r\u00e9duites.     <\/p><p>Les techniques non chirurgicales sont r\u00e9alis\u00e9es \u00e0 l&rsquo;aide d&rsquo;injections de comblement, en fonction de la structure mammaire. Les produits de comblement \u00e0 base d&rsquo;acide hyaluronique sont g\u00e9n\u00e9ralement pr\u00e9f\u00e9r\u00e9s en raison de leur compatibilit\u00e9 avec le corps humain et de leur s\u00e9curit\u00e9. Gr\u00e2ce \u00e0 la m\u00e9thode d&rsquo;injection de comblement, connue sous le nom d&rsquo;\u00ab esth\u00e9tique en 15 minutes \u00bb, il est possible d&rsquo;augmenter le volume des seins sans avoir recours \u00e0 la chirurgie. Si la patiente subit l&rsquo;intervention pendant sa pause d\u00e9jeuner, elle peut reprendre le travail avec une poitrine plus volumineuse. Cette technique est de plus en plus demand\u00e9e par les femmes qui ont peur de la chirurgie ou qui n&rsquo;ont pas suffisamment de temps pour se remettre d&rsquo;une op\u00e9ration.    <\/p>\t\t\t\t\t\t\t\t<\/div>\n\t\t\t\t<\/div>\n\t\t\t\t<\/div>\n\t\t\t\t<\/div>\n\t\t\t\t<\/div>\n\t\t\t\t\t<\/div>\n\t\t\t\t<\/div>\n\t\t\t\t<\/div>\n\t\t","protected":false},"excerpt":{"rendered":"<p>Augmentation mammaire de type latin Ana Sayfa Augmentation mammaire de type latin [&hellip;]<\/p>\n","protected":false},"author":1,"featured_media":0,"parent":0,"menu_order":0,"comment_status":"closed","ping_status":"closed","template":"elementor_header_footer","meta":{"footnotes":""},"class_list":["post-20445","page","type-page","status-publish","hentry"],"_links":{"self":[{"href":"https:\/\/www.guncelozturk.com\/fr\/wp-json\/wp\/v2\/pages\/20445","targetHints":{"allow":["GET"]}}],"collection":[{"href":"https:\/\/www.guncelozturk.com\/fr\/wp-json\/wp\/v2\/pages"}],"about":[{"href":"https:\/\/www.guncelozturk.com\/fr\/wp-json\/wp\/v2\/types\/page"}],"author":[{"embeddable":true,"href":"https:\/\/www.guncelozturk.com\/fr\/wp-json\/wp\/v2\/users\/1"}],"replies":[{"embeddable":true,"href":"https:\/\/www.guncelozturk.com\/fr\/wp-json\/wp\/v2\/comments?post=20445"}],"version-history":[{"count":5,"href":"https:\/\/www.guncelozturk.com\/fr\/wp-json\/wp\/v2\/pages\/20445\/revisions"}],"predecessor-version":[{"id":30497,"href":"https:\/\/www.guncelozturk.com\/fr\/wp-json\/wp\/v2\/pages\/20445\/revisions\/30497"}],"wp:attachment":[{"href":"https:\/\/www.guncelozturk.com\/fr\/wp-json\/wp\/v2\/media?parent=20445"}],"curies":[{"name":"wp","href":"https:\/\/api.w.org\/{rel}","templated":true}]}}