{"id":32565,"date":"2025-07-12T21:42:47","date_gmt":"2025-07-12T21:42:47","guid":{"rendered":"https:\/\/www.guncelozturk.com\/ingiliz-tipi-gogus-buyutme\/"},"modified":"2025-12-29T13:24:07","modified_gmt":"2025-12-29T13:24:07","slug":"aumento-del-seno-di-tipo-britannico","status":"publish","type":"page","link":"https:\/\/www.guncelozturk.com\/it\/aumento-del-seno-di-tipo-britannico\/","title":{"rendered":"Aumento del seno di tipo britannico"},"content":{"rendered":"\t\t<div data-elementor-type=\"wp-page\" data-elementor-id=\"32565\" class=\"elementor elementor-32565 elementor-16330\" data-elementor-post-type=\"page\">\n\t\t\t\t<div class=\"elementor-element elementor-element-5f6c221 e-flex e-con-boxed e-con e-parent\" data-id=\"5f6c221\" data-element_type=\"container\" data-e-type=\"container\">\n\t\t\t\t\t<div class=\"e-con-inner\">\n\t\t<div class=\"elementor-element elementor-element-55bc79a bg-section e-flex e-con-boxed e-con e-child\" data-id=\"55bc79a\" data-element_type=\"container\" data-e-type=\"container\" data-settings=\"{&quot;background_background&quot;:&quot;classic&quot;}\">\n\t\t\t\t\t<div class=\"e-con-inner\">\n\t\t\t\t<div class=\"elementor-element elementor-element-b935276 at-heading-animation at-animation-heading-style-3 elementor-widget elementor-widget-heading\" data-id=\"b935276\" data-element_type=\"widget\" data-e-type=\"widget\" data-settings=\"{&quot;ekit_we_effect_on&quot;:&quot;none&quot;}\" data-widget_type=\"heading.default\">\n\t\t\t\t<div class=\"elementor-widget-container\">\n\t\t\t\t\t<h1 class=\"elementor-heading-title elementor-size-default\">Aumento del seno di tipo britannico<\/h1>\t\t\t\t<\/div>\n\t\t\t\t<\/div>\n\t\t\t\t<div class=\"elementor-element elementor-element-cd83ac4 elementor-invisible elementor-widget elementor-widget-elementskit-breadcrumb\" data-id=\"cd83ac4\" data-element_type=\"widget\" data-e-type=\"widget\" data-settings=\"{&quot;_animation&quot;:&quot;fadeInUp&quot;,&quot;ekit_we_effect_on&quot;:&quot;none&quot;}\" data-widget_type=\"elementskit-breadcrumb.default\">\n\t\t\t\t<div class=\"elementor-widget-container\">\n\t\t\t\t\t<div class=\"ekit-wid-con\" ><ol class=\"ekit-breadcrumb\"><li class=\"ekit_breadcrumbs_start\"><a href=\"https:\/\/www.guncelozturk.com\/it\/\">Home<\/a><\/li> <li class=\"brd_sep\"><span class=\"separate_icon\"><svg xmlns=\"http:\/\/www.w3.org\/2000\/svg\" width=\"5\" height=\"11\" viewBox=\"0 0 5 11\"><path d=\"M0 10.4183L1.35051 5.27192L2.70102 0.125522L4.05688 0L1.35586 10.2928L0 10.4183Z\" fill=\"white\"><\/path><\/svg><\/span><\/li>  <li>Aumento del seno di tipo britannico<\/li><\/ol><\/div>\t\t\t\t<\/div>\n\t\t\t\t<\/div>\n\t\t\t\t\t<\/div>\n\t\t\t\t<\/div>\n\t\t\t\t\t<\/div>\n\t\t\t\t<\/div>\n\t\t<div class=\"elementor-element elementor-element-7185b2e e-flex e-con-boxed e-con e-parent\" data-id=\"7185b2e\" data-element_type=\"container\" data-e-type=\"container\">\n\t\t\t\t\t<div class=\"e-con-inner\">\n\t\t<div class=\"elementor-element elementor-element-a1e7451 e-con-full e-flex e-con e-child\" data-id=\"a1e7451\" data-element_type=\"container\" data-e-type=\"container\" id=\"offer-form\">\n\t\t<div class=\"elementor-element elementor-element-a4f5a1c e-con-full sticky-column e-flex elementor-invisible e-con e-child\" data-id=\"a4f5a1c\" data-element_type=\"container\" data-e-type=\"container\" data-settings=\"{&quot;animation&quot;:&quot;fadeInUp&quot;}\">\n\t\t<div class=\"elementor-element elementor-element-fc70a2a e-con-full e-flex e-con e-child\" data-id=\"fc70a2a\" data-element_type=\"container\" data-e-type=\"container\">\n\t\t<div class=\"elementor-element elementor-element-c8a0911 e-con-full e-flex e-con e-child\" data-id=\"c8a0911\" data-element_type=\"container\" data-e-type=\"container\" data-settings=\"{&quot;background_background&quot;:&quot;classic&quot;}\">\n\t\t\t\t<div class=\"elementor-element elementor-element-8911a93 elementor-widget elementor-widget-spacer\" data-id=\"8911a93\" data-element_type=\"widget\" data-e-type=\"widget\" data-settings=\"{&quot;ekit_we_effect_on&quot;:&quot;none&quot;}\" data-widget_type=\"spacer.default\">\n\t\t\t\t<div class=\"elementor-widget-container\">\n\t\t\t\t\t\t\t<div class=\"elementor-spacer\">\n\t\t\t<div class=\"elementor-spacer-inner\"><\/div>\n\t\t<\/div>\n\t\t\t\t\t\t<\/div>\n\t\t\t\t<\/div>\n\t\t\t\t<\/div>\n\t\t\t\t<\/div>\n\t\t<div class=\"elementor-element elementor-element-747a9e2 e-con-full e-flex e-con e-child\" data-id=\"747a9e2\" data-element_type=\"container\" data-e-type=\"container\" data-settings=\"{&quot;background_background&quot;:&quot;classic&quot;}\">\n\t\t\t\t<div class=\"elementor-element elementor-element-a90c93e elementor-widget elementor-widget-html\" data-id=\"a90c93e\" data-element_type=\"widget\" data-e-type=\"widget\" data-settings=\"{&quot;ekit_we_effect_on&quot;:&quot;none&quot;}\" data-widget_type=\"html.default\">\n\t\t\t\t<div class=\"elementor-widget-container\">\n\t\t\t\t\t<iframe aria-label='YK - WhatsApp - guncelozturk.com Banner IT (New Website)' frameborder=\"0\" style=\"height:500px;width:99%;border:none;\" src='https:\/\/forms.zohopublic.eu\/doctorgo\/form\/YKWhatsAppguncelozturkcomBannerITNewWebsite\/formperma\/4MSRRWnXW9YUDB4FWGq1lAfpWheZqRuzpmUS8zUZHdE'><\/iframe>\t\t\t\t<\/div>\n\t\t\t\t<\/div>\n\t\t\t\t<\/div>\n\t\t\t\t<\/div>\n\t\t\t\t<\/div>\n\t\t<div class=\"elementor-element elementor-element-eea782d e-con-full e-flex e-con e-child\" data-id=\"eea782d\" data-element_type=\"container\" data-e-type=\"container\">\n\t\t<div class=\"elementor-element elementor-element-d37cbb5 e-con-full bg-section v2 e-flex e-con e-child\" data-id=\"d37cbb5\" data-element_type=\"container\" data-e-type=\"container\" data-settings=\"{&quot;background_background&quot;:&quot;classic&quot;}\">\n\t\t<div class=\"elementor-element elementor-element-4129b88 e-con-full e-flex e-con e-child\" data-id=\"4129b88\" data-element_type=\"container\" data-e-type=\"container\">\n\t\t\t\t<div class=\"elementor-element elementor-element-3a7c8f5 at-heading-animation at-animation-heading-style-3 elementor-widget elementor-widget-heading\" data-id=\"3a7c8f5\" data-element_type=\"widget\" data-e-type=\"widget\" data-settings=\"{&quot;ekit_we_effect_on&quot;:&quot;none&quot;}\" data-widget_type=\"heading.default\">\n\t\t\t\t<div class=\"elementor-widget-container\">\n\t\t\t\t\t<h2 class=\"elementor-heading-title elementor-size-default\">Aumento del seno di tipo britannico<\/h2>\t\t\t\t<\/div>\n\t\t\t\t<\/div>\n\t\t\t\t<div class=\"elementor-element elementor-element-7af34c0 elementor-invisible elementor-widget elementor-widget-text-editor\" data-id=\"7af34c0\" data-element_type=\"widget\" data-e-type=\"widget\" data-settings=\"{&quot;_animation&quot;:&quot;fadeInUp&quot;,&quot;ekit_we_effect_on&quot;:&quot;none&quot;}\" data-widget_type=\"text-editor.default\">\n\t\t\t\t<div class=\"elementor-widget-container\">\n\t\t\t\t\t\t\t\t\tSecondo una ricerca condotta dal quotidiano The Sun, le donne con il seno pi\u00f9 grande d\u2019Europa sono le donne inglesi. Le donne danesi si collocano al secondo posto, mentre al terzo posto si trovano le donne olandesi. Contrariamente a quanto si pensa, le donne con il seno pi\u00f9 piccolo d\u2019Europa risultano essere le donne italiane.\n\t\t\t\t\t\t\t\t<\/div>\n\t\t\t\t<\/div>\n\t\t<div class=\"elementor-element elementor-element-ad46cbd e-con-full e-flex e-con e-child\" data-id=\"ad46cbd\" data-element_type=\"container\" data-e-type=\"container\" data-settings=\"{&quot;background_background&quot;:&quot;classic&quot;}\">\n\t\t\t\t<div class=\"elementor-element elementor-element-010c11a elementor-widget elementor-widget-image\" data-id=\"010c11a\" data-element_type=\"widget\" data-e-type=\"widget\" data-settings=\"{&quot;ekit_we_effect_on&quot;:&quot;none&quot;}\" data-widget_type=\"image.default\">\n\t\t\t\t<div class=\"elementor-widget-container\">\n\t\t\t\t\t\t\t\t\t\t\t\t\t\t\t<img fetchpriority=\"high\" decoding=\"async\" width=\"400\" height=\"600\" src=\"https:\/\/www.guncelozturk.com\/wp-content\/uploads\/2025\/07\/ingiliz-tipi-gogus-buyutme.webp\" class=\"attachment-full size-full wp-image-32566\" alt=\"\" srcset=\"https:\/\/www.guncelozturk.com\/wp-content\/uploads\/2025\/07\/ingiliz-tipi-gogus-buyutme.webp 400w, https:\/\/www.guncelozturk.com\/wp-content\/uploads\/2025\/07\/ingiliz-tipi-gogus-buyutme-200x300.webp 200w\" sizes=\"(max-width: 400px) 100vw, 400px\" title=\"\">\t\t\t\t\t\t\t\t\t\t\t\t\t\t\t<\/div>\n\t\t\t\t<\/div>\n\t\t\t\t<\/div>\n\t\t\t\t<\/div>\n\t\t\t\t<\/div>\n\t\t<div class=\"elementor-element elementor-element-74286aa e-con-full bg-section v2 e-flex e-con e-child\" data-id=\"74286aa\" data-element_type=\"container\" data-e-type=\"container\" data-settings=\"{&quot;background_background&quot;:&quot;classic&quot;}\">\n\t\t<div class=\"elementor-element elementor-element-73d4156 e-con-full e-flex e-con e-child\" data-id=\"73d4156\" data-element_type=\"container\" data-e-type=\"container\">\n\t\t\t\t<div class=\"elementor-element elementor-element-74652a2 elementor-invisible elementor-widget elementor-widget-text-editor\" data-id=\"74652a2\" data-element_type=\"widget\" data-e-type=\"widget\" data-settings=\"{&quot;_animation&quot;:&quot;fadeInUp&quot;,&quot;ekit_we_effect_on&quot;:&quot;none&quot;}\" data-widget_type=\"text-editor.default\">\n\t\t\t\t<div class=\"elementor-widget-container\">\n\t\t\t\t\t\t\t\t\tSecondo la stessa ricerca, le donne inglesi possiedono alcune delle proporzioni corporee pi\u00f9 attraenti al mondo. La combinazione di vita sottile e seno voluminoso \u00e8 molto pi\u00f9 diffusa tra le donne inglesi. La forma del seno pi\u00f9 comune tra le donne inglesi \u00e8 generalmente di tipo a goccia.\n\t\t\t\t\t\t\t\t<\/div>\n\t\t\t\t<\/div>\n\t\t\t\t<\/div>\n\t\t\t\t<\/div>\n\t\t<div class=\"elementor-element elementor-element-9ed085e e-con-full bg-section v2 e-flex e-con e-child\" data-id=\"9ed085e\" data-element_type=\"container\" data-e-type=\"container\" data-settings=\"{&quot;background_background&quot;:&quot;classic&quot;}\">\n\t\t<div class=\"elementor-element elementor-element-45b002d e-con-full e-flex e-con e-child\" data-id=\"45b002d\" data-element_type=\"container\" data-e-type=\"container\">\n\t\t\t\t<div class=\"elementor-element elementor-element-d7d9f61 at-heading-animation at-animation-heading-style-3 elementor-widget elementor-widget-heading\" data-id=\"d7d9f61\" data-element_type=\"widget\" data-e-type=\"widget\" data-settings=\"{&quot;ekit_we_effect_on&quot;:&quot;none&quot;}\" data-widget_type=\"heading.default\">\n\t\t\t\t<div class=\"elementor-widget-container\">\n\t\t\t\t\t<h4 class=\"elementor-heading-title elementor-size-default\">Caratteristiche del seno di tipo britannico<\/h4>\t\t\t\t<\/div>\n\t\t\t\t<\/div>\n\t\t\t\t<div class=\"elementor-element elementor-element-5b22ad9 elementor-invisible elementor-widget elementor-widget-text-editor\" data-id=\"5b22ad9\" data-element_type=\"widget\" data-e-type=\"widget\" data-settings=\"{&quot;_animation&quot;:&quot;fadeInUp&quot;,&quot;ekit_we_effect_on&quot;:&quot;none&quot;}\" data-widget_type=\"text-editor.default\">\n\t\t\t\t<div class=\"elementor-widget-container\">\n\t\t\t\t\t\t\t\t\tI seni in stile inglese hanno una forma a goccia e rientrano generalmente nelle fasce di volume massimo. Per le donne che desiderano un aumento del seno in stile inglese, l\u2019obiettivo \u00e8 raggiungere la dimensione massima che mantenga una corretta proporzione con il corpo, utilizzando protesi mammarie a goccia.\n\nLe protesi mammarie a goccia possono essere posizionate sopra o sotto il muscolo tramite tecniche chirurgiche. Il posizionamento sottomuscolare \u00e8 molto pi\u00f9 diffuso per questo tipo di impianti, poich\u00e9 quando le protesi rotonde vengono inserite sotto il muscolo tendono ad assumere una forma simile a quella a goccia.\n\nLa scelta tra posizionamento sopra o sotto il muscolo viene fatta in base alle caratteristiche della persona. Se il tessuto mammario \u00e8 molto scarso e la paziente \u00e8 molto magra, il posizionamento sopra il muscolo pu\u00f2 rendere la forma della protesi pi\u00f9 evidente. In questi casi, il posizionamento sotto il muscolo aiuta a rendere l\u2019impianto meno visibile. Se la persona \u00e8 un\u2019atleta professionista, il posizionamento sottomuscolare generalmente non viene preferito. Allo stesso modo, se \u00e8 presente una quantit\u00e0 sufficiente di tessuto mammario, il posizionamento sotto il muscolo pu\u00f2 non essere necessario.\n\nNegli interventi di aumento del seno con protesi, le incisioni vengono nascoste in modo da risultare poco visibili. Con il passare del tempo, le cicatrici diventano sempre pi\u00f9 discrete. Inoltre, l\u2019aumento del seno con protesi non danneggia in alcun modo le ghiandole mammarie. Dopo l\u2019intervento estetico, in caso di gravidanza, \u00e8 possibile allattare il bambino senza difficolt\u00e0.\n\t\t\t\t\t\t\t\t<\/div>\n\t\t\t\t<\/div>\n\t\t\t\t<\/div>\n\t\t\t\t<\/div>\n\t\t<div class=\"elementor-element elementor-element-d27491f e-con-full bg-section v2 e-flex e-con e-child\" data-id=\"d27491f\" data-element_type=\"container\" data-e-type=\"container\" data-settings=\"{&quot;background_background&quot;:&quot;classic&quot;}\">\n\t\t<div class=\"elementor-element elementor-element-abd5638 e-con-full e-flex e-con e-child\" data-id=\"abd5638\" data-element_type=\"container\" data-e-type=\"container\">\n\t\t\t\t<div class=\"elementor-element elementor-element-8b52abe at-heading-animation at-animation-heading-style-3 elementor-widget elementor-widget-heading\" data-id=\"8b52abe\" data-element_type=\"widget\" data-e-type=\"widget\" data-settings=\"{&quot;ekit_we_effect_on&quot;:&quot;none&quot;}\" data-widget_type=\"heading.default\">\n\t\t\t\t<div class=\"elementor-widget-container\">\n\t\t\t\t\t<h4 class=\"elementor-heading-title elementor-size-default\">Aumento del seno in stile britannico con tecnica filler.<\/h4>\t\t\t\t<\/div>\n\t\t\t\t<\/div>\n\t\t\t\t<div class=\"elementor-element elementor-element-dc781bf elementor-invisible elementor-widget elementor-widget-text-editor\" data-id=\"dc781bf\" data-element_type=\"widget\" data-e-type=\"widget\" data-settings=\"{&quot;_animation&quot;:&quot;fadeInUp&quot;,&quot;ekit_we_effect_on&quot;:&quot;none&quot;}\" data-widget_type=\"text-editor.default\">\n\t\t\t\t<div class=\"elementor-widget-container\">\n\t\t\t\t\t\t\t\t\tCon la tecnica di iniezione \u00e8 possibile aumentare il volume del seno mediante l\u2019iniezione di filler a base di acido ialuronico oppure di grasso autologo. Nel caso dell\u2019iniezione di grasso, \u00e8 necessario eseguire anche una procedura di prelievo del grasso dalla paziente. Il grasso prelevato viene sottoposto a un processo di purificazione e successivamente iniettato nel seno. Con i filler a base di acido ialuronico, invece, non \u00e8 richiesto alcun processo di prelievo o trattamento aggiuntivo.\n\t\t\t\t\t\t\t\t<\/div>\n\t\t\t\t<\/div>\n\t\t\t\t<\/div>\n\t\t\t\t<\/div>\n\t\t\t\t<\/div>\n\t\t\t\t\t<\/div>\n\t\t\t\t<\/div>\n\t\t\t\t<\/div>\n\t\t","protected":false},"excerpt":{"rendered":"<p>Aumento del seno di tipo britannico Ana Sayfa Aumento del seno di [&hellip;]<\/p>\n","protected":false},"author":1,"featured_media":0,"parent":0,"menu_order":0,"comment_status":"closed","ping_status":"closed","template":"elementor_header_footer","meta":{"footnotes":""},"class_list":["post-32565","page","type-page","status-publish","hentry"],"_links":{"self":[{"href":"https:\/\/www.guncelozturk.com\/it\/wp-json\/wp\/v2\/pages\/32565","targetHints":{"allow":["GET"]}}],"collection":[{"href":"https:\/\/www.guncelozturk.com\/it\/wp-json\/wp\/v2\/pages"}],"about":[{"href":"https:\/\/www.guncelozturk.com\/it\/wp-json\/wp\/v2\/types\/page"}],"author":[{"embeddable":true,"href":"https:\/\/www.guncelozturk.com\/it\/wp-json\/wp\/v2\/users\/1"}],"replies":[{"embeddable":true,"href":"https:\/\/www.guncelozturk.com\/it\/wp-json\/wp\/v2\/comments?post=32565"}],"version-history":[{"count":6,"href":"https:\/\/www.guncelozturk.com\/it\/wp-json\/wp\/v2\/pages\/32565\/revisions"}],"predecessor-version":[{"id":33998,"href":"https:\/\/www.guncelozturk.com\/it\/wp-json\/wp\/v2\/pages\/32565\/revisions\/33998"}],"wp:attachment":[{"href":"https:\/\/www.guncelozturk.com\/it\/wp-json\/wp\/v2\/media?parent=32565"}],"curies":[{"name":"wp","href":"https:\/\/api.w.org\/{rel}","templated":true}]}}