{"id":33606,"date":"2025-07-13T09:13:40","date_gmt":"2025-07-13T09:13:40","guid":{"rendered":"https:\/\/www.guncelozturk.com\/goz-alti-isik-dolgusu\/"},"modified":"2025-12-29T14:21:39","modified_gmt":"2025-12-29T14:21:39","slug":"filler-leggero-per-il-contorno-occhi","status":"publish","type":"page","link":"https:\/\/www.guncelozturk.com\/it\/filler-leggero-per-il-contorno-occhi\/","title":{"rendered":"Filler leggero per il contorno occhi"},"content":{"rendered":"\t\t<div data-elementor-type=\"wp-page\" data-elementor-id=\"33606\" class=\"elementor elementor-33606 elementor-14177\" data-elementor-post-type=\"page\">\n\t\t\t\t<div class=\"elementor-element elementor-element-5f6c221 e-flex e-con-boxed e-con e-parent\" data-id=\"5f6c221\" data-element_type=\"container\" data-e-type=\"container\">\n\t\t\t\t\t<div class=\"e-con-inner\">\n\t\t<div class=\"elementor-element elementor-element-55bc79a bg-section e-flex e-con-boxed e-con e-child\" data-id=\"55bc79a\" data-element_type=\"container\" data-e-type=\"container\" data-settings=\"{&quot;background_background&quot;:&quot;classic&quot;}\">\n\t\t\t\t\t<div class=\"e-con-inner\">\n\t\t\t\t<div class=\"elementor-element elementor-element-b935276 at-heading-animation at-animation-heading-style-3 elementor-widget elementor-widget-heading\" data-id=\"b935276\" data-element_type=\"widget\" data-e-type=\"widget\" data-settings=\"{&quot;ekit_we_effect_on&quot;:&quot;none&quot;}\" data-widget_type=\"heading.default\">\n\t\t\t\t<div class=\"elementor-widget-container\">\n\t\t\t\t\t<h1 class=\"elementor-heading-title elementor-size-default\">Filler leggero per il contorno occhi<\/h1>\t\t\t\t<\/div>\n\t\t\t\t<\/div>\n\t\t\t\t<div class=\"elementor-element elementor-element-cd83ac4 elementor-invisible elementor-widget elementor-widget-elementskit-breadcrumb\" data-id=\"cd83ac4\" data-element_type=\"widget\" data-e-type=\"widget\" data-settings=\"{&quot;_animation&quot;:&quot;fadeInUp&quot;,&quot;ekit_we_effect_on&quot;:&quot;none&quot;}\" data-widget_type=\"elementskit-breadcrumb.default\">\n\t\t\t\t<div class=\"elementor-widget-container\">\n\t\t\t\t\t<div class=\"ekit-wid-con\" ><ol class=\"ekit-breadcrumb\"><li class=\"ekit_breadcrumbs_start\"><a href=\"https:\/\/www.guncelozturk.com\/it\/\">Home<\/a><\/li> <li class=\"brd_sep\"><span class=\"separate_icon\"><svg xmlns=\"http:\/\/www.w3.org\/2000\/svg\" width=\"5\" height=\"11\" viewBox=\"0 0 5 11\"><path d=\"M0 10.4183L1.35051 5.27192L2.70102 0.125522L4.05688 0L1.35586 10.2928L0 10.4183Z\" fill=\"white\"><\/path><\/svg><\/span><\/li>  <li>Filler leggero per il contorno occhi<\/li><\/ol><\/div>\t\t\t\t<\/div>\n\t\t\t\t<\/div>\n\t\t\t\t\t<\/div>\n\t\t\t\t<\/div>\n\t\t\t\t\t<\/div>\n\t\t\t\t<\/div>\n\t\t<div class=\"elementor-element elementor-element-7185b2e e-flex e-con-boxed e-con e-parent\" data-id=\"7185b2e\" data-element_type=\"container\" data-e-type=\"container\">\n\t\t\t\t\t<div class=\"e-con-inner\">\n\t\t<div class=\"elementor-element elementor-element-a1e7451 e-con-full e-flex e-con e-child\" data-id=\"a1e7451\" data-element_type=\"container\" data-e-type=\"container\" id=\"offer-form\">\n\t\t<div class=\"elementor-element elementor-element-a4f5a1c e-con-full sticky-column e-flex elementor-invisible e-con e-child\" data-id=\"a4f5a1c\" data-element_type=\"container\" data-e-type=\"container\" data-settings=\"{&quot;animation&quot;:&quot;fadeInUp&quot;}\">\n\t\t<div class=\"elementor-element elementor-element-fc70a2a e-con-full e-flex e-con e-child\" data-id=\"fc70a2a\" data-element_type=\"container\" data-e-type=\"container\">\n\t\t<div class=\"elementor-element elementor-element-c8a0911 e-con-full e-flex e-con e-child\" data-id=\"c8a0911\" data-element_type=\"container\" data-e-type=\"container\" data-settings=\"{&quot;background_background&quot;:&quot;classic&quot;}\">\n\t\t\t\t<div class=\"elementor-element elementor-element-8911a93 elementor-widget elementor-widget-spacer\" data-id=\"8911a93\" data-element_type=\"widget\" data-e-type=\"widget\" data-settings=\"{&quot;ekit_we_effect_on&quot;:&quot;none&quot;}\" data-widget_type=\"spacer.default\">\n\t\t\t\t<div class=\"elementor-widget-container\">\n\t\t\t\t\t\t\t<div class=\"elementor-spacer\">\n\t\t\t<div class=\"elementor-spacer-inner\"><\/div>\n\t\t<\/div>\n\t\t\t\t\t\t<\/div>\n\t\t\t\t<\/div>\n\t\t\t\t<\/div>\n\t\t\t\t<\/div>\n\t\t<div class=\"elementor-element elementor-element-747a9e2 e-con-full e-flex e-con e-child\" data-id=\"747a9e2\" data-element_type=\"container\" data-e-type=\"container\" data-settings=\"{&quot;background_background&quot;:&quot;classic&quot;}\">\n\t\t\t\t<div class=\"elementor-element elementor-element-4c2d1a5 elementor-widget__width-initial elementor-widget elementor-widget-html\" data-id=\"4c2d1a5\" data-element_type=\"widget\" data-e-type=\"widget\" data-settings=\"{&quot;ekit_we_effect_on&quot;:&quot;none&quot;}\" data-widget_type=\"html.default\">\n\t\t\t\t<div class=\"elementor-widget-container\">\n\t\t\t\t\t<iframe aria-label='YK - WhatsApp - guncelozturk.com Banner IT (New Website)' frameborder=\"0\" style=\"height:500px;width:99%;border:none;\" src='https:\/\/forms.zohopublic.eu\/doctorgo\/form\/YKWhatsAppguncelozturkcomBannerITNewWebsite\/formperma\/4MSRRWnXW9YUDB4FWGq1lAfpWheZqRuzpmUS8zUZHdE'><\/iframe>\t\t\t\t<\/div>\n\t\t\t\t<\/div>\n\t\t\t\t<\/div>\n\t\t\t\t<\/div>\n\t\t\t\t<\/div>\n\t\t<div class=\"elementor-element elementor-element-eea782d e-con-full e-flex e-con e-child\" data-id=\"eea782d\" data-element_type=\"container\" data-e-type=\"container\">\n\t\t<div class=\"elementor-element elementor-element-6f015ed e-con-full bg-section v2 e-flex e-con e-child\" data-id=\"6f015ed\" data-element_type=\"container\" data-e-type=\"container\" data-settings=\"{&quot;background_background&quot;:&quot;classic&quot;}\">\n\t\t<div class=\"elementor-element elementor-element-97d379b e-con-full e-flex e-con e-child\" data-id=\"97d379b\" data-element_type=\"container\" data-e-type=\"container\">\n\t\t\t\t<div class=\"elementor-element elementor-element-9ac747c at-heading-animation at-animation-heading-style-3 elementor-widget elementor-widget-heading\" data-id=\"9ac747c\" data-element_type=\"widget\" data-e-type=\"widget\" data-settings=\"{&quot;ekit_we_effect_on&quot;:&quot;none&quot;}\" data-widget_type=\"heading.default\">\n\t\t\t\t<div class=\"elementor-widget-container\">\n\t\t\t\t\t<h2 class=\"elementor-heading-title elementor-size-default\">Filler leggero per il contorno occhi<\/h2>\t\t\t\t<\/div>\n\t\t\t\t<\/div>\n\t\t\t\t<div class=\"elementor-element elementor-element-abd6eb5 elementor-invisible elementor-widget elementor-widget-text-editor\" data-id=\"abd6eb5\" data-element_type=\"widget\" data-e-type=\"widget\" data-settings=\"{&quot;_animation&quot;:&quot;fadeInUp&quot;,&quot;ekit_we_effect_on&quot;:&quot;none&quot;}\" data-widget_type=\"text-editor.default\">\n\t\t\t\t<div class=\"elementor-widget-container\">\n\t\t\t\t\t\t\t\t\tIl filler illuminante per il contorno occhi \u00e8 una tecnica di trattamento che aumenta il livello di idratazione negli strati profondi della pelle, migliora il tono cutaneo e incrementa elasticit\u00e0, compattezza e uniformit\u00e0, permettendo alla pelle di riflettere meglio la luce.\n\t\t\t\t\t\t\t\t<\/div>\n\t\t\t\t<\/div>\n\t\t\t\t<div class=\"elementor-element elementor-element-bd6807b elementor-hidden-desktop elementor-hidden-tablet elementor-widget elementor-widget-html\" data-id=\"bd6807b\" data-element_type=\"widget\" data-e-type=\"widget\" data-settings=\"{&quot;ekit_we_effect_on&quot;:&quot;none&quot;}\" data-widget_type=\"html.default\">\n\t\t\t\t<div class=\"elementor-widget-container\">\n\t\t\t\t\t<a class=\"offer-button\" href=\"#offer-form\">\r\n    \u0130leti\u015fime Ge\u00e7in<\/a>\t\t\t\t<\/div>\n\t\t\t\t<\/div>\n\t\t\t\t<\/div>\n\t\t\t\t<\/div>\n\t\t<div class=\"elementor-element elementor-element-d37cbb5 e-con-full bg-section v2 e-flex e-con e-child\" data-id=\"d37cbb5\" data-element_type=\"container\" data-e-type=\"container\" data-settings=\"{&quot;background_background&quot;:&quot;classic&quot;}\">\n\t\t<div class=\"elementor-element elementor-element-4129b88 e-con-full e-flex e-con e-child\" data-id=\"4129b88\" data-element_type=\"container\" data-e-type=\"container\">\n\t\t\t\t<div class=\"elementor-element elementor-element-3a7c8f5 at-heading-animation at-animation-heading-style-3 elementor-widget elementor-widget-heading\" data-id=\"3a7c8f5\" data-element_type=\"widget\" data-e-type=\"widget\" data-settings=\"{&quot;ekit_we_effect_on&quot;:&quot;none&quot;}\" data-widget_type=\"heading.default\">\n\t\t\t\t<div class=\"elementor-widget-container\">\n\t\t\t\t\t<h4 class=\"elementor-heading-title elementor-size-default\">Cos'\u00e8 il filler leggero per il contorno occhi?<\/h4>\t\t\t\t<\/div>\n\t\t\t\t<\/div>\n\t\t\t\t<div class=\"elementor-element elementor-element-7af34c0 elementor-invisible elementor-widget elementor-widget-text-editor\" data-id=\"7af34c0\" data-element_type=\"widget\" data-e-type=\"widget\" data-settings=\"{&quot;_animation&quot;:&quot;fadeInUp&quot;,&quot;ekit_we_effect_on&quot;:&quot;none&quot;}\" data-widget_type=\"text-editor.default\">\n\t\t\t\t<div class=\"elementor-widget-container\">\n\t\t\t\t\t\t\t\t\tI problemi della zona sotto gli occhi possono far apparire una persona pi\u00f9 stanca e pi\u00f9 anziana rispetto alla sua et\u00e0 reale, anche in giovane et\u00e0. Con il filler illuminante per il contorno occhi \u00e8 possibile ridurre la differenza di livello tra la zona sotto gli occhi e le guance. Le depressioni sotto gli occhi possono essere portate allo stesso livello delle guance. In questo modo si ottiene un sollevamento adeguato dell\u2019area perioculare.\n\t\t\t\t\t\t\t\t<\/div>\n\t\t\t\t<\/div>\n\t\t\t\t<\/div>\n\t\t\t\t<\/div>\n\t\t<div class=\"elementor-element elementor-element-d0a30c8 e-con-full bg-section v2 e-flex e-con e-child\" data-id=\"d0a30c8\" data-element_type=\"container\" data-e-type=\"container\" data-settings=\"{&quot;background_background&quot;:&quot;classic&quot;}\">\n\t\t<div class=\"elementor-element elementor-element-001ca96 e-con-full e-flex e-con e-child\" data-id=\"001ca96\" data-element_type=\"container\" data-e-type=\"container\">\n\t\t\t\t<div class=\"elementor-element elementor-element-fba93c5 at-heading-animation at-animation-heading-style-3 elementor-widget elementor-widget-heading\" data-id=\"fba93c5\" data-element_type=\"widget\" data-e-type=\"widget\" data-settings=\"{&quot;ekit_we_effect_on&quot;:&quot;none&quot;}\" data-widget_type=\"heading.default\">\n\t\t\t\t<div class=\"elementor-widget-container\">\n\t\t\t\t\t<h4 class=\"elementor-heading-title elementor-size-default\">Quali sono le caratteristiche del materiale utilizzato per il riempimento leggero?<\/h4>\t\t\t\t<\/div>\n\t\t\t\t<\/div>\n\t\t\t\t<div class=\"elementor-element elementor-element-41caf77 elementor-invisible elementor-widget elementor-widget-text-editor\" data-id=\"41caf77\" data-element_type=\"widget\" data-e-type=\"widget\" data-settings=\"{&quot;_animation&quot;:&quot;fadeInUp&quot;,&quot;ekit_we_effect_on&quot;:&quot;none&quot;}\" data-widget_type=\"text-editor.default\">\n\t\t\t\t<div class=\"elementor-widget-container\">\n\t\t\t\t\t\t\t\t\tIl materiale utilizzato nel filler illuminante per il contorno occhi ha una composizione speciale. La formulazione \u00e8 costituita da una miscela di acido ialuronico e nutrienti essenziali, come antiossidanti, amminoacidi e vitamina B6, che aumentano l\u2019idratazione e il nutrimento della pelle, migliorandone l\u2019aspetto e la luminosit\u00e0.\n\t\t\t\t\t\t\t\t<\/div>\n\t\t\t\t<\/div>\n\t\t\t\t<\/div>\n\t\t\t\t<\/div>\n\t\t<div class=\"elementor-element elementor-element-74286aa e-con-full bg-section v2 e-flex e-con e-child\" data-id=\"74286aa\" data-element_type=\"container\" data-e-type=\"container\" data-settings=\"{&quot;background_background&quot;:&quot;classic&quot;}\">\n\t\t<div class=\"elementor-element elementor-element-73d4156 e-con-full e-flex e-con e-child\" data-id=\"73d4156\" data-element_type=\"container\" data-e-type=\"container\">\n\t\t\t\t<div class=\"elementor-element elementor-element-d21d363 at-heading-animation at-animation-heading-style-3 elementor-widget elementor-widget-heading\" data-id=\"d21d363\" data-element_type=\"widget\" data-e-type=\"widget\" data-settings=\"{&quot;ekit_we_effect_on&quot;:&quot;none&quot;}\" data-widget_type=\"heading.default\">\n\t\t\t\t<div class=\"elementor-widget-container\">\n\t\t\t\t\t<h4 class=\"elementor-heading-title elementor-size-default\">Come funziona il filler leggero?<\/h4>\t\t\t\t<\/div>\n\t\t\t\t<\/div>\n\t\t\t\t<div class=\"elementor-element elementor-element-74652a2 elementor-invisible elementor-widget elementor-widget-text-editor\" data-id=\"74652a2\" data-element_type=\"widget\" data-e-type=\"widget\" data-settings=\"{&quot;_animation&quot;:&quot;fadeInUp&quot;,&quot;ekit_we_effect_on&quot;:&quot;none&quot;}\" data-widget_type=\"text-editor.default\">\n\t\t\t\t<div class=\"elementor-widget-container\">\n\t\t\t\t\t\t\t\t\tCon il filler illuminante \u00e8 possibile sollevare le depressioni sotto gli occhi e permettere una migliore riflessione della luce. Inoltre, grazie alla sua composizione speciale, favorisce l\u2019idratazione della pelle, il rinnovamento dei tessuti e l\u2019elasticit\u00e0. Durante l\u2019applicazione, questa miscela speciale viene iniettata in modo uniforme con un\u2019iniezione molto sottile che non provoca dolore o fastidio nella zona sotto gli occhi. Subito dopo l\u2019iniezione si osserva un sollevamento della pelle e l\u2019aspetto scuro viene attenuato.\n\nCon il trattamento di filler illuminante per il contorno occhi, la zona perioculare ringiovanisce attraverso un processo in due fasi. Nella prima fase, grazie all\u2019effetto dell\u2019acido ialuronico, lo strato di supporto sottocutaneo viene rafforzato e le depressioni vengono riempite. In questo modo le occhiaie scure e le borse sotto gli occhi risultano mascherate. Nella seconda fase, grazie al contenuto di polivitamine e amminoacidi, si ottiene un rinnovamento cellulare prolungato della pelle.\n\nCosa bisogna fare attenzione dopo il trattamento con filler illuminante?\n\nDopo l\u2019applicazione possono comparire lievi arrossamenti nei punti di iniezione. Questi arrossamenti generalmente scompaiono spontaneamente entro 3 o 4 ore. Durante questo periodo, le aree trattate non devono essere strofinate. Non si devono applicare creme o prodotti cosmetici sul viso. Dopo circa 4 ore, la pelle torna solitamente alla normalit\u00e0. Se lo si desidera, \u00e8 possibile anche applicare il trucco.\n\nQuali sono le possibili complicazioni del filler illuminante?\n\nDopo il trattamento possono comparire arrossamenti sulla superficie della pelle che, a seconda della sensibilit\u00e0 cutanea, possono durare da 4 a 72 ore. Nei pazienti con pelle secca, questi arrossamenti possono persistere pi\u00f9 a lungo. Altri possibili effetti collaterali includono edema, gonfiore e lividi nelle aree di iniezione.\n\n\u00c8 possibile applicare un trattamento combinato alla zona sotto gli occhi e all\u2019area circostante?\n\nSe ai problemi estetici sotto gli occhi si associano anche le rughe a zampe di gallina, il rilassamento delle palpebre o le linee verticali tra le sopracciglia, questi disturbi possono essere trattati nella stessa seduta con tecniche non chirurgiche, in base alle esigenze del paziente. Per eliminare i problemi della zona perioculare, l\u2019applicazione combinata di filler e botox consente di ottenere un risultato molto pi\u00f9 completo e armonioso.\n\nPer ricevere informazioni pi\u00f9 dettagliate e personalizzate sul filler illuminante per il contorno occhi, \u00e8 possibile prenotare una visita con il nostro Specialista in Chirurgia Estetica, Plastica e Ricostruttiva, Do\u00e7. Dr. G\u00fcncel \u00d6zt\u00fcrk.\n\t\t\t\t\t\t\t\t<\/div>\n\t\t\t\t<\/div>\n\t\t\t\t<\/div>\n\t\t\t\t<\/div>\n\t\t<div class=\"elementor-element elementor-element-9fb1944 e-con-full bg-section v2 e-flex e-con e-child\" data-id=\"9fb1944\" data-element_type=\"container\" data-e-type=\"container\" data-settings=\"{&quot;background_background&quot;:&quot;classic&quot;}\">\n\t\t<div class=\"elementor-element elementor-element-b0610cd bg-section e-con-full e-flex e-con e-child\" data-id=\"b0610cd\" data-element_type=\"container\" data-e-type=\"container\" data-settings=\"{&quot;background_background&quot;:&quot;classic&quot;}\">\n\t\t<div class=\"elementor-element elementor-element-a37a0f1 e-con-full e-flex e-con e-child\" data-id=\"a37a0f1\" data-element_type=\"container\" data-e-type=\"container\">\n\t\t<div class=\"elementor-element elementor-element-0aee963 e-con-full e-flex e-con e-child\" data-id=\"0aee963\" data-element_type=\"container\" data-e-type=\"container\">\n\t\t\t\t<div class=\"elementor-element elementor-element-7a93bba at-heading-animation at-animation-heading-none elementor-widget elementor-widget-elementskit-heading\" data-id=\"7a93bba\" data-element_type=\"widget\" data-e-type=\"widget\" data-settings=\"{&quot;ekit_we_effect_on&quot;:&quot;none&quot;}\" data-widget_type=\"elementskit-heading.default\">\n\t\t\t\t<div class=\"elementor-widget-container\">\n\t\t\t\t\t<div class=\"ekit-wid-con\" ><div class=\"ekit-heading elementskit-section-title-wraper text_center   ekit_heading_tablet-   ekit_heading_mobile-\"><div class=\"ekit-heading--title elementskit-section-title \"><div class=\"let-down-title-v1\">Tecniche chirurgiche sviluppate<\/div> <div class=\"let-down-title-v3\">Pubblicate sulle pi\u00f9 prestigiose riviste internazionali<\/div><\/div><\/div><\/div>\t\t\t\t<\/div>\n\t\t\t\t<\/div>\n\t\t\t\t<div class=\"elementor-element elementor-element-a536e5a slider-button-1 elementor-align-center elementor-invisible elementor-widget elementor-widget-button\" data-id=\"a536e5a\" data-element_type=\"widget\" data-e-type=\"widget\" data-settings=\"{&quot;_animation&quot;:&quot;fadeInUp&quot;,&quot;_animation_delay&quot;:300,&quot;ekit_we_effect_on&quot;:&quot;none&quot;}\" data-widget_type=\"button.default\">\n\t\t\t\t<div class=\"elementor-widget-container\">\n\t\t\t\t\t\t\t\t\t<div class=\"elementor-button-wrapper\">\n\t\t\t\t\t<a class=\"elementor-button elementor-button-link elementor-size-sm\" href=\"\/hakkimizda#bilimsel-makaleler\/\">\n\t\t\t\t\t\t<span class=\"elementor-button-content-wrapper\">\n\t\t\t\t\t\t\t\t\t<span class=\"elementor-button-text\">Articoli scientifici<\/span>\n\t\t\t\t\t<\/span>\n\t\t\t\t\t<\/a>\n\t\t\t\t<\/div>\n\t\t\t\t\t\t\t\t<\/div>\n\t\t\t\t<\/div>\n\t\t\t\t<\/div>\n\t\t\t\t<\/div>\n\t\t<div class=\"elementor-element elementor-element-babb56c e-con-full e-flex e-con e-child\" data-id=\"babb56c\" data-element_type=\"container\" data-e-type=\"container\">\n\t\t\t\t<div class=\"elementor-element elementor-element-bd22234 at-image-animation at-animation-image-none elementor-widget elementor-widget-image\" data-id=\"bd22234\" data-element_type=\"widget\" data-e-type=\"widget\" data-settings=\"{&quot;ekit_we_effect_on&quot;:&quot;none&quot;}\" data-widget_type=\"image.default\">\n\t\t\t\t<div class=\"elementor-widget-container\">\n\t\t\t\t\t\t\t\t\t\t\t\t\t\t\t<img decoding=\"async\" src=\"https:\/\/www.guncelozturk.com\/wp-content\/uploads\/elementor\/thumbs\/12-1-r8ixa4zeetaxudxvxf3jg7d7emwskski2mf99qphnu.webp\" title=\"12\" alt=\"12\" loading=\"lazy\" \/>\t\t\t\t\t\t\t\t\t\t\t\t\t\t\t<\/div>\n\t\t\t\t<\/div>\n\t\t\t\t<\/div>\n\t\t\t\t<\/div>\n\t\t\t\t<\/div>\n\t\t\t\t<\/div>\n\t\t\t\t\t<\/div>\n\t\t\t\t<\/div>\n\t\t\t\t<\/div>\n\t\t","protected":false},"excerpt":{"rendered":"<p>Filler leggero per il contorno occhi Ana Sayfa Filler leggero per il [&hellip;]<\/p>\n","protected":false},"author":1,"featured_media":0,"parent":0,"menu_order":0,"comment_status":"closed","ping_status":"closed","template":"elementor_header_footer","meta":{"footnotes":""},"class_list":["post-33606","page","type-page","status-publish","hentry"],"_links":{"self":[{"href":"https:\/\/www.guncelozturk.com\/it\/wp-json\/wp\/v2\/pages\/33606","targetHints":{"allow":["GET"]}}],"collection":[{"href":"https:\/\/www.guncelozturk.com\/it\/wp-json\/wp\/v2\/pages"}],"about":[{"href":"https:\/\/www.guncelozturk.com\/it\/wp-json\/wp\/v2\/types\/page"}],"author":[{"embeddable":true,"href":"https:\/\/www.guncelozturk.com\/it\/wp-json\/wp\/v2\/users\/1"}],"replies":[{"embeddable":true,"href":"https:\/\/www.guncelozturk.com\/it\/wp-json\/wp\/v2\/comments?post=33606"}],"version-history":[{"count":7,"href":"https:\/\/www.guncelozturk.com\/it\/wp-json\/wp\/v2\/pages\/33606\/revisions"}],"predecessor-version":[{"id":34042,"href":"https:\/\/www.guncelozturk.com\/it\/wp-json\/wp\/v2\/pages\/33606\/revisions\/34042"}],"wp:attachment":[{"href":"https:\/\/www.guncelozturk.com\/it\/wp-json\/wp\/v2\/media?parent=33606"}],"curies":[{"name":"wp","href":"https:\/\/api.w.org\/{rel}","templated":true}]}}